{"id":5580,"date":"2019-09-17T13:19:51","date_gmt":"2019-09-17T12:19:51","guid":{"rendered":"https:\/\/www.credafin.be\/?page_id=5580"},"modified":"2025-04-03T00:48:40","modified_gmt":"2025-04-02T23:48:40","slug":"credit-belgique-test-trad-en","status":"publish","type":"page","link":"https:\/\/www.credafin.be\/en\/credit-belgique-test-trad-en","title":{"rendered":"Cr\u00e9dit Belgique TEST TRAD EN"},"content":{"rendered":"\n<h2 class=\"wp-block-heading\">Souscription d\u2019un cr\u00e9dit Belgique : financez vos projets facilement<\/h2>\n\n\n\n<p>Pour que vos projets soient une v\u00e9ritable r\u00e9ussite, trouvez un financement s\u00fbr et rapide en vous confiant \u00e0 une banque de cr\u00e9dit Belgique.<\/p>\n\n\n\n<h3 class=\"wp-block-heading\">Cr\u00e9dit Belgique : gage d\u2019un meilleur taux et des\nconditions de souscription flexibles<\/h3>\n\n\n\n<p>Accessible \u00e0 tous, notre agence de cr\u00e9dit Belgique a r\u00e9ussi \u00e0 conqu\u00e9rir la confiance de nombreuses personnes depuis plusieurs ann\u00e9es. Quels que soient leur statut et leur situation financi\u00e8re, nous les accompagnons tout au long de leurs projets dans l\u2019objectif d\u2019am\u00e9liorer leurs conditions de vie. <\/p>\n\n\n\n<p>Acteurs principaux de l\u2019\u00e9conomie nationale, nous proposons \u00e0 nos clients une large gamme de produits et services financiers adapt\u00e9s \u00e0 tous les profils et besoins. Que vous soyez une entreprise ou un particulier, empruntez de mani\u00e8re facile, rapide et flexible dans notre agence de <a href=\"https:\/\/www.credafin.be\/pret-personnel\/comment-obtenir-pret-personnel-justificatif\" data-internallinksmanager029f6b8e52c=\"372\" title=\"credit belgique\">credit Belgique<\/a>.<\/p>\n\n\n\n<h2 class=\"wp-block-heading\">Cr\u00e9dit Belgique : des solutions s\u00fbres et rapides pour\nr\u00e9soudre vos besoins de tr\u00e9sorerie<\/h2>\n\n\n\n<p>Des besoins de tr\u00e9sorerie \u00e0 r\u00e9soudre le plus vite possible pour financer vos projets personnels, pour faire face aux al\u00e9as de la vie ou pour vous sortir de cette difficult\u00e9 financi\u00e8re ? Faites appel \u00e0 l\u2019expertise d\u2019un \u00e9tablissement financier \u00e0 la renomm\u00e9e nationale et internationale pour profiter d\u2019un cr\u00e9dit Belgique au taux le plus avantageux du march\u00e9. <\/p>\n\n\n\n<p>Simples, transparentes, rapides et responsables, nos offres sont adapt\u00e9es \u00e0 tous les besoins essentiels de chacun, et ce, \u00e0 un co\u00fbt relativement bas. Souscrivez \u00e0 notre cr\u00e9dit \u00e0 la consommation ou \u00e0 notre <a href=\"https:\/\/www.credafin.be\/pret-personnel\/pret-personnel-combien-de-temps-pour-debloquer-les-fonds\" data-internallinksmanager029f6b8e52c=\"534\" title=\"pr\u00eat\">pr\u00eat<\/a> personnel pour pr\u00e9parer votre mariage, pour partir en voyage avec vos proches, pour vous faire soigner, pour am\u00e9nager et \u00e9quiper votre int\u00e9rieur comme vous l\u2019entendez, pour financer les \u00e9tudes de vos enfants ou encore pour rendre votre quotidien plus meilleur. <\/p>\n\n\n\n<figure class=\"wp-block-image\"><img decoding=\"async\" width=\"768\" height=\"295\" src=\"https:\/\/www.credafin.be\/wp-content\/uploads\/2019\/01\/shutterstock_136980221.jpg\" alt=\"Cr\u00e9dit Belgique\" class=\"wp-image-4926\" srcset=\"https:\/\/www.credafin.be\/wp-content\/uploads\/2019\/01\/shutterstock_136980221.jpg 768w, https:\/\/www.credafin.be\/wp-content\/uploads\/2019\/01\/shutterstock_136980221-300x115.jpg 300w\" sizes=\"(max-width: 768px) 100vw, 768px\" \/><\/figure>\n\n\n\n<p>En optant pour nos solutions, vous serez libre d\u2019utiliser le fonds emprunt\u00e9 comme bon vous semble, sans aucun justificatif. Votre credit Belgique sera, en plus, d\u00e9bloqu\u00e9 sous un bref d\u00e9lai. Apr\u00e8s l\u2019envoi de votre dossier de demande de cr\u00e9dit, une \u00e9quipe l\u2019examinera tr\u00e8s rapidement pour vous fournir une r\u00e9ponse le plus t\u00f4t possible. <\/p>\n\n\n\n<p>Vous pourrez \u00e9galement faire une simulation de cr\u00e9dit facilement pour avoir une id\u00e9e pr\u00e9cise du co\u00fbt exact de votre cr\u00e9dit ainsi que le montant \u00e0 emprunter.<\/p>\n\n\n\n<h2 class=\"wp-block-heading\">Cr\u00e9dit Belgique : Devenez propri\u00e9taire en toute s\u00e9r\u00e9nit\u00e9<\/h2>\n\n\n\n<p>Votre int\u00e9r\u00eat prime avant toute chose, chez notre agence de credit Belgique. C\u2019est pourquoi nous avons d\u00e9velopp\u00e9 des offres de cr\u00e9dit immobilier au taux tr\u00e8s concurrentiel pour vous offrir l\u2019opportunit\u00e9 de devenir propri\u00e9taire en toute s\u00e9r\u00e9nit\u00e9. <\/p>\n\n\n\n<p>Que vous souhaitiez acheter un logement pour en faire une r\u00e9sidence principale ou secondaire ou pour \u00eatre lou\u00e9, notre solution vous permettra de rentabiliser votre investissement financier. Gr\u00e2ce \u00e0 un taux attractif et \u00e0 des conditions de souscription tr\u00e8s souples, vous pourrez vite acqu\u00e9rir le bien de vos r\u00eaves, tout en \u00e9conomisant. <\/p>\n\n\n\n<p>Des produits financiers destin\u00e9s \u00e0 <a href=\"https:\/\/www.credafin.be\/en\/work-loan\/work-loan-simulation\">financer les travaux de r\u00e9novation<\/a> et de construction ainsi que l\u2019hypoth\u00e8que et l\u2019assurance sont d\u2019ailleurs mis en place pour r\u00e9pondre \u00e0 vos besoins. C\u2019est \u00e9galement le cas pour notre <a href=\"https:\/\/www.credafin.be\/en\/car-loan\">cr\u00e9dit auto <\/a>permettant d\u2019acheter une voiture neuve ou d\u2019occasion correspondant \u00e0 vos envies. <\/p>\n\n\n\n<p>N\u2019attendez plus pour envoyer votre dossier afin d\u2019obtenir des r\u00e9ponses satisfaisantes dans un bref d\u00e9lai. Votre satisfaction et votre r\u00e9ussite resteront notre meilleure r\u00e9compense.<\/p>\n","protected":false},"excerpt":{"rendered":"<p>D\u00e9couvrez comment obtenir un Cr\u00e9dit Belgique \u00e0 taux avantageux et financez vos projets d\u00e8s maintenant !<\/p>\n","protected":false},"author":15,"featured_media":0,"parent":0,"menu_order":0,"comment_status":"closed","ping_status":"closed","template":"page-full-sim.php","meta":{"_yoast_wpseo_focuskw":"Cr\u00e9dit Belgique","_yoast_wpseo_title":"Cr\u00e9dit Belgique: financez vos projets ais\u00e9ment","_yoast_wpseo_metadesc":"Profitez d\u2019un Cr\u00e9dit Belgique \u00e0 un taux attractif pour donner vie \u00e0 vos projets. Postulez maintenant et simplifiez vos finances !","_yoast_wpseo_meta-robots-noindex":"","_yoast_wpseo_meta-robots-nofollow":"","_yoast_wpseo_canonical":"https:\/\/www.credafin.be\/en\/credit-belgique-test-trad-en","_yoast_wpseo_focuskw_text":"Cr\u00e9dit Belgique","_yoast_wpseo_schema":"Article","footnotes":""},"class_list":["post-5580","page","type-page","status-publish","hentry"],"yoast_head":"<!-- This site is optimized with the Yoast SEO plugin v27.3 - https:\/\/yoast.com\/product\/yoast-seo-wordpress\/ -->\n<title>Cr\u00e9dit Belgique: financez vos projets ais\u00e9ment<\/title>\n<meta name=\"description\" content=\"Profitez d\u2019un Cr\u00e9dit Belgique \u00e0 un taux attractif pour donner vie \u00e0 vos projets. Postulez maintenant et simplifiez vos finances !\" \/>\n<meta name=\"robots\" content=\"index, follow, max-snippet:-1, max-image-preview:large, max-video-preview:-1\" \/>\n<link rel=\"canonical\" href=\"https:\/\/www.credafin.be\/en\/credit-belgique-test-trad-en\" \/>\n<meta property=\"og:locale\" content=\"en_US\" \/>\n<meta property=\"og:type\" content=\"article\" \/>\n<meta property=\"og:title\" content=\"Cr\u00e9dit Belgique: financez vos projets ais\u00e9ment\" \/>\n<meta property=\"og:description\" content=\"Profitez d\u2019un Cr\u00e9dit Belgique \u00e0 un taux attractif pour donner vie \u00e0 vos projets. Postulez maintenant et simplifiez vos finances !\" \/>\n<meta property=\"og:url\" content=\"https:\/\/www.credafin.be\/en\/credit-belgique-test-trad-en\" \/>\n<meta property=\"og:site_name\" content=\"Credafin\" \/>\n<meta property=\"article:publisher\" content=\"http:\/\/www.facebook.com\/Credafin.be\" \/>\n<meta property=\"article:modified_time\" content=\"2025-04-02T23:48:40+00:00\" \/>\n<meta property=\"og:image\" content=\"https:\/\/www.credafin.be\/wp-content\/uploads\/2019\/01\/shutterstock_136980221.jpg\" \/>\n\t<meta property=\"og:image:width\" content=\"768\" \/>\n\t<meta property=\"og:image:height\" content=\"295\" \/>\n\t<meta property=\"og:image:type\" content=\"image\/jpeg\" \/>\n<meta name=\"twitter:card\" content=\"summary_large_image\" \/>\n<meta name=\"twitter:site\" content=\"@Credafinbe\" \/>\n<meta name=\"twitter:label1\" content=\"Est. reading time\" \/>\n\t<meta name=\"twitter:data1\" content=\"3 minutes\" \/>\n<script type=\"application\/ld+json\" class=\"yoast-schema-graph\">{\"@context\":\"https:\\\/\\\/schema.org\",\"@graph\":[{\"@type\":\"WebPage\",\"@id\":\"https:\\\/\\\/www.credafin.be\\\/en\\\/credit-belgique-test-trad-en\",\"url\":\"https:\\\/\\\/www.credafin.be\\\/en\\\/credit-belgique-test-trad-en\",\"name\":\"Cr\u00e9dit Belgique: financez vos projets ais\u00e9ment\",\"isPartOf\":{\"@id\":\"https:\\\/\\\/www.credafin.be\\\/#website\"},\"primaryImageOfPage\":{\"@id\":\"https:\\\/\\\/www.credafin.be\\\/en\\\/credit-belgique-test-trad-en#primaryimage\"},\"image\":{\"@id\":\"https:\\\/\\\/www.credafin.be\\\/en\\\/credit-belgique-test-trad-en#primaryimage\"},\"thumbnailUrl\":\"https:\\\/\\\/www.credafin.be\\\/wp-content\\\/uploads\\\/2019\\\/01\\\/shutterstock_136980221.jpg\",\"datePublished\":\"2019-09-17T12:19:51+00:00\",\"dateModified\":\"2025-04-02T23:48:40+00:00\",\"description\":\"Profitez d\u2019un Cr\u00e9dit Belgique \u00e0 un taux attractif pour donner vie \u00e0 vos projets. Postulez maintenant et simplifiez vos finances !\",\"breadcrumb\":{\"@id\":\"https:\\\/\\\/www.credafin.be\\\/en\\\/credit-belgique-test-trad-en#breadcrumb\"},\"inLanguage\":\"en-BE\",\"potentialAction\":[{\"@type\":\"ReadAction\",\"target\":[\"https:\\\/\\\/www.credafin.be\\\/en\\\/credit-belgique-test-trad-en\"]}]},{\"@type\":\"ImageObject\",\"inLanguage\":\"en-BE\",\"@id\":\"https:\\\/\\\/www.credafin.be\\\/en\\\/credit-belgique-test-trad-en#primaryimage\",\"url\":\"https:\\\/\\\/www.credafin.be\\\/wp-content\\\/uploads\\\/2019\\\/01\\\/shutterstock_136980221.jpg\",\"contentUrl\":\"https:\\\/\\\/www.credafin.be\\\/wp-content\\\/uploads\\\/2019\\\/01\\\/shutterstock_136980221.jpg\"},{\"@type\":\"BreadcrumbList\",\"@id\":\"https:\\\/\\\/www.credafin.be\\\/en\\\/credit-belgique-test-trad-en#breadcrumb\",\"itemListElement\":[{\"@type\":\"ListItem\",\"position\":1,\"name\":\"Home\",\"item\":\"https:\\\/\\\/www.credafin.be\\\/en\\\/credafin-your-credits-at-the-best-rates\"},{\"@type\":\"ListItem\",\"position\":2,\"name\":\"Cr\u00e9dit Belgique TEST TRAD EN\"}]},{\"@type\":\"WebSite\",\"@id\":\"https:\\\/\\\/www.credafin.be\\\/#website\",\"url\":\"https:\\\/\\\/www.credafin.be\\\/\",\"name\":\"Credafin\",\"description\":\"Personnal loan\",\"potentialAction\":[{\"@type\":\"SearchAction\",\"target\":{\"@type\":\"EntryPoint\",\"urlTemplate\":\"https:\\\/\\\/www.credafin.be\\\/?s={search_term_string}\"},\"query-input\":{\"@type\":\"PropertyValueSpecification\",\"valueRequired\":true,\"valueName\":\"search_term_string\"}}],\"inLanguage\":\"en-BE\"}]}<\/script>\n<!-- \/ Yoast SEO plugin. -->","yoast_head_json":{"title":"Cr\u00e9dit Belgique: financez vos projets ais\u00e9ment","description":"Profitez d\u2019un Cr\u00e9dit Belgique \u00e0 un taux attractif pour donner vie \u00e0 vos projets. Postulez maintenant et simplifiez vos finances !","robots":{"index":"index","follow":"follow","max-snippet":"max-snippet:-1","max-image-preview":"max-image-preview:large","max-video-preview":"max-video-preview:-1"},"canonical":"https:\/\/www.credafin.be\/en\/credit-belgique-test-trad-en","og_locale":"en_US","og_type":"article","og_title":"Cr\u00e9dit Belgique: financez vos projets ais\u00e9ment","og_description":"Profitez d\u2019un Cr\u00e9dit Belgique \u00e0 un taux attractif pour donner vie \u00e0 vos projets. Postulez maintenant et simplifiez vos finances !","og_url":"https:\/\/www.credafin.be\/en\/credit-belgique-test-trad-en","og_site_name":"Credafin","article_publisher":"http:\/\/www.facebook.com\/Credafin.be","article_modified_time":"2025-04-02T23:48:40+00:00","og_image":[{"width":768,"height":295,"url":"https:\/\/www.credafin.be\/wp-content\/uploads\/2019\/01\/shutterstock_136980221.jpg","type":"image\/jpeg"}],"twitter_card":"summary_large_image","twitter_site":"@Credafinbe","twitter_misc":{"Est. reading time":"3 minutes"},"schema":{"@context":"https:\/\/schema.org","@graph":[{"@type":"WebPage","@id":"https:\/\/www.credafin.be\/en\/credit-belgique-test-trad-en","url":"https:\/\/www.credafin.be\/en\/credit-belgique-test-trad-en","name":"Cr\u00e9dit Belgique: financez vos projets ais\u00e9ment","isPartOf":{"@id":"https:\/\/www.credafin.be\/#website"},"primaryImageOfPage":{"@id":"https:\/\/www.credafin.be\/en\/credit-belgique-test-trad-en#primaryimage"},"image":{"@id":"https:\/\/www.credafin.be\/en\/credit-belgique-test-trad-en#primaryimage"},"thumbnailUrl":"https:\/\/www.credafin.be\/wp-content\/uploads\/2019\/01\/shutterstock_136980221.jpg","datePublished":"2019-09-17T12:19:51+00:00","dateModified":"2025-04-02T23:48:40+00:00","description":"Profitez d\u2019un Cr\u00e9dit Belgique \u00e0 un taux attractif pour donner vie \u00e0 vos projets. Postulez maintenant et simplifiez vos finances !","breadcrumb":{"@id":"https:\/\/www.credafin.be\/en\/credit-belgique-test-trad-en#breadcrumb"},"inLanguage":"en-BE","potentialAction":[{"@type":"ReadAction","target":["https:\/\/www.credafin.be\/en\/credit-belgique-test-trad-en"]}]},{"@type":"ImageObject","inLanguage":"en-BE","@id":"https:\/\/www.credafin.be\/en\/credit-belgique-test-trad-en#primaryimage","url":"https:\/\/www.credafin.be\/wp-content\/uploads\/2019\/01\/shutterstock_136980221.jpg","contentUrl":"https:\/\/www.credafin.be\/wp-content\/uploads\/2019\/01\/shutterstock_136980221.jpg"},{"@type":"BreadcrumbList","@id":"https:\/\/www.credafin.be\/en\/credit-belgique-test-trad-en#breadcrumb","itemListElement":[{"@type":"ListItem","position":1,"name":"Home","item":"https:\/\/www.credafin.be\/en\/credafin-your-credits-at-the-best-rates"},{"@type":"ListItem","position":2,"name":"Cr\u00e9dit Belgique TEST TRAD EN"}]},{"@type":"WebSite","@id":"https:\/\/www.credafin.be\/#website","url":"https:\/\/www.credafin.be\/","name":"Credafin","description":"Personnal loan","potentialAction":[{"@type":"SearchAction","target":{"@type":"EntryPoint","urlTemplate":"https:\/\/www.credafin.be\/?s={search_term_string}"},"query-input":{"@type":"PropertyValueSpecification","valueRequired":true,"valueName":"search_term_string"}}],"inLanguage":"en-BE"}]}},"_links":{"self":[{"href":"https:\/\/www.credafin.be\/en\/wp-json\/wp\/v2\/pages\/5580","targetHints":{"allow":["GET"]}}],"collection":[{"href":"https:\/\/www.credafin.be\/en\/wp-json\/wp\/v2\/pages"}],"about":[{"href":"https:\/\/www.credafin.be\/en\/wp-json\/wp\/v2\/types\/page"}],"author":[{"embeddable":true,"href":"https:\/\/www.credafin.be\/en\/wp-json\/wp\/v2\/users\/15"}],"replies":[{"embeddable":true,"href":"https:\/\/www.credafin.be\/en\/wp-json\/wp\/v2\/comments?post=5580"}],"version-history":[{"count":5,"href":"https:\/\/www.credafin.be\/en\/wp-json\/wp\/v2\/pages\/5580\/revisions"}],"predecessor-version":[{"id":8181,"href":"https:\/\/www.credafin.be\/en\/wp-json\/wp\/v2\/pages\/5580\/revisions\/8181"}],"wp:attachment":[{"href":"https:\/\/www.credafin.be\/en\/wp-json\/wp\/v2\/media?parent=5580"}],"curies":[{"name":"wp","href":"https:\/\/api.w.org\/{rel}","templated":true}]}}