{"id":7876,"date":"2016-12-12T13:56:56","date_gmt":"2016-12-12T12:56:56","guid":{"rendered":"https:\/\/www.credafin.be\/vie-privee"},"modified":"2025-06-03T13:03:54","modified_gmt":"2025-06-03T12:03:54","slug":"privatleben","status":"publish","type":"page","link":"https:\/\/www.credafin.be\/de\/privatleben","title":{"rendered":"Privatleben"},"content":{"rendered":"<h2><strong>Finden Sie unten die rechtlichen Hinweise zu Credafin.<\/strong><\/h2>\n<p><strong>Werbung<\/strong><\/p>\n<p>Der Inhalt dieser Website hat auch einen werblichen Charakter. Falls Ihnen eine Information unklar erscheint, nehmen Sie bitte Kontakt mit <a href=\"https:\/\/credafin.be\" data-internallinksmanager029f6b8e52c=\"1\" title=\"test\">Credafin<\/a> auf.<\/p>\n<p>Die Informationen auf dieser Website werden regelm\u00e4\u00dfig aktualisiert. Auch wenn sich Credafin bem\u00fcht, die aktuellsten Informationen bereitzustellen, kann keine Garantie gegeben werden. Einige Ma\u00dfnahmen k\u00f6nnen beispielsweise tempor\u00e4r sein, was bedeutet, dass zu einem bestimmten Zeitpunkt die entsprechende Information nicht mehr g\u00fcltig oder anwendbar ist.<\/p>\n<p>Es k\u00f6nnen keine vertraglichen Rechte aus den auf dieser Website aufgef\u00fchrten Informationen abgeleitet werden. Credafin ist nur auf Basis von Vertragsdokumenten gebunden, die Ihnen mitgeteilt werden, nachdem alle Informationen gesammelt, \u00fcberpr\u00fcft, validiert und Ihr Antrag akzeptiert wurden.<\/p>\n<p><strong>Anfrage<\/strong><\/p>\n<p>Falls Ihr Besuch auf unserer Website zu einer Kreditanfrage (und eventuell einer Versicherung) f\u00fchrt, ist es wichtig, die dort enthaltenen Informationen gut zu verstehen. Wenn Sie zus\u00e4tzliche Informationen ben\u00f6tigen, bitten wir Sie, sich telefonisch unter 02\/306.73.67 oder per E-Mail mit Credafin in Verbindung zu setzen. (<a href=\"mailto:info@credafin.be\">info@credafin.be<\/a>)<\/p>\n<p>Credafin ist nur vertraglich gebunden, wenn Sie alle gestellten Fragen genau und vollst\u00e4ndig beantworten. Sollten Informationen existieren, die f\u00fcr die Bearbeitung Ihres Antrags n\u00fctzlich sein k\u00f6nnten und nicht ausdr\u00fccklich abgefragt werden, bitten wir Sie dennoch, uns diese mitzuteilen.<\/p>\n<p>Vorbehaltlich anderer gesetzlicher Bestimmungen beginnt der Vertrag, nachdem Credafin Ihr handschriftlich unterzeichnetes Exemplar und alle f\u00fcr die Annahme erforderlichen Dokumente, wie beispielsweise eine Kopie Ihres Personalausweises, erhalten hat.<\/p>\n<p><strong>Verf\u00fcgbarkeit<\/strong><\/p>\n<p>Auch wenn sich Credafin bem\u00fcht, einen ununterbrochenen Zugang zu ihrer Website sicherzustellen, kann Credafin diesbez\u00fcglich keine Garantie abgeben.<\/p>\n<p>Credafin beh\u00e4lt sich das Recht vor, den Zugang zur Website jederzeit ohne Vorank\u00fcndigung zu unterbrechen, falls ein Missbrauch oder Betrugsrisiko besteht, um Wartungsarbeiten durchzuf\u00fchren oder Verbesserungen oder \u00c4nderungen an der Website vorzunehmen.<\/p>\n<p><strong>Urheberrechte<\/strong><\/p>\n<p>Credafin ist Inhaber der Urheberrechte an dieser Website. Ohne vorherige ausdr\u00fcckliche schriftliche Genehmigung von Credafin ist jegliche vollst\u00e4ndige oder teilweise Vervielf\u00e4ltigung der Website oder ihres Inhalts in irgendeiner Form untersagt, insbesondere Fotokopien, Mikrofilm, Magnetband, Diskette oder anderes elektronisches Medium.<\/p>\n<p>Wenn Sie den Inhalt dieser Website nutzen m\u00f6chten, setzen Sie sich bitte per E-Mail unter <a href=\"mailto:info@credafin.be\">info@credafin.be<\/a> in Verbindung.<\/p>\n<p><strong>Hyperlinks<\/strong><\/p>\n<p>Diese Website enth\u00e4lt Hyperlinks, die von Dritten verwaltet werden. Credafin hat keine Kontrolle \u00fcber von Dritten verwaltete Websites. Credafin kann in keinem Fall f\u00fcr den Inhalt von von Dritten verwalteten Websites verantwortlich gemacht werden.<\/p>\n<p>Es d\u00fcrfen keine Hyperlinks zur Website von Credafin erstellt werden, es sei denn, es liegt eine vorherige ausdr\u00fcckliche schriftliche Genehmigung von Credafin vor. Diese Website darf erst recht nicht ohne vorherige ausdr\u00fcckliche schriftliche Genehmigung von Credafin gerahmt (\u201eframing\u201c) werden.<\/p>\n<p><strong>Beschwerdenbehandlung<\/strong><\/p>\n<p>Wenn Sie eine Beschwerde bez\u00fcglich Ihres (Kredit-)Antrags haben, k\u00f6nnen Sie uns ein Schreiben oder eine E-Mail schicken (mit Angabe Ihres Namens und Vornamens sowie der Nummer Ihres Antrags an die folgende Adresse: Credafin SPRL, Avenue de d&#8217;Auderghem 68\/32, 1040 Br\u00fcssel, E-Mail: <a href=\"mailto:info@credafin.be\">info@credafin.be<\/a>).<\/p>\n<p>Falls Sie mit der Antwort nicht einverstanden sind, haben Sie die M\u00f6glichkeit, sich an den Vermittlungsdienst Banken \u2013 Kredite \u2013 Anlagen (Rue Belliard 15\/17 \/ B 8, 1040 Br\u00fcssel \u2013 <a href=\"mailto:ombudsman@ombfin.be\">ombudsman@ombfin.be<\/a>) zu wenden.<\/p>\n<p><strong>Widerrufsfrist bei Verbraucherkrediten<\/strong><\/p>\n<p>Wenn Sie einen Verbraucherkredit abschlie\u00dfen, haben Sie ein Widerrufsrecht von 14 Tagen, in dem Sie den Kredit ohne Angabe von Gr\u00fcnden widerrufen k\u00f6nnen. Diese Frist beginnt am Tag des Vertragsabschlusses.<\/p>\n<p>Wenn Sie den Vertrag nach dem Vertragsschlusstag erhalten, beginnt die Widerrufsfrist von 14 Tagen an dem Tag, an dem Sie dieses Dokument erhalten haben.<\/p>\n<p>Falls Sie sich entscheiden, den Kredit zu widerrufen, m\u00fcssen Sie dies dem Kreditgeber innerhalb von 14 Tagen mit einem Einschreiben mitteilen.<\/p>\n<p>Stellen Sie sicher, dass Ihr Vertrag dies zul\u00e4sst: Er k\u00f6nnte Sie dazu berechtigen, den Kredit zu widerrufen, indem Sie beispielsweise eine einfache E-Mail senden.<\/p>\n<p>Wenn Sie eine Ware oder Dienstleistung ohne Abschluss eines Kredits erwerben, k\u00f6nnen Sie den Vertrag ebenfalls unter bestimmten Voraussetzungen widerrufen.<\/p>\n<p><strong>Widerrufsrecht<\/strong><\/p>\n<p>Der Kreditnehmer hat das Recht, den Kreditvertrag ohne Angabe von Gr\u00fcnden innerhalb von vierzehn Kalendertagen ab Vertragsabschluss oder ab dem Tag des Erhalts der vertraglichen Bedingungen und Informationen gem\u00e4\u00df Artikel 14 des Konsumentenkreditgesetzes, falls dieser Tag nach dem Vertragsschlusstag liegt, zu widerrufen.<\/p>\n<p>Der Kreditnehmer muss seine Entscheidung dem Kreditgeber innerhalb der vorgenannten Frist per Einschreiben mitteilen und das erhaltene Kapital innerhalb von h\u00f6chstens drei\u00dfig Kalendertagen ab dem Datum der Versandnotifikation des Widerrufs zur\u00fcckzahlen.<\/p>\n<p>Nach Erf\u00fcllung beider Bedingungen wird der Kreditgeber dem Kreditnehmer den f\u00e4lligen Zinsbetrag f\u00fcr den Zeitraum der Kreditaufnahme auf Basis des vereinbarten Sollzinssatzes mitteilen. Im Falle eines Widerrufs betr\u00e4gt der t\u00e4gliche Zinssatz 0 EUR.<\/p>\n<p>Der Kreditgeber hat keinen Anspruch auf eine weitere Entsch\u00e4digung, es sei denn, f\u00fcr nicht r\u00fcckforderbare Kosten, die der Kreditgeber bei einer \u00f6ffentlichen Institution gezahlt hat.<\/p>\n<p>Vom Kreditnehmer nach Kreditvertragsabschluss geleistete Zahlungen werden innerhalb von maximal drei\u00dfig Kalendertagen nach Widerruf an ihn zur\u00fcckerstattet. Der Kreditgeber informiert den Kreditnehmer \u00fcber die Zahlungsmodalit\u00e4ten.<\/p>\n<p><strong>Allgemeine Bedingungen unserer Kreditpartner<\/strong><br \/>\n<a href=\"\">KREFIMA<\/a> <a href=\"\">ALPHA CREDIT<\/a> <a href=\"\">RECORD BANK<\/a> <a href=\"\">COFIDIS<\/a><\/p>\n<p><strong>Widerrufsrecht bei Versicherungen<\/strong><\/p>\n<p>Wenn Sie eine vorgedruckte Police oder einen Versicherungsantrag unterschreiben, kommt der Vertrag sofort zustande.<\/p>\n<p>Mit Ausnahme von Vertr\u00e4gen mit einer Laufzeit von weniger als 30 Tagen haben Sie das <strong>Recht, den Vertrag zu k\u00fcndigen<\/strong>, mit <strong>sofortiger Wirkung bei Mitteilung innerhalb von 30 Tagen f\u00fcr Lebensversicherungsvertr\u00e4ge und 14 Tagen f\u00fcr andere Vertr\u00e4ge ab Vertragsbeginn<\/strong>.<\/p>\n<p>Der Versicherer hat das gleiche Recht mit denselben Fristen, jedoch wird seine Benachrichtigung erst 8 Tage nach der Mitteilung wirksam.<\/p>\n<p>Bei Abschluss eines Fernabsatzvertrags kommt der Vertrag zustande, wenn der Versicherer Ihre Annahme erh\u00e4lt.<\/p>\n<p>Es besteht jedoch ein Widerrufsrecht, <strong>au\u00dfer<\/strong> f\u00fcr Vertr\u00e4ge mit einer Laufzeit von weniger als 1 Monat, Reise- oder Gep\u00e4ckversicherungen sowie Lebensversicherungen, die an einen Investmentfonds gekoppelt sind.<\/p>\n<p>Sowohl Sie als auch der Versicherer haben ein Widerrufsrecht innerhalb von 14 Tagen ab Vertragsabschluss.<\/p>\n<p>Bei einer Lebensversicherung betr\u00e4gt die Frist 30 Tage ab dem Zeitpunkt, zu dem der Versicherungsnehmer vom Versicherer informiert wird, dass der Vertrag abgeschlossen wurde.<\/p>\n<p>Wenn Sie die Vertragsbedingungen nach Vertragsabschluss erhalten, beginnt die Frist ab dem Datum, an dem Sie die Vertragsbedingungen und alle weiteren erg\u00e4nzenden Informationen erhalten haben.<\/p>\n<p>Die K\u00fcndigung des Versicherungsnehmers tritt bei Mitteilung, die des Versicherers 8 Tage nach deren Mitteilung in Kraft.<\/p>\n<p><strong>Allgemeine Bedingungen unserer Versicherungspartner<\/strong><br \/>\n<a href=\"\">AFI ESCA<\/a> <a href=\"\">LA PATRONALE LIFE<\/a> <a href=\"\">CARDIF VIE<\/a><\/p>\n<p><strong>Credafin und Credafin.be<\/strong><\/p>\n<p>Credafin ist der Handels- und Gesellschaftsname der privaten Gesellschaft mit beschr\u00e4nkter Haftung CREDAFIN.<\/p>\n<p>Credafin.be ist der registrierte Domainname im Namen der privaten Gesellschaft mit beschr\u00e4nkter Haftung CREDAFIN.<\/p>\n<p>Credafin SPRL Firmensitz: Rue de Mariomont 21 in 4801 VERVIERS, Unternehmensnummer BE 0665.876.096, RPM Br\u00fcssel Tel: 02\/306.73.67, E-Mail: <a href=\"mailto:info@credafin.be\">info@credafin.be<\/a><\/p>\n<p>Credafin SPRL ist eine Zwischenhandelsgesellschaft (Makler) f\u00fcr Verbraucherkredite, die bei der Finanzdienstleistungs- und Marktaufsicht unter dem Namen FPS Economy, Mittelstand und Energie, DG f\u00fcr wirtschaftliche Inspektion, North Gate III, Avenue Roi Albert II 16 in 1000 Br\u00fcssel unter der Nummer 0665.876.096 registriert ist.<\/p>\n<p>Credafin ist ein Versicherungszwischenh\u00e4ndler (Makler), der bei der Finanzdienstleistungs- und Marktaufsicht unter der Nummer FSMA 115899 A in der Rue du Congr\u00e8s 12-14 in 1000 Br\u00fcssel registriert ist.<\/p>\n<p><strong>\u00dcberwachungsorgan:<\/strong><br \/>\nFPS Economy, KMU, Mittelstand und Energie, DG Wirtschaftskontrolle, North Gate III, Avenue Roi Albert II 16 in 1000 Br\u00fcssel.<br \/>\nFSMA: Finanzdienstleistungs- und Marktaufsichtsbeh\u00f6rde, Rue du Congr\u00e8s 12-14, 1000 Br\u00fcssel<\/p>\n<p><strong>Verhalten AssurMiFiD<\/strong><\/p>\n<p><strong>ANGEBOTENE PRODUKTE UND DIENSTLEISTUNGEN<\/strong><br \/>\nInformationen zu den Arten von Dienstleistungen und Vertr\u00e4gen, die unser Unternehmen anbieten kann.<\/p>\n<p>Unser Unternehmen bietet Vermittlungsdienste in Versicherungen. Diese Dienste bestehen darin, Ratschl\u00e4ge zu Versicherungsvertr\u00e4gen zu geben, Vertr\u00e4ge zu pr\u00e4sentieren oder vorzuschlagen oder andere vorbereitende Arbeiten zur deren Abschluss oder zum Abschluss durchzuf\u00fchren oder zur ihrer Verwaltung und Ausf\u00fchrung beizutragen. Unser Unternehmen ist in den folgenden Bereichen t\u00e4tig:<\/p>\n<p><strong>Liste der Zweige<\/strong><br \/>\nAktivit\u00e4tsgruppe \u201eLeben\u201c<\/p>\n<ol start=\"21\">\n<li>Lebensversicherungen, Heirats- und Geburtenversicherungen, die mit Investmentfonds verbunden sind.<\/li>\n<\/ol>\n<p><strong>KONFLIKTVERMEIDUNGSPOLITIK<\/strong><\/p>\n<p><strong>Allgemeiner Rahmen<\/strong><br \/>\nDas Hauptziel unseres Unternehmens ist es, ehrlich, fair und professionell zu handeln, um die Interessen seiner Kunden bestm\u00f6glich zu wahren. In diesem Rahmen und in \u00dcbereinstimmung mit den gesetzlichen Bestimmungen hat unser Unternehmen geeignete Ma\u00dfnahmen ergriffen, um potenzielle Interessenkonflikte zu identifizieren, zu verhindern und zu verwalten, die im Rahmen seiner Aktivit\u00e4ten aufkommen k\u00f6nnen.<\/p>\n<p>Im Rahmen der vorstehenden Punkte und der Merkmale unserer T\u00e4tigkeiten hat unser Unternehmen eine Richtlinie zur Verwaltung von Interessenkonflikten entwickelt, deren Zusammenfassung dieses Dokument enth\u00e4lt. Auf Anfrage k\u00f6nnen Sie weitere Informationen in dauerhafter Form erhalten.<\/p>\n<p><strong>Identifizierung potenzieller Interessenkonfliktsituationen<\/strong><\/p>\n<p>Interessenkonflikte k\u00f6nnen auftreten zwischen:<br \/>\n\u2013 unserem Unternehmen (einschlie\u00dflich aller damit verbundenen Personen, wie z.B. Gesch\u00e4ftsleitern, Gesch\u00e4ftsf\u00fchrern, Personen, die die Kontrolle \u00fcber das Unternehmen aus\u00fcben, Mitarbeiter, die an der Erbringung von Vermittlungsleistungen in Versicherungen beteiligt sind, und den Untervertretern \u2013 nachfolgend \u201edie verbundenen Personen\u201c) und den Kunden,<br \/>\n\u2013 den Kunden untereinander.<\/p>\n<p>Angesichts der Merkmale unseres Unternehmens haben wir potenzielle Interessenkonfliktsituationen identifiziert. Hier einige Beispiele:<\/p>\n<ul>\n<li>Situation, in der ein finanzieller Gewinn erzielt oder ein finanzieller Verlust auf Kosten des Kunden vermieden werden kann,<\/li>\n<li>Unser Unternehmen hat ein Interesse an dem Ergebnis einer Vermittlungsleistung in Versicherungen oder einer durchgef\u00fchrten Transaktion, das von dem Interesse des Kunden abweicht,<\/li>\n<li>Unser Unternehmen wird aus finanziellen oder anderen Gr\u00fcnden dazu angeregt, die Interessen eines anderen Kunden oder einer Kundengruppe gegen\u00fcber denjenigen des betroffenen Kunden zu bevorzugen,<\/li>\n<li>Unser Unternehmen hat dieselbe berufliche T\u00e4tigkeit wie der Kunde,<\/li>\n<li>Unser Unternehmen erh\u00e4lt von einer anderen Person als dem Kunden einen Vorteil im Zusammenhang mit der dem Kunden erbrachten Vermittlungsleistung in Versicherungen, in Form von Geld, Sachg\u00fctern oder Dienstleistungen, die nicht die \u00fcbliche Provision oder Geb\u00fchr f\u00fcr diese Leistung darstellen.<\/li>\n<\/ul>\n<p><strong>Policy zur Verwaltung von Interessenkonflikten<\/strong><\/p>\n<p>Unser Unternehmen hat eine Reihe von Ma\u00dfnahmen eingef\u00fchrt, um die m\u00f6glicherweise auftretenden Konflikte von Interessen zu verwalten. Diese Ma\u00dfnahmen umfassen unter anderem:<\/p>\n<ul>\n<li>Das Personal und alle anderen mit dem Unternehmen verbundenen Personen m\u00fcssen eine interne Anweisung beachten, die die zu beachtenden Grunds\u00e4tze und Ma\u00dfnahmen zur Verwaltung von Interessen von Konflikten enth\u00e4lt,<\/li>\n<li>Eine angepasste Verg\u00fctungspolitik zum Personal und zu allen anderen mit dem Unternehmen verbundenen Personen,<\/li>\n<li>Eine Richtlinie bez\u00fcglich Geschenken oder anderer Vorteile,<\/li>\n<li>Organisatorische Ma\u00dfnahmen, die die Vertraulichkeit der durch die Kunden \u00fcbermittelten Daten gew\u00e4hrleisten,<\/li>\n<li>Organisatorische Ma\u00dfnahmen in Bezug auf das getrennte Management, wenn dies notwendig wird,<\/li>\n<li>Eine Richtlinie bez\u00fcglich Schlichtungsberatung,<\/li>\n<li>Eine Richtlinie, wonach das Unternehmen im Falle eines unl\u00f6sbaren spezifischen Interessenkonflikts das Recht hat, das Ersuchen des betroffenen Kunden ausschlie\u00dflich zum Schutz seiner Interessen abzulehnen.<\/li>\n<\/ul>\n<p><strong>Information des Kunden<\/strong><\/p>\n<p>Wenn die von unserem Unternehmen getroffenen organisatorischen oder administrativen Ma\u00dfnahmen zur Verwaltung von Interessenkonflikten nicht ausreichen, um mit angemessener Sicherheit sicherzustellen, dass das Risiko der Beeintr\u00e4chtigung der Interessen des Kunden vermieden wird, wird unser Unternehmen die Kunden vor der Handlung im Namen des Kunden schriftlich oder auf einem anderen dauerhaft nutzbaren Medium \u00fcber die allgemeine Natur oder\/und die Quelle dieser Interessenkonflikte informieren.<\/p>\n<p>Die endg\u00fcltige Entscheidung dar\u00fcber, wie der aus dem betreffenden Interessenkonflikt resultierende Sachverhalt behandelt werden soll, liegt beim Kunden.<\/p>\n<p>Wenn ein spezifischer Interessenkonflikt nicht gel\u00f6st werden kann, beh\u00e4lt sich unser Unternehmen vor, den Antrag des betroffenen Kunden im alleinigen Interesse des Schutzes seiner Interessen abzulehnen.<\/p>\n<p><strong>VERG\u00dcTUNG<\/strong><\/p>\n<p>F\u00fcr die erbrachten Vermittlungsdienste in Versicherungen wird unser Unternehmen in Form von Provisionen verg\u00fctet. Unser Unternehmen kann auch eine Verg\u00fctung erhalten, die sich auf den Versicherungsbestand bei einem bestimmten Versicherungsunternehmen bezieht, oder f\u00fcr die f\u00fcr dieses durchgef\u00fchrten Arbeiten.<\/p>\n<p>Unser Unternehmen ist als Versicherungsmakler in das Register der Versicherungsmakler der FSMA eingetragen, die ihren Sitz in der Rue du Congr\u00e8s 12-14 in 1000 Br\u00fcssel hat und auf der Website <a href=\"\">www.fsma.be<\/a> einsehbar ist.<\/p>\n<p>Unser Unternehmen gibt sein Bestes, um Sie zufrieden zu stellen. Bei Problemen oder Fragen stehen wir Ihnen gerne zur Verf\u00fcgung. Wenn Sie eine Beschwerde \u00fcber unsere Dienstleistung haben, die nicht einvernehmlich geregelt werden konnte, k\u00f6nnen Sie sich an die Ombudsdienststelle Assurances wenden, die sich am Square de Mee\u00fbs 35 in 1000 Br\u00fcssel befindet \u2013 Tel. 02\/547.58.71 \u2013 Fax. 02\/547.59.75 \u2013 <a href=\"mailto:info@ombudsman.as\">info@ombudsman.as<\/a> \u2013 <a href=\"\">www.ombudsman.as<\/a>.<\/p>\n<p><em>* Gesetz vom 30. Juli 2013 zur St\u00e4rkung des Schutzes der Konsumenten von Finanzprodukten und -dienstleistungen sowie der Befugnisse der FSMA und diverse Finanzbestimmungen und K\u00f6niglicher Erlass vom 21. Februar 2014 \u00fcber die Anwendungsweise der Artikel 27 bis 28 bis des Gesetzes vom 2. August 2002 zur \u00dcberwachung des Finanzsektors und der Finanzdienstleistungen in der Versicherung und K\u00f6niglicher Erlass vom 21. Februar 2014 zum Verhaltenskodex gem\u00e4\u00df Gesetzen und Vorschriften \u00fcber das Management von Interessenkonflikten im Versicherungssektor.<\/em><\/p>\n","protected":false},"excerpt":{"rendered":"<p>Datenschutz: Erfahren Sie jetzt alles Wichtige zu Ihren Rechten bei Credafin\u2014klicken und sichern Sie sich umfassenden Schutz!<\/p>\n","protected":false},"author":1,"featured_media":0,"parent":0,"menu_order":0,"comment_status":"closed","ping_status":"closed","template":"page-full-width.php","meta":{"_yoast_wpseo_focuskw":"Datenschutz","_yoast_wpseo_title":"Vie priv\u00e9e","_yoast_wpseo_metadesc":"Erfahren Sie alles \u00fcber Ihren Datenschutz bei Credafin und genie\u00dfen Sie mehr Sicherheit. Jetzt klicken und mehr erfahren!","_yoast_wpseo_meta-robots-noindex":"","_yoast_wpseo_meta-robots-nofollow":"","_yoast_wpseo_canonical":"https:\/\/www.credafin.be\/de\/privatleben","_yoast_wpseo_focuskw_text":"Datenschutz","_yoast_wpseo_schema":"Article","footnotes":""},"class_list":["post-7876","page","type-page","status-publish","hentry"],"yoast_head":"<!-- This site is optimized with the Yoast SEO plugin v27.3 - https:\/\/yoast.com\/product\/yoast-seo-wordpress\/ -->\n<title>Vie priv\u00e9e<\/title>\n<meta name=\"description\" content=\"Erfahren Sie alles \u00fcber Ihren Datenschutz bei Credafin und genie\u00dfen Sie mehr Sicherheit. Jetzt klicken und mehr erfahren!\" \/>\n<meta name=\"robots\" content=\"index, follow, max-snippet:-1, max-image-preview:large, max-video-preview:-1\" \/>\n<link rel=\"canonical\" href=\"https:\/\/www.credafin.be\/de\/privatleben\" \/>\n<meta property=\"og:locale\" content=\"de_DE\" \/>\n<meta property=\"og:type\" content=\"article\" \/>\n<meta property=\"og:title\" content=\"Vie priv\u00e9e\" \/>\n<meta property=\"og:description\" content=\"Erfahren Sie alles \u00fcber Ihren Datenschutz bei Credafin und genie\u00dfen Sie mehr Sicherheit. Jetzt klicken und mehr erfahren!\" \/>\n<meta property=\"og:url\" content=\"https:\/\/www.credafin.be\/de\/privatleben\" \/>\n<meta property=\"og:site_name\" content=\"Credafin\" \/>\n<meta property=\"article:publisher\" content=\"http:\/\/www.facebook.com\/Credafin.be\" \/>\n<meta property=\"article:modified_time\" content=\"2025-06-03T12:03:54+00:00\" \/>\n<meta property=\"og:image\" content=\"https:\/\/www.credafin.be\/wp-content\/uploads\/2019\/01\/shutterstock_226410256.jpg\" \/>\n\t<meta property=\"og:image:width\" content=\"768\" \/>\n\t<meta property=\"og:image:height\" content=\"295\" \/>\n\t<meta property=\"og:image:type\" content=\"image\/jpeg\" \/>\n<meta name=\"twitter:card\" content=\"summary_large_image\" \/>\n<meta name=\"twitter:site\" content=\"@Credafinbe\" \/>\n<meta name=\"twitter:label1\" content=\"Est. reading time\" \/>\n\t<meta name=\"twitter:data1\" content=\"10 minutes\" \/>\n<script type=\"application\/ld+json\" class=\"yoast-schema-graph\">{\"@context\":\"https:\\\/\\\/schema.org\",\"@graph\":[{\"@type\":\"WebPage\",\"@id\":\"https:\\\/\\\/www.credafin.be\\\/de\\\/privatleben\",\"url\":\"https:\\\/\\\/www.credafin.be\\\/de\\\/privatleben\",\"name\":\"Vie priv\u00e9e\",\"isPartOf\":{\"@id\":\"https:\\\/\\\/www.credafin.be\\\/#website\"},\"datePublished\":\"2016-12-12T12:56:56+00:00\",\"dateModified\":\"2025-06-03T12:03:54+00:00\",\"description\":\"Erfahren Sie alles \u00fcber Ihren Datenschutz bei Credafin und genie\u00dfen Sie mehr Sicherheit. Jetzt klicken und mehr erfahren!\",\"breadcrumb\":{\"@id\":\"https:\\\/\\\/www.credafin.be\\\/de\\\/privatleben#breadcrumb\"},\"inLanguage\":\"de-BE\",\"potentialAction\":[{\"@type\":\"ReadAction\",\"target\":[\"https:\\\/\\\/www.credafin.be\\\/de\\\/privatleben\"]}]},{\"@type\":\"BreadcrumbList\",\"@id\":\"https:\\\/\\\/www.credafin.be\\\/de\\\/privatleben#breadcrumb\",\"itemListElement\":[{\"@type\":\"ListItem\",\"position\":1,\"name\":\"Home\",\"item\":\"https:\\\/\\\/www.credafin.be\\\/de\\\/credafin-ihre-kredite-zu-besten-zinsen\"},{\"@type\":\"ListItem\",\"position\":2,\"name\":\"Privatleben\"}]},{\"@type\":\"WebSite\",\"@id\":\"https:\\\/\\\/www.credafin.be\\\/#website\",\"url\":\"https:\\\/\\\/www.credafin.be\\\/\",\"name\":\"Credafin\",\"description\":\"Oxyg\u00e9nez votre budget en toute s\u00e9r\u00e9nit\u00e9\",\"potentialAction\":[{\"@type\":\"SearchAction\",\"target\":{\"@type\":\"EntryPoint\",\"urlTemplate\":\"https:\\\/\\\/www.credafin.be\\\/?s={search_term_string}\"},\"query-input\":{\"@type\":\"PropertyValueSpecification\",\"valueRequired\":true,\"valueName\":\"search_term_string\"}}],\"inLanguage\":\"de-BE\"}]}<\/script>\n<!-- \/ Yoast SEO plugin. -->","yoast_head_json":{"title":"Vie priv\u00e9e","description":"Erfahren Sie alles \u00fcber Ihren Datenschutz bei Credafin und genie\u00dfen Sie mehr Sicherheit. Jetzt klicken und mehr erfahren!","robots":{"index":"index","follow":"follow","max-snippet":"max-snippet:-1","max-image-preview":"max-image-preview:large","max-video-preview":"max-video-preview:-1"},"canonical":"https:\/\/www.credafin.be\/de\/privatleben","og_locale":"de_DE","og_type":"article","og_title":"Vie priv\u00e9e","og_description":"Erfahren Sie alles \u00fcber Ihren Datenschutz bei Credafin und genie\u00dfen Sie mehr Sicherheit. Jetzt klicken und mehr erfahren!","og_url":"https:\/\/www.credafin.be\/de\/privatleben","og_site_name":"Credafin","article_publisher":"http:\/\/www.facebook.com\/Credafin.be","article_modified_time":"2025-06-03T12:03:54+00:00","og_image":[{"width":768,"height":295,"url":"https:\/\/www.credafin.be\/wp-content\/uploads\/2019\/01\/shutterstock_226410256.jpg","type":"image\/jpeg"}],"twitter_card":"summary_large_image","twitter_site":"@Credafinbe","twitter_misc":{"Est. reading time":"10 minutes"},"schema":{"@context":"https:\/\/schema.org","@graph":[{"@type":"WebPage","@id":"https:\/\/www.credafin.be\/de\/privatleben","url":"https:\/\/www.credafin.be\/de\/privatleben","name":"Vie priv\u00e9e","isPartOf":{"@id":"https:\/\/www.credafin.be\/#website"},"datePublished":"2016-12-12T12:56:56+00:00","dateModified":"2025-06-03T12:03:54+00:00","description":"Erfahren Sie alles \u00fcber Ihren Datenschutz bei Credafin und genie\u00dfen Sie mehr Sicherheit. Jetzt klicken und mehr erfahren!","breadcrumb":{"@id":"https:\/\/www.credafin.be\/de\/privatleben#breadcrumb"},"inLanguage":"de-BE","potentialAction":[{"@type":"ReadAction","target":["https:\/\/www.credafin.be\/de\/privatleben"]}]},{"@type":"BreadcrumbList","@id":"https:\/\/www.credafin.be\/de\/privatleben#breadcrumb","itemListElement":[{"@type":"ListItem","position":1,"name":"Home","item":"https:\/\/www.credafin.be\/de\/credafin-ihre-kredite-zu-besten-zinsen"},{"@type":"ListItem","position":2,"name":"Privatleben"}]},{"@type":"WebSite","@id":"https:\/\/www.credafin.be\/#website","url":"https:\/\/www.credafin.be\/","name":"Credafin","description":"Oxyg\u00e9nez votre budget en toute s\u00e9r\u00e9nit\u00e9","potentialAction":[{"@type":"SearchAction","target":{"@type":"EntryPoint","urlTemplate":"https:\/\/www.credafin.be\/?s={search_term_string}"},"query-input":{"@type":"PropertyValueSpecification","valueRequired":true,"valueName":"search_term_string"}}],"inLanguage":"de-BE"}]}},"_links":{"self":[{"href":"https:\/\/www.credafin.be\/de\/wp-json\/wp\/v2\/pages\/7876","targetHints":{"allow":["GET"]}}],"collection":[{"href":"https:\/\/www.credafin.be\/de\/wp-json\/wp\/v2\/pages"}],"about":[{"href":"https:\/\/www.credafin.be\/de\/wp-json\/wp\/v2\/types\/page"}],"author":[{"embeddable":true,"href":"https:\/\/www.credafin.be\/de\/wp-json\/wp\/v2\/users\/1"}],"replies":[{"embeddable":true,"href":"https:\/\/www.credafin.be\/de\/wp-json\/wp\/v2\/comments?post=7876"}],"version-history":[{"count":3,"href":"https:\/\/www.credafin.be\/de\/wp-json\/wp\/v2\/pages\/7876\/revisions"}],"predecessor-version":[{"id":8241,"href":"https:\/\/www.credafin.be\/de\/wp-json\/wp\/v2\/pages\/7876\/revisions\/8241"}],"wp:attachment":[{"href":"https:\/\/www.credafin.be\/de\/wp-json\/wp\/v2\/media?parent=7876"}],"curies":[{"name":"wp","href":"https:\/\/api.w.org\/{rel}","templated":true}]}}