{"id":6911,"date":"2025-03-25T11:50:43","date_gmt":"2025-03-25T10:50:43","guid":{"rendered":"https:\/\/www.credafin.be\/kredit-belgien"},"modified":"2025-04-03T00:50:04","modified_gmt":"2025-04-02T23:50:04","slug":"kredit-belgien","status":"publish","type":"page","link":"https:\/\/www.credafin.be\/de\/kredit-belgien","title":{"rendered":"Kredit Belgien"},"content":{"rendered":"\n<h2 class=\"wp-block-heading\">Aufnahme eines Kredits in Belgien: Finanzieren Sie Ihre Projekte einfach<\/h2>\n\n\n\n<p>Damit Ihre Projekte ein voller Erfolg werden, finden Sie eine sichere und schnelle Finanzierung, indem Sie sich an eine Kreditbank in Belgien wenden.<\/p>\n\n\n\n<h3 class=\"wp-block-heading\">Kredit Belgien: Garantie f\u00fcr einen besseren Zinssatz und flexible Antragsbedingungen<\/h3>\n\n\n\n<p>Unser Kreditinstitut in Belgien, das allen offen steht, hat im Laufe der Jahre das Vertrauen vieler Menschen gewonnen. Unabh\u00e4ngig von ihrem Status und ihrer finanziellen Situation begleiten wir sie w\u00e4hrend ihrer gesamten Projekte mit dem Ziel, ihre Lebensbedingungen zu verbessern.<\/p>\n\n\n\n<p>Als Hauptakteure der nationalen Wirtschaft bieten wir unseren Kunden eine breite Palette an Finanzprodukten und -dienstleistungen, die auf alle Profile und Bed\u00fcrfnisse abgestimmt sind. Ob Unternehmen oder Privatperson, leihen Sie sich einfach, schnell und flexibel bei unserem Kreditinstitut in Belgien.<\/p>\n\n\n\n<h2 class=\"wp-block-heading\">Kredit Belgien: Sichere und schnelle L\u00f6sungen f\u00fcr Ihre finanziellen Bed\u00fcrfnisse<\/h2>\n\n\n\n<p>Finanzielle Engp\u00e4sse, die so schnell wie m\u00f6glich gel\u00f6st werden sollen, um Ihre pers\u00f6nlichen Projekte zu finanzieren, den Unw\u00e4gbarkeiten des Lebens zu begegnen oder aus einer finanziellen Notlage herauszukommen? Vertrauen Sie auf die Expertise eines national und international renommierten Finanzinstituts, um von einem Kredit in Belgien zu den vorteilhaftesten Konditionen zu profitieren.<\/p>\n\n\n\n<p>Einfach, transparent, schnell und verantwortungsvoll sind unsere Angebote auf alle wesentlichen Bed\u00fcrfnisse abgestimmt, und das zu relativ niedrigen Kosten. Beantragen Sie unseren Verbraucherkredit oder unseren Privatkredit, um Ihre Hochzeit vorzubereiten, mit Ihren Liebsten zu verreisen, sich medizinisch zu versorgen, Ihre Wohnung nach Ihren W\u00fcnschen zu gestalten und auszustatten, die Ausbildung Ihrer Kinder zu finanzieren oder um Ihren Alltag zu verbessern.<\/p>\n\n\n\n<figure class=\"wp-block-image\"><img decoding=\"async\" width=\"768\" height=\"295\" src=\"https:\/\/www.credafin.be\/wp-content\/uploads\/2019\/01\/shutterstock_136980221.jpg\" alt=\"Kredit Belgien\" class=\"wp-image-4926\" srcset=\"https:\/\/www.credafin.be\/wp-content\/uploads\/2019\/01\/shutterstock_136980221.jpg 768w, https:\/\/www.credafin.be\/wp-content\/uploads\/2019\/01\/shutterstock_136980221-300x115.jpg 300w\" sizes=\"(max-width: 768px) 100vw, 768px\" \/><\/figure>\n\n\n\n<p>Indem Sie sich f\u00fcr unsere L\u00f6sungen entscheiden, sind Sie frei, das geliehene Geld nach Belieben zu verwenden, ohne jegliche Nachweise. Ihr Kredit in Belgien wird zudem in kurzer Zeit freigegeben. Nach der Zusendung Ihres Kreditantrags pr\u00fcft unser Team Ihren Antrag schnell, um Ihnen so bald wie m\u00f6glich eine Antwort zu geben.<\/p>\n\n\n\n<p>Sie k\u00f6nnen auch ganz einfach eine Kreditsimulation durchf\u00fchren, um eine genaue Vorstellung von den tats\u00e4chlichen Kosten und dem zu leihenden Betrag zu erhalten.<\/p>\n\n\n\n<h2 class=\"wp-block-heading\">Kredit Belgien: Werden Sie Eigent&uuml;mer in aller Ruhe<\/h2>\n\n\n\n<p>Ihr Interesse steht bei unserem Kreditinstitut in Belgien an erster Stelle. Deshalb haben wir Immobilienkreditangebote mit sehr wettbewerbsf\u00e4higen Zinss\u00e4tzen entwickelt, um Ihnen die M\u00f6glichkeit zu geben, in aller Ruhe Eigent\u00fcmer zu werden.<\/p>\n\n\n\n<p>Ob Sie ein Haus kaufen m&ouml;chten, um es als Haupt- oder Zweitwohnsitz zu nutzen oder um es zu vermieten, unsere L&ouml;sung erm&ouml;glicht es Ihnen, Ihre finanzielle Investition rentabel zu machen. Dank eines attraktiven Zinssatzes und sehr flexibler Antragsbedingungen k\u00f6nnen Sie die Immobilie Ihrer Tr\u00e4ume schnell erwerben und dabei sparen.<\/p>\n\n\n\n<p>Finanzprodukte zur <a href=\"https:\/\/www.credafin.be\/de\/pret-travaux\/simulation-von-baufinanzierungen\">Finanzierung von Renovierungsarbeiten<\/a> und Neubauten sowie Grundpfandrechte und Versicherungen sind ebenfalls vorhanden, um Ihren Bed\u00fcrfnissen gerecht zu werden. Dies gilt auch f\u00fcr unseren <a href=\"https:\/\/www.credafin.be\/de\/autokredit\">Autokredit<\/a>, mit dem Sie ein neues oder gebrauchtes Auto, das Ihren Vorstellungen entspricht, kaufen k\u00f6nnen.<\/p>\n\n\n\n<p>Z\u00f6gern Sie nicht l\u00e4nger, um Ihren Antrag einzureichen und innerhalb kurzer Zeit zufriedenstellende Antworten zu erhalten. Ihre Zufriedenheit und Ihr Erfolg sind unsere gr&ouml;&szlig;te Belohnung.<\/p>\n","protected":false},"excerpt":{"rendered":"<p>Entdecken Sie Kredit Belgien und sichern Sie sich jetzt die besten Konditionen \u2013 klicken Sie hier, um Ihre Projekte zu finanzieren!<\/p>\n","protected":false},"author":22,"featured_media":0,"parent":0,"menu_order":0,"comment_status":"closed","ping_status":"closed","template":"page-full-sim.php","meta":{"_yoast_wpseo_focuskw":"Kredit Belgien","_yoast_wpseo_title":"Kredit Belgien \u2013 Schnell & sicher finanzieren","_yoast_wpseo_metadesc":"Sichern Sie sich mit Kredit Belgien Ihre flexible Finanzierung: Jetzt beantragen und stressfrei durchstarten!","_yoast_wpseo_meta-robots-noindex":"","_yoast_wpseo_meta-robots-nofollow":"","_yoast_wpseo_canonical":"https:\/\/www.credafin.be\/de\/kredit-belgien","_yoast_wpseo_focuskw_text":"Kredit Belgien","_yoast_wpseo_schema":"Article","footnotes":""},"class_list":["post-6911","page","type-page","status-publish","hentry"],"yoast_head":"<!-- This site is optimized with the Yoast SEO plugin v27.3 - https:\/\/yoast.com\/product\/yoast-seo-wordpress\/ -->\n<title>Kredit Belgien \u2013 Schnell &amp; sicher finanzieren<\/title>\n<meta name=\"description\" content=\"Sichern Sie sich mit Kredit Belgien Ihre flexible Finanzierung: Jetzt beantragen und stressfrei durchstarten!\" \/>\n<meta name=\"robots\" content=\"index, follow, max-snippet:-1, max-image-preview:large, max-video-preview:-1\" \/>\n<link rel=\"canonical\" href=\"https:\/\/www.credafin.be\/de\/kredit-belgien\" \/>\n<meta property=\"og:locale\" content=\"de_DE\" \/>\n<meta property=\"og:type\" content=\"article\" \/>\n<meta property=\"og:title\" content=\"Kredit Belgien \u2013 Schnell &amp; sicher finanzieren\" \/>\n<meta property=\"og:description\" content=\"Sichern Sie sich mit Kredit Belgien Ihre flexible Finanzierung: Jetzt beantragen und stressfrei durchstarten!\" \/>\n<meta property=\"og:url\" content=\"https:\/\/www.credafin.be\/de\/kredit-belgien\" \/>\n<meta property=\"og:site_name\" content=\"Credafin\" \/>\n<meta property=\"article:publisher\" content=\"http:\/\/www.facebook.com\/Credafin.be\" \/>\n<meta property=\"article:modified_time\" content=\"2025-04-02T23:50:04+00:00\" \/>\n<meta property=\"og:image\" content=\"https:\/\/www.credafin.be\/wp-content\/uploads\/2019\/01\/shutterstock_136980221.jpg\" \/>\n\t<meta property=\"og:image:width\" content=\"768\" \/>\n\t<meta property=\"og:image:height\" content=\"295\" \/>\n\t<meta property=\"og:image:type\" content=\"image\/jpeg\" \/>\n<meta name=\"twitter:card\" content=\"summary_large_image\" \/>\n<meta name=\"twitter:site\" content=\"@Credafinbe\" \/>\n<meta name=\"twitter:label1\" content=\"Est. reading time\" \/>\n\t<meta name=\"twitter:data1\" content=\"3 minutes\" \/>\n<script type=\"application\/ld+json\" class=\"yoast-schema-graph\">{\"@context\":\"https:\\\/\\\/schema.org\",\"@graph\":[{\"@type\":\"WebPage\",\"@id\":\"https:\\\/\\\/www.credafin.be\\\/de\\\/kredit-belgien\",\"url\":\"https:\\\/\\\/www.credafin.be\\\/de\\\/kredit-belgien\",\"name\":\"Kredit Belgien \u2013 Schnell & sicher finanzieren\",\"isPartOf\":{\"@id\":\"https:\\\/\\\/www.credafin.be\\\/#website\"},\"primaryImageOfPage\":{\"@id\":\"https:\\\/\\\/www.credafin.be\\\/de\\\/kredit-belgien#primaryimage\"},\"image\":{\"@id\":\"https:\\\/\\\/www.credafin.be\\\/de\\\/kredit-belgien#primaryimage\"},\"thumbnailUrl\":\"https:\\\/\\\/www.credafin.be\\\/wp-content\\\/uploads\\\/2019\\\/01\\\/shutterstock_136980221.jpg\",\"datePublished\":\"2025-03-25T10:50:43+00:00\",\"dateModified\":\"2025-04-02T23:50:04+00:00\",\"description\":\"Sichern Sie sich mit Kredit Belgien Ihre flexible Finanzierung: Jetzt beantragen und stressfrei durchstarten!\",\"breadcrumb\":{\"@id\":\"https:\\\/\\\/www.credafin.be\\\/de\\\/kredit-belgien#breadcrumb\"},\"inLanguage\":\"de-BE\",\"potentialAction\":[{\"@type\":\"ReadAction\",\"target\":[\"https:\\\/\\\/www.credafin.be\\\/de\\\/kredit-belgien\"]}]},{\"@type\":\"ImageObject\",\"inLanguage\":\"de-BE\",\"@id\":\"https:\\\/\\\/www.credafin.be\\\/de\\\/kredit-belgien#primaryimage\",\"url\":\"https:\\\/\\\/www.credafin.be\\\/wp-content\\\/uploads\\\/2019\\\/01\\\/shutterstock_136980221.jpg\",\"contentUrl\":\"https:\\\/\\\/www.credafin.be\\\/wp-content\\\/uploads\\\/2019\\\/01\\\/shutterstock_136980221.jpg\"},{\"@type\":\"BreadcrumbList\",\"@id\":\"https:\\\/\\\/www.credafin.be\\\/de\\\/kredit-belgien#breadcrumb\",\"itemListElement\":[{\"@type\":\"ListItem\",\"position\":1,\"name\":\"Home\",\"item\":\"https:\\\/\\\/www.credafin.be\\\/de\\\/credafin-ihre-kredite-zu-besten-zinsen\"},{\"@type\":\"ListItem\",\"position\":2,\"name\":\"Kredit Belgien\"}]},{\"@type\":\"WebSite\",\"@id\":\"https:\\\/\\\/www.credafin.be\\\/#website\",\"url\":\"https:\\\/\\\/www.credafin.be\\\/\",\"name\":\"Credafin\",\"description\":\"Oxyg\u00e9nez votre budget en toute s\u00e9r\u00e9nit\u00e9\",\"potentialAction\":[{\"@type\":\"SearchAction\",\"target\":{\"@type\":\"EntryPoint\",\"urlTemplate\":\"https:\\\/\\\/www.credafin.be\\\/?s={search_term_string}\"},\"query-input\":{\"@type\":\"PropertyValueSpecification\",\"valueRequired\":true,\"valueName\":\"search_term_string\"}}],\"inLanguage\":\"de-BE\"}]}<\/script>\n<!-- \/ Yoast SEO plugin. -->","yoast_head_json":{"title":"Kredit Belgien \u2013 Schnell & sicher finanzieren","description":"Sichern Sie sich mit Kredit Belgien Ihre flexible Finanzierung: Jetzt beantragen und stressfrei durchstarten!","robots":{"index":"index","follow":"follow","max-snippet":"max-snippet:-1","max-image-preview":"max-image-preview:large","max-video-preview":"max-video-preview:-1"},"canonical":"https:\/\/www.credafin.be\/de\/kredit-belgien","og_locale":"de_DE","og_type":"article","og_title":"Kredit Belgien \u2013 Schnell & sicher finanzieren","og_description":"Sichern Sie sich mit Kredit Belgien Ihre flexible Finanzierung: Jetzt beantragen und stressfrei durchstarten!","og_url":"https:\/\/www.credafin.be\/de\/kredit-belgien","og_site_name":"Credafin","article_publisher":"http:\/\/www.facebook.com\/Credafin.be","article_modified_time":"2025-04-02T23:50:04+00:00","og_image":[{"width":768,"height":295,"url":"https:\/\/www.credafin.be\/wp-content\/uploads\/2019\/01\/shutterstock_136980221.jpg","type":"image\/jpeg"}],"twitter_card":"summary_large_image","twitter_site":"@Credafinbe","twitter_misc":{"Est. reading time":"3 minutes"},"schema":{"@context":"https:\/\/schema.org","@graph":[{"@type":"WebPage","@id":"https:\/\/www.credafin.be\/de\/kredit-belgien","url":"https:\/\/www.credafin.be\/de\/kredit-belgien","name":"Kredit Belgien \u2013 Schnell & sicher finanzieren","isPartOf":{"@id":"https:\/\/www.credafin.be\/#website"},"primaryImageOfPage":{"@id":"https:\/\/www.credafin.be\/de\/kredit-belgien#primaryimage"},"image":{"@id":"https:\/\/www.credafin.be\/de\/kredit-belgien#primaryimage"},"thumbnailUrl":"https:\/\/www.credafin.be\/wp-content\/uploads\/2019\/01\/shutterstock_136980221.jpg","datePublished":"2025-03-25T10:50:43+00:00","dateModified":"2025-04-02T23:50:04+00:00","description":"Sichern Sie sich mit Kredit Belgien Ihre flexible Finanzierung: Jetzt beantragen und stressfrei durchstarten!","breadcrumb":{"@id":"https:\/\/www.credafin.be\/de\/kredit-belgien#breadcrumb"},"inLanguage":"de-BE","potentialAction":[{"@type":"ReadAction","target":["https:\/\/www.credafin.be\/de\/kredit-belgien"]}]},{"@type":"ImageObject","inLanguage":"de-BE","@id":"https:\/\/www.credafin.be\/de\/kredit-belgien#primaryimage","url":"https:\/\/www.credafin.be\/wp-content\/uploads\/2019\/01\/shutterstock_136980221.jpg","contentUrl":"https:\/\/www.credafin.be\/wp-content\/uploads\/2019\/01\/shutterstock_136980221.jpg"},{"@type":"BreadcrumbList","@id":"https:\/\/www.credafin.be\/de\/kredit-belgien#breadcrumb","itemListElement":[{"@type":"ListItem","position":1,"name":"Home","item":"https:\/\/www.credafin.be\/de\/credafin-ihre-kredite-zu-besten-zinsen"},{"@type":"ListItem","position":2,"name":"Kredit Belgien"}]},{"@type":"WebSite","@id":"https:\/\/www.credafin.be\/#website","url":"https:\/\/www.credafin.be\/","name":"Credafin","description":"Oxyg\u00e9nez votre budget en toute s\u00e9r\u00e9nit\u00e9","potentialAction":[{"@type":"SearchAction","target":{"@type":"EntryPoint","urlTemplate":"https:\/\/www.credafin.be\/?s={search_term_string}"},"query-input":{"@type":"PropertyValueSpecification","valueRequired":true,"valueName":"search_term_string"}}],"inLanguage":"de-BE"}]}},"_links":{"self":[{"href":"https:\/\/www.credafin.be\/de\/wp-json\/wp\/v2\/pages\/6911","targetHints":{"allow":["GET"]}}],"collection":[{"href":"https:\/\/www.credafin.be\/de\/wp-json\/wp\/v2\/pages"}],"about":[{"href":"https:\/\/www.credafin.be\/de\/wp-json\/wp\/v2\/types\/page"}],"author":[{"embeddable":true,"href":"https:\/\/www.credafin.be\/de\/wp-json\/wp\/v2\/users\/22"}],"replies":[{"embeddable":true,"href":"https:\/\/www.credafin.be\/de\/wp-json\/wp\/v2\/comments?post=6911"}],"version-history":[{"count":4,"href":"https:\/\/www.credafin.be\/de\/wp-json\/wp\/v2\/pages\/6911\/revisions"}],"predecessor-version":[{"id":8183,"href":"https:\/\/www.credafin.be\/de\/wp-json\/wp\/v2\/pages\/6911\/revisions\/8183"}],"wp:attachment":[{"href":"https:\/\/www.credafin.be\/de\/wp-json\/wp\/v2\/media?parent=6911"}],"curies":[{"name":"wp","href":"https:\/\/api.w.org\/{rel}","templated":true}]}}