{"id":6910,"date":"2025-03-25T11:49:33","date_gmt":"2025-03-25T10:49:33","guid":{"rendered":"https:\/\/www.credafin.be\/privatkredit-der-masgeschneiderte-kredit"},"modified":"2025-04-03T00:50:56","modified_gmt":"2025-04-02T23:50:56","slug":"pret-personnel","status":"publish","type":"page","link":"https:\/\/www.credafin.be\/de\/pret-personnel","title":{"rendered":"Privatkredit: der ma\u00dfgeschneiderte Kredit"},"content":{"rendered":"<h2 style=\"text-align: justify\">Privatkredit: Verwirklichen Sie Ihre Tr&auml;ume und Projekte!<\/h2>\n<p style=\"text-align: justify\">Welche Projekte Sie auch haben, mit dem Privatkredit k&ouml;nnen Sie sie verwirklichen! Ben&ouml;tigen Sie Geld, um Ihr <a href=\"https:\/\/www.credafin.be\/de\/renovierungskredit\">Zuhause zu renovieren oder neu zu gestalten<\/a>? Oder m&ouml;chten Sie <a href=\"https:\/\/www.credafin.be\/de\/studienkredit\">die Ausbildung Ihrer Kinder finanzieren<\/a>? Der Privatkredit ist die L&ouml;sung!<\/p>\n<p style=\"text-align: justify\">Haben Sie Fernweh und w&uuml;rden Sie ein <a href=\"https:\/\/www.credafin.be\/de\/pret-urlaub\">Abenteuer am anderen Ende der Welt<\/a> nicht ausschlagen? Sie haben nicht die notwendigen Mittel oder m&ouml;chten nicht Ihre Ersparnisse anr&uuml;hren?<\/p>\n<p style=\"text-align: justify\">Wer eignet sich besser als <a href=\"https:\/\/credafin.be\" data-internallinksmanager029f6b8e52c=\"1\" title=\"test\">Credafin<\/a> f&uuml;r Ihren Privatkredit? Ein Privatkredit &uuml;ber Credafin bietet Ihnen folgende Vorteile:<\/p>\n<ul style=\"text-align: justify\">\n<li><strong>Festzinsdarlehen<\/strong><\/li>\n<li><strong>Keine Notwendigkeit, die Verwendung der geliehenen Betr&auml;ge zu rechtfertigen<\/strong><\/li>\n<li><strong>Die Garantie, von den besten Zinsen auf dem Markt zu profitieren<\/strong><\/li>\n<li><strong>Die Freiheit, die Laufzeit der R&uuml;ckzahlung zu w&auml;hlen<\/strong><\/li>\n<li><strong>Auszahlung der Gelder innerhalb von 48 Stunden<\/strong><\/li>\n<\/ul>\n<h2 style=\"text-align: justify\">Was ist ein Privatkredit?<\/h2>\n<p style=\"text-align: justify\">Ein Privatkredit, auch bekannt als <strong>pers&ouml;nlicher Kredit<\/strong>, <strong>Ratenkredit<\/strong> oder <strong>Teilzahlungskredit<\/strong>, ist tats&auml;chlich ein <strong>Konsumentenkredit<\/strong>, genau wie der Ratenkauf, das Leasing, die Kreditlinie, der &Uuml;berbr&uuml;ckungskredit oder der Dispokredit.<\/p>\n<h3 style=\"text-align: justify\">Definition des Konsumentenkredits<\/h3>\n<p style=\"text-align: justify\">Bevor wir ins Detail gehen, ist es wichtig, zu definieren, was ein Konsumentenkredit ist&#8230;<\/p>\n<p style=\"text-align: justify\">Das <a target=\"_blank\" href=\"https:\/\/economie.fgov.be\/fr\/themes\/services-financiers\/credit-la-consommation\" rel=\"noopener\">SPF &Eacute;conomie<\/a> definiert den Konsumentenkredit wie folgt: <em>&#8220;Ein Konsumentenkredit ist ein Kredit, der einem Verbraucher gew&auml;hrt wird, um bewegliche G&uuml;ter zu kaufen (z.B. ein Auto, ein Fernseher,&#8230;), eine Dienstleistung zu erwerben (z.B. die Organisation einer Hochzeit) oder um private Bed&uuml;rfnisse zu finanzieren (z.B. Steuern zu zahlen)&#8221;<\/em>.<\/p>\n<p style=\"text-align: justify\">Der Begriff &#8220;Verbraucher&#8221; bezeichnet laut SPF &Eacute;conomie jede <em>&#8220;nat&uuml;rliche Person, die gew&ouml;hnlich in Belgien lebt und haupts&auml;chlich aus privaten Gr&uuml;nden handelt.&#8221;<\/em><\/p>\n<h3 style=\"text-align: justify\">Die Besonderheit des Privatkredits<\/h3>\n<p style=\"text-align: justify\">Obwohl es viele Konsumentenkredite gibt, weist der pers&ouml;nliche Kredit eine Besonderheit auf. Der Privatkredit wird tats&auml;chlich als <strong>&#8220;ungebunden&#8221;<\/strong> eingestuft. Dieses Wort bedeutet, dass es nicht erforderlich ist, den Verwendungszweck der geliehenen Betr&auml;ge anzugeben, im Gegensatz zu gebundenen Krediten. Er dient daher nicht unbedingt zur Finanzierung eines bestimmten Gutes oder einer bestimmten Dienstleistung.<\/p>\n<p style=\"text-align: justify\">Durch den Privatkredit steht dem Kreditnehmer eine definierte Summe zur Verf&uuml;gung, die jederzeit genutzt werden kann, um die gew&uuml;nschten Eink&auml;ufe zu t&auml;tigen.<\/p>\n<p style=\"text-align: justify\">Im Rahmen eines pers&ouml;nlichen Kredits werden die gesamte Summe, die Laufzeit der R&uuml;ckzahlung und die H&ouml;he der <span style=\"text-decoration: underline\">festen Monatsraten<\/span> im Voraus festgelegt. Es gibt also keine unerwarteten &Uuml;berraschungen. Die Monatsraten k&ouml;nnen gesetzlich &uuml;ber einen Zeitraum von 12 Monaten (1 Jahr) bis 84 Monate (7 Jahre) verteilt werden.<\/p>\n<p style=\"text-align: justify\">Da die &uuml;ber einen Privatkredit geliehenen Betr&auml;ge in der Regel nicht exorbitant sind, ist es nicht notwendig, umfangreiche Antragsunterlagen vorzubereiten. Ein weiterer Vorteil: Der Kreditnehmer hat die M&ouml;glichkeit, seinen pers&ouml;nlichen Kredit vorzeitig zur&uuml;ckzuzahlen, ohne dass ihm daf&uuml;r Strafen auferlegt werden.<\/p>\n<p style=\"text-align: justify\">Es sollte jedoch betont werden, dass dieser Kredit, da er an keine spezifische Ausgabe gebunden ist, nicht mit einer Versicherung verbunden ist. Mit anderen Worten, das bedeutet, dass, wenn aus irgendeinem Grund X oder Y das Gut oder die Dienstleistung, f&uuml;r die der Privatkredit beantragt wurde, nicht geliefert oder ausgef&uuml;hrt wird, defekt ist oder nicht der Vereinbarung entspricht, die Monatsraten und Zinsen dennoch f&auml;llig sind.<\/p>\n<h2>L&ouml;sungen f&uuml;r jedes Bed&uuml;rfnis<\/h2>\n<p style=\"text-align: justify\">Bei Credafin wird die Gesamtheit unserer Kunden von spezialisierte Experten betreut. Ihr Antrag wird gr&uuml;ndlich von einem Fachmann gepr&uuml;ft, der Sie von Anfang bis Ende Ihres Prozesses begleitet. Das Credafin-Personal nimmt sich die Zeit, Ihnen zuzuh&ouml;ren, und hat das Ziel, Sie bestm&ouml;glich zu beraten und zu unterst&uuml;tzen.<\/p>\n<p>Haben Sie eine Frage? <a href=\"https:\/\/www.credafin.be\/de\/kontaktieren-sie-uns\">Kontaktieren Sie uns ohne zu z&ouml;gern<\/a>!<\/p>\n<p style=\"text-align: justify\">Auch wenn das Credafin-Team Ihnen jederzeit zur Verf&uuml;gung steht, haben Sie die M&ouml;glichkeit, bereits jetzt eine <strong>Simulation f&uuml;r Ihren m&ouml;glichen zuk&uuml;nftigen Privatkredit<\/strong> &uuml;ber das oben stehende Tool durchzuf&uuml;hren.<\/p>\n<p style=\"text-align: center\" class=\"bouton01\"><a href=\"#breadcrumbs\">Simulieren Sie Ihren Privatkredit online<\/a><\/p>\n<div  class='blueBG'>\n<h4><span style=\"color: #ffffff;font-size: 24px\" class=\"glyphicon glyphicon-thumbs-up\"><\/span> <strong>Privatkredit: FAQ<\/strong><\/h4>\n<p>Hier finden Sie Antworten auf die h&auml;ufigsten Fragen rund um Privatkredite, die Ihnen helfen k&ouml;nnen.<\/p>\n<p><strong>Wie kann ich einen Privatkredit beantragen?<\/strong><\/p>\n<p>Rufen Sie uns unter <span>02\/306.73.67<\/span>, per E-Mail an <span>info@credafin.be<\/span> oder &uuml;ber unser Kontaktformular an.<\/p>\n<p><strong>Welche Voraussetzungen muss ich erf&uuml;llen, um einen Privatkredit zu beantragen?<\/strong><\/p>\n<p>Um einen Privatkredit zu beantragen, m&uuml;ssen Sie mindestens 18 Jahre alt sein, ein regul&auml;res Einkommen haben, in Belgien wohnen und nicht in der nationalen Zahlungsausf&auml;lligkeitsliste der Belgische Nationalbank eingetragen sein.<\/p>\n<p><strong>Wie lange dauert es, bis ich eine Antwort auf meinen Kreditantrag erhalte?<\/strong><\/p>\n<p>Credafin verpflichtet sich, Ihnen innerhalb von maximal 24 Stunden zu antworten.<\/p>\n<p><strong>Welche Dokumente muss ich vorlegen?<\/strong><\/p>\n<p>Wir ben&ouml;tigen eine Kopie Ihres Personalausweises und eine Aufstellung Ihrer j&uuml;ngsten Einkommen.<\/p>\n<p><strong>Muss ich meine Bank wechseln, um einen Kredit bei Credafin zu erhalten?<\/strong><\/p>\n<p>Nein, das Geld wird direkt auf Ihr aktuelles Bankkonto &uuml;berwiesen.<\/p>\n<p><strong>Ist eine Anzahlung erforderlich?<\/strong><\/p>\n<p>Nein, es ist nicht erforderlich, eine Anzahlung zu leisten, um einen Privatkredit zu beantragen.<\/p>\n<p><strong>Wann &uuml;berweist die Bank die Gelder?<\/strong><\/p>\n<p>Innerhalb von 48 Stunden nach Vertragsunterzeichnung und Genehmigung durch die Bank.<\/p>\n<p><strong>Kann ich einen Privatkredit vorzeitig abzahlen?<\/strong><\/p>\n<p>Ja, Sie k&ouml;nnen Ihren Privatkredit tats&auml;chlich vorzeitig, vollst&auml;ndig oder teilweise zur&uuml;ckzahlen.<\/p>\n<p><strong>Was ist der TAEG?<\/strong><\/p>\n<p>Der TAEG ist der j&auml;hrliche effektive Gesamtsatz.<\/p>\n<p>F&uuml;r alle anderen Fragen z&ouml;gern Sie nicht, uns zu kontaktieren. Wir sind hier, um Ihnen zu helfen!<\/p>\n<\/div>\n<div id=\"USP\">\n<div class=\"row\">\n<h2 class=\"titreLP\">\u00a0<img decoding=\"async\" class=\"alignnone wp-image-2789\" alt=\"Icons_V_Orange\" src=\"https:\/\/www.credafin.be\/wp-content\/uploads\/2016\/07\/Icons_V_Orange-e1468234397451.png\" width=\"30\" height=\"30\" \/><span> <\/span>Ihre Vorteile bei Credafin<\/h2>\n<div class=\"col-md-4\">\n<div id=\"bulletA\"><\/div>\n<h3>Kompetente Experten<\/h3>\n<p style=\"text-align: justify\">Bei Credafin arbeiten hochqualifizierte Kreditspezialisten. Sie profitieren daher von fundierten Ratschl&auml;gen.<\/p>\n<\/div>\n<div class=\"col-md-4\">\n<div id=\"bulletB\"><\/div>\n<div class=\"bull\">\n<h3>Schneller Service<\/h3>\n<p style=\"text-align: justify;margin-bottom: 25px\">Teilen Sie uns Ihre W&uuml;nsche mit, wir geben Ihnen innerhalb von 24 Stunden eine schnelle Antwort!<\/p>\n<\/div>\n<\/div>\n<div class=\"col-md-4\">\n<div id=\"bulletC\"><\/div>\n<h3>Transparenz<\/h3>\n<p style=\"text-align: justify\">Unser Online-Kreditsimulationstool bietet Ihnen eine gro&szlig;e Transparenz, alles ohne Verpflichtung.<\/p>\n<\/div>\n<\/div>\n<div class=\"row\">\n<div class=\"col-md-4\">\n<div id=\"bulletD\"><\/div>\n<h3>Sichere Daten<\/h3>\n<p style=\"text-align: justify\">Wir garantieren die Sicherheit und Vertraulichkeit Ihrer Daten. Teilen Sie uns Ihre Projekte ohne Bedenken mit.<\/p>\n<\/div>\n<div class=\"col-md-4\">\n<div id=\"bulletE\"><\/div>\n<h3><span>Ein Service nach Ma&szlig;<\/span><\/h3>\n<p>Dank unseres Service nach Ma&szlig; k&ouml;nnen Sie uns Ihre Projekte mitteilen und wir bieten Ihnen die am besten geeigneten L&ouml;sungen an.<\/p>\n<\/div>\n<div class=\"col-md-4\">\n<div id=\"bulletF\"><\/div>\n<h3>Vorteilhafte Konditionen<\/h3>\n<p style=\"text-align: justify\"><span>Profitez de conditions avantageuses adapt\u00e9es \u00e0 votre situation, r\u00e9sultant d&#8217;une \u00e9valuation compl\u00e8te de votre demande.<\/span><\/p>\n<\/div>\n<\/div>\n<\/div>\n<\/div>\n","protected":false},"excerpt":{"rendered":"<p>Erf\u00fcllen Sie Ihre Tr\u00e4ume mit einem Privatkredit: Jetzt Antrag stellen und von flexiblen Konditionen profitieren!<\/p>\n","protected":false},"author":22,"featured_media":0,"parent":0,"menu_order":0,"comment_status":"closed","ping_status":"closed","template":"page-full-sim.php","meta":{"_yoast_wpseo_focuskw":"Privatkredit","_yoast_wpseo_title":"Privatkredit: Schnell finanzieren & flexibel zur\u00fcckzahlen","_yoast_wpseo_metadesc":"Privatkredit f\u00fcr Ihre W\u00fcnsche: Jetzt informieren und beste Konditionen sichern! Einfach beantragen und profitieren.","_yoast_wpseo_meta-robots-noindex":"","_yoast_wpseo_meta-robots-nofollow":"","_yoast_wpseo_canonical":"https:\/\/www.credafin.be\/de\/pret-personnel","_yoast_wpseo_focuskw_text":"Privatkredit","_yoast_wpseo_schema":"Article","footnotes":""},"class_list":["post-6910","page","type-page","status-publish","hentry"],"yoast_head":"<!-- This site is optimized with the Yoast SEO plugin v27.4 - https:\/\/yoast.com\/product\/yoast-seo-wordpress\/ -->\n<title>Privatkredit: Schnell finanzieren &amp; flexibel zur\u00fcckzahlen<\/title>\n<meta name=\"description\" content=\"Privatkredit f\u00fcr Ihre W\u00fcnsche: Jetzt informieren und beste Konditionen sichern! Einfach beantragen und profitieren.\" \/>\n<meta name=\"robots\" content=\"index, follow, max-snippet:-1, max-image-preview:large, max-video-preview:-1\" \/>\n<link rel=\"canonical\" href=\"https:\/\/www.credafin.be\/de\/pret-personnel\" \/>\n<meta property=\"og:locale\" content=\"de_DE\" \/>\n<meta property=\"og:type\" content=\"article\" \/>\n<meta property=\"og:title\" content=\"Privatkredit: Schnell finanzieren &amp; flexibel zur\u00fcckzahlen\" \/>\n<meta property=\"og:description\" content=\"Privatkredit f\u00fcr Ihre W\u00fcnsche: Jetzt informieren und beste Konditionen sichern! Einfach beantragen und profitieren.\" \/>\n<meta property=\"og:url\" content=\"https:\/\/www.credafin.be\/de\/pret-personnel\" \/>\n<meta property=\"og:site_name\" content=\"Credafin\" \/>\n<meta property=\"article:publisher\" content=\"http:\/\/www.facebook.com\/Credafin.be\" \/>\n<meta property=\"article:modified_time\" content=\"2025-04-02T23:50:56+00:00\" \/>\n<meta property=\"og:image\" content=\"https:\/\/www.credafin.be\/wp-content\/uploads\/2019\/01\/shutterstock_136980221.jpg\" \/>\n<meta name=\"twitter:card\" content=\"summary_large_image\" \/>\n<meta name=\"twitter:site\" content=\"@Credafinbe\" \/>\n<meta name=\"twitter:label1\" content=\"Est. reading time\" \/>\n\t<meta name=\"twitter:data1\" content=\"5 minutes\" \/>\n<script type=\"application\/ld+json\" class=\"yoast-schema-graph\">{\"@context\":\"https:\\\/\\\/schema.org\",\"@graph\":[{\"@type\":\"WebPage\",\"@id\":\"https:\\\/\\\/www.credafin.be\\\/de\\\/pret-personnel\",\"url\":\"https:\\\/\\\/www.credafin.be\\\/de\\\/pret-personnel\",\"name\":\"Privatkredit: Schnell finanzieren & flexibel zur\u00fcckzahlen\",\"isPartOf\":{\"@id\":\"https:\\\/\\\/www.credafin.be\\\/#website\"},\"primaryImageOfPage\":{\"@id\":\"https:\\\/\\\/www.credafin.be\\\/de\\\/pret-personnel#primaryimage\"},\"image\":{\"@id\":\"https:\\\/\\\/www.credafin.be\\\/de\\\/pret-personnel#primaryimage\"},\"thumbnailUrl\":\"https:\\\/\\\/www.credafin.be\\\/wp-content\\\/uploads\\\/2016\\\/07\\\/Icons_V_Orange-e1468234397451.png\",\"datePublished\":\"2025-03-25T10:49:33+00:00\",\"dateModified\":\"2025-04-02T23:50:56+00:00\",\"description\":\"Privatkredit f\u00fcr Ihre W\u00fcnsche: Jetzt informieren und beste Konditionen sichern! Einfach beantragen und profitieren.\",\"breadcrumb\":{\"@id\":\"https:\\\/\\\/www.credafin.be\\\/de\\\/pret-personnel#breadcrumb\"},\"inLanguage\":\"de-BE\",\"potentialAction\":[{\"@type\":\"ReadAction\",\"target\":[\"https:\\\/\\\/www.credafin.be\\\/de\\\/pret-personnel\"]}]},{\"@type\":\"ImageObject\",\"inLanguage\":\"de-BE\",\"@id\":\"https:\\\/\\\/www.credafin.be\\\/de\\\/pret-personnel#primaryimage\",\"url\":\"https:\\\/\\\/www.credafin.be\\\/wp-content\\\/uploads\\\/2016\\\/07\\\/Icons_V_Orange-e1468234397451.png\",\"contentUrl\":\"https:\\\/\\\/www.credafin.be\\\/wp-content\\\/uploads\\\/2016\\\/07\\\/Icons_V_Orange-e1468234397451.png\"},{\"@type\":\"BreadcrumbList\",\"@id\":\"https:\\\/\\\/www.credafin.be\\\/de\\\/pret-personnel#breadcrumb\",\"itemListElement\":[{\"@type\":\"ListItem\",\"position\":1,\"name\":\"Home\",\"item\":\"https:\\\/\\\/www.credafin.be\\\/de\\\/credafin-ihre-kredite-zu-besten-zinsen\"},{\"@type\":\"ListItem\",\"position\":2,\"name\":\"Privatkredit: der ma\u00dfgeschneiderte Kredit\"}]},{\"@type\":\"WebSite\",\"@id\":\"https:\\\/\\\/www.credafin.be\\\/#website\",\"url\":\"https:\\\/\\\/www.credafin.be\\\/\",\"name\":\"Credafin\",\"description\":\"Oxyg\u00e9nez votre budget en toute s\u00e9r\u00e9nit\u00e9\",\"potentialAction\":[{\"@type\":\"SearchAction\",\"target\":{\"@type\":\"EntryPoint\",\"urlTemplate\":\"https:\\\/\\\/www.credafin.be\\\/?s={search_term_string}\"},\"query-input\":{\"@type\":\"PropertyValueSpecification\",\"valueRequired\":true,\"valueName\":\"search_term_string\"}}],\"inLanguage\":\"de-BE\"}]}<\/script>\n<!-- \/ Yoast SEO plugin. -->","yoast_head_json":{"title":"Privatkredit: Schnell finanzieren & flexibel zur\u00fcckzahlen","description":"Privatkredit f\u00fcr Ihre W\u00fcnsche: Jetzt informieren und beste Konditionen sichern! Einfach beantragen und profitieren.","robots":{"index":"index","follow":"follow","max-snippet":"max-snippet:-1","max-image-preview":"max-image-preview:large","max-video-preview":"max-video-preview:-1"},"canonical":"https:\/\/www.credafin.be\/de\/pret-personnel","og_locale":"de_DE","og_type":"article","og_title":"Privatkredit: Schnell finanzieren & flexibel zur\u00fcckzahlen","og_description":"Privatkredit f\u00fcr Ihre W\u00fcnsche: Jetzt informieren und beste Konditionen sichern! Einfach beantragen und profitieren.","og_url":"https:\/\/www.credafin.be\/de\/pret-personnel","og_site_name":"Credafin","article_publisher":"http:\/\/www.facebook.com\/Credafin.be","article_modified_time":"2025-04-02T23:50:56+00:00","og_image":[{"url":"https:\/\/www.credafin.be\/wp-content\/uploads\/2019\/01\/shutterstock_136980221.jpg","type":"","width":"","height":""}],"twitter_card":"summary_large_image","twitter_site":"@Credafinbe","twitter_misc":{"Est. reading time":"5 minutes"},"schema":{"@context":"https:\/\/schema.org","@graph":[{"@type":"WebPage","@id":"https:\/\/www.credafin.be\/de\/pret-personnel","url":"https:\/\/www.credafin.be\/de\/pret-personnel","name":"Privatkredit: Schnell finanzieren & flexibel zur\u00fcckzahlen","isPartOf":{"@id":"https:\/\/www.credafin.be\/#website"},"primaryImageOfPage":{"@id":"https:\/\/www.credafin.be\/de\/pret-personnel#primaryimage"},"image":{"@id":"https:\/\/www.credafin.be\/de\/pret-personnel#primaryimage"},"thumbnailUrl":"https:\/\/www.credafin.be\/wp-content\/uploads\/2016\/07\/Icons_V_Orange-e1468234397451.png","datePublished":"2025-03-25T10:49:33+00:00","dateModified":"2025-04-02T23:50:56+00:00","description":"Privatkredit f\u00fcr Ihre W\u00fcnsche: Jetzt informieren und beste Konditionen sichern! Einfach beantragen und profitieren.","breadcrumb":{"@id":"https:\/\/www.credafin.be\/de\/pret-personnel#breadcrumb"},"inLanguage":"de-BE","potentialAction":[{"@type":"ReadAction","target":["https:\/\/www.credafin.be\/de\/pret-personnel"]}]},{"@type":"ImageObject","inLanguage":"de-BE","@id":"https:\/\/www.credafin.be\/de\/pret-personnel#primaryimage","url":"https:\/\/www.credafin.be\/wp-content\/uploads\/2016\/07\/Icons_V_Orange-e1468234397451.png","contentUrl":"https:\/\/www.credafin.be\/wp-content\/uploads\/2016\/07\/Icons_V_Orange-e1468234397451.png"},{"@type":"BreadcrumbList","@id":"https:\/\/www.credafin.be\/de\/pret-personnel#breadcrumb","itemListElement":[{"@type":"ListItem","position":1,"name":"Home","item":"https:\/\/www.credafin.be\/de\/credafin-ihre-kredite-zu-besten-zinsen"},{"@type":"ListItem","position":2,"name":"Privatkredit: der ma\u00dfgeschneiderte Kredit"}]},{"@type":"WebSite","@id":"https:\/\/www.credafin.be\/#website","url":"https:\/\/www.credafin.be\/","name":"Credafin","description":"Oxyg\u00e9nez votre budget en toute s\u00e9r\u00e9nit\u00e9","potentialAction":[{"@type":"SearchAction","target":{"@type":"EntryPoint","urlTemplate":"https:\/\/www.credafin.be\/?s={search_term_string}"},"query-input":{"@type":"PropertyValueSpecification","valueRequired":true,"valueName":"search_term_string"}}],"inLanguage":"de-BE"}]}},"_links":{"self":[{"href":"https:\/\/www.credafin.be\/de\/wp-json\/wp\/v2\/pages\/6910","targetHints":{"allow":["GET"]}}],"collection":[{"href":"https:\/\/www.credafin.be\/de\/wp-json\/wp\/v2\/pages"}],"about":[{"href":"https:\/\/www.credafin.be\/de\/wp-json\/wp\/v2\/types\/page"}],"author":[{"embeddable":true,"href":"https:\/\/www.credafin.be\/de\/wp-json\/wp\/v2\/users\/22"}],"replies":[{"embeddable":true,"href":"https:\/\/www.credafin.be\/de\/wp-json\/wp\/v2\/comments?post=6910"}],"version-history":[{"count":3,"href":"https:\/\/www.credafin.be\/de\/wp-json\/wp\/v2\/pages\/6910\/revisions"}],"predecessor-version":[{"id":8184,"href":"https:\/\/www.credafin.be\/de\/wp-json\/wp\/v2\/pages\/6910\/revisions\/8184"}],"wp:attachment":[{"href":"https:\/\/www.credafin.be\/de\/wp-json\/wp\/v2\/media?parent=6910"}],"curies":[{"name":"wp","href":"https:\/\/api.w.org\/{rel}","templated":true}]}}