{"id":6908,"date":"2025-03-25T11:47:42","date_gmt":"2025-03-25T10:47:42","guid":{"rendered":"https:\/\/www.credafin.be\/simulation-fr-einen-privatkredit"},"modified":"2025-04-03T00:52:28","modified_gmt":"2025-04-02T23:52:28","slug":"simulation-eines-personalkredits","status":"publish","type":"page","link":"https:\/\/www.credafin.be\/de\/pret-personnel\/simulation-eines-personalkredits","title":{"rendered":"Simulation f&uuml;r einen Privatkredit"},"content":{"rendered":"\r\n<h2 class=\"wp-block-heading\">Ein Privatkredit f&uuml;r was?<\/h2>\r\n\r\n\r\n\r\n<p>Sie ben&ouml;tigen schnell finanzielle Mittel, um ein Projekt zu realisieren, das Ihnen am Herzen liegt, oder um eine unerwartet gro&szlig;e Ausgabe zu decken. Daf&uuml;r m&ouml;chten Sie im Voraus wissen, wie hoch Ihre monatlichen R&uuml;ckzahlungen vor der Unterzeichnung Ihres Kreditvertrags sein werden. Wir haben die L&ouml;sung, um Ihre Fragen zu beantworten.<\/p>\r\n\r\n\r\n\r\n<p>Der Privatkredit ist einer der vielen Kredite, die in die Kategorie der Verbraucherkredite fallen, deren Betrag in der Regel zwischen 200 und 75 000 Euro variiert.<\/p>\r\n\r\n\r\n\r\n<p>Es handelt sich um einen nicht zweckgebundenen Kredit, was bedeutet, dass er nicht f&uuml;r einen bestimmten Kauf bestimmt ist, sondern dem Kreditnehmer erm&ouml;glicht, alle Ausgaben zu t&auml;tigen, die sowohl nicht spezifizierte Konsumg&uuml;ter als auch Dienstleistungen wie Ausgaben infolge von famili&auml;ren Ereignissen, medizinische Kosten, Ausbildungskosten, Steuern, Renovierungskosten, Reisen usw. betreffen.<\/p>\r\n\r\n\r\n\r\n<p>In der Praxis werden die Mittel auf das Bankkonto des Kreditnehmers &uuml;berwiesen, der dar&uuml;ber verf&uuml;gen kann, wie er m&ouml;chte. Diese Summe wird durch periodische Zahlungen zur&uuml;ckerstattet, die sich &uuml;ber einen Zeitraum von einigen Monaten bis zu einigen Jahren erstrecken k&ouml;nnen, wobei 120 Monate in der Regel die maximale Frist sind.<\/p>\r\n\r\n\r\n\r\n<h2 class=\"wp-block-heading\">Eine Berechnung im Handumdrehen<\/h2>\r\n\r\n\r\n\r\n<p>Dank der Einrichtung eines hochwertigen Services bieten wir Ihnen an, unser Simulationswerkzeug f&uuml;r <a href=\"https:\/\/www.credafin.be\/de\/ratenkredit\">Ratenkredite<\/a> gleich zu nutzen. Mit unserer Expertise k&ouml;nnen Sie den Betrag Ihrer Monatsraten in Rekordzeit ermitteln.<\/p>\r\n\r\n\r\n\r\n<p>Sie haben somit Zugang zu Ratenkrediten, die Ihnen helfen, Ihre W&uuml;nsche mit unserer <a href=\"https:\/\/www.credafin.be\/de\/pret-personnel\">Simulation eines Privatkredits&nbsp;<\/a> zu verwirklichen. Wenn Sie Ihre Daten eingeben, erhalten Sie fast sofort einen &Uuml;berblick &uuml;ber die Aufteilung Ihrer R&uuml;ckzahlungen.<\/p>\r\n\r\n\r\n\r\n<p>Sie k&ouml;nnen sich endlich vollst&auml;ndig der Organisation Ihrer traumhaften Hochzeitsfeier widmen, die Planung einer au&szlig;ergew&ouml;hnlichen Reise, die Vorbereitung der Geburt Ihres Kindes, die Finanzierung der Ausbildung der &Auml;ltesten usw.<\/p>\r\n\r\n\r\n\r\n<figure class=\"wp-block-image\"><img decoding=\"async\" width=\"768\" height=\"295\" src=\"https:\/\/www.credafin.be\/wp-content\/uploads\/2019\/01\/shutterstock_334290167.jpg\" alt=\"Simulation f&uuml;r einen Privatkredit\" class=\"wp-image-4945\" srcset=\"https:\/\/www.credafin.be\/wp-content\/uploads\/2019\/01\/shutterstock_334290167.jpg 768w, https:\/\/www.credafin.be\/wp-content\/uploads\/2019\/01\/shutterstock_334290167-300x115.jpg 300w\" sizes=\"(max-width: 768px) 100vw, 768px\" \/><\/figure>\r\n\r\n\r\n\r\n<h2 class=\"wp-block-heading\">Simulation Ihres individuellen Kredits<\/h2>\r\n\r\n\r\n\r\n<p>W&auml;hrend Ihrer Online-Kreditsimulation k&ouml;nnen Sie zus&auml;tzliche Kriterien wie die Laufzeit der Zahlungen festlegen.<\/p>\r\n\r\n\r\n\r\n<p>Die Agentur &#8220;Ihr Online-Kreditmakler&#8221; bietet Ihnen ihr Know-how, um Ihre Zukunft unter den besten Bedingungen zu gestalten. Sie k&ouml;nnen auf unsere Effizienz z&auml;hlen, um Sie bei der Auswahl des Ratenkredits, der am besten zu Ihnen passt, zu unterst&uuml;tzen.<\/p>\r\n\r\n\r\n\r\n<p>Die Kreditsimulation ist der erste Schritt zur Konkretisierung Ihrer W&uuml;nsche. Sie k&ouml;nnen Ihrer Fantasie freien Lauf lassen. Deshalb ermutigen wir Sie und helfen Ihnen, alle Ihre W&uuml;nsche zu erf&uuml;llen.<\/p>\r\n","protected":false},"excerpt":{"rendered":"<p>Nutzen Sie unsere Privatkredit Simulation: Berechnen Sie Ihre Kosten und starten Sie Ihr Projekt sofort!<\/p>\n","protected":false},"author":22,"featured_media":0,"parent":6910,"menu_order":0,"comment_status":"closed","ping_status":"closed","template":"page-full-sim.php","meta":{"_yoast_wpseo_focuskw":"Privatkredit Simulation","_yoast_wpseo_title":"Simulation f&uuml;r einen Privatkredit","_yoast_wpseo_metadesc":"Nutzen Sie jetzt unsere Privatkredit Simulation, um schnell und einfach Ihre Raten zu berechnen \u2013 starten Sie Ihr Projekt sofort!","_yoast_wpseo_meta-robots-noindex":"","_yoast_wpseo_meta-robots-nofollow":"","_yoast_wpseo_canonical":"https:\/\/www.credafin.be\/de\/pret-personnel\/simulation-eines-personalkredits","_yoast_wpseo_focuskw_text":"Privatkredit Simulation","_yoast_wpseo_schema":"Article","footnotes":""},"class_list":["post-6908","page","type-page","status-publish","hentry"],"yoast_head":"<!-- This site is optimized with the Yoast SEO plugin v27.3 - https:\/\/yoast.com\/product\/yoast-seo-wordpress\/ -->\n<title>Simulation f&uuml;r einen Privatkredit<\/title>\n<meta name=\"description\" content=\"Nutzen Sie jetzt unsere Privatkredit Simulation, um schnell und einfach Ihre Raten zu berechnen \u2013 starten Sie Ihr Projekt sofort!\" \/>\n<meta name=\"robots\" content=\"index, follow, max-snippet:-1, max-image-preview:large, max-video-preview:-1\" \/>\n<link rel=\"canonical\" href=\"https:\/\/www.credafin.be\/de\/pret-personnel\/simulation-eines-personalkredits\" \/>\n<meta property=\"og:locale\" content=\"de_DE\" \/>\n<meta property=\"og:type\" content=\"article\" \/>\n<meta property=\"og:title\" content=\"Simulation f&uuml;r einen Privatkredit\" \/>\n<meta property=\"og:description\" content=\"Nutzen Sie jetzt unsere Privatkredit Simulation, um schnell und einfach Ihre Raten zu berechnen \u2013 starten Sie Ihr Projekt sofort!\" \/>\n<meta property=\"og:url\" content=\"https:\/\/www.credafin.be\/de\/pret-personnel\/simulation-eines-personalkredits\" \/>\n<meta property=\"og:site_name\" content=\"Credafin\" \/>\n<meta property=\"article:publisher\" content=\"http:\/\/www.facebook.com\/Credafin.be\" \/>\n<meta property=\"article:modified_time\" content=\"2025-04-02T23:52:28+00:00\" \/>\n<meta property=\"og:image\" content=\"https:\/\/www.credafin.be\/wp-content\/uploads\/2019\/01\/shutterstock_334290167.jpg\" \/>\n\t<meta property=\"og:image:width\" content=\"768\" \/>\n\t<meta property=\"og:image:height\" content=\"295\" \/>\n\t<meta property=\"og:image:type\" content=\"image\/jpeg\" \/>\n<meta name=\"twitter:card\" content=\"summary_large_image\" \/>\n<meta name=\"twitter:site\" content=\"@Credafinbe\" \/>\n<meta name=\"twitter:label1\" content=\"Est. reading time\" \/>\n\t<meta name=\"twitter:data1\" content=\"3 minutes\" \/>\n<script type=\"application\/ld+json\" class=\"yoast-schema-graph\">{\"@context\":\"https:\\\/\\\/schema.org\",\"@graph\":[{\"@type\":\"WebPage\",\"@id\":\"https:\\\/\\\/www.credafin.be\\\/de\\\/pret-personnel\\\/simulation-eines-personalkredits\",\"url\":\"https:\\\/\\\/www.credafin.be\\\/de\\\/pret-personnel\\\/simulation-eines-personalkredits\",\"name\":\"Simulation f&uuml;r einen Privatkredit\",\"isPartOf\":{\"@id\":\"https:\\\/\\\/www.credafin.be\\\/#website\"},\"primaryImageOfPage\":{\"@id\":\"https:\\\/\\\/www.credafin.be\\\/de\\\/pret-personnel\\\/simulation-eines-personalkredits#primaryimage\"},\"image\":{\"@id\":\"https:\\\/\\\/www.credafin.be\\\/de\\\/pret-personnel\\\/simulation-eines-personalkredits#primaryimage\"},\"thumbnailUrl\":\"https:\\\/\\\/www.credafin.be\\\/wp-content\\\/uploads\\\/2019\\\/01\\\/shutterstock_334290167.jpg\",\"datePublished\":\"2025-03-25T10:47:42+00:00\",\"dateModified\":\"2025-04-02T23:52:28+00:00\",\"description\":\"Nutzen Sie jetzt unsere Privatkredit Simulation, um schnell und einfach Ihre Raten zu berechnen \u2013 starten Sie Ihr Projekt sofort!\",\"breadcrumb\":{\"@id\":\"https:\\\/\\\/www.credafin.be\\\/de\\\/pret-personnel\\\/simulation-eines-personalkredits#breadcrumb\"},\"inLanguage\":\"de-BE\",\"potentialAction\":[{\"@type\":\"ReadAction\",\"target\":[\"https:\\\/\\\/www.credafin.be\\\/de\\\/pret-personnel\\\/simulation-eines-personalkredits\"]}]},{\"@type\":\"ImageObject\",\"inLanguage\":\"de-BE\",\"@id\":\"https:\\\/\\\/www.credafin.be\\\/de\\\/pret-personnel\\\/simulation-eines-personalkredits#primaryimage\",\"url\":\"https:\\\/\\\/www.credafin.be\\\/wp-content\\\/uploads\\\/2019\\\/01\\\/shutterstock_334290167.jpg\",\"contentUrl\":\"https:\\\/\\\/www.credafin.be\\\/wp-content\\\/uploads\\\/2019\\\/01\\\/shutterstock_334290167.jpg\"},{\"@type\":\"BreadcrumbList\",\"@id\":\"https:\\\/\\\/www.credafin.be\\\/de\\\/pret-personnel\\\/simulation-eines-personalkredits#breadcrumb\",\"itemListElement\":[{\"@type\":\"ListItem\",\"position\":1,\"name\":\"Home\",\"item\":\"https:\\\/\\\/www.credafin.be\\\/de\\\/credafin-ihre-kredite-zu-besten-zinsen\"},{\"@type\":\"ListItem\",\"position\":2,\"name\":\"Privatkredit: der ma\u00dfgeschneiderte Kredit\",\"item\":\"https:\\\/\\\/www.credafin.be\\\/de\\\/pret-personnel\"},{\"@type\":\"ListItem\",\"position\":3,\"name\":\"Simulation f&uuml;r einen Privatkredit\"}]},{\"@type\":\"WebSite\",\"@id\":\"https:\\\/\\\/www.credafin.be\\\/#website\",\"url\":\"https:\\\/\\\/www.credafin.be\\\/\",\"name\":\"Credafin\",\"description\":\"Oxyg\u00e9nez votre budget en toute s\u00e9r\u00e9nit\u00e9\",\"potentialAction\":[{\"@type\":\"SearchAction\",\"target\":{\"@type\":\"EntryPoint\",\"urlTemplate\":\"https:\\\/\\\/www.credafin.be\\\/?s={search_term_string}\"},\"query-input\":{\"@type\":\"PropertyValueSpecification\",\"valueRequired\":true,\"valueName\":\"search_term_string\"}}],\"inLanguage\":\"de-BE\"}]}<\/script>\n<!-- \/ Yoast SEO plugin. -->","yoast_head_json":{"title":"Simulation f&uuml;r einen Privatkredit","description":"Nutzen Sie jetzt unsere Privatkredit Simulation, um schnell und einfach Ihre Raten zu berechnen \u2013 starten Sie Ihr Projekt sofort!","robots":{"index":"index","follow":"follow","max-snippet":"max-snippet:-1","max-image-preview":"max-image-preview:large","max-video-preview":"max-video-preview:-1"},"canonical":"https:\/\/www.credafin.be\/de\/pret-personnel\/simulation-eines-personalkredits","og_locale":"de_DE","og_type":"article","og_title":"Simulation f&uuml;r einen Privatkredit","og_description":"Nutzen Sie jetzt unsere Privatkredit Simulation, um schnell und einfach Ihre Raten zu berechnen \u2013 starten Sie Ihr Projekt sofort!","og_url":"https:\/\/www.credafin.be\/de\/pret-personnel\/simulation-eines-personalkredits","og_site_name":"Credafin","article_publisher":"http:\/\/www.facebook.com\/Credafin.be","article_modified_time":"2025-04-02T23:52:28+00:00","og_image":[{"width":768,"height":295,"url":"https:\/\/www.credafin.be\/wp-content\/uploads\/2019\/01\/shutterstock_334290167.jpg","type":"image\/jpeg"}],"twitter_card":"summary_large_image","twitter_site":"@Credafinbe","twitter_misc":{"Est. reading time":"3 minutes"},"schema":{"@context":"https:\/\/schema.org","@graph":[{"@type":"WebPage","@id":"https:\/\/www.credafin.be\/de\/pret-personnel\/simulation-eines-personalkredits","url":"https:\/\/www.credafin.be\/de\/pret-personnel\/simulation-eines-personalkredits","name":"Simulation f&uuml;r einen Privatkredit","isPartOf":{"@id":"https:\/\/www.credafin.be\/#website"},"primaryImageOfPage":{"@id":"https:\/\/www.credafin.be\/de\/pret-personnel\/simulation-eines-personalkredits#primaryimage"},"image":{"@id":"https:\/\/www.credafin.be\/de\/pret-personnel\/simulation-eines-personalkredits#primaryimage"},"thumbnailUrl":"https:\/\/www.credafin.be\/wp-content\/uploads\/2019\/01\/shutterstock_334290167.jpg","datePublished":"2025-03-25T10:47:42+00:00","dateModified":"2025-04-02T23:52:28+00:00","description":"Nutzen Sie jetzt unsere Privatkredit Simulation, um schnell und einfach Ihre Raten zu berechnen \u2013 starten Sie Ihr Projekt sofort!","breadcrumb":{"@id":"https:\/\/www.credafin.be\/de\/pret-personnel\/simulation-eines-personalkredits#breadcrumb"},"inLanguage":"de-BE","potentialAction":[{"@type":"ReadAction","target":["https:\/\/www.credafin.be\/de\/pret-personnel\/simulation-eines-personalkredits"]}]},{"@type":"ImageObject","inLanguage":"de-BE","@id":"https:\/\/www.credafin.be\/de\/pret-personnel\/simulation-eines-personalkredits#primaryimage","url":"https:\/\/www.credafin.be\/wp-content\/uploads\/2019\/01\/shutterstock_334290167.jpg","contentUrl":"https:\/\/www.credafin.be\/wp-content\/uploads\/2019\/01\/shutterstock_334290167.jpg"},{"@type":"BreadcrumbList","@id":"https:\/\/www.credafin.be\/de\/pret-personnel\/simulation-eines-personalkredits#breadcrumb","itemListElement":[{"@type":"ListItem","position":1,"name":"Home","item":"https:\/\/www.credafin.be\/de\/credafin-ihre-kredite-zu-besten-zinsen"},{"@type":"ListItem","position":2,"name":"Privatkredit: der ma\u00dfgeschneiderte Kredit","item":"https:\/\/www.credafin.be\/de\/pret-personnel"},{"@type":"ListItem","position":3,"name":"Simulation f&uuml;r einen Privatkredit"}]},{"@type":"WebSite","@id":"https:\/\/www.credafin.be\/#website","url":"https:\/\/www.credafin.be\/","name":"Credafin","description":"Oxyg\u00e9nez votre budget en toute s\u00e9r\u00e9nit\u00e9","potentialAction":[{"@type":"SearchAction","target":{"@type":"EntryPoint","urlTemplate":"https:\/\/www.credafin.be\/?s={search_term_string}"},"query-input":{"@type":"PropertyValueSpecification","valueRequired":true,"valueName":"search_term_string"}}],"inLanguage":"de-BE"}]}},"_links":{"self":[{"href":"https:\/\/www.credafin.be\/de\/wp-json\/wp\/v2\/pages\/6908","targetHints":{"allow":["GET"]}}],"collection":[{"href":"https:\/\/www.credafin.be\/de\/wp-json\/wp\/v2\/pages"}],"about":[{"href":"https:\/\/www.credafin.be\/de\/wp-json\/wp\/v2\/types\/page"}],"author":[{"embeddable":true,"href":"https:\/\/www.credafin.be\/de\/wp-json\/wp\/v2\/users\/22"}],"replies":[{"embeddable":true,"href":"https:\/\/www.credafin.be\/de\/wp-json\/wp\/v2\/comments?post=6908"}],"version-history":[{"count":3,"href":"https:\/\/www.credafin.be\/de\/wp-json\/wp\/v2\/pages\/6908\/revisions"}],"predecessor-version":[{"id":8186,"href":"https:\/\/www.credafin.be\/de\/wp-json\/wp\/v2\/pages\/6908\/revisions\/8186"}],"up":[{"embeddable":true,"href":"https:\/\/www.credafin.be\/de\/wp-json\/wp\/v2\/pages\/6910"}],"wp:attachment":[{"href":"https:\/\/www.credafin.be\/de\/wp-json\/wp\/v2\/media?parent=6908"}],"curies":[{"name":"wp","href":"https:\/\/api.w.org\/{rel}","templated":true}]}}