{"id":6907,"date":"2025-03-25T11:47:30","date_gmt":"2025-03-25T10:47:30","guid":{"rendered":"https:\/\/www.credafin.be\/simulation-der-kreditzusammenfassung"},"modified":"2025-04-03T00:53:09","modified_gmt":"2025-04-02T23:53:09","slug":"simulation-der-kreditbundelung","status":"publish","type":"page","link":"https:\/\/www.credafin.be\/de\/kreditbundelung\/simulation-der-kreditbundelung","title":{"rendered":"Simulation der Kreditzusammenfassung"},"content":{"rendered":"\r\n<p>Tr&auml;umen Sie von neuen finanziellen Horizonten, sehen aber wegen Ihrer Kredite kein Land mehr? Ihr <a href=\"https:\/\/www.credafin.be\/de\/simulieren-sie-kredit-online\">Online-Kreditvermittler<\/a> bietet Ihnen eine einfache L&ouml;sung, um dieser unangenehmen Situation abzuhelfen: Nutzen Sie eine <a href=\"https:\/\/www.credafin.be\/de\/kreditbundelung\">Simulation zur Kreditzusammenfassung<\/a> und vermeiden Sie unn&ouml;tige Schulden.<\/p>\r\n\r\n\r\n\r\n<p>Das Leben steckt voller &Uuml;berraschungen, und manchmal ist es schwer zu wissen, welcher Art diese sein werden. K&uuml;rzlich haben Sie mehrere Privatkredite aufgenommen.<\/p>\r\n\r\n\r\n\r\n<p>Ein <a href=\"https:\/\/www.credafin.be\/de\/hochzeitskredit\">Hochzeit<\/a>, der Kauf eines neuen Computers, eine gro&szlig;e <a href=\"https:\/\/www.credafin.be\/de\/pret-urlaub\">Reise<\/a>? Diese Gelegenheiten kosten, und leider sind Ihre monatlichen Raten eine Belastung? F&uuml;hlen Sie sich von all den verstreuten R&uuml;ckzahlungen &uuml;berfordert? Ihr Online-Kreditvermittler hat die L&ouml;sung, um Ihre monatlichen Belastungen erheblich zu reduzieren.<\/p>\r\n\r\n\r\n\r\n<h2 class=\"wp-block-heading\">Eine Rate, ein Konto<\/h2>\r\n\r\n\r\n\r\n<p>Die Zusammenfassung Ihrer Privatkredite wird Ihnen das Leben erleichtern. Sie brauchen sich nicht mehr um die verschiedenen F&auml;lligkeiten und jeweiligen Betr&auml;ge zu k&uuml;mmern. Dank Ihres Online-Kreditvermittlers k&ouml;nnen Sie Ihre Privatkredite auf ein einziges Konto und mit einer monatlichen Rate zusammenfassen.<\/p>\r\n\r\n\r\n\r\n<p>Es ist eine einfache und effektive L&ouml;sung zur Reduzierung Ihrer monatlichen Raten. Sie werden von unseren Dienstleistungen beraten und auf die passende Kreditzusammenfassung hingewiesen. Endlich k&ouml;nnen Sie einer neuen finanziellen Zukunft entgegensehen.<\/p>\r\n\r\n\r\n\r\n<h2 class=\"wp-block-heading\">Die Simulation der Kreditzusammenfassung, angepasste R&uuml;ckzahlungen<\/h2>\r\n\r\n\r\n\r\n<p>Ihr Online-Kreditvermittler bietet Ihnen an, die f&uuml;r Sie passende R&uuml;ckzahlung entsprechend Ihrer finanziellen M&ouml;glichkeiten zu bestimmen. Sie k&ouml;nnen die F&auml;lligkeit w&auml;hlen und die Staffelung Ihrer Zahlungen organisieren.<\/p>\r\n\r\n\r\n\r\n<p>Sie k&ouml;nnen weiterhin reisen, Waren kaufen und Ihre Zukunft aufbauen. Ihr Online-Kreditvermittler hilft Ihnen, Ihre Tr&auml;ume zu verwirklichen. Die Zusammenfassung Ihrer Privatkredite &ouml;ffnet Ihnen neue T&uuml;ren.<\/p>\r\n\r\n\r\n\r\n<h2 class=\"wp-block-heading\">Die <a href=\"https:\/\/www.credafin.be\/de\/kreditbundelung\">Kreditzusammenfassung<\/a>: ein einziger Kredit zu einem reduzierten Zinssatz!<\/h2>\r\n\r\n\r\n\r\n<p>Die Kreditzusammenfassung besteht darin, all Ihre Kredite in einem einzigen Dossier zu vereinen. Durch diese Zentralisierung wird eine neue, auf Ihre M&ouml;glichkeiten abgestimmte, einzigartige monatliche F&auml;lligkeit berechnet. Sie werden schnell den Unterschied in Ihrem Geldbeutel und im Alltag sp&uuml;ren, da Sie nur noch eine monatliche Transaktion durchf&uuml;hren m&uuml;ssen.<\/p>\r\n\r\n\r\n\r\n<h2 class=\"wp-block-heading\">Zentralisierung Ihrer Kredite in vollkommener Sicherheit<\/h2>\r\n\r\n\r\n\r\n<p>Diese wirksame Ma&szlig;nahme wird Ihnen das schwerf&auml;llige Rad aus Zahlungsverzug, Rechtsstreitigkeiten usw. ersparen. Nehmen Sie einfach Kontakt mit uns auf, und wir k&uuml;mmern uns um die Zusammenfassung Ihrer Kredite.<\/p>\r\n\r\n\r\n\r\n<p>Gemeinsam setzen wir eine neue F&auml;lligkeit und eine Summe fest, die es Ihnen erlaubt, weiterhin frei zu leben. Sie werden nicht mehr von Ihren Raten zerrissen und k&ouml;nnen endlich aufatmen.<\/p>\r\n\r\n\r\n\r\n<h2 class=\"wp-block-heading\">Neue Ziele in Reichweite<\/h2>\r\n\r\n\r\n\r\n<figure class=\"wp-block-image\"><img decoding=\"async\" width=\"768\" height=\"295\" class=\"wp-image-4945\" alt=\"Simulation Kreditzusammenfassung\" src=\"https:\/\/www.credafin.be\/wp-content\/uploads\/2019\/01\/shutterstock_334290167.jpg\" srcset=\"https:\/\/www.credafin.be\/wp-content\/uploads\/2019\/01\/shutterstock_334290167.jpg 768w, https:\/\/www.credafin.be\/wp-content\/uploads\/2019\/01\/shutterstock_334290167-300x115.jpg 300w\" sizes=\"(max-width: 768px) 100vw, 768px\" \/><\/figure>\r\n\r\n\r\n\r\n<p>Egal, welche Kredite Sie aufgenommen haben, ob f&uuml;r den Kauf eines neuen Computers oder Renovierungsarbeiten im Haus, Sie k&ouml;nnen jederzeit auf eine Kreditzusammenfassung zur&uuml;ckgreifen. Dank dieser neuen Organisation werden Ihre Konten schnell ausgeglichen.<\/p>\r\n\r\n\r\n\r\n<p>Wir stellen Ihnen unser Know-how und unsere Erfahrung zur Verf&uuml;gung. Ihr Online-Kreditvermittler bietet Ihnen L&ouml;sungen, die zu Ihrem Budget passen. Sie k&ouml;nnen sogar einen ersten &Uuml;berblick &uuml;ber Ihre Kreditzusammenfassung mit unserem Online-Simulationstool erhalten.<\/p>\r\n","protected":false},"excerpt":{"rendered":"<p>Maximieren Sie Ihre Freiheit: Testen Sie jetzt die Kreditzusammenfassung!<\/p>\n","protected":false},"author":22,"featured_media":0,"parent":6717,"menu_order":0,"comment_status":"closed","ping_status":"closed","template":"page-full-sim.php","meta":{"_yoast_wpseo_focuskw":"Kreditzusammenfassung","_yoast_wpseo_title":"Simulation der Kreditzusammenfassung \u2013 Raten senken","_yoast_wpseo_metadesc":"Sichern Sie sich mit unserer Kreditzusammenfassung einen geringeren Zinssatz und weniger Raten. Jetzt entdecken und sparen!","_yoast_wpseo_meta-robots-noindex":"","_yoast_wpseo_meta-robots-nofollow":"","_yoast_wpseo_canonical":"https:\/\/www.credafin.be\/de\/kreditbundelung\/simulation-der-kreditbundelung","_yoast_wpseo_focuskw_text":"Kreditzusammenfassung","_yoast_wpseo_schema":"Article","footnotes":""},"class_list":["post-6907","page","type-page","status-publish","hentry"],"yoast_head":"<!-- This site is optimized with the Yoast SEO plugin v27.5 - https:\/\/yoast.com\/product\/yoast-seo-wordpress\/ -->\n<title>Simulation der Kreditzusammenfassung \u2013 Raten senken<\/title>\n<meta name=\"description\" content=\"Sichern Sie sich mit unserer Kreditzusammenfassung einen geringeren Zinssatz und weniger Raten. Jetzt entdecken und sparen!\" \/>\n<meta name=\"robots\" content=\"index, follow, max-snippet:-1, max-image-preview:large, max-video-preview:-1\" \/>\n<link rel=\"canonical\" href=\"https:\/\/www.credafin.be\/de\/kreditbundelung\/simulation-der-kreditbundelung\" \/>\n<meta property=\"og:locale\" content=\"de_DE\" \/>\n<meta property=\"og:type\" content=\"article\" \/>\n<meta property=\"og:title\" content=\"Simulation der Kreditzusammenfassung \u2013 Raten senken\" \/>\n<meta property=\"og:description\" content=\"Sichern Sie sich mit unserer Kreditzusammenfassung einen geringeren Zinssatz und weniger Raten. Jetzt entdecken und sparen!\" \/>\n<meta property=\"og:url\" content=\"https:\/\/www.credafin.be\/de\/kreditbundelung\/simulation-der-kreditbundelung\" \/>\n<meta property=\"og:site_name\" content=\"Credafin\" \/>\n<meta property=\"article:publisher\" content=\"http:\/\/www.facebook.com\/Credafin.be\" \/>\n<meta property=\"article:modified_time\" content=\"2025-04-02T23:53:09+00:00\" \/>\n<meta property=\"og:image\" content=\"https:\/\/www.credafin.be\/wp-content\/uploads\/2019\/01\/shutterstock_334290167.jpg\" \/>\n\t<meta property=\"og:image:width\" content=\"768\" \/>\n\t<meta property=\"og:image:height\" content=\"295\" \/>\n\t<meta property=\"og:image:type\" content=\"image\/jpeg\" \/>\n<meta name=\"twitter:card\" content=\"summary_large_image\" \/>\n<meta name=\"twitter:site\" content=\"@Credafinbe\" \/>\n<meta name=\"twitter:label1\" content=\"Est. reading time\" \/>\n\t<meta name=\"twitter:data1\" content=\"3 minutes\" \/>\n<script type=\"application\/ld+json\" class=\"yoast-schema-graph\">{\"@context\":\"https:\\\/\\\/schema.org\",\"@graph\":[{\"@type\":\"WebPage\",\"@id\":\"https:\\\/\\\/www.credafin.be\\\/de\\\/kreditbundelung\\\/simulation-der-kreditbundelung\",\"url\":\"https:\\\/\\\/www.credafin.be\\\/de\\\/kreditbundelung\\\/simulation-der-kreditbundelung\",\"name\":\"Simulation der Kreditzusammenfassung \u2013 Raten senken\",\"isPartOf\":{\"@id\":\"https:\\\/\\\/www.credafin.be\\\/#website\"},\"primaryImageOfPage\":{\"@id\":\"https:\\\/\\\/www.credafin.be\\\/de\\\/kreditbundelung\\\/simulation-der-kreditbundelung#primaryimage\"},\"image\":{\"@id\":\"https:\\\/\\\/www.credafin.be\\\/de\\\/kreditbundelung\\\/simulation-der-kreditbundelung#primaryimage\"},\"thumbnailUrl\":\"https:\\\/\\\/www.credafin.be\\\/wp-content\\\/uploads\\\/2019\\\/01\\\/shutterstock_334290167.jpg\",\"datePublished\":\"2025-03-25T10:47:30+00:00\",\"dateModified\":\"2025-04-02T23:53:09+00:00\",\"description\":\"Sichern Sie sich mit unserer Kreditzusammenfassung einen geringeren Zinssatz und weniger Raten. Jetzt entdecken und sparen!\",\"breadcrumb\":{\"@id\":\"https:\\\/\\\/www.credafin.be\\\/de\\\/kreditbundelung\\\/simulation-der-kreditbundelung#breadcrumb\"},\"inLanguage\":\"de-BE\",\"potentialAction\":[{\"@type\":\"ReadAction\",\"target\":[\"https:\\\/\\\/www.credafin.be\\\/de\\\/kreditbundelung\\\/simulation-der-kreditbundelung\"]}]},{\"@type\":\"ImageObject\",\"inLanguage\":\"de-BE\",\"@id\":\"https:\\\/\\\/www.credafin.be\\\/de\\\/kreditbundelung\\\/simulation-der-kreditbundelung#primaryimage\",\"url\":\"https:\\\/\\\/www.credafin.be\\\/wp-content\\\/uploads\\\/2019\\\/01\\\/shutterstock_334290167.jpg\",\"contentUrl\":\"https:\\\/\\\/www.credafin.be\\\/wp-content\\\/uploads\\\/2019\\\/01\\\/shutterstock_334290167.jpg\"},{\"@type\":\"BreadcrumbList\",\"@id\":\"https:\\\/\\\/www.credafin.be\\\/de\\\/kreditbundelung\\\/simulation-der-kreditbundelung#breadcrumb\",\"itemListElement\":[{\"@type\":\"ListItem\",\"position\":1,\"name\":\"Home\",\"item\":\"https:\\\/\\\/www.credafin.be\\\/de\\\/credafin-ihre-kredite-zu-besten-zinsen\"},{\"@type\":\"ListItem\",\"position\":2,\"name\":\"Kreditb&uuml;ndelung: &Ouml;ffnen Sie Ihren Budgetraum!\",\"item\":\"https:\\\/\\\/www.credafin.be\\\/de\\\/kreditbundelung\"},{\"@type\":\"ListItem\",\"position\":3,\"name\":\"Simulation der Kreditzusammenfassung\"}]},{\"@type\":\"WebSite\",\"@id\":\"https:\\\/\\\/www.credafin.be\\\/#website\",\"url\":\"https:\\\/\\\/www.credafin.be\\\/\",\"name\":\"Credafin\",\"description\":\"Oxyg\u00e9nez votre budget en toute s\u00e9r\u00e9nit\u00e9\",\"potentialAction\":[{\"@type\":\"SearchAction\",\"target\":{\"@type\":\"EntryPoint\",\"urlTemplate\":\"https:\\\/\\\/www.credafin.be\\\/?s={search_term_string}\"},\"query-input\":{\"@type\":\"PropertyValueSpecification\",\"valueRequired\":true,\"valueName\":\"search_term_string\"}}],\"inLanguage\":\"de-BE\"}]}<\/script>\n<!-- \/ Yoast SEO plugin. -->","yoast_head_json":{"title":"Simulation der Kreditzusammenfassung \u2013 Raten senken","description":"Sichern Sie sich mit unserer Kreditzusammenfassung einen geringeren Zinssatz und weniger Raten. Jetzt entdecken und sparen!","robots":{"index":"index","follow":"follow","max-snippet":"max-snippet:-1","max-image-preview":"max-image-preview:large","max-video-preview":"max-video-preview:-1"},"canonical":"https:\/\/www.credafin.be\/de\/kreditbundelung\/simulation-der-kreditbundelung","og_locale":"de_DE","og_type":"article","og_title":"Simulation der Kreditzusammenfassung \u2013 Raten senken","og_description":"Sichern Sie sich mit unserer Kreditzusammenfassung einen geringeren Zinssatz und weniger Raten. Jetzt entdecken und sparen!","og_url":"https:\/\/www.credafin.be\/de\/kreditbundelung\/simulation-der-kreditbundelung","og_site_name":"Credafin","article_publisher":"http:\/\/www.facebook.com\/Credafin.be","article_modified_time":"2025-04-02T23:53:09+00:00","og_image":[{"width":768,"height":295,"url":"https:\/\/www.credafin.be\/wp-content\/uploads\/2019\/01\/shutterstock_334290167.jpg","type":"image\/jpeg"}],"twitter_card":"summary_large_image","twitter_site":"@Credafinbe","twitter_misc":{"Est. reading time":"3 minutes"},"schema":{"@context":"https:\/\/schema.org","@graph":[{"@type":"WebPage","@id":"https:\/\/www.credafin.be\/de\/kreditbundelung\/simulation-der-kreditbundelung","url":"https:\/\/www.credafin.be\/de\/kreditbundelung\/simulation-der-kreditbundelung","name":"Simulation der Kreditzusammenfassung \u2013 Raten senken","isPartOf":{"@id":"https:\/\/www.credafin.be\/#website"},"primaryImageOfPage":{"@id":"https:\/\/www.credafin.be\/de\/kreditbundelung\/simulation-der-kreditbundelung#primaryimage"},"image":{"@id":"https:\/\/www.credafin.be\/de\/kreditbundelung\/simulation-der-kreditbundelung#primaryimage"},"thumbnailUrl":"https:\/\/www.credafin.be\/wp-content\/uploads\/2019\/01\/shutterstock_334290167.jpg","datePublished":"2025-03-25T10:47:30+00:00","dateModified":"2025-04-02T23:53:09+00:00","description":"Sichern Sie sich mit unserer Kreditzusammenfassung einen geringeren Zinssatz und weniger Raten. Jetzt entdecken und sparen!","breadcrumb":{"@id":"https:\/\/www.credafin.be\/de\/kreditbundelung\/simulation-der-kreditbundelung#breadcrumb"},"inLanguage":"de-BE","potentialAction":[{"@type":"ReadAction","target":["https:\/\/www.credafin.be\/de\/kreditbundelung\/simulation-der-kreditbundelung"]}]},{"@type":"ImageObject","inLanguage":"de-BE","@id":"https:\/\/www.credafin.be\/de\/kreditbundelung\/simulation-der-kreditbundelung#primaryimage","url":"https:\/\/www.credafin.be\/wp-content\/uploads\/2019\/01\/shutterstock_334290167.jpg","contentUrl":"https:\/\/www.credafin.be\/wp-content\/uploads\/2019\/01\/shutterstock_334290167.jpg"},{"@type":"BreadcrumbList","@id":"https:\/\/www.credafin.be\/de\/kreditbundelung\/simulation-der-kreditbundelung#breadcrumb","itemListElement":[{"@type":"ListItem","position":1,"name":"Home","item":"https:\/\/www.credafin.be\/de\/credafin-ihre-kredite-zu-besten-zinsen"},{"@type":"ListItem","position":2,"name":"Kreditb&uuml;ndelung: &Ouml;ffnen Sie Ihren Budgetraum!","item":"https:\/\/www.credafin.be\/de\/kreditbundelung"},{"@type":"ListItem","position":3,"name":"Simulation der Kreditzusammenfassung"}]},{"@type":"WebSite","@id":"https:\/\/www.credafin.be\/#website","url":"https:\/\/www.credafin.be\/","name":"Credafin","description":"Oxyg\u00e9nez votre budget en toute s\u00e9r\u00e9nit\u00e9","potentialAction":[{"@type":"SearchAction","target":{"@type":"EntryPoint","urlTemplate":"https:\/\/www.credafin.be\/?s={search_term_string}"},"query-input":{"@type":"PropertyValueSpecification","valueRequired":true,"valueName":"search_term_string"}}],"inLanguage":"de-BE"}]}},"_links":{"self":[{"href":"https:\/\/www.credafin.be\/de\/wp-json\/wp\/v2\/pages\/6907","targetHints":{"allow":["GET"]}}],"collection":[{"href":"https:\/\/www.credafin.be\/de\/wp-json\/wp\/v2\/pages"}],"about":[{"href":"https:\/\/www.credafin.be\/de\/wp-json\/wp\/v2\/types\/page"}],"author":[{"embeddable":true,"href":"https:\/\/www.credafin.be\/de\/wp-json\/wp\/v2\/users\/22"}],"replies":[{"embeddable":true,"href":"https:\/\/www.credafin.be\/de\/wp-json\/wp\/v2\/comments?post=6907"}],"version-history":[{"count":3,"href":"https:\/\/www.credafin.be\/de\/wp-json\/wp\/v2\/pages\/6907\/revisions"}],"predecessor-version":[{"id":8187,"href":"https:\/\/www.credafin.be\/de\/wp-json\/wp\/v2\/pages\/6907\/revisions\/8187"}],"up":[{"embeddable":true,"href":"https:\/\/www.credafin.be\/de\/wp-json\/wp\/v2\/pages\/6717"}],"wp:attachment":[{"href":"https:\/\/www.credafin.be\/de\/wp-json\/wp\/v2\/media?parent=6907"}],"curies":[{"name":"wp","href":"https:\/\/api.w.org\/{rel}","templated":true}]}}