{"id":6905,"date":"2025-03-25T11:46:27","date_gmt":"2025-03-25T10:46:27","guid":{"rendered":"https:\/\/www.credafin.be\/kredit-in-belgien"},"modified":"2025-04-03T00:54:44","modified_gmt":"2025-04-02T23:54:44","slug":"kredit-in-belgien","status":"publish","type":"page","link":"https:\/\/www.credafin.be\/de\/kredit-in-belgien","title":{"rendered":"Kredit in Belgien"},"content":{"rendered":"<h2 class=\"wp-block-heading\">Einen Kredit in Belgien aufnehmen f\u00fcr mehr Gelassenheit<\/h2><p>Um Ihr Leben noch besser zu machen, vertrauen Sie sich einer Kreditbank in Belgien an, die sich um Ihren Erfolg und Ihre Bed\u00fcrfnisse k\u00fcmmert.<\/p><h3 class=\"wp-block-heading\">Kredit in Belgien, um Ihr Leben schnell zu \u00e4ndern<\/h3><p>Mit einer tief verwurzelten Kultur im belgischen Finanzmarkt begleitet unser belgisches Kreditunternehmen Millionen von professionellen und privaten Kunden im In- und Ausland. <\/p><p>Transparenz, Zuh\u00f6ren, N\u00e4he &#8211; das sind die Werte, die uns seit Jahren antreiben. Angesichts der st\u00e4ndigen Ver\u00e4nderungen in der wirtschaftlichen Lage und der Marktschwankungen hat unser Kreditinstitut es geschafft, sich auf solide Werte zu st\u00fctzen, um seine F\u00fchrungsposition zu halten. Einen Kreditantrag bei uns zu stellen bedeutet, sich f\u00fcr Einfachheit und Schnelligkeit zu entscheiden.<\/p><h2 class=\"wp-block-heading\">Kredit in Belgien: die Garantie f\u00fcr absolute finanzielle Stabilit\u00e4t<\/h2><p>Haben Sie ein pers\u00f6nliches Projekt oder eine Reise geplant, um sich oder Ihren Lieben eine Freude zu machen? Sind Sie auf der Suche nach Bargeld, um die Nachhaltigkeit, Sicherheit oder den Komfort Ihrer Familie zu gew\u00e4hrleisten? Haben Sie anh\u00e4ufte Schulden, die so schnell wie m\u00f6glich beglichen werden m\u00fcssen?<\/p><p>Ihre Kreditbank in Belgien bietet Ihnen zuverl\u00e4ssige, dauerhafte und sichere L\u00f6sungen, um Ihnen zu helfen, Ihr Projekt zu realisieren oder finanzielle Probleme zu l\u00f6sen. <\/p><p>Dank unserer Kreditangebote k\u00f6nnen Sie Ihre Traumhochzeit organisieren, sich das Fahrzeug leisten, das Sie inspiriert oder zu Ihrem Bedarf passt, Ihre Kredite zusammenlegen und einen neuen Kredit aufnehmen oder das Immobilienobjekt erwerben, das Sie fasziniert. <\/p><figure class=\"wp-block-image\"><img decoding=\"async\" width=\"768\" height=\"295\" src=\"https:\/\/www.credafin.be\/wp-content\/uploads\/2019\/01\/shutterstock_334290167.jpg\" alt=\"Kredit in Belgien\" class=\"wp-image-4945\" srcset=\"https:\/\/www.credafin.be\/wp-content\/uploads\/2019\/01\/shutterstock_334290167.jpg 768w, https:\/\/www.credafin.be\/wp-content\/uploads\/2019\/01\/shutterstock_334290167-300x115.jpg 300w\" sizes=\"(max-width: 768px) 100vw, 768px\" \/><\/figure><h3 class=\"wp-block-heading\">Attraktive Zinss\u00e4tze<\/h3><p>Die sehr attraktiven Zinss\u00e4tze unserer Hypothekendarlehen, <a href=\"https:\/\/www.credafin.be\/de\/pret-travaux\/simulation-von-baufinanzierungen\">Renovierungsdarlehen<\/a>, <a href=\"https:\/\/www.credafin.be\/de\/autokredit\">Autokredite<\/a>, Hypothekardarlehen, <a href=\"https:\/\/www.credafin.be\/de\/pret-personnel\/simulation-eines-personalkredits\">pers\u00f6nlichen Darlehen<\/a> und Verbraucherkrediten erm\u00f6glichen es uns, uns im hart umk\u00e4mpften belgischen Finanzmarkt an die Spitze zu setzen.<\/p><p>Hinzu kommt unsere F\u00e4higkeit, auf die Anfragen jedes einzelnen Kunden aufmerksam zu reagieren und schnelle und zufriedenstellende Antworten zu liefern.<\/p><p>Wir pflegen eine auf Vertrauen und N\u00e4he basierende Beziehung zu den privaten und beruflichen Kunden, die unsere Hilfe in Anspruch nehmen, indem wir makellose Bankdienstleistungen anbieten. Z\u00f6gern Sie nicht, auf unsere langj\u00e4hrige Expertise und das Know-how unseres Teams zur\u00fcckzugreifen, um Ihr Leben schnell zu ver\u00e4ndern.<\/p><h2 class=\"wp-block-heading\">Kreditbank in Belgien: Innovation im Mittelpunkt unserer Anliegen<\/h2><p>Seit Gr\u00fcndung unserer Kreditagentur in Belgien haben wir unser Bestes gegeben, um Innovation in den Mittelpunkt unserer Anliegen zu stellen. Aus diesem Grund entwickeln wir st\u00e4ndig innovative Tools, um das Kundenerlebnis einzigartiger und angenehmer zu gestalten.<\/p><p>Verschiedene Spitzentechnologiel\u00f6sungen wurden implementiert, um den Kreditaufnahmeprozess in unserer Darlehensagentur zu erleichtern und die Bearbeitung und den Versand der Unterlagen schnell voranzutreiben.<\/p><p>Dank unseres Innovationswillens und der Zufriedenstellung unserer vertrauensvollen Kunden wird alles einfach gemacht.<\/p>","protected":false},"excerpt":{"rendered":"<p>Profitieren Sie von Kredit in Belgien f\u00fcr eine schnelle Finanzierung \u2013 jetzt handeln!<\/p>\n","protected":false},"author":22,"featured_media":0,"parent":0,"menu_order":0,"comment_status":"closed","ping_status":"closed","template":"page-full-sim.php","meta":{"_yoast_wpseo_focuskw":"Kredit in Belgien","_yoast_wpseo_title":"Kredit in Belgien \u2013 schnell finanzieren & sparen","_yoast_wpseo_metadesc":"Sichern Sie sich Kredit in Belgien mit g\u00fcnstigen Zinsen und schnellen Abl\u00e4ufen \u2013 klicken Sie jetzt und starten Sie Ihr Projekt!","_yoast_wpseo_meta-robots-noindex":"","_yoast_wpseo_meta-robots-nofollow":"","_yoast_wpseo_canonical":"https:\/\/www.credafin.be\/de\/kredit-in-belgien","_yoast_wpseo_focuskw_text":"Kredit in Belgien","_yoast_wpseo_schema":"Article","footnotes":""},"class_list":["post-6905","page","type-page","status-publish","hentry"],"yoast_head":"<!-- This site is optimized with the Yoast SEO plugin v27.3 - https:\/\/yoast.com\/product\/yoast-seo-wordpress\/ -->\n<title>Kredit in Belgien \u2013 schnell finanzieren &amp; sparen<\/title>\n<meta name=\"description\" content=\"Sichern Sie sich Kredit in Belgien mit g\u00fcnstigen Zinsen und schnellen Abl\u00e4ufen \u2013 klicken Sie jetzt und starten Sie Ihr Projekt!\" \/>\n<meta name=\"robots\" content=\"index, follow, max-snippet:-1, max-image-preview:large, max-video-preview:-1\" \/>\n<link rel=\"canonical\" href=\"https:\/\/www.credafin.be\/de\/kredit-in-belgien\" \/>\n<meta property=\"og:locale\" content=\"de_DE\" \/>\n<meta property=\"og:type\" content=\"article\" \/>\n<meta property=\"og:title\" content=\"Kredit in Belgien \u2013 schnell finanzieren &amp; sparen\" \/>\n<meta property=\"og:description\" content=\"Sichern Sie sich Kredit in Belgien mit g\u00fcnstigen Zinsen und schnellen Abl\u00e4ufen \u2013 klicken Sie jetzt und starten Sie Ihr Projekt!\" \/>\n<meta property=\"og:url\" content=\"https:\/\/www.credafin.be\/de\/kredit-in-belgien\" \/>\n<meta property=\"og:site_name\" content=\"Credafin\" \/>\n<meta property=\"article:publisher\" content=\"http:\/\/www.facebook.com\/Credafin.be\" \/>\n<meta property=\"article:modified_time\" content=\"2025-04-02T23:54:44+00:00\" \/>\n<meta property=\"og:image\" content=\"https:\/\/www.credafin.be\/wp-content\/uploads\/2019\/01\/shutterstock_334290167.jpg\" \/>\n\t<meta property=\"og:image:width\" content=\"768\" \/>\n\t<meta property=\"og:image:height\" content=\"295\" \/>\n\t<meta property=\"og:image:type\" content=\"image\/jpeg\" \/>\n<meta name=\"twitter:card\" content=\"summary_large_image\" \/>\n<meta name=\"twitter:site\" content=\"@Credafinbe\" \/>\n<meta name=\"twitter:label1\" content=\"Est. reading time\" \/>\n\t<meta name=\"twitter:data1\" content=\"2 minutes\" \/>\n<script type=\"application\/ld+json\" class=\"yoast-schema-graph\">{\"@context\":\"https:\\\/\\\/schema.org\",\"@graph\":[{\"@type\":\"WebPage\",\"@id\":\"https:\\\/\\\/www.credafin.be\\\/de\\\/kredit-in-belgien\",\"url\":\"https:\\\/\\\/www.credafin.be\\\/de\\\/kredit-in-belgien\",\"name\":\"Kredit in Belgien \u2013 schnell finanzieren & sparen\",\"isPartOf\":{\"@id\":\"https:\\\/\\\/www.credafin.be\\\/#website\"},\"primaryImageOfPage\":{\"@id\":\"https:\\\/\\\/www.credafin.be\\\/de\\\/kredit-in-belgien#primaryimage\"},\"image\":{\"@id\":\"https:\\\/\\\/www.credafin.be\\\/de\\\/kredit-in-belgien#primaryimage\"},\"thumbnailUrl\":\"https:\\\/\\\/www.credafin.be\\\/wp-content\\\/uploads\\\/2019\\\/01\\\/shutterstock_334290167.jpg\",\"datePublished\":\"2025-03-25T10:46:27+00:00\",\"dateModified\":\"2025-04-02T23:54:44+00:00\",\"description\":\"Sichern Sie sich Kredit in Belgien mit g\u00fcnstigen Zinsen und schnellen Abl\u00e4ufen \u2013 klicken Sie jetzt und starten Sie Ihr Projekt!\",\"breadcrumb\":{\"@id\":\"https:\\\/\\\/www.credafin.be\\\/de\\\/kredit-in-belgien#breadcrumb\"},\"inLanguage\":\"de-BE\",\"potentialAction\":[{\"@type\":\"ReadAction\",\"target\":[\"https:\\\/\\\/www.credafin.be\\\/de\\\/kredit-in-belgien\"]}]},{\"@type\":\"ImageObject\",\"inLanguage\":\"de-BE\",\"@id\":\"https:\\\/\\\/www.credafin.be\\\/de\\\/kredit-in-belgien#primaryimage\",\"url\":\"https:\\\/\\\/www.credafin.be\\\/wp-content\\\/uploads\\\/2019\\\/01\\\/shutterstock_334290167.jpg\",\"contentUrl\":\"https:\\\/\\\/www.credafin.be\\\/wp-content\\\/uploads\\\/2019\\\/01\\\/shutterstock_334290167.jpg\"},{\"@type\":\"BreadcrumbList\",\"@id\":\"https:\\\/\\\/www.credafin.be\\\/de\\\/kredit-in-belgien#breadcrumb\",\"itemListElement\":[{\"@type\":\"ListItem\",\"position\":1,\"name\":\"Home\",\"item\":\"https:\\\/\\\/www.credafin.be\\\/de\\\/credafin-ihre-kredite-zu-besten-zinsen\"},{\"@type\":\"ListItem\",\"position\":2,\"name\":\"Kredit in Belgien\"}]},{\"@type\":\"WebSite\",\"@id\":\"https:\\\/\\\/www.credafin.be\\\/#website\",\"url\":\"https:\\\/\\\/www.credafin.be\\\/\",\"name\":\"Credafin\",\"description\":\"Oxyg\u00e9nez votre budget en toute s\u00e9r\u00e9nit\u00e9\",\"potentialAction\":[{\"@type\":\"SearchAction\",\"target\":{\"@type\":\"EntryPoint\",\"urlTemplate\":\"https:\\\/\\\/www.credafin.be\\\/?s={search_term_string}\"},\"query-input\":{\"@type\":\"PropertyValueSpecification\",\"valueRequired\":true,\"valueName\":\"search_term_string\"}}],\"inLanguage\":\"de-BE\"}]}<\/script>\n<!-- \/ Yoast SEO plugin. -->","yoast_head_json":{"title":"Kredit in Belgien \u2013 schnell finanzieren & sparen","description":"Sichern Sie sich Kredit in Belgien mit g\u00fcnstigen Zinsen und schnellen Abl\u00e4ufen \u2013 klicken Sie jetzt und starten Sie Ihr Projekt!","robots":{"index":"index","follow":"follow","max-snippet":"max-snippet:-1","max-image-preview":"max-image-preview:large","max-video-preview":"max-video-preview:-1"},"canonical":"https:\/\/www.credafin.be\/de\/kredit-in-belgien","og_locale":"de_DE","og_type":"article","og_title":"Kredit in Belgien \u2013 schnell finanzieren & sparen","og_description":"Sichern Sie sich Kredit in Belgien mit g\u00fcnstigen Zinsen und schnellen Abl\u00e4ufen \u2013 klicken Sie jetzt und starten Sie Ihr Projekt!","og_url":"https:\/\/www.credafin.be\/de\/kredit-in-belgien","og_site_name":"Credafin","article_publisher":"http:\/\/www.facebook.com\/Credafin.be","article_modified_time":"2025-04-02T23:54:44+00:00","og_image":[{"width":768,"height":295,"url":"https:\/\/www.credafin.be\/wp-content\/uploads\/2019\/01\/shutterstock_334290167.jpg","type":"image\/jpeg"}],"twitter_card":"summary_large_image","twitter_site":"@Credafinbe","twitter_misc":{"Est. reading time":"2 minutes"},"schema":{"@context":"https:\/\/schema.org","@graph":[{"@type":"WebPage","@id":"https:\/\/www.credafin.be\/de\/kredit-in-belgien","url":"https:\/\/www.credafin.be\/de\/kredit-in-belgien","name":"Kredit in Belgien \u2013 schnell finanzieren & sparen","isPartOf":{"@id":"https:\/\/www.credafin.be\/#website"},"primaryImageOfPage":{"@id":"https:\/\/www.credafin.be\/de\/kredit-in-belgien#primaryimage"},"image":{"@id":"https:\/\/www.credafin.be\/de\/kredit-in-belgien#primaryimage"},"thumbnailUrl":"https:\/\/www.credafin.be\/wp-content\/uploads\/2019\/01\/shutterstock_334290167.jpg","datePublished":"2025-03-25T10:46:27+00:00","dateModified":"2025-04-02T23:54:44+00:00","description":"Sichern Sie sich Kredit in Belgien mit g\u00fcnstigen Zinsen und schnellen Abl\u00e4ufen \u2013 klicken Sie jetzt und starten Sie Ihr Projekt!","breadcrumb":{"@id":"https:\/\/www.credafin.be\/de\/kredit-in-belgien#breadcrumb"},"inLanguage":"de-BE","potentialAction":[{"@type":"ReadAction","target":["https:\/\/www.credafin.be\/de\/kredit-in-belgien"]}]},{"@type":"ImageObject","inLanguage":"de-BE","@id":"https:\/\/www.credafin.be\/de\/kredit-in-belgien#primaryimage","url":"https:\/\/www.credafin.be\/wp-content\/uploads\/2019\/01\/shutterstock_334290167.jpg","contentUrl":"https:\/\/www.credafin.be\/wp-content\/uploads\/2019\/01\/shutterstock_334290167.jpg"},{"@type":"BreadcrumbList","@id":"https:\/\/www.credafin.be\/de\/kredit-in-belgien#breadcrumb","itemListElement":[{"@type":"ListItem","position":1,"name":"Home","item":"https:\/\/www.credafin.be\/de\/credafin-ihre-kredite-zu-besten-zinsen"},{"@type":"ListItem","position":2,"name":"Kredit in Belgien"}]},{"@type":"WebSite","@id":"https:\/\/www.credafin.be\/#website","url":"https:\/\/www.credafin.be\/","name":"Credafin","description":"Oxyg\u00e9nez votre budget en toute s\u00e9r\u00e9nit\u00e9","potentialAction":[{"@type":"SearchAction","target":{"@type":"EntryPoint","urlTemplate":"https:\/\/www.credafin.be\/?s={search_term_string}"},"query-input":{"@type":"PropertyValueSpecification","valueRequired":true,"valueName":"search_term_string"}}],"inLanguage":"de-BE"}]}},"_links":{"self":[{"href":"https:\/\/www.credafin.be\/de\/wp-json\/wp\/v2\/pages\/6905","targetHints":{"allow":["GET"]}}],"collection":[{"href":"https:\/\/www.credafin.be\/de\/wp-json\/wp\/v2\/pages"}],"about":[{"href":"https:\/\/www.credafin.be\/de\/wp-json\/wp\/v2\/types\/page"}],"author":[{"embeddable":true,"href":"https:\/\/www.credafin.be\/de\/wp-json\/wp\/v2\/users\/22"}],"replies":[{"embeddable":true,"href":"https:\/\/www.credafin.be\/de\/wp-json\/wp\/v2\/comments?post=6905"}],"version-history":[{"count":4,"href":"https:\/\/www.credafin.be\/de\/wp-json\/wp\/v2\/pages\/6905\/revisions"}],"predecessor-version":[{"id":8189,"href":"https:\/\/www.credafin.be\/de\/wp-json\/wp\/v2\/pages\/6905\/revisions\/8189"}],"wp:attachment":[{"href":"https:\/\/www.credafin.be\/de\/wp-json\/wp\/v2\/media?parent=6905"}],"curies":[{"name":"wp","href":"https:\/\/api.w.org\/{rel}","templated":true}]}}