{"id":6904,"date":"2025-03-25T11:45:55","date_gmt":"2025-03-25T10:45:55","guid":{"rendered":"https:\/\/www.credafin.be\/konsumkredit"},"modified":"2025-04-03T00:55:28","modified_gmt":"2025-04-02T23:55:28","slug":"konsumkredit","status":"publish","type":"page","link":"https:\/\/www.credafin.be\/de\/konsumkredit","title":{"rendered":"Konsumkredit"},"content":{"rendered":"<p>Der Konsumkredit ist DIE ideale L&ouml;sung, um Ihre Projekte zu finanzieren. Egal, welches Ziel Sie verfolgen, in nur wenigen Stunden k&ouml;nnen Sie &uuml;ber Kapital verf&uuml;gen. Ihr Online-Kreditvermittler bietet Ihnen die M&ouml;glichkeit, von diesem vorteilhaften System zu profitieren.<\/p><h2 class=\"wp-block-heading\">Ein Kredit mit voller Freiheit<\/h2><p>Der qualitativ hochwertige Service unserer Agentur erm&ouml;glicht es Ihnen, diskret den Kredit zu w&auml;hlen, der zu Ihnen passt. Sie haben die Kontrolle und bestimmen die Summe, die Sie w&uuml;nschen. Es gibt keine Rechtfertigungen f&uuml;r Ihre Ausgaben.<\/p><p>Wir k&uuml;mmern uns darum, Ihnen den gew&uuml;nschten Betrag f&uuml;r die Umsetzung Ihrer Projekte zur Verf&uuml;gung zu stellen. Sie k&ouml;nnen diese finanziellen Mittel f&uuml;r den Kauf eines einzelnen Artikels oder mehrerer Artikel nutzen.<\/p><figure class=\"wp-block-image\"><img decoding=\"async\" width=\"768\" height=\"295\" src=\"https:\/\/www.credafin.be\/wp-content\/uploads\/2019\/01\/shutterstock_136980221.jpg\" alt=\"Konsumkredit\" class=\"wp-image-4926\" srcset=\"https:\/\/www.credafin.be\/wp-content\/uploads\/2019\/01\/shutterstock_136980221.jpg 768w, https:\/\/www.credafin.be\/wp-content\/uploads\/2019\/01\/shutterstock_136980221-300x115.jpg 300w\" sizes=\"(max-width: 768px) 100vw, 768px\" \/><\/figure><p>Sie haben die Freiheit, die Verwaltung Ihres Kredits selbst zu entscheiden; Sie w&auml;hlen die R&uuml;ckzahlungsmodalit&auml;t, die zu Ihnen passt. Ihr Online-Kreditvermittler erm&ouml;glicht es Ihnen, die R&uuml;ckzahlungen &uuml;ber einen Zeitraum zu verteilen, der am besten zu Ihren Mitteln passt.<\/p><p>Diese Option wird Sie begeistern, da sie es Ihnen wirklich erlaubt, das zu w&auml;hlen, was Ihnen pers&ouml;nlich passt, ohne sich rechtfertigen zu m&uuml;ssen.<\/p><h2 class=\"wp-block-heading\">Einfache und effektive Verwaltung f&uuml;r einen Konsumkredit<\/h2><p>Dank des Online-Systems wird <a href=\"https:\/\/www.credafin.be\/de\/antrag-kredit-credafin\">Ihr Online-Kreditvermittler<\/a> Ihnen das Leben erleichtern und Ihnen helfen, Ihren Kredit zu organisieren. Sie k&ouml;nnen unsere Website besuchen und den Fortschritt Ihrer R&uuml;ckzahlungen einsehen.<\/p><p><a href=\"https:\/\/www.credafin.be\/de\">Konsumkredite<\/a> sind ideal, wenn Sie &uuml;ber Kapital verf&uuml;gen m&ouml;chten. Kapital, das Ihnen die M&ouml;glichkeit gibt, in Ihrem Leben voranzukommen.<\/p><p>Ihre Ideen werden Gestalt annehmen und sich dank der Unterst&uuml;tzung unserer Agentur Ihr Online-Kreditvermittler verwirklichen.<\/p>","protected":false},"excerpt":{"rendered":"<p>Nutzen Sie den Konsumkredit f\u00fcr schnelle Projektfinanzierung \u2013 jetzt klicken und anfragen!<\/p>\n","protected":false},"author":22,"featured_media":0,"parent":0,"menu_order":0,"comment_status":"closed","ping_status":"closed","template":"page-full-sim.php","meta":{"_yoast_wpseo_focuskw":"Konsumkredit","_yoast_wpseo_title":"Konsumkredit: Schnelle Finanzierung f\u00fcr Ihre Projekte","_yoast_wpseo_metadesc":"Sichern Sie sich Ihren Konsumkredit und starten Sie Ihr Projekt jetzt \u2013 bequem online beantragen und schnell profitieren!","_yoast_wpseo_meta-robots-noindex":"","_yoast_wpseo_meta-robots-nofollow":"","_yoast_wpseo_canonical":"https:\/\/www.credafin.be\/de\/konsumkredit","_yoast_wpseo_focuskw_text":"Konsumkredit","_yoast_wpseo_schema":"Article","footnotes":""},"class_list":["post-6904","page","type-page","status-publish","hentry"],"yoast_head":"<!-- This site is optimized with the Yoast SEO plugin v27.6 - https:\/\/yoast.com\/product\/yoast-seo-wordpress\/ -->\n<title>Konsumkredit: Schnelle Finanzierung f\u00fcr Ihre Projekte<\/title>\n<meta name=\"description\" content=\"Sichern Sie sich Ihren Konsumkredit und starten Sie Ihr Projekt jetzt \u2013 bequem online beantragen und schnell profitieren!\" \/>\n<meta name=\"robots\" content=\"index, follow, max-snippet:-1, max-image-preview:large, max-video-preview:-1\" \/>\n<link rel=\"canonical\" href=\"https:\/\/www.credafin.be\/de\/konsumkredit\" \/>\n<meta property=\"og:locale\" content=\"de_DE\" \/>\n<meta property=\"og:type\" content=\"article\" \/>\n<meta property=\"og:title\" content=\"Konsumkredit: Schnelle Finanzierung f\u00fcr Ihre Projekte\" \/>\n<meta property=\"og:description\" content=\"Sichern Sie sich Ihren Konsumkredit und starten Sie Ihr Projekt jetzt \u2013 bequem online beantragen und schnell profitieren!\" \/>\n<meta property=\"og:url\" content=\"https:\/\/www.credafin.be\/de\/konsumkredit\" \/>\n<meta property=\"og:site_name\" content=\"Credafin\" \/>\n<meta property=\"article:publisher\" content=\"http:\/\/www.facebook.com\/Credafin.be\" \/>\n<meta property=\"article:modified_time\" content=\"2025-04-02T23:55:28+00:00\" \/>\n<meta property=\"og:image\" content=\"https:\/\/www.credafin.be\/wp-content\/uploads\/2019\/01\/shutterstock_136980221.jpg\" \/>\n\t<meta property=\"og:image:width\" content=\"768\" \/>\n\t<meta property=\"og:image:height\" content=\"295\" \/>\n\t<meta property=\"og:image:type\" content=\"image\/jpeg\" \/>\n<meta name=\"twitter:card\" content=\"summary_large_image\" \/>\n<meta name=\"twitter:site\" content=\"@Credafinbe\" \/>\n<meta name=\"twitter:label1\" content=\"Est. reading time\" \/>\n\t<meta name=\"twitter:data1\" content=\"1 minute\" \/>\n<script type=\"application\/ld+json\" class=\"yoast-schema-graph\">{\"@context\":\"https:\\\/\\\/schema.org\",\"@graph\":[{\"@type\":\"WebPage\",\"@id\":\"https:\\\/\\\/www.credafin.be\\\/de\\\/konsumkredit\",\"url\":\"https:\\\/\\\/www.credafin.be\\\/de\\\/konsumkredit\",\"name\":\"Konsumkredit: Schnelle Finanzierung f\u00fcr Ihre Projekte\",\"isPartOf\":{\"@id\":\"https:\\\/\\\/www.credafin.be\\\/#website\"},\"primaryImageOfPage\":{\"@id\":\"https:\\\/\\\/www.credafin.be\\\/de\\\/konsumkredit#primaryimage\"},\"image\":{\"@id\":\"https:\\\/\\\/www.credafin.be\\\/de\\\/konsumkredit#primaryimage\"},\"thumbnailUrl\":\"https:\\\/\\\/www.credafin.be\\\/wp-content\\\/uploads\\\/2019\\\/01\\\/shutterstock_136980221.jpg\",\"datePublished\":\"2025-03-25T10:45:55+00:00\",\"dateModified\":\"2025-04-02T23:55:28+00:00\",\"description\":\"Sichern Sie sich Ihren Konsumkredit und starten Sie Ihr Projekt jetzt \u2013 bequem online beantragen und schnell profitieren!\",\"breadcrumb\":{\"@id\":\"https:\\\/\\\/www.credafin.be\\\/de\\\/konsumkredit#breadcrumb\"},\"inLanguage\":\"de-BE\",\"potentialAction\":[{\"@type\":\"ReadAction\",\"target\":[\"https:\\\/\\\/www.credafin.be\\\/de\\\/konsumkredit\"]}]},{\"@type\":\"ImageObject\",\"inLanguage\":\"de-BE\",\"@id\":\"https:\\\/\\\/www.credafin.be\\\/de\\\/konsumkredit#primaryimage\",\"url\":\"https:\\\/\\\/www.credafin.be\\\/wp-content\\\/uploads\\\/2019\\\/01\\\/shutterstock_136980221.jpg\",\"contentUrl\":\"https:\\\/\\\/www.credafin.be\\\/wp-content\\\/uploads\\\/2019\\\/01\\\/shutterstock_136980221.jpg\"},{\"@type\":\"BreadcrumbList\",\"@id\":\"https:\\\/\\\/www.credafin.be\\\/de\\\/konsumkredit#breadcrumb\",\"itemListElement\":[{\"@type\":\"ListItem\",\"position\":1,\"name\":\"Home\",\"item\":\"https:\\\/\\\/www.credafin.be\\\/de\\\/credafin-ihre-kredite-zu-besten-zinsen\"},{\"@type\":\"ListItem\",\"position\":2,\"name\":\"Konsumkredit\"}]},{\"@type\":\"WebSite\",\"@id\":\"https:\\\/\\\/www.credafin.be\\\/#website\",\"url\":\"https:\\\/\\\/www.credafin.be\\\/\",\"name\":\"Credafin\",\"description\":\"Oxyg\u00e9nez votre budget en toute s\u00e9r\u00e9nit\u00e9\",\"potentialAction\":[{\"@type\":\"SearchAction\",\"target\":{\"@type\":\"EntryPoint\",\"urlTemplate\":\"https:\\\/\\\/www.credafin.be\\\/?s={search_term_string}\"},\"query-input\":{\"@type\":\"PropertyValueSpecification\",\"valueRequired\":true,\"valueName\":\"search_term_string\"}}],\"inLanguage\":\"de-BE\"}]}<\/script>\n<!-- \/ Yoast SEO plugin. -->","yoast_head_json":{"title":"Konsumkredit: Schnelle Finanzierung f\u00fcr Ihre Projekte","description":"Sichern Sie sich Ihren Konsumkredit und starten Sie Ihr Projekt jetzt \u2013 bequem online beantragen und schnell profitieren!","robots":{"index":"index","follow":"follow","max-snippet":"max-snippet:-1","max-image-preview":"max-image-preview:large","max-video-preview":"max-video-preview:-1"},"canonical":"https:\/\/www.credafin.be\/de\/konsumkredit","og_locale":"de_DE","og_type":"article","og_title":"Konsumkredit: Schnelle Finanzierung f\u00fcr Ihre Projekte","og_description":"Sichern Sie sich Ihren Konsumkredit und starten Sie Ihr Projekt jetzt \u2013 bequem online beantragen und schnell profitieren!","og_url":"https:\/\/www.credafin.be\/de\/konsumkredit","og_site_name":"Credafin","article_publisher":"http:\/\/www.facebook.com\/Credafin.be","article_modified_time":"2025-04-02T23:55:28+00:00","og_image":[{"width":768,"height":295,"url":"https:\/\/www.credafin.be\/wp-content\/uploads\/2019\/01\/shutterstock_136980221.jpg","type":"image\/jpeg"}],"twitter_card":"summary_large_image","twitter_site":"@Credafinbe","twitter_misc":{"Est. reading time":"1 minute"},"schema":{"@context":"https:\/\/schema.org","@graph":[{"@type":"WebPage","@id":"https:\/\/www.credafin.be\/de\/konsumkredit","url":"https:\/\/www.credafin.be\/de\/konsumkredit","name":"Konsumkredit: Schnelle Finanzierung f\u00fcr Ihre Projekte","isPartOf":{"@id":"https:\/\/www.credafin.be\/#website"},"primaryImageOfPage":{"@id":"https:\/\/www.credafin.be\/de\/konsumkredit#primaryimage"},"image":{"@id":"https:\/\/www.credafin.be\/de\/konsumkredit#primaryimage"},"thumbnailUrl":"https:\/\/www.credafin.be\/wp-content\/uploads\/2019\/01\/shutterstock_136980221.jpg","datePublished":"2025-03-25T10:45:55+00:00","dateModified":"2025-04-02T23:55:28+00:00","description":"Sichern Sie sich Ihren Konsumkredit und starten Sie Ihr Projekt jetzt \u2013 bequem online beantragen und schnell profitieren!","breadcrumb":{"@id":"https:\/\/www.credafin.be\/de\/konsumkredit#breadcrumb"},"inLanguage":"de-BE","potentialAction":[{"@type":"ReadAction","target":["https:\/\/www.credafin.be\/de\/konsumkredit"]}]},{"@type":"ImageObject","inLanguage":"de-BE","@id":"https:\/\/www.credafin.be\/de\/konsumkredit#primaryimage","url":"https:\/\/www.credafin.be\/wp-content\/uploads\/2019\/01\/shutterstock_136980221.jpg","contentUrl":"https:\/\/www.credafin.be\/wp-content\/uploads\/2019\/01\/shutterstock_136980221.jpg"},{"@type":"BreadcrumbList","@id":"https:\/\/www.credafin.be\/de\/konsumkredit#breadcrumb","itemListElement":[{"@type":"ListItem","position":1,"name":"Home","item":"https:\/\/www.credafin.be\/de\/credafin-ihre-kredite-zu-besten-zinsen"},{"@type":"ListItem","position":2,"name":"Konsumkredit"}]},{"@type":"WebSite","@id":"https:\/\/www.credafin.be\/#website","url":"https:\/\/www.credafin.be\/","name":"Credafin","description":"Oxyg\u00e9nez votre budget en toute s\u00e9r\u00e9nit\u00e9","potentialAction":[{"@type":"SearchAction","target":{"@type":"EntryPoint","urlTemplate":"https:\/\/www.credafin.be\/?s={search_term_string}"},"query-input":{"@type":"PropertyValueSpecification","valueRequired":true,"valueName":"search_term_string"}}],"inLanguage":"de-BE"}]}},"_links":{"self":[{"href":"https:\/\/www.credafin.be\/de\/wp-json\/wp\/v2\/pages\/6904","targetHints":{"allow":["GET"]}}],"collection":[{"href":"https:\/\/www.credafin.be\/de\/wp-json\/wp\/v2\/pages"}],"about":[{"href":"https:\/\/www.credafin.be\/de\/wp-json\/wp\/v2\/types\/page"}],"author":[{"embeddable":true,"href":"https:\/\/www.credafin.be\/de\/wp-json\/wp\/v2\/users\/22"}],"replies":[{"embeddable":true,"href":"https:\/\/www.credafin.be\/de\/wp-json\/wp\/v2\/comments?post=6904"}],"version-history":[{"count":3,"href":"https:\/\/www.credafin.be\/de\/wp-json\/wp\/v2\/pages\/6904\/revisions"}],"predecessor-version":[{"id":8190,"href":"https:\/\/www.credafin.be\/de\/wp-json\/wp\/v2\/pages\/6904\/revisions\/8190"}],"wp:attachment":[{"href":"https:\/\/www.credafin.be\/de\/wp-json\/wp\/v2\/media?parent=6904"}],"curies":[{"name":"wp","href":"https:\/\/api.w.org\/{rel}","templated":true}]}}