{"id":6903,"date":"2025-03-25T11:45:43","date_gmt":"2025-03-25T10:45:43","guid":{"rendered":"https:\/\/www.credafin.be\/kreditsimulation-online"},"modified":"2025-04-03T00:55:54","modified_gmt":"2025-04-02T23:55:54","slug":"kreditsimulation-online","status":"publish","type":"page","link":"https:\/\/www.credafin.be\/de\/kreditsimulation-online","title":{"rendered":"Kreditsimulation online"},"content":{"rendered":"\r\n<h2 class=\"wp-block-heading\">Online-Kredite f&uuml;r jedes Budget<\/h2>\r\n\r\n\r\n\r\n<p>Ihr Online-Kreditmakler stellt Ihnen ein System zur Anfrage von Online-Krediten zur Verf&uuml;gung. Die einfache Handhabung erm&ouml;glicht es Ihnen, den Kredit zu w&auml;hlen, der Ihren Bed&uuml;rfnissen entspricht. Mehr als nur ein Service, es ist eine echte finanzielle Unterst&uuml;tzung, die Ihren Erwartungen entspricht.<\/p>\r\n\r\n\r\n\r\n<p>Ihr Online-Kreditmakler leitet Sie bei der Verwaltung Ihrer Projekte. Sie k&ouml;nnen Ihre Kredite online simulieren, um denjenigen zu finden, der am besten zu Ihnen passt.<\/p>\r\n\r\n\r\n\r\n<figure class=\"wp-block-image\"><img decoding=\"async\" width=\"768\" height=\"295\" src=\"https:\/\/www.credafin.be\/wp-content\/uploads\/2019\/01\/shutterstock_334290167.jpg\" alt=\"Kreditsimulation online\" class=\"wp-image-4945\" srcset=\"https:\/\/www.credafin.be\/wp-content\/uploads\/2019\/01\/shutterstock_334290167.jpg 768w, https:\/\/www.credafin.be\/wp-content\/uploads\/2019\/01\/shutterstock_334290167-300x115.jpg 300w\" sizes=\"(max-width: 768px) 100vw, 768px\" \/><\/figure>\r\n\r\n\r\n\r\n<p>Diese Online-Kredite sind leicht zug&auml;nglich, eine Internetverbindung reicht aus. Sie m&uuml;ssen nicht pers&ouml;nlich erscheinen und k&ouml;nnen nat&uuml;rlich jederzeit unsere Website besuchen.<\/p>\r\n\r\n\r\n\r\n<p>Eine direkte Simulation verpflichtet Sie zu nichts, gibt Ihnen jedoch die M&ouml;glichkeit, den idealen Online-Kredit zu finden.<\/p>\r\n\r\n\r\n\r\n<h2 class=\"wp-block-heading\">Online-Kredite, variabel nach Ihren W&uuml;nschen<\/h2>\r\n\r\n\r\n\r\n<p>Ob Sie kurz vor der Heirat stehen oder beschlie&szlig;en, einen neuen Computer zu kaufen, Sie werden sicherlich mit den <a href=\"https:\/\/www.credafin.be\/de\/die-credafin-kredite\">Online-Kreditangeboten<\/a> zufrieden sein.<\/p>\r\n\r\n\r\n\r\n<p>Mit wenigen Klicks werden Sie sich der Vielzahl an M&ouml;glichkeiten bewusst, die Ihnen zur Verf&uuml;gung stehen, um alles zu kaufen, wovon Sie schon immer getr&auml;umt haben.<\/p>\r\n\r\n\r\n\r\n<h2 class=\"wp-block-heading\">L&ouml;sungen f&uuml;r jeden Moment mit einer <a href=\"https:\/\/www.credafin.be\/de\/simulation-von-darlehen\">Kreditsimulation<\/a> online<\/h2>\r\n\r\n\r\n\r\n<p>Das Leben ist eine Reihe unvorhergesehener Ereignisse, und in einigen F&auml;llen werden Sie erleichtert sein, auf eine qualitativ hochwertige Agentur wie Ihren Online-Kreditmakler z&auml;hlen zu k&ouml;nnen.<\/p>\r\n\r\n\r\n\r\n<p>Bei vielen Gelegenheiten, die erhebliche finanzielle Ausgaben mit sich bringen, werden Sie nicht damit befasst sein wollen, sich um die finanzielle Seite zu k&uuml;mmern.<\/p>\r\n\r\n\r\n\r\n<p>Zum Beispiel: eine Geburt, <a href=\"https:\/\/www.credafin.be\/de\/hochzeitskredit\">eine Hochzeit<\/a>, ein Haus. All diese Lebensphasen sollten nicht zur Ursache von Sorgen werden.<\/p>\r\n\r\n\r\n\r\n<p>Ihr <a href=\"https:\/\/www.credafin.be\/de\/kreditantrag\">Online-Kreditmakler<\/a> bietet Ihnen eine qualitativ hochwertige L&ouml;sung, Online-Kredite f&uuml;r alle Momente des Lebens. Effektiv, mit variabler Laufzeit und an Ihr Budget angepasst, ist der Online-Kredit eine Alternative, die Sie begeistern wird.<\/p>\r\n","protected":false},"excerpt":{"rendered":"<p>Nutzen Sie unsere Kreditsimulation online und finden Sie Ihr perfektes Darlehen \u2013 starten Sie jetzt!<\/p>\n","protected":false},"author":22,"featured_media":0,"parent":0,"menu_order":0,"comment_status":"closed","ping_status":"closed","template":"page-full-sim.php","meta":{"_yoast_wpseo_focuskw":"Kreditsimulation online","_yoast_wpseo_title":"Kreditsimulation online","_yoast_wpseo_metadesc":"Entdecken Sie unsere Kreditsimulation online, vergleichen Sie Angebote und beantragen Sie Ihren optimalen Kredit jetzt!","_yoast_wpseo_meta-robots-noindex":"","_yoast_wpseo_meta-robots-nofollow":"","_yoast_wpseo_canonical":"https:\/\/www.credafin.be\/de\/kreditsimulation-online","_yoast_wpseo_focuskw_text":"Kreditsimulation online","_yoast_wpseo_schema":"Article","footnotes":""},"class_list":["post-6903","page","type-page","status-publish","hentry"],"yoast_head":"<!-- This site is optimized with the Yoast SEO plugin v27.4 - https:\/\/yoast.com\/product\/yoast-seo-wordpress\/ -->\n<title>Kreditsimulation online<\/title>\n<meta name=\"description\" content=\"Entdecken Sie unsere Kreditsimulation online, vergleichen Sie Angebote und beantragen Sie Ihren optimalen Kredit jetzt!\" \/>\n<meta name=\"robots\" content=\"index, follow, max-snippet:-1, max-image-preview:large, max-video-preview:-1\" \/>\n<link rel=\"canonical\" href=\"https:\/\/www.credafin.be\/de\/kreditsimulation-online\" \/>\n<meta property=\"og:locale\" content=\"de_DE\" \/>\n<meta property=\"og:type\" content=\"article\" \/>\n<meta property=\"og:title\" content=\"Kreditsimulation online\" \/>\n<meta property=\"og:description\" content=\"Entdecken Sie unsere Kreditsimulation online, vergleichen Sie Angebote und beantragen Sie Ihren optimalen Kredit jetzt!\" \/>\n<meta property=\"og:url\" content=\"https:\/\/www.credafin.be\/de\/kreditsimulation-online\" \/>\n<meta property=\"og:site_name\" content=\"Credafin\" \/>\n<meta property=\"article:publisher\" content=\"http:\/\/www.facebook.com\/Credafin.be\" \/>\n<meta property=\"article:modified_time\" content=\"2025-04-02T23:55:54+00:00\" \/>\n<meta property=\"og:image\" content=\"https:\/\/www.credafin.be\/wp-content\/uploads\/2019\/01\/shutterstock_334290167.jpg\" \/>\n\t<meta property=\"og:image:width\" content=\"768\" \/>\n\t<meta property=\"og:image:height\" content=\"295\" \/>\n\t<meta property=\"og:image:type\" content=\"image\/jpeg\" \/>\n<meta name=\"twitter:card\" content=\"summary_large_image\" \/>\n<meta name=\"twitter:site\" content=\"@Credafinbe\" \/>\n<meta name=\"twitter:label1\" content=\"Est. reading time\" \/>\n\t<meta name=\"twitter:data1\" content=\"2 minutes\" \/>\n<script type=\"application\/ld+json\" class=\"yoast-schema-graph\">{\"@context\":\"https:\\\/\\\/schema.org\",\"@graph\":[{\"@type\":\"WebPage\",\"@id\":\"https:\\\/\\\/www.credafin.be\\\/de\\\/kreditsimulation-online\",\"url\":\"https:\\\/\\\/www.credafin.be\\\/de\\\/kreditsimulation-online\",\"name\":\"Kreditsimulation online\",\"isPartOf\":{\"@id\":\"https:\\\/\\\/www.credafin.be\\\/#website\"},\"primaryImageOfPage\":{\"@id\":\"https:\\\/\\\/www.credafin.be\\\/de\\\/kreditsimulation-online#primaryimage\"},\"image\":{\"@id\":\"https:\\\/\\\/www.credafin.be\\\/de\\\/kreditsimulation-online#primaryimage\"},\"thumbnailUrl\":\"https:\\\/\\\/www.credafin.be\\\/wp-content\\\/uploads\\\/2019\\\/01\\\/shutterstock_334290167.jpg\",\"datePublished\":\"2025-03-25T10:45:43+00:00\",\"dateModified\":\"2025-04-02T23:55:54+00:00\",\"description\":\"Entdecken Sie unsere Kreditsimulation online, vergleichen Sie Angebote und beantragen Sie Ihren optimalen Kredit jetzt!\",\"breadcrumb\":{\"@id\":\"https:\\\/\\\/www.credafin.be\\\/de\\\/kreditsimulation-online#breadcrumb\"},\"inLanguage\":\"de-BE\",\"potentialAction\":[{\"@type\":\"ReadAction\",\"target\":[\"https:\\\/\\\/www.credafin.be\\\/de\\\/kreditsimulation-online\"]}]},{\"@type\":\"ImageObject\",\"inLanguage\":\"de-BE\",\"@id\":\"https:\\\/\\\/www.credafin.be\\\/de\\\/kreditsimulation-online#primaryimage\",\"url\":\"https:\\\/\\\/www.credafin.be\\\/wp-content\\\/uploads\\\/2019\\\/01\\\/shutterstock_334290167.jpg\",\"contentUrl\":\"https:\\\/\\\/www.credafin.be\\\/wp-content\\\/uploads\\\/2019\\\/01\\\/shutterstock_334290167.jpg\"},{\"@type\":\"BreadcrumbList\",\"@id\":\"https:\\\/\\\/www.credafin.be\\\/de\\\/kreditsimulation-online#breadcrumb\",\"itemListElement\":[{\"@type\":\"ListItem\",\"position\":1,\"name\":\"Home\",\"item\":\"https:\\\/\\\/www.credafin.be\\\/de\\\/credafin-ihre-kredite-zu-besten-zinsen\"},{\"@type\":\"ListItem\",\"position\":2,\"name\":\"Kreditsimulation online\"}]},{\"@type\":\"WebSite\",\"@id\":\"https:\\\/\\\/www.credafin.be\\\/#website\",\"url\":\"https:\\\/\\\/www.credafin.be\\\/\",\"name\":\"Credafin\",\"description\":\"Oxyg\u00e9nez votre budget en toute s\u00e9r\u00e9nit\u00e9\",\"potentialAction\":[{\"@type\":\"SearchAction\",\"target\":{\"@type\":\"EntryPoint\",\"urlTemplate\":\"https:\\\/\\\/www.credafin.be\\\/?s={search_term_string}\"},\"query-input\":{\"@type\":\"PropertyValueSpecification\",\"valueRequired\":true,\"valueName\":\"search_term_string\"}}],\"inLanguage\":\"de-BE\"}]}<\/script>\n<!-- \/ Yoast SEO plugin. -->","yoast_head_json":{"title":"Kreditsimulation online","description":"Entdecken Sie unsere Kreditsimulation online, vergleichen Sie Angebote und beantragen Sie Ihren optimalen Kredit jetzt!","robots":{"index":"index","follow":"follow","max-snippet":"max-snippet:-1","max-image-preview":"max-image-preview:large","max-video-preview":"max-video-preview:-1"},"canonical":"https:\/\/www.credafin.be\/de\/kreditsimulation-online","og_locale":"de_DE","og_type":"article","og_title":"Kreditsimulation online","og_description":"Entdecken Sie unsere Kreditsimulation online, vergleichen Sie Angebote und beantragen Sie Ihren optimalen Kredit jetzt!","og_url":"https:\/\/www.credafin.be\/de\/kreditsimulation-online","og_site_name":"Credafin","article_publisher":"http:\/\/www.facebook.com\/Credafin.be","article_modified_time":"2025-04-02T23:55:54+00:00","og_image":[{"width":768,"height":295,"url":"https:\/\/www.credafin.be\/wp-content\/uploads\/2019\/01\/shutterstock_334290167.jpg","type":"image\/jpeg"}],"twitter_card":"summary_large_image","twitter_site":"@Credafinbe","twitter_misc":{"Est. reading time":"2 minutes"},"schema":{"@context":"https:\/\/schema.org","@graph":[{"@type":"WebPage","@id":"https:\/\/www.credafin.be\/de\/kreditsimulation-online","url":"https:\/\/www.credafin.be\/de\/kreditsimulation-online","name":"Kreditsimulation online","isPartOf":{"@id":"https:\/\/www.credafin.be\/#website"},"primaryImageOfPage":{"@id":"https:\/\/www.credafin.be\/de\/kreditsimulation-online#primaryimage"},"image":{"@id":"https:\/\/www.credafin.be\/de\/kreditsimulation-online#primaryimage"},"thumbnailUrl":"https:\/\/www.credafin.be\/wp-content\/uploads\/2019\/01\/shutterstock_334290167.jpg","datePublished":"2025-03-25T10:45:43+00:00","dateModified":"2025-04-02T23:55:54+00:00","description":"Entdecken Sie unsere Kreditsimulation online, vergleichen Sie Angebote und beantragen Sie Ihren optimalen Kredit jetzt!","breadcrumb":{"@id":"https:\/\/www.credafin.be\/de\/kreditsimulation-online#breadcrumb"},"inLanguage":"de-BE","potentialAction":[{"@type":"ReadAction","target":["https:\/\/www.credafin.be\/de\/kreditsimulation-online"]}]},{"@type":"ImageObject","inLanguage":"de-BE","@id":"https:\/\/www.credafin.be\/de\/kreditsimulation-online#primaryimage","url":"https:\/\/www.credafin.be\/wp-content\/uploads\/2019\/01\/shutterstock_334290167.jpg","contentUrl":"https:\/\/www.credafin.be\/wp-content\/uploads\/2019\/01\/shutterstock_334290167.jpg"},{"@type":"BreadcrumbList","@id":"https:\/\/www.credafin.be\/de\/kreditsimulation-online#breadcrumb","itemListElement":[{"@type":"ListItem","position":1,"name":"Home","item":"https:\/\/www.credafin.be\/de\/credafin-ihre-kredite-zu-besten-zinsen"},{"@type":"ListItem","position":2,"name":"Kreditsimulation online"}]},{"@type":"WebSite","@id":"https:\/\/www.credafin.be\/#website","url":"https:\/\/www.credafin.be\/","name":"Credafin","description":"Oxyg\u00e9nez votre budget en toute s\u00e9r\u00e9nit\u00e9","potentialAction":[{"@type":"SearchAction","target":{"@type":"EntryPoint","urlTemplate":"https:\/\/www.credafin.be\/?s={search_term_string}"},"query-input":{"@type":"PropertyValueSpecification","valueRequired":true,"valueName":"search_term_string"}}],"inLanguage":"de-BE"}]}},"_links":{"self":[{"href":"https:\/\/www.credafin.be\/de\/wp-json\/wp\/v2\/pages\/6903","targetHints":{"allow":["GET"]}}],"collection":[{"href":"https:\/\/www.credafin.be\/de\/wp-json\/wp\/v2\/pages"}],"about":[{"href":"https:\/\/www.credafin.be\/de\/wp-json\/wp\/v2\/types\/page"}],"author":[{"embeddable":true,"href":"https:\/\/www.credafin.be\/de\/wp-json\/wp\/v2\/users\/22"}],"replies":[{"embeddable":true,"href":"https:\/\/www.credafin.be\/de\/wp-json\/wp\/v2\/comments?post=6903"}],"version-history":[{"count":5,"href":"https:\/\/www.credafin.be\/de\/wp-json\/wp\/v2\/pages\/6903\/revisions"}],"predecessor-version":[{"id":8191,"href":"https:\/\/www.credafin.be\/de\/wp-json\/wp\/v2\/pages\/6903\/revisions\/8191"}],"wp:attachment":[{"href":"https:\/\/www.credafin.be\/de\/wp-json\/wp\/v2\/media?parent=6903"}],"curies":[{"name":"wp","href":"https:\/\/api.w.org\/{rel}","templated":true}]}}