{"id":6899,"date":"2016-07-13T16:13:52","date_gmt":"2016-07-13T15:13:52","guid":{"rendered":"https:\/\/www.credafin.be\/simuler-credit-en-ligne"},"modified":"2025-06-02T14:37:46","modified_gmt":"2025-06-02T13:37:46","slug":"simulieren-sie-kredit-online","status":"publish","type":"page","link":"https:\/\/www.credafin.be\/de\/simulieren-sie-kredit-online","title":{"rendered":"Simulieren Sie Ihren Kredit online"},"content":{"rendered":"","protected":false},"excerpt":{"rendered":"<p>Kredit online simulieren und direkt starten: Sichern Sie sich individuelle Angebote und erleben Sie finanzielle Freiheit!<\/p>\n","protected":false},"author":1,"featured_media":0,"parent":0,"menu_order":0,"comment_status":"closed","ping_status":"closed","template":"page-full-sim.php","meta":{"_yoast_wpseo_focuskw":"Kredit online simulieren","_yoast_wpseo_title":"Simulieren Sie Ihren Kredit online | Credafin","_yoast_wpseo_metadesc":"Jetzt Kredit online simulieren und individuelle Kreditangebote entdecken \u2013 starten Sie noch heute f\u00fcr Ihre optimale Finanzierung!","_yoast_wpseo_meta-robots-noindex":"","_yoast_wpseo_meta-robots-nofollow":"","_yoast_wpseo_canonical":"https:\/\/www.credafin.be\/de\/simulieren-sie-kredit-online","_yoast_wpseo_focuskw_text":"Kredit online simulieren","_yoast_wpseo_schema":"Article","footnotes":""},"class_list":["post-6899","page","type-page","status-publish","hentry"],"yoast_head":"<!-- This site is optimized with the Yoast SEO plugin v27.5 - https:\/\/yoast.com\/product\/yoast-seo-wordpress\/ -->\n<title>Simulieren Sie Ihren Kredit online | Credafin<\/title>\n<meta name=\"description\" content=\"Jetzt Kredit online simulieren und individuelle Kreditangebote entdecken \u2013 starten Sie noch heute f\u00fcr Ihre optimale Finanzierung!\" \/>\n<meta name=\"robots\" content=\"index, follow, max-snippet:-1, max-image-preview:large, max-video-preview:-1\" \/>\n<link rel=\"canonical\" href=\"https:\/\/www.credafin.be\/de\/simulieren-sie-kredit-online\" \/>\n<meta property=\"og:locale\" content=\"de_DE\" \/>\n<meta property=\"og:type\" content=\"article\" \/>\n<meta property=\"og:title\" content=\"Simulieren Sie Ihren Kredit online | Credafin\" \/>\n<meta property=\"og:description\" content=\"Jetzt Kredit online simulieren und individuelle Kreditangebote entdecken \u2013 starten Sie noch heute f\u00fcr Ihre optimale Finanzierung!\" \/>\n<meta property=\"og:url\" content=\"https:\/\/www.credafin.be\/de\/simulieren-sie-kredit-online\" \/>\n<meta property=\"og:site_name\" content=\"Credafin\" \/>\n<meta property=\"article:publisher\" content=\"http:\/\/www.facebook.com\/Credafin.be\" \/>\n<meta property=\"article:modified_time\" content=\"2025-06-02T13:37:46+00:00\" \/>\n<meta property=\"og:image\" content=\"https:\/\/www.credafin.be\/wp-content\/uploads\/2019\/01\/shutterstock_226410256.jpg\" \/>\n\t<meta property=\"og:image:width\" content=\"768\" \/>\n\t<meta property=\"og:image:height\" content=\"295\" \/>\n\t<meta property=\"og:image:type\" content=\"image\/jpeg\" \/>\n<meta name=\"twitter:card\" content=\"summary_large_image\" \/>\n<meta name=\"twitter:site\" content=\"@Credafinbe\" \/>\n<script type=\"application\/ld+json\" class=\"yoast-schema-graph\">{\"@context\":\"https:\\\/\\\/schema.org\",\"@graph\":[{\"@type\":\"WebPage\",\"@id\":\"https:\\\/\\\/www.credafin.be\\\/de\\\/simulieren-sie-kredit-online\",\"url\":\"https:\\\/\\\/www.credafin.be\\\/de\\\/simulieren-sie-kredit-online\",\"name\":\"Simulieren Sie Ihren Kredit online | Credafin\",\"isPartOf\":{\"@id\":\"https:\\\/\\\/www.credafin.be\\\/#website\"},\"datePublished\":\"2016-07-13T15:13:52+00:00\",\"dateModified\":\"2025-06-02T13:37:46+00:00\",\"description\":\"Jetzt Kredit online simulieren und individuelle Kreditangebote entdecken \u2013 starten Sie noch heute f\u00fcr Ihre optimale Finanzierung!\",\"breadcrumb\":{\"@id\":\"https:\\\/\\\/www.credafin.be\\\/de\\\/simulieren-sie-kredit-online#breadcrumb\"},\"inLanguage\":\"de-BE\",\"potentialAction\":[{\"@type\":\"ReadAction\",\"target\":[\"https:\\\/\\\/www.credafin.be\\\/de\\\/simulieren-sie-kredit-online\"]}]},{\"@type\":\"BreadcrumbList\",\"@id\":\"https:\\\/\\\/www.credafin.be\\\/de\\\/simulieren-sie-kredit-online#breadcrumb\",\"itemListElement\":[{\"@type\":\"ListItem\",\"position\":1,\"name\":\"Home\",\"item\":\"https:\\\/\\\/www.credafin.be\\\/de\\\/credafin-ihre-kredite-zu-besten-zinsen\"},{\"@type\":\"ListItem\",\"position\":2,\"name\":\"Simulieren Sie Ihren Kredit online\"}]},{\"@type\":\"WebSite\",\"@id\":\"https:\\\/\\\/www.credafin.be\\\/#website\",\"url\":\"https:\\\/\\\/www.credafin.be\\\/\",\"name\":\"Credafin\",\"description\":\"Oxyg\u00e9nez votre budget en toute s\u00e9r\u00e9nit\u00e9\",\"potentialAction\":[{\"@type\":\"SearchAction\",\"target\":{\"@type\":\"EntryPoint\",\"urlTemplate\":\"https:\\\/\\\/www.credafin.be\\\/?s={search_term_string}\"},\"query-input\":{\"@type\":\"PropertyValueSpecification\",\"valueRequired\":true,\"valueName\":\"search_term_string\"}}],\"inLanguage\":\"de-BE\"}]}<\/script>\n<!-- \/ Yoast SEO plugin. -->","yoast_head_json":{"title":"Simulieren Sie Ihren Kredit online | Credafin","description":"Jetzt Kredit online simulieren und individuelle Kreditangebote entdecken \u2013 starten Sie noch heute f\u00fcr Ihre optimale Finanzierung!","robots":{"index":"index","follow":"follow","max-snippet":"max-snippet:-1","max-image-preview":"max-image-preview:large","max-video-preview":"max-video-preview:-1"},"canonical":"https:\/\/www.credafin.be\/de\/simulieren-sie-kredit-online","og_locale":"de_DE","og_type":"article","og_title":"Simulieren Sie Ihren Kredit online | Credafin","og_description":"Jetzt Kredit online simulieren und individuelle Kreditangebote entdecken \u2013 starten Sie noch heute f\u00fcr Ihre optimale Finanzierung!","og_url":"https:\/\/www.credafin.be\/de\/simulieren-sie-kredit-online","og_site_name":"Credafin","article_publisher":"http:\/\/www.facebook.com\/Credafin.be","article_modified_time":"2025-06-02T13:37:46+00:00","og_image":[{"width":768,"height":295,"url":"https:\/\/www.credafin.be\/wp-content\/uploads\/2019\/01\/shutterstock_226410256.jpg","type":"image\/jpeg"}],"twitter_card":"summary_large_image","twitter_site":"@Credafinbe","schema":{"@context":"https:\/\/schema.org","@graph":[{"@type":"WebPage","@id":"https:\/\/www.credafin.be\/de\/simulieren-sie-kredit-online","url":"https:\/\/www.credafin.be\/de\/simulieren-sie-kredit-online","name":"Simulieren Sie Ihren Kredit online | Credafin","isPartOf":{"@id":"https:\/\/www.credafin.be\/#website"},"datePublished":"2016-07-13T15:13:52+00:00","dateModified":"2025-06-02T13:37:46+00:00","description":"Jetzt Kredit online simulieren und individuelle Kreditangebote entdecken \u2013 starten Sie noch heute f\u00fcr Ihre optimale Finanzierung!","breadcrumb":{"@id":"https:\/\/www.credafin.be\/de\/simulieren-sie-kredit-online#breadcrumb"},"inLanguage":"de-BE","potentialAction":[{"@type":"ReadAction","target":["https:\/\/www.credafin.be\/de\/simulieren-sie-kredit-online"]}]},{"@type":"BreadcrumbList","@id":"https:\/\/www.credafin.be\/de\/simulieren-sie-kredit-online#breadcrumb","itemListElement":[{"@type":"ListItem","position":1,"name":"Home","item":"https:\/\/www.credafin.be\/de\/credafin-ihre-kredite-zu-besten-zinsen"},{"@type":"ListItem","position":2,"name":"Simulieren Sie Ihren Kredit online"}]},{"@type":"WebSite","@id":"https:\/\/www.credafin.be\/#website","url":"https:\/\/www.credafin.be\/","name":"Credafin","description":"Oxyg\u00e9nez votre budget en toute s\u00e9r\u00e9nit\u00e9","potentialAction":[{"@type":"SearchAction","target":{"@type":"EntryPoint","urlTemplate":"https:\/\/www.credafin.be\/?s={search_term_string}"},"query-input":{"@type":"PropertyValueSpecification","valueRequired":true,"valueName":"search_term_string"}}],"inLanguage":"de-BE"}]}},"_links":{"self":[{"href":"https:\/\/www.credafin.be\/de\/wp-json\/wp\/v2\/pages\/6899","targetHints":{"allow":["GET"]}}],"collection":[{"href":"https:\/\/www.credafin.be\/de\/wp-json\/wp\/v2\/pages"}],"about":[{"href":"https:\/\/www.credafin.be\/de\/wp-json\/wp\/v2\/types\/page"}],"author":[{"embeddable":true,"href":"https:\/\/www.credafin.be\/de\/wp-json\/wp\/v2\/users\/1"}],"replies":[{"embeddable":true,"href":"https:\/\/www.credafin.be\/de\/wp-json\/wp\/v2\/comments?post=6899"}],"version-history":[{"count":2,"href":"https:\/\/www.credafin.be\/de\/wp-json\/wp\/v2\/pages\/6899\/revisions"}],"predecessor-version":[{"id":8232,"href":"https:\/\/www.credafin.be\/de\/wp-json\/wp\/v2\/pages\/6899\/revisions\/8232"}],"wp:attachment":[{"href":"https:\/\/www.credafin.be\/de\/wp-json\/wp\/v2\/media?parent=6899"}],"curies":[{"name":"wp","href":"https:\/\/api.w.org\/{rel}","templated":true}]}}