{"id":6721,"date":"2025-03-25T09:51:04","date_gmt":"2025-03-25T08:51:04","guid":{"rendered":"https:\/\/www.credafin.be\/wer-sind-wir"},"modified":"2025-04-03T00:57:21","modified_gmt":"2025-04-02T23:57:21","slug":"wer-sind-wir","status":"publish","type":"page","link":"https:\/\/www.credafin.be\/de\/wer-sind-wir","title":{"rendered":"Wer sind wir?"},"content":{"rendered":"<h2 style=\"text-align: justify\">\u00dcber Credafin, Ihr Kreditspezialist<\/h2>\n<p>&nbsp;<\/p>\n<p style=\"text-align: justify\"><a href=\"https:\/\/credafin.be\" data-internallinksmanager029f6b8e52c=\"1\" title=\"test\">Credafin<\/a> ist ein <span style=\"text-decoration: underline\">Unternehmen f\u00fcr Kreditvermittlung<\/span>. Wir sind unter anderem spezialisiert auf <a href=\"https:\/\/www.credafin.be\/de\/pret-personnel\">Privatkredite<\/a>, <a href=\"https:\/\/www.credafin.be\/de\/kreditbundelung\">Konsolidierungskredite<\/a>, <a href=\"https:\/\/www.credafin.be\/de\/pret-travaux\">Renovierungskredite<\/a> und <a href=\"https:\/\/www.credafin.be\/de\/gebrauchtwagenkredit\">Autokredite f\u00fcr Gebrauchtwagen<\/a>.<\/p>\n<p style=\"text-align: justify\">Heutzutage ist die Aufnahme eines Kredits zu einer relativ g\u00e4ngigen Praxis geworden. Dies dient dazu, den Alltag der Kreditnehmer zu verbessern oder ihnen zu erm\u00f6glichen, in verschiedene Projekte zu investieren. Dennoch sollten Kreditgeber und Kreditnehmer, um Missverst\u00e4ndnisse und Konflikte zu vermeiden, in der Lage sein, gegenseitiges Vertrauen aufzubauen.<\/p>\n<p style=\"text-align: justify\">Um dies zu erreichen, ist der beste Weg, \u00fcber eine Institution wie Credafin zu gehen. Diese Art von Einrichtung erm\u00f6glicht es, professionelle Dienstleistungen in Kombination mit einer pers\u00f6nlichen Betreuung zu genie\u00dfen. Entscheiden Sie sich f\u00fcr einen Kreditspezialisten, k\u00f6nnen Sie sicher sein, dass Ihre Unterlagen in voller <span style=\"text-decoration: underline\">Vertraulichkeit<\/span> und <span style=\"text-decoration: underline\">Diskretion<\/span> behandelt werden.<\/p>\n<p style=\"text-align: justify\">Unabh\u00e4ngig davon, welchen Verbraucherkredit Sie aufnehmen m\u00f6chten, erhalten Sie von Spezialisten fundierte Ratschl\u00e4ge, bevor Sie sich f\u00fcr etwas entscheiden.<\/p>\n<p>&nbsp;<\/p>\n<h2 style=\"text-align: justify\">Erf\u00fcllung der Anforderungen unserer Kunden<\/h2>\n<p>&nbsp;<\/p>\n<p style=\"text-align: justify\">Jeder Kunde hat spezifische Bed\u00fcrfnisse. Um diesen Anforderungen gerecht zu werden, bem\u00fchen sich die Kreditvermittler, effektive und zunehmend personalisierte L\u00f6sungen anzubieten. Ihr Ziel? Kredite mit den niedrigsten Zinsen anzubieten, nat\u00fcrlich.<\/p>\n<p style=\"text-align: justify\">Die Kreditvermittler helfen Ihnen, Ihre Unterlagen entsprechend dem von Ihnen gew\u00fcnschten Kredit zu vervollst\u00e4ndigen. Sie kennen alle Feinheiten dieses Systems und k\u00f6nnen Ihnen daher helfen, bei Banken und Finanzinstituten kreditw\u00fcrdig zu werden.<\/p>\n<div class=\"location vcard\">&nbsp;<\/p>\n<h2 style=\"text-align: justify\">Nutzen Sie den Kreditrechner<\/h2>\n<p>&nbsp;<\/p>\n<p style=\"text-align: justify\">Sie haben keine Ahnung, welche Betr\u00e4ge Sie beantragen k\u00f6nnen? Nutzen Sie unseren Online-Kreditrechner! Einfach und intuitiv, mit unserem Tool erfahren Sie, wie hoch die monatlichen Raten sind, die Sie zahlen m\u00fcssen, die geltenden Zinss\u00e4tze oder die Dauer Ihrer R\u00fcckzahlungen.<\/p>\n<p style=\"text-align: justify\">Um weitere Informationen \u00fcber Credafin und Ihre Berechnungen zu erhalten, f\u00fcllen Sie einfach das <a href=\"https:\/\/www.credafin.be\/de\/kontaktieren-sie-uns\">Kontaktformular<\/a> aus und geben Sie alle notwendigen Informationen zur Optimierung dieser Berechnung an. Sie k\u00f6nnen uns auch telefonisch unter 02\/306.73.67 oder per E-Mail an info@credafin.be kontaktieren.<\/p>\n<p style=\"text-align: justify\">Sie k\u00f6nnen uns auch alle Fragen stellen, die Sie besch\u00e4ftigen. Wir beantworten sie gerne.<\/p>\n<\/div>\n<p>&nbsp;<\/p>\n<p style=\"text-align: justify\">\n<style>.bouton01 a {background-color: #eae8e0; padding: 15px; margin: 10px auto!important; border-radius: 10px; font-weight:600; font-size:16px;}<\/style>\n<\/p>\n<p style=\"text-align: center\" class=\"bouton01\"><a href=\"#breadcrumbs\">Simulieren Sie Ihren Kredit online<\/a><\/p>\n<p>&nbsp;<\/p>\n<h2>Kontaktinformationen<\/h2>\n<div class=\"location vcard\">\n<h3><\/h3>\n<h3 class=\"fn org\">Credafin SPRL<\/h3>\n<p>GESCH\u00c4FTSSITZ:<br \/>Avenue d&#8217;Auderghem 68\/32, 1040 Br\u00fcssel<br \/>Tel: 02\/306.73.67<br \/>E-Mail: info@credafin.be<br \/>Unternehmensnummer: BE 0665.876.096<br \/>FSMA-Erlaubnisnummer (CBFA): 0665.876.096 \/ 115899 A&nbsp;<\/p>\n<div id=\"USP\">\n<div class=\"row\">\n<h2 class=\"titreLP\"><img decoding=\"async\" class=\"alignnone wp-image-2789\" alt=\"Icons_V_Orange\" src=\"https:\/\/www.credafin.be\/wp-content\/uploads\/2016\/07\/Icons_V_Orange-e1468234397451.png\" width=\"30\" height=\"30\" \/><span> <\/span>Ihre Vorteile bei Credafin<\/h2>\n<div class=\"col-md-4\">\n<div id=\"bulletA\"><\/div>\n<h3>Qualifizierte Experten<\/h3>\n<p style=\"text-align: justify\">Bei Credafin sind die Kreditspezialisten hoch qualifiziert. Sie erhalten daher fundierte Ratschl\u00e4ge.<\/p>\n<\/div>\n<div class=\"col-md-4\">\n<div id=\"bulletB\"><\/div>\n<div class=\"bull\">\n<h3>Schneller Service<\/h3>\n<p style=\"text-align: justify;margin-bottom: 25px\">Teilen Sie uns Ihre W\u00fcnsche mit, wir liefern Ihnen innerhalb von 24 Stunden eine schnelle Antwort!<\/p>\n<\/div>\n<\/div>\n<div class=\"col-md-4\">\n<div id=\"bulletC\"><\/div>\n<h3>Transparenz<\/h3>\n<p style=\"text-align: justify\">Unsere Online-Kreditrechnungsformel bietet Ihnen eine hohe Transparenz, ganz ohne Verpflichtung.<\/p>\n<\/div>\n<\/div>\n<div class=\"row\">\n<div class=\"col-md-4\">\n<div id=\"bulletD\"><\/div>\n<h3>Gesicherte Daten<\/h3>\n<p style=\"text-align: justify\">Wir garantieren Ihnen die Sicherheit und Vertraulichkeit Ihrer Daten. Teilen Sie uns Ihre Projekte unbesorgt mit.<\/p>\n<\/div>\n<div class=\"col-md-4\">\n<div id=\"bulletE\"><\/div>\n<h3><span>Individueller Service<\/span><\/h3>\n<p><span>Dank unseres individuellen Service stellen Sie uns Ihre Projekte vor, und wir bieten Ihnen die passenden L\u00f6sungen.<\/span><\/div>\n<div class=\"col-md-4\">\n<div id=\"bulletF\"><\/div>\n<h3>G\u00fcnstige Konditionen<\/h3>\n<p style=\"text-align: justify\"><span>Profitieren Sie von g\u00fcnstigen Konditionen, die auf Ihre Situation abgestimmt sind, basierend auf einer vollst\u00e4ndigen Bewertung Ihrer Anfrage.<\/span><\/p>\n<\/div>\n<\/div>\n<\/div>\n<\/div>\n","protected":false},"excerpt":{"rendered":"<p>Vertrauen Sie auf unsere Kreditvermittlung und erfahren Sie, wie Credafin Ihre Finanzl\u00f6sungen optimiert \u2013 klicken Sie jetzt!<\/p>\n","protected":false},"author":22,"featured_media":0,"parent":0,"menu_order":0,"comment_status":"closed","ping_status":"closed","template":"page-full-width.php","meta":{"_yoast_wpseo_focuskw":"Kreditvermittlung","_yoast_wpseo_title":"Wer sind wir?","_yoast_wpseo_metadesc":"Lernen Sie unsere Kreditvermittlung kennen und profitieren Sie von ma\u00dfgeschneiderten Krediten. Jetzt klicken und mehr erfahren!","_yoast_wpseo_meta-robots-noindex":"","_yoast_wpseo_meta-robots-nofollow":"","_yoast_wpseo_canonical":"https:\/\/www.credafin.be\/de\/wer-sind-wir","_yoast_wpseo_focuskw_text":"Kreditvermittlung","_yoast_wpseo_schema":"Article","footnotes":""},"class_list":["post-6721","page","type-page","status-publish","hentry"],"yoast_head":"<!-- This site is optimized with the Yoast SEO plugin v27.3 - https:\/\/yoast.com\/product\/yoast-seo-wordpress\/ -->\n<title>Wer sind wir?<\/title>\n<meta name=\"description\" content=\"Lernen Sie unsere Kreditvermittlung kennen und profitieren Sie von ma\u00dfgeschneiderten Krediten. Jetzt klicken und mehr erfahren!\" \/>\n<meta name=\"robots\" content=\"index, follow, max-snippet:-1, max-image-preview:large, max-video-preview:-1\" \/>\n<link rel=\"canonical\" href=\"https:\/\/www.credafin.be\/de\/wer-sind-wir\" \/>\n<meta property=\"og:locale\" content=\"de_DE\" \/>\n<meta property=\"og:type\" content=\"article\" \/>\n<meta property=\"og:title\" content=\"Wer sind wir?\" \/>\n<meta property=\"og:description\" content=\"Lernen Sie unsere Kreditvermittlung kennen und profitieren Sie von ma\u00dfgeschneiderten Krediten. Jetzt klicken und mehr erfahren!\" \/>\n<meta property=\"og:url\" content=\"https:\/\/www.credafin.be\/de\/wer-sind-wir\" \/>\n<meta property=\"og:site_name\" content=\"Credafin\" \/>\n<meta property=\"article:publisher\" content=\"http:\/\/www.facebook.com\/Credafin.be\" \/>\n<meta property=\"article:modified_time\" content=\"2025-04-02T23:57:21+00:00\" \/>\n<meta property=\"og:image\" content=\"https:\/\/www.credafin.be\/wp-content\/uploads\/2016\/07\/Icons_V_Orange-e1468234397451.png\" \/>\n\t<meta property=\"og:image:width\" content=\"50\" \/>\n\t<meta property=\"og:image:height\" content=\"50\" \/>\n\t<meta property=\"og:image:type\" content=\"image\/png\" \/>\n<meta name=\"twitter:card\" content=\"summary_large_image\" \/>\n<meta name=\"twitter:site\" content=\"@Credafinbe\" \/>\n<meta name=\"twitter:label1\" content=\"Est. reading time\" \/>\n\t<meta name=\"twitter:data1\" content=\"2 minutes\" \/>\n<script type=\"application\/ld+json\" class=\"yoast-schema-graph\">{\"@context\":\"https:\\\/\\\/schema.org\",\"@graph\":[{\"@type\":\"WebPage\",\"@id\":\"https:\\\/\\\/www.credafin.be\\\/de\\\/wer-sind-wir\",\"url\":\"https:\\\/\\\/www.credafin.be\\\/de\\\/wer-sind-wir\",\"name\":\"Wer sind wir?\",\"isPartOf\":{\"@id\":\"https:\\\/\\\/www.credafin.be\\\/#website\"},\"primaryImageOfPage\":{\"@id\":\"https:\\\/\\\/www.credafin.be\\\/de\\\/wer-sind-wir#primaryimage\"},\"image\":{\"@id\":\"https:\\\/\\\/www.credafin.be\\\/de\\\/wer-sind-wir#primaryimage\"},\"thumbnailUrl\":\"https:\\\/\\\/www.credafin.be\\\/wp-content\\\/uploads\\\/2016\\\/07\\\/Icons_V_Orange-e1468234397451.png\",\"datePublished\":\"2025-03-25T08:51:04+00:00\",\"dateModified\":\"2025-04-02T23:57:21+00:00\",\"description\":\"Lernen Sie unsere Kreditvermittlung kennen und profitieren Sie von ma\u00dfgeschneiderten Krediten. Jetzt klicken und mehr erfahren!\",\"breadcrumb\":{\"@id\":\"https:\\\/\\\/www.credafin.be\\\/de\\\/wer-sind-wir#breadcrumb\"},\"inLanguage\":\"de-BE\",\"potentialAction\":[{\"@type\":\"ReadAction\",\"target\":[\"https:\\\/\\\/www.credafin.be\\\/de\\\/wer-sind-wir\"]}]},{\"@type\":\"ImageObject\",\"inLanguage\":\"de-BE\",\"@id\":\"https:\\\/\\\/www.credafin.be\\\/de\\\/wer-sind-wir#primaryimage\",\"url\":\"https:\\\/\\\/www.credafin.be\\\/wp-content\\\/uploads\\\/2016\\\/07\\\/Icons_V_Orange-e1468234397451.png\",\"contentUrl\":\"https:\\\/\\\/www.credafin.be\\\/wp-content\\\/uploads\\\/2016\\\/07\\\/Icons_V_Orange-e1468234397451.png\"},{\"@type\":\"BreadcrumbList\",\"@id\":\"https:\\\/\\\/www.credafin.be\\\/de\\\/wer-sind-wir#breadcrumb\",\"itemListElement\":[{\"@type\":\"ListItem\",\"position\":1,\"name\":\"Home\",\"item\":\"https:\\\/\\\/www.credafin.be\\\/de\\\/credafin-ihre-kredite-zu-besten-zinsen\"},{\"@type\":\"ListItem\",\"position\":2,\"name\":\"Wer sind wir?\"}]},{\"@type\":\"WebSite\",\"@id\":\"https:\\\/\\\/www.credafin.be\\\/#website\",\"url\":\"https:\\\/\\\/www.credafin.be\\\/\",\"name\":\"Credafin\",\"description\":\"Oxyg\u00e9nez votre budget en toute s\u00e9r\u00e9nit\u00e9\",\"potentialAction\":[{\"@type\":\"SearchAction\",\"target\":{\"@type\":\"EntryPoint\",\"urlTemplate\":\"https:\\\/\\\/www.credafin.be\\\/?s={search_term_string}\"},\"query-input\":{\"@type\":\"PropertyValueSpecification\",\"valueRequired\":true,\"valueName\":\"search_term_string\"}}],\"inLanguage\":\"de-BE\"}]}<\/script>\n<!-- \/ Yoast SEO plugin. -->","yoast_head_json":{"title":"Wer sind wir?","description":"Lernen Sie unsere Kreditvermittlung kennen und profitieren Sie von ma\u00dfgeschneiderten Krediten. Jetzt klicken und mehr erfahren!","robots":{"index":"index","follow":"follow","max-snippet":"max-snippet:-1","max-image-preview":"max-image-preview:large","max-video-preview":"max-video-preview:-1"},"canonical":"https:\/\/www.credafin.be\/de\/wer-sind-wir","og_locale":"de_DE","og_type":"article","og_title":"Wer sind wir?","og_description":"Lernen Sie unsere Kreditvermittlung kennen und profitieren Sie von ma\u00dfgeschneiderten Krediten. Jetzt klicken und mehr erfahren!","og_url":"https:\/\/www.credafin.be\/de\/wer-sind-wir","og_site_name":"Credafin","article_publisher":"http:\/\/www.facebook.com\/Credafin.be","article_modified_time":"2025-04-02T23:57:21+00:00","og_image":[{"width":50,"height":50,"url":"https:\/\/www.credafin.be\/wp-content\/uploads\/2016\/07\/Icons_V_Orange-e1468234397451.png","type":"image\/png"}],"twitter_card":"summary_large_image","twitter_site":"@Credafinbe","twitter_misc":{"Est. reading time":"2 minutes"},"schema":{"@context":"https:\/\/schema.org","@graph":[{"@type":"WebPage","@id":"https:\/\/www.credafin.be\/de\/wer-sind-wir","url":"https:\/\/www.credafin.be\/de\/wer-sind-wir","name":"Wer sind wir?","isPartOf":{"@id":"https:\/\/www.credafin.be\/#website"},"primaryImageOfPage":{"@id":"https:\/\/www.credafin.be\/de\/wer-sind-wir#primaryimage"},"image":{"@id":"https:\/\/www.credafin.be\/de\/wer-sind-wir#primaryimage"},"thumbnailUrl":"https:\/\/www.credafin.be\/wp-content\/uploads\/2016\/07\/Icons_V_Orange-e1468234397451.png","datePublished":"2025-03-25T08:51:04+00:00","dateModified":"2025-04-02T23:57:21+00:00","description":"Lernen Sie unsere Kreditvermittlung kennen und profitieren Sie von ma\u00dfgeschneiderten Krediten. Jetzt klicken und mehr erfahren!","breadcrumb":{"@id":"https:\/\/www.credafin.be\/de\/wer-sind-wir#breadcrumb"},"inLanguage":"de-BE","potentialAction":[{"@type":"ReadAction","target":["https:\/\/www.credafin.be\/de\/wer-sind-wir"]}]},{"@type":"ImageObject","inLanguage":"de-BE","@id":"https:\/\/www.credafin.be\/de\/wer-sind-wir#primaryimage","url":"https:\/\/www.credafin.be\/wp-content\/uploads\/2016\/07\/Icons_V_Orange-e1468234397451.png","contentUrl":"https:\/\/www.credafin.be\/wp-content\/uploads\/2016\/07\/Icons_V_Orange-e1468234397451.png"},{"@type":"BreadcrumbList","@id":"https:\/\/www.credafin.be\/de\/wer-sind-wir#breadcrumb","itemListElement":[{"@type":"ListItem","position":1,"name":"Home","item":"https:\/\/www.credafin.be\/de\/credafin-ihre-kredite-zu-besten-zinsen"},{"@type":"ListItem","position":2,"name":"Wer sind wir?"}]},{"@type":"WebSite","@id":"https:\/\/www.credafin.be\/#website","url":"https:\/\/www.credafin.be\/","name":"Credafin","description":"Oxyg\u00e9nez votre budget en toute s\u00e9r\u00e9nit\u00e9","potentialAction":[{"@type":"SearchAction","target":{"@type":"EntryPoint","urlTemplate":"https:\/\/www.credafin.be\/?s={search_term_string}"},"query-input":{"@type":"PropertyValueSpecification","valueRequired":true,"valueName":"search_term_string"}}],"inLanguage":"de-BE"}]}},"_links":{"self":[{"href":"https:\/\/www.credafin.be\/de\/wp-json\/wp\/v2\/pages\/6721","targetHints":{"allow":["GET"]}}],"collection":[{"href":"https:\/\/www.credafin.be\/de\/wp-json\/wp\/v2\/pages"}],"about":[{"href":"https:\/\/www.credafin.be\/de\/wp-json\/wp\/v2\/types\/page"}],"author":[{"embeddable":true,"href":"https:\/\/www.credafin.be\/de\/wp-json\/wp\/v2\/users\/22"}],"replies":[{"embeddable":true,"href":"https:\/\/www.credafin.be\/de\/wp-json\/wp\/v2\/comments?post=6721"}],"version-history":[{"count":3,"href":"https:\/\/www.credafin.be\/de\/wp-json\/wp\/v2\/pages\/6721\/revisions"}],"predecessor-version":[{"id":8192,"href":"https:\/\/www.credafin.be\/de\/wp-json\/wp\/v2\/pages\/6721\/revisions\/8192"}],"wp:attachment":[{"href":"https:\/\/www.credafin.be\/de\/wp-json\/wp\/v2\/media?parent=6721"}],"curies":[{"name":"wp","href":"https:\/\/api.w.org\/{rel}","templated":true}]}}