{"id":6720,"date":"2025-03-25T09:50:48","date_gmt":"2025-03-25T08:50:48","guid":{"rendered":"https:\/\/www.credafin.be\/kontaktieren-sie-uns"},"modified":"2025-04-03T01:01:26","modified_gmt":"2025-04-03T00:01:26","slug":"kontaktieren-sie-uns","status":"publish","type":"page","link":"https:\/\/www.credafin.be\/de\/kontaktieren-sie-uns","title":{"rendered":"Kontaktieren Sie Uns"},"content":{"rendered":"<p style=\"text-align: justify\"><a href=\"https:\/\/credafin.be\" data-internallinksmanager029f6b8e52c=\"1\" title=\"test\">Credafin<\/a> steht Ihnen vollst&auml;ndig zur Verf&uuml;gung, um Sie zu beraten.<\/p>\n<p style=\"text-align: justify\">Z&ouml;gern Sie nicht, uns unter der Nummer <a href=\"tel:+3223067367\"><strong>02\/306.73.67<\/strong><\/a> zu kontaktieren, per E-Mail &uuml;ber <a href=\"mailto:info@credafin.be\"><strong>info@credafin.be<\/strong><\/a> oder &uuml;ber unser <a href=\"https:\/\/www.credafin.be\/de\"><strong>Kontaktformular<\/strong><\/a> f&uuml;r weitere Informationen zu Ihrem k&uuml;nftigen <a href=\"https:\/\/www.credafin.be\/de\/pret-personnel\">Privatkredit<\/a>, <a href=\"https:\/\/www.credafin.be\/de\/kreditbundelung\">Kreditb&uuml;ndelung<\/a>, <a href=\"https:\/\/www.credafin.be\/de\/pret-travaux\">Renovierungskredit<\/a> oder <a href=\"https:\/\/www.credafin.be\/de\/gebrauchtwagenkredit\">Gebrauchtwagenfinanzierung<\/a>. \n<div class=\"wpcf7 no-js\" id=\"wpcf7-f7557-o1\" lang=\"de-BE\" dir=\"ltr\" data-wpcf7-id=\"7557\">\n<div class=\"screen-reader-response\"><p role=\"status\" aria-live=\"polite\" aria-atomic=\"true\"><\/p> <ul><\/ul><\/div>\n<form action=\"\/de\/wp-json\/wp\/v2\/pages\/6720#wpcf7-f7557-o1\" method=\"post\" class=\"wpcf7-form init\" aria-label=\"Contact form\" novalidate=\"novalidate\" data-status=\"init\">\n<fieldset class=\"hidden-fields-container\"><input type=\"hidden\" name=\"_wpcf7\" value=\"7557\" \/><input type=\"hidden\" name=\"_wpcf7_version\" value=\"6.1.5\" \/><input type=\"hidden\" name=\"_wpcf7_locale\" value=\"de_BE\" \/><input type=\"hidden\" name=\"_wpcf7_unit_tag\" value=\"wpcf7-f7557-o1\" \/><input type=\"hidden\" name=\"_wpcf7_container_post\" value=\"0\" \/><input type=\"hidden\" name=\"_wpcf7_posted_data_hash\" value=\"\" \/>\n<\/fieldset>\n<h3>Projekttyp*\n<\/h3>\n<p><span class=\"wpcf7-form-control-wrap\" data-name=\"menu-627\"><select class=\"wpcf7-form-control wpcf7-select wpcf7-validates-as-required\" aria-required=\"true\" aria-invalid=\"false\" name=\"menu-627\"><option value=\"\">&#8212;Please choose an option&#8212;<\/option><option value=\"Privatkredit\">Privatkredit<\/option><option value=\"Renovierungskredit\">Renovierungskredit<\/option><option value=\"Kreditb\u00fcndelung\">Kreditb\u00fcndelung<\/option><option value=\"Ich m\u00f6chte eine Frage stellen\">Ich m\u00f6chte eine Frage stellen<\/option><\/select><\/span>\n<\/p>\n<p><label for=\"formName\">Name*<\/label><br \/>\n<span class=\"wpcf7-form-control-wrap\" data-name=\"mc4wp-CL_NOM\"><input size=\"40\" maxlength=\"400\" class=\"wpcf7-form-control wpcf7-text wpcf7-validates-as-required\" id=\"formName\" aria-required=\"true\" aria-invalid=\"false\" value=\"\" type=\"text\" name=\"mc4wp-CL_NOM\" \/><\/span>\n<\/p>\n<p><label for=\"formFirstname\">Vorname*<\/label><br \/>\n<span class=\"wpcf7-form-control-wrap\" data-name=\"mc4wp-CL_PRENOM\"><input size=\"40\" maxlength=\"400\" class=\"wpcf7-form-control wpcf7-text wpcf7-validates-as-required\" id=\"formFirstname\" aria-required=\"true\" aria-invalid=\"false\" value=\"\" type=\"text\" name=\"mc4wp-CL_PRENOM\" \/><\/span>\n<\/p>\n<p><label for=\"formMail\">E-Mail*<\/label><br \/>\n<span class=\"wpcf7-form-control-wrap\" data-name=\"mc4wp-EMAIL\"><input size=\"40\" maxlength=\"400\" class=\"wpcf7-form-control wpcf7-email wpcf7-validates-as-required wpcf7-text wpcf7-validates-as-email\" id=\"formeMail\" aria-required=\"true\" aria-invalid=\"false\" value=\"\" type=\"email\" name=\"mc4wp-EMAIL\" \/><\/span>\n<\/p>\n<p><label for=\"formPhone\">Telefon<\/label><br \/>\n<span class=\"wpcf7-form-control-wrap\" data-name=\"mc4wp-AC_CP\"><input size=\"40\" maxlength=\"400\" class=\"wpcf7-form-control wpcf7-text\" id=\"formPhone\" aria-invalid=\"false\" value=\"\" type=\"text\" name=\"mc4wp-AC_CP\" \/><\/span>\n<\/p>\n<p><label for=\"formComment\">Nachricht*<\/label><br \/>\n<span class=\"wpcf7-form-control-wrap\" data-name=\"comment\"><textarea cols=\"40\" rows=\"10\" maxlength=\"2000\" class=\"wpcf7-form-control wpcf7-textarea\" id=\"formComment\" aria-invalid=\"false\" name=\"comment\"><\/textarea><\/span>\n<\/p>\n<p><input type=\"hidden\" name=\"mc4wp-cl_langue\" value=\"DE\" \/><br \/>\n<input type=\"hidden\" name=\"mc4wp-subscribe\" value=\"1\" \/>\n<\/p>\n<p><input class=\"wpcf7-form-control wpcf7-submit has-spinner btn-r\" type=\"submit\" value=\"Senden\" \/>\n<\/p><div class=\"wpcf7-response-output\" aria-hidden=\"true\"><\/div>\n<\/form>\n<\/div>\n\n<h2>Unsere Kontaktdaten:<\/h2>\n<div class=\"location vcard\">\n<h3 class=\"fn org\">Credafin SPRL<\/h3>\n<p> BETRIEBSSTANDORT: <\/p>\n<ul class=\"adr\">\n<li style=\"list-style-type: none\">\n<ul class=\"adr\">\n<li style=\"list-style-type: none\">\n<ul class=\"adr\">\n<li style=\"list-style-type: none\">\n<ul class=\"adr\">\n<li class=\"street-address\">Avenue d&#8217;Auderghem 68, 1040 <a href=\"https:\/\/www.google.com\/maps?q=bruxelles&amp;um=1&amp;ie=UTF-8&amp;sa=X&amp;ved=0ahUKEwj6r6iv9brgAhUF2xoKHW4vD1YQ_AUIDigB\">Br&uuml;ssel<\/a><\/li>\n<\/ul>\n<\/li>\n<\/ul>\n<ul class=\"adr\">\n<li style=\"list-style-type: none\">\n<ul class=\"adr\">\n<li class=\"locality\">Tel.: <a href=\"tel:+3223067367\">02\/306.73.67<\/a><\/li>\n<\/ul>\n<\/li>\n<\/ul>\n<ul class=\"adr\">\n<li class=\"locality\">E-Mail: <a href=\"mailto:info@credafin.be\">info@credafin.be<\/a><\/li>\n<\/ul>\n<\/li>\n<\/ul>\n<\/li>\n<\/ul>\n<ul class=\"adr\">\n<li style=\"list-style-type: none\">\n<ul class=\"adr\">\n<li>Unternehmensnummer: BE0665.876.096<\/li>\n<li>FSMA-Annummer: 0665.876.096 \/ 115899 A<\/li>\n<\/ul>\n<\/li>\n<\/ul><\/div>\n","protected":false},"excerpt":{"rendered":"<p>Einfache Beratung f\u00fcr Ihren Privatkredit: Kontaktieren Sie Uns jetzt und starten Sie Ihre finanziellen Projekte mit Credafin!<\/p>\n","protected":false},"author":22,"featured_media":0,"parent":0,"menu_order":0,"comment_status":"closed","ping_status":"closed","template":"page-full-width.php","meta":{"_yoast_wpseo_focuskw":"Kontaktieren Sie Uns","_yoast_wpseo_title":"Kontaktieren Sie Uns","_yoast_wpseo_metadesc":"Kontaktieren Sie Uns f\u00fcr schnelle Kreditberatung und starten Sie jetzt Ihre Finanzprojekte mit Credafin \u2013 jetzt klicken und mehr erfahren!","_yoast_wpseo_meta-robots-noindex":"","_yoast_wpseo_meta-robots-nofollow":"","_yoast_wpseo_canonical":"https:\/\/www.credafin.be\/de\/kontaktieren-sie-uns","_yoast_wpseo_focuskw_text":"Kontaktieren Sie Uns","_yoast_wpseo_schema":"ContactPage","footnotes":""},"class_list":["post-6720","page","type-page","status-publish","hentry"],"yoast_head":"<!-- This site is optimized with the Yoast SEO plugin v27.4 - https:\/\/yoast.com\/product\/yoast-seo-wordpress\/ -->\n<title>Kontaktieren Sie Uns<\/title>\n<meta name=\"description\" content=\"Kontaktieren Sie Uns f\u00fcr schnelle Kreditberatung und starten Sie jetzt Ihre Finanzprojekte mit Credafin \u2013 jetzt klicken und mehr erfahren!\" \/>\n<meta name=\"robots\" content=\"index, follow, max-snippet:-1, max-image-preview:large, max-video-preview:-1\" \/>\n<link rel=\"canonical\" href=\"https:\/\/www.credafin.be\/de\/kontaktieren-sie-uns\" \/>\n<meta property=\"og:locale\" content=\"de_DE\" \/>\n<meta property=\"og:type\" content=\"article\" \/>\n<meta property=\"og:title\" content=\"Kontaktieren Sie Uns\" \/>\n<meta property=\"og:description\" content=\"Kontaktieren Sie Uns f\u00fcr schnelle Kreditberatung und starten Sie jetzt Ihre Finanzprojekte mit Credafin \u2013 jetzt klicken und mehr erfahren!\" \/>\n<meta property=\"og:url\" content=\"https:\/\/www.credafin.be\/de\/kontaktieren-sie-uns\" \/>\n<meta property=\"og:site_name\" content=\"Credafin\" \/>\n<meta property=\"article:publisher\" content=\"http:\/\/www.facebook.com\/Credafin.be\" \/>\n<meta property=\"article:modified_time\" content=\"2025-04-03T00:01:26+00:00\" \/>\n<meta property=\"og:image\" content=\"https:\/\/www.credafin.be\/wp-content\/uploads\/2019\/01\/shutterstock_226410256.jpg\" \/>\n\t<meta property=\"og:image:width\" content=\"768\" \/>\n\t<meta property=\"og:image:height\" content=\"295\" \/>\n\t<meta property=\"og:image:type\" content=\"image\/jpeg\" \/>\n<meta name=\"twitter:card\" content=\"summary_large_image\" \/>\n<meta name=\"twitter:site\" content=\"@Credafinbe\" \/>\n<meta name=\"twitter:label1\" content=\"Est. reading time\" \/>\n\t<meta name=\"twitter:data1\" content=\"1 minute\" \/>\n<script type=\"application\/ld+json\" class=\"yoast-schema-graph\">{\"@context\":\"https:\\\/\\\/schema.org\",\"@graph\":[{\"@type\":\"WebPage\",\"@id\":\"https:\\\/\\\/www.credafin.be\\\/de\\\/kontaktieren-sie-uns\",\"url\":\"https:\\\/\\\/www.credafin.be\\\/de\\\/kontaktieren-sie-uns\",\"name\":\"Kontaktieren Sie Uns\",\"isPartOf\":{\"@id\":\"https:\\\/\\\/www.credafin.be\\\/#website\"},\"datePublished\":\"2025-03-25T08:50:48+00:00\",\"dateModified\":\"2025-04-03T00:01:26+00:00\",\"description\":\"Kontaktieren Sie Uns f\u00fcr schnelle Kreditberatung und starten Sie jetzt Ihre Finanzprojekte mit Credafin \u2013 jetzt klicken und mehr erfahren!\",\"breadcrumb\":{\"@id\":\"https:\\\/\\\/www.credafin.be\\\/de\\\/kontaktieren-sie-uns#breadcrumb\"},\"inLanguage\":\"de-BE\",\"potentialAction\":[{\"@type\":\"ReadAction\",\"target\":[\"https:\\\/\\\/www.credafin.be\\\/de\\\/kontaktieren-sie-uns\"]}]},{\"@type\":\"BreadcrumbList\",\"@id\":\"https:\\\/\\\/www.credafin.be\\\/de\\\/kontaktieren-sie-uns#breadcrumb\",\"itemListElement\":[{\"@type\":\"ListItem\",\"position\":1,\"name\":\"Home\",\"item\":\"https:\\\/\\\/www.credafin.be\\\/de\\\/credafin-ihre-kredite-zu-besten-zinsen\"},{\"@type\":\"ListItem\",\"position\":2,\"name\":\"Kontaktieren Sie Uns\"}]},{\"@type\":\"WebSite\",\"@id\":\"https:\\\/\\\/www.credafin.be\\\/#website\",\"url\":\"https:\\\/\\\/www.credafin.be\\\/\",\"name\":\"Credafin\",\"description\":\"Oxyg\u00e9nez votre budget en toute s\u00e9r\u00e9nit\u00e9\",\"potentialAction\":[{\"@type\":\"SearchAction\",\"target\":{\"@type\":\"EntryPoint\",\"urlTemplate\":\"https:\\\/\\\/www.credafin.be\\\/?s={search_term_string}\"},\"query-input\":{\"@type\":\"PropertyValueSpecification\",\"valueRequired\":true,\"valueName\":\"search_term_string\"}}],\"inLanguage\":\"de-BE\"}]}<\/script>\n<!-- \/ Yoast SEO plugin. -->","yoast_head_json":{"title":"Kontaktieren Sie Uns","description":"Kontaktieren Sie Uns f\u00fcr schnelle Kreditberatung und starten Sie jetzt Ihre Finanzprojekte mit Credafin \u2013 jetzt klicken und mehr erfahren!","robots":{"index":"index","follow":"follow","max-snippet":"max-snippet:-1","max-image-preview":"max-image-preview:large","max-video-preview":"max-video-preview:-1"},"canonical":"https:\/\/www.credafin.be\/de\/kontaktieren-sie-uns","og_locale":"de_DE","og_type":"article","og_title":"Kontaktieren Sie Uns","og_description":"Kontaktieren Sie Uns f\u00fcr schnelle Kreditberatung und starten Sie jetzt Ihre Finanzprojekte mit Credafin \u2013 jetzt klicken und mehr erfahren!","og_url":"https:\/\/www.credafin.be\/de\/kontaktieren-sie-uns","og_site_name":"Credafin","article_publisher":"http:\/\/www.facebook.com\/Credafin.be","article_modified_time":"2025-04-03T00:01:26+00:00","og_image":[{"width":768,"height":295,"url":"https:\/\/www.credafin.be\/wp-content\/uploads\/2019\/01\/shutterstock_226410256.jpg","type":"image\/jpeg"}],"twitter_card":"summary_large_image","twitter_site":"@Credafinbe","twitter_misc":{"Est. reading time":"1 minute"},"schema":{"@context":"https:\/\/schema.org","@graph":[{"@type":"WebPage","@id":"https:\/\/www.credafin.be\/de\/kontaktieren-sie-uns","url":"https:\/\/www.credafin.be\/de\/kontaktieren-sie-uns","name":"Kontaktieren Sie Uns","isPartOf":{"@id":"https:\/\/www.credafin.be\/#website"},"datePublished":"2025-03-25T08:50:48+00:00","dateModified":"2025-04-03T00:01:26+00:00","description":"Kontaktieren Sie Uns f\u00fcr schnelle Kreditberatung und starten Sie jetzt Ihre Finanzprojekte mit Credafin \u2013 jetzt klicken und mehr erfahren!","breadcrumb":{"@id":"https:\/\/www.credafin.be\/de\/kontaktieren-sie-uns#breadcrumb"},"inLanguage":"de-BE","potentialAction":[{"@type":"ReadAction","target":["https:\/\/www.credafin.be\/de\/kontaktieren-sie-uns"]}]},{"@type":"BreadcrumbList","@id":"https:\/\/www.credafin.be\/de\/kontaktieren-sie-uns#breadcrumb","itemListElement":[{"@type":"ListItem","position":1,"name":"Home","item":"https:\/\/www.credafin.be\/de\/credafin-ihre-kredite-zu-besten-zinsen"},{"@type":"ListItem","position":2,"name":"Kontaktieren Sie Uns"}]},{"@type":"WebSite","@id":"https:\/\/www.credafin.be\/#website","url":"https:\/\/www.credafin.be\/","name":"Credafin","description":"Oxyg\u00e9nez votre budget en toute s\u00e9r\u00e9nit\u00e9","potentialAction":[{"@type":"SearchAction","target":{"@type":"EntryPoint","urlTemplate":"https:\/\/www.credafin.be\/?s={search_term_string}"},"query-input":{"@type":"PropertyValueSpecification","valueRequired":true,"valueName":"search_term_string"}}],"inLanguage":"de-BE"}]}},"_links":{"self":[{"href":"https:\/\/www.credafin.be\/de\/wp-json\/wp\/v2\/pages\/6720","targetHints":{"allow":["GET"]}}],"collection":[{"href":"https:\/\/www.credafin.be\/de\/wp-json\/wp\/v2\/pages"}],"about":[{"href":"https:\/\/www.credafin.be\/de\/wp-json\/wp\/v2\/types\/page"}],"author":[{"embeddable":true,"href":"https:\/\/www.credafin.be\/de\/wp-json\/wp\/v2\/users\/22"}],"replies":[{"embeddable":true,"href":"https:\/\/www.credafin.be\/de\/wp-json\/wp\/v2\/comments?post=6720"}],"version-history":[{"count":4,"href":"https:\/\/www.credafin.be\/de\/wp-json\/wp\/v2\/pages\/6720\/revisions"}],"predecessor-version":[{"id":8193,"href":"https:\/\/www.credafin.be\/de\/wp-json\/wp\/v2\/pages\/6720\/revisions\/8193"}],"wp:attachment":[{"href":"https:\/\/www.credafin.be\/de\/wp-json\/wp\/v2\/media?parent=6720"}],"curies":[{"name":"wp","href":"https:\/\/api.w.org\/{rel}","templated":true}]}}