{"id":6718,"date":"2025-03-25T09:49:47","date_gmt":"2025-03-25T08:49:47","guid":{"rendered":"https:\/\/www.credafin.be\/online-kreditsimulation"},"modified":"2025-04-03T01:03:33","modified_gmt":"2025-04-03T00:03:33","slug":"online-kreditsimulation","status":"publish","type":"page","link":"https:\/\/www.credafin.be\/de\/online-kreditsimulation","title":{"rendered":"Online-Kreditsimulation"},"content":{"rendered":"<h2 style=\"text-align: justify\">Berechnen Sie Ihren Kredit online im Handumdrehen!<\/h2>\n<h3><a href=\"https:\/\/www.credafin.be\/de\/pret-personnel\/simulation-eines-personalkredits\">Pers&ouml;nlicher Kredit<\/a>, <a href=\"https:\/\/www.credafin.be\/de\/kreditbundelung\/simulation-der-kreditbundelung\">Konsolidierungskredite<\/a>, <a href=\"https:\/\/www.credafin.be\/de\/pret-travaux\/simulation-von-baufinanzierungen\">Renovierungskredit<\/a>, <a href=\"https:\/\/www.credafin.be\/de\/autokredit\">Gebrauchtwagenkredit<\/a>: Online-Kreditsimulation<\/h3>\n<p style=\"text-align: justify\">M&uuml;ssen Sie eine unerwartete Ausgabe oder Rechnung abdecken? M&ouml;chten Sie Projekte verwirklichen, f&uuml;r die Ihnen derzeit die n&ouml;tigen Mittel fehlen? Um schnell zu erfahren, wie hoch Ihre monatlichen Raten w&auml;ren, nutzen Sie unseren <strong>Online-Kreditsimulator<\/strong>!<\/p>\n<p style=\"text-align: justify\"><a href=\"https:\/\/credafin.be\" data-internallinksmanager029f6b8e52c=\"1\" title=\"test\">Credafin<\/a> versteht, wie angenehm es sein kann, die Machbarkeit seiner Projekte mit nur wenigen Klicks zu pr&uuml;fen. Deshalb haben wir Ihnen ein <span style=\"text-decoration: underline\">Werkzeug zur Kreditsimulation<\/span> zur Verf&uuml;gung gestellt. Berechnen Sie online und in wenigen Sekunden die Kosten Ihres <a href=\"https:\/\/www.credafin.be\/de\/pret-personnel\">pers&ouml;nlichen Kredits<\/a>, Ihrer <a href=\"https:\/\/www.credafin.be\/de\/kreditbundelung\">Konsolidierungskredite<\/a>, Ihres <a href=\"https:\/\/www.credafin.be\/de\/pret-travaux\">Renovierungskredits <\/a> oder Ihres <a href=\"https:\/\/www.credafin.be\/de\/gebrauchtwagenkredit\">Gebrauchtwagenkredits<\/a>!<\/p>\n<p style=\"text-align: justify\">Dank eines qualitativ hochwertigen Services laden wir Sie ein, unser Simulationswerkzeug sofort zu konsultieren. Dank unserer Expertise k&ouml;nnen Sie die H&ouml;he Ihrer Monatsraten in Rekordzeit erfahren, was Ihnen erm&ouml;glicht, Ihre W&uuml;nsche sofort zu verwirklichen!<\/p>\n<p style=\"text-align: justify\">Indem Sie Ihre Daten eingeben, erhalten Sie einen nahezu sofortigen &Uuml;berblick &uuml;ber die Verteilung Ihrer Raten. So k&ouml;nnen Sie sich endlich voll und ganz der <a href=\"https:\/\/www.credafin.be\/de\/hochzeitskredit\">Organisation Ihrer idyllischen Hochzeitsfeier<\/a>, der <a href=\"https:\/\/www.credafin.be\/de\/pret-urlaub\">Planung einer au&szlig;ergew&ouml;hnlichen Reise<\/a>, der Vorbereitung auf die Geburt Ihres Kindes, den <a href=\"https:\/\/www.credafin.be\/de\/pret-travaux\">Renovierungen Ihres Hauses<\/a>, der <a href=\"https:\/\/www.credafin.be\/de\/autokredit\">Wahl Ihres neuen Autos<\/a> oder der <a href=\"https:\/\/www.credafin.be\/de\/studienkredit\">Finanzierung der Studien Ihrer Kinder<\/a> widmen, etc.<\/p>\n<h2 style=\"text-align: justify\">Personalisierte Online-Kreditanfrage-Simulation<\/h2>\n<p style=\"text-align: justify\">Credafin bietet Ihnen sein Know-how, um Ihre Zukunft unter den bestm&ouml;glichen Bedingungen zu organisieren. Sie k&ouml;nnen auf unsere Effizienz z&auml;hlen, um Ihnen bei der Wahl des <a href=\"https:\/\/www.credafin.be\/de\/ratenkredit\">passenden Zahlplans<\/a> zu helfen.<\/p>\n<p style=\"text-align: justify\">Die Kreditsimulation ist der erste Schritt zur Verwirklichung Ihrer W&uuml;nsche. Lassen Sie Ihrer Fantasie freien Lauf. Deshalb ermutigen wir Sie und helfen Ihnen, all Ihre W&uuml;nsche zu erf&uuml;llen.<\/p>\n<p>Der Gesamtkosten h&auml;ngen vom j&auml;hrlichen effektiven Zinssatz ab.<br \/>\nNehmen Sie sich nicht l&auml;nger Zeit, beziehen Sie sich auf das obige Simulationswerkzeug und verwirklichen Sie Ihre Projekte!<br \/>\nFinden Sie hier unsere verschiedenen <a href=\"https:\/\/www.credafin.be\/de\/die-credafin-kredite\">Kreditangebote<\/a>.<br \/>\n<img decoding=\"async\" class=\"aligncenter wp-image-4901 size-full\" alt=\"simulation cr&eacute;dit en ligne\" src=\"https:\/\/www.credafin.be\/wp-content\/uploads\/2019\/01\/shutterstock_226410256.jpg\" width=\"768\" height=\"295\" srcset=\"https:\/\/www.credafin.be\/wp-content\/uploads\/2019\/01\/shutterstock_226410256.jpg 768w, https:\/\/www.credafin.be\/wp-content\/uploads\/2019\/01\/shutterstock_226410256-300x115.jpg 300w\" sizes=\"(max-width: 768px) 100vw, 768px\" \/><\/p>\n<div id=\"USP\">\n<div class=\"row\">\n<h2 class=\"titreLP\"> <img decoding=\"async\" class=\"alignnone wp-image-2789\" alt=\"Icons_V_Orange\" src=\"https:\/\/www.credafin.be\/wp-content\/uploads\/2016\/07\/Icons_V_Orange-e1468234397451.png\" width=\"30\" height=\"30\" \/><span> <\/span>Ihre Vorteile bei Credafin<\/h2>\n<div class=\"col-md-4\">\n<div id=\"bulletA\"><\/div>\n<h3>Qualifizierte Experten<\/h3>\n<p style=\"text-align: justify\">Bei Credafin sind die Kreditspezialisten hochqualifiziert. So profitieren Sie von fundierten Ratschl&auml;gen.<\/p>\n<\/div>\n<div class=\"col-md-4\">\n<div id=\"bulletB\"><\/div>\n<div class=\"bull\">\n<h3>Schneller Service<\/h3>\n<p style=\"text-align: justify;margin-bottom: 25px\">Teilen Sie uns Ihre W&uuml;nsche mit, und wir geben Ihnen innerhalb von 24 Stunden eine schnelle Antwort!<\/p>\n<\/div>\n<\/div>\n<div class=\"col-md-4\">\n<div id=\"bulletC\"><\/div>\n<h3>Transparenz<\/h3>\n<p style=\"text-align: justify\">Unsere online Kreditsimulationsformel bietet Ihnen gro&szlig;e Transparenz, alles ohne Verpflichtung.<\/p>\n<\/div>\n<\/div>\n<div class=\"row\">\n<div class=\"col-md-4\">\n<div id=\"bulletD\"><\/div>\n<h3>Sichere Daten<\/h3>\n<p style=\"text-align: justify\">Wir garantieren die Sicherheit und Vertraulichkeit Ihrer Daten. Teilen Sie uns Ihre Projekte ohne Bedenken mit.<\/p>\n<\/div>\n<div class=\"col-md-4\">\n<div id=\"bulletE\"><\/div>\n<h3><span>Ein Service &agrave; la carte<\/span><\/h3>\n<p><span>Dank unseres Services &agrave; la carte teilen Sie uns Ihre Projekte mit, und wir bieten Ihnen die am besten geeigneten L&ouml;sungen an.<\/span>\n<\/div>\n<div class=\"col-md-4\">\n<div id=\"bulletF\"><\/div>\n<h3>G&uuml;nstige Zinss&auml;tze<\/h3>\n<p style=\"text-align: justify\"><span>Profitieren Sie von g&uuml;nstigen Bedingungen, die an Ihre Situation angepasst sind, basierend auf einer vollst&auml;ndigen Bewertung Ihres Antrags.<\/span><\/p>\n<\/div>\n<\/div>\n<\/div>\n","protected":false},"excerpt":{"rendered":"<p>Berechnen Sie Ihre Projekte sofort mit unserer Online-Kreditsimulation und erf\u00fcllen Sie schnell Ihre W\u00fcnsche!<\/p>\n","protected":false},"author":22,"featured_media":0,"parent":0,"menu_order":0,"comment_status":"closed","ping_status":"open","template":"page-full-sim.php","meta":{"_yoast_wpseo_focuskw":"online-kreditsimulation","_yoast_wpseo_title":"Online-Kreditsimulation: schnell zur passenden Finanzierung","_yoast_wpseo_metadesc":"Nutzen Sie unsere Online-Kreditsimulation, um schnell Ihre monatlichen Raten zu erfahren und Ihre Tr\u00e4ume zu verwirklichen. Jetzt anfragen!","_yoast_wpseo_meta-robots-noindex":"","_yoast_wpseo_meta-robots-nofollow":"","_yoast_wpseo_canonical":"https:\/\/www.credafin.be\/de\/online-kreditsimulation","_yoast_wpseo_focuskw_text":"online-kreditsimulation","_yoast_wpseo_schema":"Article","footnotes":""},"class_list":["post-6718","page","type-page","status-publish","hentry"],"yoast_head":"<!-- This site is optimized with the Yoast SEO plugin v27.5 - https:\/\/yoast.com\/product\/yoast-seo-wordpress\/ -->\n<title>Online-Kreditsimulation: schnell zur passenden Finanzierung<\/title>\n<meta name=\"description\" content=\"Nutzen Sie unsere Online-Kreditsimulation, um schnell Ihre monatlichen Raten zu erfahren und Ihre Tr\u00e4ume zu verwirklichen. Jetzt anfragen!\" \/>\n<meta name=\"robots\" content=\"index, follow, max-snippet:-1, max-image-preview:large, max-video-preview:-1\" \/>\n<link rel=\"canonical\" href=\"https:\/\/www.credafin.be\/de\/online-kreditsimulation\" \/>\n<meta property=\"og:locale\" content=\"de_DE\" \/>\n<meta property=\"og:type\" content=\"article\" \/>\n<meta property=\"og:title\" content=\"Online-Kreditsimulation: schnell zur passenden Finanzierung\" \/>\n<meta property=\"og:description\" content=\"Nutzen Sie unsere Online-Kreditsimulation, um schnell Ihre monatlichen Raten zu erfahren und Ihre Tr\u00e4ume zu verwirklichen. Jetzt anfragen!\" \/>\n<meta property=\"og:url\" content=\"https:\/\/www.credafin.be\/de\/online-kreditsimulation\" \/>\n<meta property=\"og:site_name\" content=\"Credafin\" \/>\n<meta property=\"article:publisher\" content=\"http:\/\/www.facebook.com\/Credafin.be\" \/>\n<meta property=\"article:modified_time\" content=\"2025-04-03T00:03:33+00:00\" \/>\n<meta property=\"og:image\" content=\"https:\/\/www.credafin.be\/wp-content\/uploads\/2019\/01\/shutterstock_226410256.jpg\" \/>\n\t<meta property=\"og:image:width\" content=\"768\" \/>\n\t<meta property=\"og:image:height\" content=\"295\" \/>\n\t<meta property=\"og:image:type\" content=\"image\/jpeg\" \/>\n<meta name=\"twitter:card\" content=\"summary_large_image\" \/>\n<meta name=\"twitter:site\" content=\"@Credafinbe\" \/>\n<meta name=\"twitter:label1\" content=\"Est. reading time\" \/>\n\t<meta name=\"twitter:data1\" content=\"2 minutes\" \/>\n<script type=\"application\/ld+json\" class=\"yoast-schema-graph\">{\"@context\":\"https:\\\/\\\/schema.org\",\"@graph\":[{\"@type\":\"WebPage\",\"@id\":\"https:\\\/\\\/www.credafin.be\\\/de\\\/online-kreditsimulation\",\"url\":\"https:\\\/\\\/www.credafin.be\\\/de\\\/online-kreditsimulation\",\"name\":\"Online-Kreditsimulation: schnell zur passenden Finanzierung\",\"isPartOf\":{\"@id\":\"https:\\\/\\\/www.credafin.be\\\/#website\"},\"primaryImageOfPage\":{\"@id\":\"https:\\\/\\\/www.credafin.be\\\/de\\\/online-kreditsimulation#primaryimage\"},\"image\":{\"@id\":\"https:\\\/\\\/www.credafin.be\\\/de\\\/online-kreditsimulation#primaryimage\"},\"thumbnailUrl\":\"https:\\\/\\\/www.credafin.be\\\/wp-content\\\/uploads\\\/2019\\\/01\\\/shutterstock_226410256.jpg\",\"datePublished\":\"2025-03-25T08:49:47+00:00\",\"dateModified\":\"2025-04-03T00:03:33+00:00\",\"description\":\"Nutzen Sie unsere Online-Kreditsimulation, um schnell Ihre monatlichen Raten zu erfahren und Ihre Tr\u00e4ume zu verwirklichen. Jetzt anfragen!\",\"breadcrumb\":{\"@id\":\"https:\\\/\\\/www.credafin.be\\\/de\\\/online-kreditsimulation#breadcrumb\"},\"inLanguage\":\"de-BE\",\"potentialAction\":[{\"@type\":\"ReadAction\",\"target\":[\"https:\\\/\\\/www.credafin.be\\\/de\\\/online-kreditsimulation\"]}]},{\"@type\":\"ImageObject\",\"inLanguage\":\"de-BE\",\"@id\":\"https:\\\/\\\/www.credafin.be\\\/de\\\/online-kreditsimulation#primaryimage\",\"url\":\"https:\\\/\\\/www.credafin.be\\\/wp-content\\\/uploads\\\/2019\\\/01\\\/shutterstock_226410256.jpg\",\"contentUrl\":\"https:\\\/\\\/www.credafin.be\\\/wp-content\\\/uploads\\\/2019\\\/01\\\/shutterstock_226410256.jpg\"},{\"@type\":\"BreadcrumbList\",\"@id\":\"https:\\\/\\\/www.credafin.be\\\/de\\\/online-kreditsimulation#breadcrumb\",\"itemListElement\":[{\"@type\":\"ListItem\",\"position\":1,\"name\":\"Home\",\"item\":\"https:\\\/\\\/www.credafin.be\\\/de\\\/credafin-ihre-kredite-zu-besten-zinsen\"},{\"@type\":\"ListItem\",\"position\":2,\"name\":\"Online-Kreditsimulation\"}]},{\"@type\":\"WebSite\",\"@id\":\"https:\\\/\\\/www.credafin.be\\\/#website\",\"url\":\"https:\\\/\\\/www.credafin.be\\\/\",\"name\":\"Credafin\",\"description\":\"Oxyg\u00e9nez votre budget en toute s\u00e9r\u00e9nit\u00e9\",\"potentialAction\":[{\"@type\":\"SearchAction\",\"target\":{\"@type\":\"EntryPoint\",\"urlTemplate\":\"https:\\\/\\\/www.credafin.be\\\/?s={search_term_string}\"},\"query-input\":{\"@type\":\"PropertyValueSpecification\",\"valueRequired\":true,\"valueName\":\"search_term_string\"}}],\"inLanguage\":\"de-BE\"}]}<\/script>\n<!-- \/ Yoast SEO plugin. -->","yoast_head_json":{"title":"Online-Kreditsimulation: schnell zur passenden Finanzierung","description":"Nutzen Sie unsere Online-Kreditsimulation, um schnell Ihre monatlichen Raten zu erfahren und Ihre Tr\u00e4ume zu verwirklichen. Jetzt anfragen!","robots":{"index":"index","follow":"follow","max-snippet":"max-snippet:-1","max-image-preview":"max-image-preview:large","max-video-preview":"max-video-preview:-1"},"canonical":"https:\/\/www.credafin.be\/de\/online-kreditsimulation","og_locale":"de_DE","og_type":"article","og_title":"Online-Kreditsimulation: schnell zur passenden Finanzierung","og_description":"Nutzen Sie unsere Online-Kreditsimulation, um schnell Ihre monatlichen Raten zu erfahren und Ihre Tr\u00e4ume zu verwirklichen. Jetzt anfragen!","og_url":"https:\/\/www.credafin.be\/de\/online-kreditsimulation","og_site_name":"Credafin","article_publisher":"http:\/\/www.facebook.com\/Credafin.be","article_modified_time":"2025-04-03T00:03:33+00:00","og_image":[{"width":768,"height":295,"url":"https:\/\/www.credafin.be\/wp-content\/uploads\/2019\/01\/shutterstock_226410256.jpg","type":"image\/jpeg"}],"twitter_card":"summary_large_image","twitter_site":"@Credafinbe","twitter_misc":{"Est. reading time":"2 minutes"},"schema":{"@context":"https:\/\/schema.org","@graph":[{"@type":"WebPage","@id":"https:\/\/www.credafin.be\/de\/online-kreditsimulation","url":"https:\/\/www.credafin.be\/de\/online-kreditsimulation","name":"Online-Kreditsimulation: schnell zur passenden Finanzierung","isPartOf":{"@id":"https:\/\/www.credafin.be\/#website"},"primaryImageOfPage":{"@id":"https:\/\/www.credafin.be\/de\/online-kreditsimulation#primaryimage"},"image":{"@id":"https:\/\/www.credafin.be\/de\/online-kreditsimulation#primaryimage"},"thumbnailUrl":"https:\/\/www.credafin.be\/wp-content\/uploads\/2019\/01\/shutterstock_226410256.jpg","datePublished":"2025-03-25T08:49:47+00:00","dateModified":"2025-04-03T00:03:33+00:00","description":"Nutzen Sie unsere Online-Kreditsimulation, um schnell Ihre monatlichen Raten zu erfahren und Ihre Tr\u00e4ume zu verwirklichen. Jetzt anfragen!","breadcrumb":{"@id":"https:\/\/www.credafin.be\/de\/online-kreditsimulation#breadcrumb"},"inLanguage":"de-BE","potentialAction":[{"@type":"ReadAction","target":["https:\/\/www.credafin.be\/de\/online-kreditsimulation"]}]},{"@type":"ImageObject","inLanguage":"de-BE","@id":"https:\/\/www.credafin.be\/de\/online-kreditsimulation#primaryimage","url":"https:\/\/www.credafin.be\/wp-content\/uploads\/2019\/01\/shutterstock_226410256.jpg","contentUrl":"https:\/\/www.credafin.be\/wp-content\/uploads\/2019\/01\/shutterstock_226410256.jpg"},{"@type":"BreadcrumbList","@id":"https:\/\/www.credafin.be\/de\/online-kreditsimulation#breadcrumb","itemListElement":[{"@type":"ListItem","position":1,"name":"Home","item":"https:\/\/www.credafin.be\/de\/credafin-ihre-kredite-zu-besten-zinsen"},{"@type":"ListItem","position":2,"name":"Online-Kreditsimulation"}]},{"@type":"WebSite","@id":"https:\/\/www.credafin.be\/#website","url":"https:\/\/www.credafin.be\/","name":"Credafin","description":"Oxyg\u00e9nez votre budget en toute s\u00e9r\u00e9nit\u00e9","potentialAction":[{"@type":"SearchAction","target":{"@type":"EntryPoint","urlTemplate":"https:\/\/www.credafin.be\/?s={search_term_string}"},"query-input":{"@type":"PropertyValueSpecification","valueRequired":true,"valueName":"search_term_string"}}],"inLanguage":"de-BE"}]}},"_links":{"self":[{"href":"https:\/\/www.credafin.be\/de\/wp-json\/wp\/v2\/pages\/6718","targetHints":{"allow":["GET"]}}],"collection":[{"href":"https:\/\/www.credafin.be\/de\/wp-json\/wp\/v2\/pages"}],"about":[{"href":"https:\/\/www.credafin.be\/de\/wp-json\/wp\/v2\/types\/page"}],"author":[{"embeddable":true,"href":"https:\/\/www.credafin.be\/de\/wp-json\/wp\/v2\/users\/22"}],"replies":[{"embeddable":true,"href":"https:\/\/www.credafin.be\/de\/wp-json\/wp\/v2\/comments?post=6718"}],"version-history":[{"count":3,"href":"https:\/\/www.credafin.be\/de\/wp-json\/wp\/v2\/pages\/6718\/revisions"}],"predecessor-version":[{"id":8195,"href":"https:\/\/www.credafin.be\/de\/wp-json\/wp\/v2\/pages\/6718\/revisions\/8195"}],"wp:attachment":[{"href":"https:\/\/www.credafin.be\/de\/wp-json\/wp\/v2\/media?parent=6718"}],"curies":[{"name":"wp","href":"https:\/\/api.w.org\/{rel}","templated":true}]}}