{"id":6717,"date":"2025-03-25T09:49:28","date_gmt":"2025-03-25T08:49:28","guid":{"rendered":"https:\/\/www.credafin.be\/kreditbndelung-ffnen-sie-ihren-budgetraum"},"modified":"2025-04-03T01:06:04","modified_gmt":"2025-04-03T00:06:04","slug":"kreditbundelung","status":"publish","type":"page","link":"https:\/\/www.credafin.be\/de\/kreditbundelung","title":{"rendered":"Kreditb&uuml;ndelung: &Ouml;ffnen Sie Ihren Budgetraum!"},"content":{"rendered":"<h2 style=\"text-align: justify\">Kreditb&uuml;ndelung: Nur ein Darlehen mit reduziertem Zinssatz!<\/h2>\n<p>&nbsp;<\/p>\n<p style=\"text-align: justify\">Haben Sie vor einigen Monaten einen Kredit abgeschlossen, um einen eher teuren Computer zu finanzieren? Sind Sie Eigent&uuml;mer eines Hauses, das auf Kredit gekauft wurde? Gilt das Gleiche f&uuml;r Ihr Auto? Haben Sie mit einem <a href=\"https:\/\/www.credafin.be\/de\/pret-travaux\">Renovierungskredit<\/a> Arbeiten in Ihrem Haus begonnen, die Sie immer noch abzahlen? Sind Sie unter einer riesigen Menge verschiedener Kredite begraben und finden keinen Ausweg mehr? Sind Ihre monatlichen Raten im Vergleich zu Ihrem Einkommen zu hoch? Und wenn es eine L&ouml;sung g&auml;be? <span style=\"text-decoration: underline\">Entdecken Sie die Kreditb&uuml;ndelung und atmen Sie wieder durch!<\/span><\/p>\n<p style=\"text-align: justify\">Zahlen Sie nur noch eine einzige, erweiterte monatliche Rate: <strong>Wenden Sie sich der Kreditb&uuml;ndelung zu<\/strong>.<\/p>\n<p>&nbsp;<\/p>\n<h2 style=\"text-align: justify\">Kreditb&uuml;ndelung: Bedienungsanleitung<\/h2>\n<p>&nbsp;<\/p>\n<p style=\"text-align: justify\">Die Kreditb&uuml;ndelung wurde fr&uuml;her &#8220;<strong>Kreditaufkauf<\/strong>&#8221; genannt. <strong>Umschuldung<\/strong> und <strong>Konsolidierung von Krediten<\/strong> sind ebenfalls Begriffe, die zur Beschreibung der Kreditb&uuml;ndelung verwendet werden k&ouml;nnen.<\/p>\n<p style=\"text-align: justify\">Die Kreditb&uuml;ndelung entstand in den 1980er Jahren. Sie richtet sich haupts&auml;chlich an Personen oder Haushalte in &Uuml;berschuldungssituationen. Sie besteht darin, die laufenden Kredite durch Tilgung ihres Kapitals zu schlie&szlig;en, um sie dann durch einen einzigen neuen Kredit mit niedrigereren, &uuml;ber einen l&auml;ngeren Zeitraum zahlbaren Raten zu ersetzen. Der Zweck der Kreditb&uuml;ndelung? <span style=\"text-decoration: underline\">Den teuflischen Kreislauf der &Uuml;berschuldung stoppen<\/span>.<\/p>\n<p style=\"text-align: justify\">Es gilt, zwei Arten der Kreditb&uuml;ndelung zu unterscheiden:<\/p>\n<ul>\n<li style=\"text-align: justify\"><strong>Die Konsumkreditb&uuml;ndelung<\/strong>: Die Konsumkreditb&uuml;ndelung gruppiert, wie der Name schon sagt, alle Ihre Konsumkredite, namentlich <a href=\"https:\/\/www.credafin.be\/de\/autokredit\">Autokredit<\/a>, <a href=\"https:\/\/www.credafin.be\/de\/pret-personnel\">Privatkredit<\/a>, <a href=\"https:\/\/www.credafin.be\/de\/pret-travaux\">Renovierungskredit<\/a>, <a href=\"https:\/\/www.credafin.be\/de\/pret-urlaub\">Ferienkredit<\/a>, <a href=\"https:\/\/www.credafin.be\/de\/studienkredit\">Studienkredit<\/a>, usw.<\/li>\n<li style=\"text-align: left\"><strong>Die Immobilienkreditb&uuml;ndelung<\/strong>: Die Erkl&auml;rung steht im Titel, die Immobilienkreditb&uuml;ndelung betrifft nur Immobilienkredite.<\/li>\n<\/ul>\n<p>&nbsp;<\/p>\n<h2 style=\"text-align: justify\">Die Vorteile der Kreditb&uuml;ndelung<\/h2>\n<p>&nbsp;<\/p>\n<p style=\"text-align: justify\">Schauen wir uns nun die <span style=\"text-decoration: underline\">Vorteile der Kreditb&uuml;ndelung<\/span> an:<\/p>\n<ul>\n<li style=\"text-align: justify\"><strong>Niedrigere Monatsraten<\/strong>: Der Hauptvorteil der Kreditb&uuml;ndelung ist, dass Ihre Monatsraten wie Schnee in der Sonne schmelzen. Da sich die Gesamtsumme &uuml;ber einen l&auml;ngeren Zeitraum verteilt, werden Ihre Monatsraten logischweise verkleinert.<\/li>\n<li style=\"text-align: justify\"><strong>Ein einheitlicher F&auml;lligkeitstermin<\/strong>: Es ist vorbei, dass Sie Ihren Autokredit jeden 15. des Monats, Ihren Renovierungskredit 10 Tage vorher und Ihren Ferienkredit am 2. zahlen m&uuml;ssen. Mit der Kreditb&uuml;ndelung haben Sie, da Sie nur noch eine einzige Schuld haben, also nichts anderes mehr zu beachten als einen einzigen F&auml;lligkeitstermin.<\/li>\n<li style=\"text-align: justify\"><strong>Ein einziger Ansprechpartner<\/strong>: Im gleichen Sinne haben Sie auch nur noch einen einzigen Ansprechpartner.<\/li>\n<li style=\"text-align: justify\"><strong>Sorglose Verwaltung<\/strong>: Ein einheitlicher F&auml;lligkeitstermin, ein einziger Ansprechpartner, das sollte die Sache erheblich vereinfachen. Fertig mit dem Untergehen in Rechnungen!<\/li>\n<li style=\"text-align: justify\"><strong>Stoppen Sie den Teufelskreis der &Uuml;berschuldung<\/strong>: Dank niedrigerer Raten k&ouml;nnen Sie komfortabler leben, ohne Gefahr, neue Kredite aufnehmen zu m&uuml;ssen, um die alten zu bezahlen. Sagen Sie Stop zum Teufelskreis der &Uuml;berschuldung.<\/li>\n<li style=\"text-align: justify\"><strong>Erh&ouml;hung der Kaufkraft<\/strong>: Wieder einmal, dank der verminderten Raten, genie&szlig;en Sie endlich Ihr hart verdientes Geld, anstatt Ihr gesamtes Gehalt f&uuml;r die R&uuml;ckzahlung Ihrer Schulden auszugeben.<\/li>\n<li style=\"text-align: justify\"><strong>Eine Kasse, die wieder l&auml;chelt<\/strong>: Die Kreditb&uuml;ndelung ist auch eine Gelegenheit, &uuml;ber mehr Liquidit&auml;ten zu verf&uuml;gen. Welche es Ihnen m&ouml;glicherweise erlauben, wieder zu sparen!<\/li>\n<\/ul>\n<p>&nbsp;<\/p>\n<h2 style=\"text-align: justify\">Neue Ziele in Aussicht<\/h2>\n<p>&nbsp;<\/p>\n<p style=\"text-align: justify\">Unabh&auml;ngig davon, welche Kredite Sie abgeschlossen haben, dank dieser neuen Organisation, die durch die Kreditb&uuml;ndelung erm&ouml;glicht wird, werden Ihre Konten wieder im Gleichgewicht sein. Wenn die Kreditb&uuml;ndelung nicht nur Haushalten in &Uuml;berschuldungssituationen hilft, den Kopf &uuml;ber Wasser zu halten, erm&ouml;glicht sie es ihnen auch, bestimmte Ziele zu erreichen, die zuvor als unerreichbar galten.<\/p>\n<p>&nbsp;<\/p>\n<h2 style=\"text-align: justify\">Der Leitfaden zur Kreditb&uuml;ndelung<\/h2>\n<p>&nbsp;<\/p>\n<p style=\"text-align: justify\">Wenn Sie zu viele Kredite aufgenommen haben, k&ouml;nnte Ihr <span>Verschuldungsgrad<\/span> zu hoch sein. Mit anderen Worten, Ihr Einkommen reicht m&ouml;glicherweise nicht mehr aus, um Ihre Schulden zu begleichen. In diesem Fall k&ouml;nnen Sie sich f&uuml;r eine Kreditb&uuml;ndelung entscheiden, unabh&auml;ngig von der Natur Ihrer verschiedenen Kredite.<\/p>\n<p style=\"text-align: justify\">Die Verbraucher, die sich f&uuml;r einen Kreditb&uuml;ndelung entscheiden, sind nicht unbedingt Kaufs&uuml;chtige. Jeder von uns kann eines Tages mit einem Einkommensr&uuml;ckgang konfrontiert werden, der es uns nicht mehr erlaubt, unsere verschiedenen Schulden zu begleichen. Die Kreditinstitute und anderen Banken, wie Sie sicherlich wissen, tolerieren keine Zahlungsr&uuml;ckst&auml;nde. Die Kreditb&uuml;ndelung erweist sich in diesem speziellen Fall als interessante Option.<\/p>\n<h3 style=\"text-align: justify\">Funktionsweise einer Kreditb&uuml;ndelung<\/h3>\n<p style=\"text-align: justify\">Nachdem Sie einen Autokredit, einen Studienkredit, und vielleicht auch einen Ferienkredit aufgenommen haben, finden Sie sich angesichts Ihrer Einnahmen mit Ihren vielfachen Schulden gefesselt, Schulden, die Sie nicht begleichen k&ouml;nnen? Durch die B&uuml;ndelung dieser verschiedenen Kredite in einem einzigen Darlehen schaffen Sie die M&ouml;glichkeit, Ihre Monatsraten zu verringern, w&auml;hrend Sie &uuml;ber eine l&auml;ngere Dauer zahlen, als urspr&uuml;nglich vorgesehen war. Ihre Belastungen werden daher verl&auml;ngert und Sie finden die M&ouml;glichkeit, anst&auml;ndig zu leben, wieder.<\/p>\n<p style=\"text-align: justify\">Die Kreditb&uuml;ndelung oder der Kreditr&uuml;ckkauf stellt eine Alternative dar, um Ihre Belastungen zu verringern, die Ansammlung von Zinsen einzuschr&auml;nken und das Problem der &Uuml;berschuldung zu umgehen.<\/p>\n<h3 style=\"text-align: justify\">Die Vorteile des Prozesses<\/h3>\n<p style=\"text-align: justify\">Eine Kreditb&uuml;ndelung durchzuf&uuml;hren, ist ein relativ einfacher Vorgang. Der Prozess bietet ein Einzeldarlehen und einen einzigen Ansprechpartner f&uuml;r eine einzigartige und feste monatliche Rate, die im Voraus bekannt ist. Der Betrag Ihrer monatlichen R&uuml;ckzahlungen wird ebenfalls an Ihr Einkommen angepasst. Tats&auml;chlich wird die Rate in Abh&auml;ngigkeit von Ihrer R&uuml;ckzahlungsf&auml;higkeit berechnet.<\/p>\n<p style=\"text-align: justify\">Es ist jetzt der einzige Ansprechpartner, der sich um die Kreditzahlungen bei den fr&uuml;heren Gl&auml;ubigern k&uuml;mmert, wenn Sie nur noch eine Schuld begleichen m&uuml;ssen.<\/p>\n<p style=\"text-align: justify\">Achtung: Trotz niedrigeren Raten und einem g&uuml;nstigeren Zinssatz k&ouml;nnen die Gesamtkosten des neuen Kredits h&ouml;her ausfallen.<\/p>\n<p>&nbsp;<\/p>\n<h2 style=\"text-align: justify\">Online-Simulation einer Kreditb&uuml;ndelung<\/h2>\n<p>&nbsp;<\/p>\n<p style=\"text-align: justify\">Die Experten von <a href=\"https:\/\/credafin.be\" data-internallinksmanager029f6b8e52c=\"1\" title=\"test\">Credafin<\/a> k&ouml;nnen angepasste Formeln f&uuml;r Ihre Situation und Ihr Budget finden. Z&ouml;gern Sie nicht, unser Online-Simulationswerkzeug oben zu nutzen. Dieses gibt einen kleinen Einblick in das, was m&ouml;glich ist.<\/p>\n<p style=\"text-align: justify\">Geben Sie Ihrem Budget frische Luft: Schlie&szlig;en Sie sich der Kreditb&uuml;ndelung an!<\/p>\n<p>&nbsp;<\/p>\n<p style=\"text-align: justify\">\n<style>.bouton01 a {background-color: #eae8e0; padding: 15px; margin: 10px auto!important; border-radius: 10px; font-weight:600; font-size:16px;}<\/style>\n<\/p>\n<p style=\"text-align: center\" class=\"bouton01\"><a href=\"#breadcrumbs\">Simulieren Sie Ihre Kreditb&uuml;ndelung online<\/a><\/p>\n<p>&nbsp;<\/p>\n<div  class='blueBG'>\n<h4 style=\"text-align: justify\"><span style=\"color: #ffffff;font-size: 24px\" class=\"glyphicon glyphicon-thumbs-up\"><\/span> <strong>Kreditb&uuml;ndelung: FAQ<br \/>\n<\/strong><\/h4>\n<p>&nbsp;<\/p>\n<p style=\"text-align: justify\">Um Ihnen einen klaren &Uuml;berblick zu verschaffen, finden Sie unten eine Fragen-und-Antworten-Sektion, die die h&auml;ufigsten Fragen zur Kreditb&uuml;ndelung abdeckt.<\/p>\n<p>&nbsp;<\/p>\n<p><strong>Kann ich meine Kredite sofort abl&ouml;sen?<br \/>\n<\/strong>Sie k&ouml;nnen Ihre Kredite jederzeit abl&ouml;sen und r&uuml;ck zahlen.<br \/>\n<strong>Sind Kosten verbunden?<br \/>\n<\/strong>Ja, es gibt eine Verwendungsentsch&auml;digung auf das Restkapital von maximal 0,5% bis 1%.<br \/>\n<strong>Muss ich alle meine laufenden Kredite R&uuml;ckzahlen?<br \/>\n<\/strong>Nein, Sie k&ouml;nnen die Kredite ausw&auml;hlen, die Sie abl&ouml;sen m&ouml;chten und die anderen behalten.<br \/>\n<strong>Wie lange dauert es, bis ich eine Antwort auf meinen Kreditantrag erhalte?<br \/>\n<\/strong>Maximal 24 Stunden. Es ist wichtig, dass Sie uns die Liste Ihrer laufenden Kredite genau angeben.<br \/>\n<strong>Welche Unterlagen muss ich einreichen?<br \/>\n<\/strong>Neben einer Kopie Ihres Personalausweises bitten wir Sie um die Kopie Ihrer laufenden Kreditvertr&auml;ge und\/oder die Kontoausz&uuml;ge Ihrer Kredit&auml;nderungen.<br \/>\n<strong>Ich finde meine Vertr&auml;ge nicht mehr, was soll ich tun?<br \/>\n<\/strong>Kontaktieren Sie uns unter 02\/306.73.67 oder auf info@credafin.be, wir kl&auml;ren das gemeinsam.<br \/>\n<strong>Kann ich im Rahmen der Operation zus&auml;tzliche Liquidit&auml;ten anfordern?<br \/>\n<\/strong>Nat\u00fcrlich, vorbehaltlich der Zustimmung durch den Darleiher.<br \/>\n<strong>Wie kann ich alle meine Kredite schlie&szlig;en?<br \/>\n<\/strong>Wir erledigen das alles. Die korrekten Restschuldenberechnungen sowie die Zahlungen werden vom Darlehensgeber abgewickelt.<\/p>\n<p>&nbsp;<\/p>\n<p style=\"text-align: left\">Wenn Sie andere Fragen haben als diese, z&ouml;gern Sie nicht, uns zu kontaktieren. Wir sind hier, um Ihnen zu helfen!<\/p>\n<\/div>\n<div class=\"clearfix\"><\/div>\n<p>&nbsp;<\/p>\n<div id=\"USP\">\n<div class=\"row\">\n<h2 class=\"titreLP \">&nbsp;<img decoding=\"async\" class=\"alignnone wp-image-2789\" alt=\"Icons_V_Orange\" src=\"https:\/\/www.credafin.be\/wp-content\/uploads\/2016\/07\/Icons_V_Orange-e1468234397451.png\" width=\"30\" height=\"30\" \/><span> <\/span>Ihre Vorteile bei Credafin<\/h2>\n<div class=\"col-md-4\">\n<div id=\"bulletA\"><\/div>\n<h3>Qualifizierte Experten<\/h3>\n<p style=\"text-align: justify\">Bei Credafin sind die Kreditspezialisten bestens qualifiziert. Sie profitieren also von fundierten Ratschl&auml;gen.<\/p>\n<\/div>\n<div class=\"col-md-4\">\n<div id=\"bulletB\"><\/div>\n<div class=\"bull\">\n<h3>Schneller Service<\/h3>\n<p style=\"text-align: justify;margin-bottom: 25px\">Teilen Sie uns Ihre W&uuml;nsche mit, wir bieten Ihnen eine schnelle Antwort innerhalb von 24 Stunden!<\/p>\n<\/div>\n<\/div>\n<div class=\"col-md-4\">\n<div id=\"bulletC\"><\/div>\n<h3>Transparenz<\/h3>\n<p style=\"text-align: justify\">Unsere Online-Kreditsimulation bietet Ihnen hohe Transparenz, alles ohne Verpflichtung.<\/p>\n<\/div>\n<\/div>\n<div class=\"row\">\n<div class=\"col-md-4\">\n<div id=\"bulletD\"><\/div>\n<h3>Sichere Daten<\/h3>\n<p style=\"text-align: justify\">Wir garantieren die Sicherheit und Vertraulichkeit Ihrer Daten. Teilen Sie uns Ihre Projekte ohne Bedenken mit.<\/p>\n<\/div>\n<div class=\"col-md-4\">\n<div id=\"bulletE\"><\/div>\n<h3><span>Ein ma\u00dfgeschneiderter Service<\/span><\/h3>\n<p><span>Mit unserem ma\u00dfgeschneiderten Service teilen Sie uns Ihre Pl&auml;ne mit und wir schlagen Ihnen die am besten geeigneten L&ouml;sungen vor.<\/span><\/p>\n<\/div>\n<div class=\"col-md-4\">\n<div id=\"bulletF\"><\/div>\n<h3>Vorteilhafte Zinss&auml;tze<\/h3>\n<p style=\"text-align: justify\"><span>Profitieren Sie von vorteilhaften Bedingungen, die auf Ihre Situation zugeschnitten sind, dank einer vollst&auml;ndigen Bewertung Ihres Antrags.<\/span><\/p>\n<\/div>\n<\/div>\n<\/div>\n","protected":false},"excerpt":{"rendered":"<p>Kreditb\u00fcndelung: Reduzieren Sie Ihre Raten und schaffen neue Finanzfreir\u00e4ume \u2013 klicken Sie jetzt!<\/p>\n","protected":false},"author":22,"featured_media":0,"parent":0,"menu_order":0,"comment_status":"closed","ping_status":"closed","template":"page-full-sim.php","meta":{"_yoast_wpseo_focuskw":"Kreditb\u00fcndelung","_yoast_wpseo_title":"Kreditb&uuml;ndelung: &Ouml;ffnen Sie Ihren Budgetraum!","_yoast_wpseo_metadesc":"Erfahren Sie, wie Kreditb\u00fcndelung Ihre monatlichen Ausgaben senkt: Jetzt klicken und finanzielle Freiheit sichern!","_yoast_wpseo_meta-robots-noindex":"","_yoast_wpseo_meta-robots-nofollow":"","_yoast_wpseo_canonical":"https:\/\/www.credafin.be\/de\/kreditbundelung","_yoast_wpseo_focuskw_text":"Kreditb\u00fcndelung","_yoast_wpseo_schema":"Article","footnotes":""},"class_list":["post-6717","page","type-page","status-publish","hentry"],"yoast_head":"<!-- This site is optimized with the Yoast SEO plugin v27.4 - https:\/\/yoast.com\/product\/yoast-seo-wordpress\/ -->\n<title>Kreditb&uuml;ndelung: &Ouml;ffnen Sie Ihren Budgetraum!<\/title>\n<meta name=\"description\" content=\"Erfahren Sie, wie Kreditb\u00fcndelung Ihre monatlichen Ausgaben senkt: Jetzt klicken und finanzielle Freiheit sichern!\" \/>\n<meta name=\"robots\" content=\"index, follow, max-snippet:-1, max-image-preview:large, max-video-preview:-1\" \/>\n<link rel=\"canonical\" href=\"https:\/\/www.credafin.be\/de\/kreditbundelung\" \/>\n<meta property=\"og:locale\" content=\"de_DE\" \/>\n<meta property=\"og:type\" content=\"article\" \/>\n<meta property=\"og:title\" content=\"Kreditb&uuml;ndelung: &Ouml;ffnen Sie Ihren Budgetraum!\" \/>\n<meta property=\"og:description\" content=\"Erfahren Sie, wie Kreditb\u00fcndelung Ihre monatlichen Ausgaben senkt: Jetzt klicken und finanzielle Freiheit sichern!\" \/>\n<meta property=\"og:url\" content=\"https:\/\/www.credafin.be\/de\/kreditbundelung\" \/>\n<meta property=\"og:site_name\" content=\"Credafin\" \/>\n<meta property=\"article:publisher\" content=\"http:\/\/www.facebook.com\/Credafin.be\" \/>\n<meta property=\"article:modified_time\" content=\"2025-04-03T00:06:04+00:00\" \/>\n<meta property=\"og:image\" content=\"https:\/\/www.credafin.be\/wp-content\/uploads\/2017\/11\/contrat-credit.jpg\" \/>\n<meta name=\"twitter:card\" content=\"summary_large_image\" \/>\n<meta name=\"twitter:site\" content=\"@Credafinbe\" \/>\n<meta name=\"twitter:label1\" content=\"Est. reading time\" \/>\n\t<meta name=\"twitter:data1\" content=\"7 minutes\" \/>\n<script type=\"application\/ld+json\" class=\"yoast-schema-graph\">{\"@context\":\"https:\\\/\\\/schema.org\",\"@graph\":[{\"@type\":\"WebPage\",\"@id\":\"https:\\\/\\\/www.credafin.be\\\/de\\\/kreditbundelung\",\"url\":\"https:\\\/\\\/www.credafin.be\\\/de\\\/kreditbundelung\",\"name\":\"Kreditb&uuml;ndelung: &Ouml;ffnen Sie Ihren Budgetraum!\",\"isPartOf\":{\"@id\":\"https:\\\/\\\/www.credafin.be\\\/#website\"},\"primaryImageOfPage\":{\"@id\":\"https:\\\/\\\/www.credafin.be\\\/de\\\/kreditbundelung#primaryimage\"},\"image\":{\"@id\":\"https:\\\/\\\/www.credafin.be\\\/de\\\/kreditbundelung#primaryimage\"},\"thumbnailUrl\":\"https:\\\/\\\/www.credafin.be\\\/wp-content\\\/uploads\\\/2016\\\/07\\\/Icons_V_Orange-e1468234397451.png\",\"datePublished\":\"2025-03-25T08:49:28+00:00\",\"dateModified\":\"2025-04-03T00:06:04+00:00\",\"description\":\"Erfahren Sie, wie Kreditb\u00fcndelung Ihre monatlichen Ausgaben senkt: Jetzt klicken und finanzielle Freiheit sichern!\",\"breadcrumb\":{\"@id\":\"https:\\\/\\\/www.credafin.be\\\/de\\\/kreditbundelung#breadcrumb\"},\"inLanguage\":\"de-BE\",\"potentialAction\":[{\"@type\":\"ReadAction\",\"target\":[\"https:\\\/\\\/www.credafin.be\\\/de\\\/kreditbundelung\"]}]},{\"@type\":\"ImageObject\",\"inLanguage\":\"de-BE\",\"@id\":\"https:\\\/\\\/www.credafin.be\\\/de\\\/kreditbundelung#primaryimage\",\"url\":\"https:\\\/\\\/www.credafin.be\\\/wp-content\\\/uploads\\\/2016\\\/07\\\/Icons_V_Orange-e1468234397451.png\",\"contentUrl\":\"https:\\\/\\\/www.credafin.be\\\/wp-content\\\/uploads\\\/2016\\\/07\\\/Icons_V_Orange-e1468234397451.png\"},{\"@type\":\"BreadcrumbList\",\"@id\":\"https:\\\/\\\/www.credafin.be\\\/de\\\/kreditbundelung#breadcrumb\",\"itemListElement\":[{\"@type\":\"ListItem\",\"position\":1,\"name\":\"Home\",\"item\":\"https:\\\/\\\/www.credafin.be\\\/de\\\/credafin-ihre-kredite-zu-besten-zinsen\"},{\"@type\":\"ListItem\",\"position\":2,\"name\":\"Kreditb&uuml;ndelung: &Ouml;ffnen Sie Ihren Budgetraum!\"}]},{\"@type\":\"WebSite\",\"@id\":\"https:\\\/\\\/www.credafin.be\\\/#website\",\"url\":\"https:\\\/\\\/www.credafin.be\\\/\",\"name\":\"Credafin\",\"description\":\"Oxyg\u00e9nez votre budget en toute s\u00e9r\u00e9nit\u00e9\",\"potentialAction\":[{\"@type\":\"SearchAction\",\"target\":{\"@type\":\"EntryPoint\",\"urlTemplate\":\"https:\\\/\\\/www.credafin.be\\\/?s={search_term_string}\"},\"query-input\":{\"@type\":\"PropertyValueSpecification\",\"valueRequired\":true,\"valueName\":\"search_term_string\"}}],\"inLanguage\":\"de-BE\"}]}<\/script>\n<!-- \/ Yoast SEO plugin. -->","yoast_head_json":{"title":"Kreditb&uuml;ndelung: &Ouml;ffnen Sie Ihren Budgetraum!","description":"Erfahren Sie, wie Kreditb\u00fcndelung Ihre monatlichen Ausgaben senkt: Jetzt klicken und finanzielle Freiheit sichern!","robots":{"index":"index","follow":"follow","max-snippet":"max-snippet:-1","max-image-preview":"max-image-preview:large","max-video-preview":"max-video-preview:-1"},"canonical":"https:\/\/www.credafin.be\/de\/kreditbundelung","og_locale":"de_DE","og_type":"article","og_title":"Kreditb&uuml;ndelung: &Ouml;ffnen Sie Ihren Budgetraum!","og_description":"Erfahren Sie, wie Kreditb\u00fcndelung Ihre monatlichen Ausgaben senkt: Jetzt klicken und finanzielle Freiheit sichern!","og_url":"https:\/\/www.credafin.be\/de\/kreditbundelung","og_site_name":"Credafin","article_publisher":"http:\/\/www.facebook.com\/Credafin.be","article_modified_time":"2025-04-03T00:06:04+00:00","og_image":[{"url":"https:\/\/www.credafin.be\/wp-content\/uploads\/2017\/11\/contrat-credit.jpg","type":"","width":"","height":""}],"twitter_card":"summary_large_image","twitter_site":"@Credafinbe","twitter_misc":{"Est. reading time":"7 minutes"},"schema":{"@context":"https:\/\/schema.org","@graph":[{"@type":"WebPage","@id":"https:\/\/www.credafin.be\/de\/kreditbundelung","url":"https:\/\/www.credafin.be\/de\/kreditbundelung","name":"Kreditb&uuml;ndelung: &Ouml;ffnen Sie Ihren Budgetraum!","isPartOf":{"@id":"https:\/\/www.credafin.be\/#website"},"primaryImageOfPage":{"@id":"https:\/\/www.credafin.be\/de\/kreditbundelung#primaryimage"},"image":{"@id":"https:\/\/www.credafin.be\/de\/kreditbundelung#primaryimage"},"thumbnailUrl":"https:\/\/www.credafin.be\/wp-content\/uploads\/2016\/07\/Icons_V_Orange-e1468234397451.png","datePublished":"2025-03-25T08:49:28+00:00","dateModified":"2025-04-03T00:06:04+00:00","description":"Erfahren Sie, wie Kreditb\u00fcndelung Ihre monatlichen Ausgaben senkt: Jetzt klicken und finanzielle Freiheit sichern!","breadcrumb":{"@id":"https:\/\/www.credafin.be\/de\/kreditbundelung#breadcrumb"},"inLanguage":"de-BE","potentialAction":[{"@type":"ReadAction","target":["https:\/\/www.credafin.be\/de\/kreditbundelung"]}]},{"@type":"ImageObject","inLanguage":"de-BE","@id":"https:\/\/www.credafin.be\/de\/kreditbundelung#primaryimage","url":"https:\/\/www.credafin.be\/wp-content\/uploads\/2016\/07\/Icons_V_Orange-e1468234397451.png","contentUrl":"https:\/\/www.credafin.be\/wp-content\/uploads\/2016\/07\/Icons_V_Orange-e1468234397451.png"},{"@type":"BreadcrumbList","@id":"https:\/\/www.credafin.be\/de\/kreditbundelung#breadcrumb","itemListElement":[{"@type":"ListItem","position":1,"name":"Home","item":"https:\/\/www.credafin.be\/de\/credafin-ihre-kredite-zu-besten-zinsen"},{"@type":"ListItem","position":2,"name":"Kreditb&uuml;ndelung: &Ouml;ffnen Sie Ihren Budgetraum!"}]},{"@type":"WebSite","@id":"https:\/\/www.credafin.be\/#website","url":"https:\/\/www.credafin.be\/","name":"Credafin","description":"Oxyg\u00e9nez votre budget en toute s\u00e9r\u00e9nit\u00e9","potentialAction":[{"@type":"SearchAction","target":{"@type":"EntryPoint","urlTemplate":"https:\/\/www.credafin.be\/?s={search_term_string}"},"query-input":{"@type":"PropertyValueSpecification","valueRequired":true,"valueName":"search_term_string"}}],"inLanguage":"de-BE"}]}},"_links":{"self":[{"href":"https:\/\/www.credafin.be\/de\/wp-json\/wp\/v2\/pages\/6717","targetHints":{"allow":["GET"]}}],"collection":[{"href":"https:\/\/www.credafin.be\/de\/wp-json\/wp\/v2\/pages"}],"about":[{"href":"https:\/\/www.credafin.be\/de\/wp-json\/wp\/v2\/types\/page"}],"author":[{"embeddable":true,"href":"https:\/\/www.credafin.be\/de\/wp-json\/wp\/v2\/users\/22"}],"replies":[{"embeddable":true,"href":"https:\/\/www.credafin.be\/de\/wp-json\/wp\/v2\/comments?post=6717"}],"version-history":[{"count":3,"href":"https:\/\/www.credafin.be\/de\/wp-json\/wp\/v2\/pages\/6717\/revisions"}],"predecessor-version":[{"id":8196,"href":"https:\/\/www.credafin.be\/de\/wp-json\/wp\/v2\/pages\/6717\/revisions\/8196"}],"wp:attachment":[{"href":"https:\/\/www.credafin.be\/de\/wp-json\/wp\/v2\/media?parent=6717"}],"curies":[{"name":"wp","href":"https:\/\/api.w.org\/{rel}","templated":true}]}}