{"id":6715,"date":"2025-03-25T09:48:17","date_gmt":"2025-03-25T08:48:17","guid":{"rendered":"https:\/\/www.credafin.be\/renovierungskredit-renovieren-sie-ihr-zuhause-mit-credafin"},"modified":"2025-06-03T14:03:23","modified_gmt":"2025-06-03T13:03:23","slug":"pret-travaux","status":"publish","type":"page","link":"https:\/\/www.credafin.be\/de\/pret-travaux","title":{"rendered":"Renovierungskredit: Renovieren Sie Ihr Zuhause mit Credafin!"},"content":{"rendered":"<h2 style=\"text-align: justify\">Renovierungskredit: Haben Sie Renovierungspl&auml;ne?<\/h2>\n<p style=\"text-align: justify\">K&ouml;nnen Sie Ihre K&uuml;che nicht mehr sehen? Stammen Ihr Badezimmer aus den 40er Jahren? Muss Ihre Sanit&auml;ranlage &uuml;berpr&uuml;ft werden? Vielleicht m&uuml;ssen Ihre Elektrik erneuert werden? Hat das Dach Ihres Hauses ausgedient? M&ouml;chten Sie Ihr gesamtes Haus isolieren? Ben&ouml;tigt Ihre Fassade einige Renovierungsarbeiten? Planen Sie den Bau eines Wintergartens? M&ouml;chten Sie eine neue Heizung kaufen? Denken Sie daran, Ihr Zuhause durch die Installation einer Alarmanlage zu sichern? M&ouml;chten Sie einen Fachmann hinzuziehen? Planen Sie, alles selbst zu machen? Was auch immer Ihre Bau- oder Renovierungsprojekte sind, <span style=\"text-decoration: underline\">die ma&szlig;geschneiderte Renovierungskreditl&ouml;sung von <a href=\"https:\/\/credafin.be\" data-internallinksmanager029f6b8e52c=\"1\" title=\"test\">Credafin<\/a> ist genau das Richtige f&uuml;r Sie<\/span>.<\/p>\n<p style=\"text-align: justify\">Gute Nachrichten: Der Renovierungskredit von Credafin bietet <strong>einen der g&uuml;nstigsten Zinss&auml;tze auf dem Markt<\/strong>! Berechnen Sie den Gesamtbetrag Ihres Kredits mit unserem Kreditrechner.<\/p>\n<h2 style=\"text-align: justify\">Die Vorteile des Credafin-Renovierungskredits<\/h2>\n<ul style=\"text-align: justify\">\n<li><strong>Ein g&uuml;nstiger Zinssatz<\/strong>: Der Renovierungskredit von Credafin ist einer der g&uuml;nstigsten auf dem Markt.<\/li>\n<li><strong>Eine schnelle Auszahlung<\/strong>: Mit Credafin erhalten Sie Ihr Geld in 48 Stunden! Der geliehene Betrag wird direkt auf Ihr Konto &uuml;berwiesen. Sie m&uuml;ssen nur noch die verschiedenen Lieferanten bezahlen.<\/li>\n<li><strong>Eine flexible R&uuml;ckzahlungsdauer<\/strong>: Sie w&auml;hlen selbst die R&uuml;ckzahlungsdauer Ihres Renovierungskredits aus.<\/li>\n<li><strong>Ein fester Zinssatz<\/strong>: Die Zinss&auml;tze f&uuml;r die Renovierungskredite von Credafin sind fest. Keine unangenehmen &Uuml;berraschungen.<\/li>\n<li><strong>Keine Notarinvolvierung<\/strong>: Der Renovierungskredit von Credafin erfordert weder die Involvierung eines Notars noch eine Hypothekeneintragung.<\/li>\n<\/ul>\n<h2 style=\"text-align: justify\">Bedingungen des Credafin-Renovierungskredits<\/h2>\n<h3 style=\"text-align: justify\">Anforderungsbedingungen<\/h3>\n<p style=\"text-align: justify\">Sind Sie bereits Eigent&uuml;mer einer Immobilie? Haben Sie eine Rechnung oder einen Bestellschein f&uuml;r die gew&uuml;nschten Arbeiten? <a target=\"_blank\" href=\"https:\/\/www.credafin.be\/de\/kontaktieren-sie-uns\" rel=\"noopener\">Kontaktieren Sie uns ohne Verz&ouml;gerung<\/a>!<\/p>\n<p style=\"text-align: justify\">Nat&uuml;rlich erinnern wir Sie daran, dass Sie, um einen Kredit zu beantragen, mindestens 18 Jahre alt sein, ein regelm&auml;&szlig;iges Einkommen erzielen und in Belgien oder im Gro&szlig;herzogtum Luxemburg ans&auml;ssig sein m&uuml;ssen.<\/p>\n<p style=\"text-align: justify\">Sie d&uuml;rfen auch nicht bei der <strong><a target=\"_blank\" href=\"https:\/\/www.nbb.be\/fr\" rel=\"noopener\">BNB<\/a><\/strong> (Nationale Bank von Belgien) vermerkt sein, um Probleme mit &Uuml;berschuldung zu vermeiden.<\/p>\n<h3 style=\"text-align: justify\">R&uuml;ckzahlungsmodalit&auml;ten<\/h3>\n<p style=\"text-align: justify\">Zu einem festen Zeitpunkt zahlen Sie feste monatliche Raten per Lastschriftverfahren. Die erste Zahlung erfolgt 30 Kalendertage nach Unterzeichnung des Angebots. Diese Zahlung bleibt f&uuml;r die gesamte Dauer des Kredits g&uuml;ltig.<\/p>\n<h2 style=\"text-align: justify\">Renovierungskredit: Renovierungspr&auml;mien<\/h2>\n<p style=\"text-align: justify\">Sowohl die Bundesregierung als auch die verschiedenen Regionen bieten Renovierungspr&auml;mien und -zusch&uuml;sse an. Die H&ouml;he und Bedingungen dieser Pr&auml;mien variieren je nach Wohnsitz in Br&uuml;ssel oder in der Wallonie.<\/p>\n<p style=\"text-align: justify\">Um mehr zu erfahren, besuchen Sie bitte die folgenden Seiten:<\/p>\n<ul style=\"text-align: justify\">\n<li>www.spw.wallonie.be (f&uuml;r die Wallonie)<\/li>\n<li><a target=\"_blank\" href=\"https:\/\/logement.brussels\/renover-construire\/primes-fiscalite-et-financement\/\" rel=\"noopener\">www.logement.brussels.be<\/a> (f&uuml;r Br&uuml;ssel)<\/li>\n<\/ul>\n<p style=\"text-align: justify\">Entgegen der Annahme vieler beschr&auml;nken sich diese Hilfen nicht nur auf Investitionen zur Energieeinsparung. Arbeiten zur Beseitigung von Hausschwamm und anderen Pilzen, zur Austrocknung von W&auml;nden oder die Kosten f&uuml;r den Ersatz oder die Reparatur eines Regenwassertanks k&ouml;nnen beispielsweise eventuell und zumindest teilweise &uuml;bernommen werden. Informieren Sie sich also im Voraus.<\/p>\n<p><strong>&nbsp;<\/strong><\/p>\n<h2 style=\"text-align: justify\">Leitfaden f&uuml;r den Renovierungskredit<\/h2>\n<p style=\"text-align: justify\">Der Renovierungskredit, auch bekannt als Baukredit, Sanierungskredit oder Renovierungskredit, richtet sich an alle Personen, die Bau-, Renovierungs-, Einrichtungs- oder andere immobilienbezogene Arbeiten durchf&uuml;hren m&ouml;chten.<\/p>\n<p style=\"text-align: justify\">Der Renovierungskredit ist ein von einer bestimmten Institution \u2013 in diesem Fall der Bank oder den Finanzinstituten \u2013 zu variablen Zinss&auml;tzen und unterschiedlichen monatlichen Raten je nach den Umst&auml;nden des Kredits gew\u00e4hrter Kredit. Verschiedene Kreditl&ouml;sungen f&uuml;r Renovierungsarbeiten sind im Internet verf&uuml;gbar und decken spezifische Bed&uuml;rfnisse ab.<\/p>\n<h3 style=\"text-align: justify\">Ein Kredit f&uuml;r jedes Projekt<\/h3>\n<p style=\"text-align: justify\">Es gibt so viele Renovierungskredite, wie es Arten von Arbeiten gibt. Es ist daher m&ouml;glich, einen speziellen Renovierungskredit aufzunehmen, wenn sich die Arbeiten ausschlie&szlig;lich auf Renovierungen beziehen, ebenso wie es m&ouml;glich ist, sich f&uuml;r einen Kredit f&uuml;r einen Neubau zu entscheiden. Jeder Kredit ist anders. Die Kreditbedingungen k&ouml;nnen daher je nach Kredit variieren.<\/p>\n<h3 style=\"text-align: justify\">Pers&ouml;nliche oder zweckgebundene Kredite?<\/h3>\n<p style=\"text-align: justify\">Da ein Renovierungskredit f&uuml;r spezifische Arbeiten in einem Wohnraum verwendet werden kann, unterliegt jeder Kredit zwischen 5.000 und 100.000 \u20ac dem Verbraucherschutzgesetz. Jeder Darlehensnehmer ist daher verpflichtet, die eventuell anfallenden Versicherungskosten und den Gesamtkreditzins anzugeben.<\/p>\n<p style=\"text-align: justify\">Er hat au&szlig;erdem ein R&uuml;cktrittsrecht und ist im Rahmen eines zweckgebundenen Kredits gesch\u00fctzt. Die Zinss&auml;tze, die R&uuml;ckzahlungsdauern und die Bearbeitungskosten k&ouml;nnen jedoch von einem Kredit zum anderen variieren.<\/p>\n<p>Sie k&ouml;nnen eine unverbindliche Kreditanfrage &uuml;ber unser obiges Formular stellen.<\/p>\n<p style=\"text-align: justify\">\n<style>.bouton01 a {background-color: #eae8e0; padding: 15px; margin: 10px auto!important; border-radius: 10px; font-weight:600; font-size:16px;}<\/style>\n<\/p>\n<p style=\"text-align: center\" class=\"bouton01\"><a href=\"#breadcrumbs\">Simulieren Sie Ihren Renovierungskredit online<\/a><\/p>\n<div  class='blueBG'>\n<h4><span style=\"color: #ffffff;font-size: 24px\" class=\"glyphicon glyphicon-thumbs-up\"><\/span> <strong>Renovierungskredit: FAQ<\/strong><\/h4>\n<p>Um Ihnen zu helfen, finden Sie hier einige h&auml;ufige Fragen und Antworten zum Thema Renovierungskredit.<\/p>\n<p><strong>Was sind die Bedingungen f&uuml;r die Anforderung eines Credafin-Renovierungskredits?<br \/>\n<\/strong>Sie m&uuml;ssen Eigent&uuml;mer einer Immobilie sein und bereits eine Rechnung oder zumindest einen Bestellschein f&uuml;r die geplanten Arbeiten haben. Au&szlig;erdem m&uuml;ssen Sie &uuml;ber 18 Jahre alt sein, regelm&auml;&szlig;ige Eink&uuml;nfte haben, in Belgien ans&auml;ssig sein und nicht bei der National Bank of Belgium vermerkt sein.<\/p>\n<p><strong>Wie kann ich einen Renovierungskredit beantragen?<br \/>\n<\/strong>Sie haben verschiedene M&ouml;glichkeiten: Sie k&ouml;nnen uns unter <a href=\"tel:023067367\">02\/306.73.67<\/a> kontaktieren, uns &uuml;ber die E-Mail-Adresse <a href=\"mailto:info@credafin.be\">info@credafin.be<\/a> erreichen oder Ihre Anfrage &uuml;ber unser Kontaktformular einreichen.<\/p>\n<p><span><strong>Wie lange dauert es, bis ich eine Antwort auf meine Frage erhalte?&nbsp;<\/strong><br \/>\nSelbstverst&auml;ndlich erhalten Sie von uns innerhalb von maximal 24 Stunden eine Antwort.<\/span><\/p>\n<p><span><br \/>\n<strong>Kann ich Unterst&uuml;tzung oder andere Pr&auml;mien erhalten?<\/strong><br \/>\nDies h&auml;ngt von der Art Ihres Projekts ab. Um mehr zu erfahren: www.spw.wallonie.be oder <a href=\"https:\/\/logement.brussels\/\">www.logement.brussels.be<\/a>.<\/span><\/p>\n<p>Sie haben nicht alle Antworten auf Ihre Fragen erhalten? Kontaktieren Sie uns! Wir helfen Ihnen gerne weiter.<\/p>\n<\/div>\n<div class=\"clearfix\"><\/div>\n<div id=\"USP\">\n<div class=\"row\">\n<h2 class=\"titreLP \">&nbsp;<img decoding=\"async\" class=\"alignnone wp-image-2789\" alt=\"Icons_V_Orange\" src=\"https:\/\/www.credafin.be\/wp-content\/uploads\/2016\/07\/Icons_V_Orange-e1468234397451.png\" width=\"30\" height=\"30\" \/><span> <\/span>Ihre Vorteile bei Credafin<\/h2>\n<div class=\"col-md-4\">\n<div id=\"bulletA\"><\/div>\n<h3>Qualifizierte Experten<\/h3>\n<p style=\"text-align: justify\">Bei Credafin sind die Kreditexperten hochqualifiziert. Sie profitieren daher von fundierten Empfehlungen.<\/p>\n<\/div>\n<div class=\"col-md-4\">\n<div id=\"bulletB\"><\/div>\n<div class=\"bull\">\n<h3>Schneller Service<\/h3>\n<p style=\"text-align: justify;margin-bottom: 25px\">Teilen Sie uns Ihre W&uuml;nsche mit, wir liefern Ihnen eine schnelle Antwort, innerhalb von 24 Stunden!<\/p>\n<\/div>\n<\/div>\n<div class=\"col-md-4\">\n<div id=\"bulletC\"><\/div>\n<h3>Transparenz<\/h3>\n<p style=\"text-align: justify\">Unser Online-Kreditsimulator bietet Ihnen gro&szlig;e Transparenz, alles ohne Verpflichtung.<\/p>\n<\/div>\n<\/div>\n<div class=\"row\">\n<div class=\"col-md-4\">\n<div id=\"bulletD\"><\/div>\n<h3>Gesicherte Daten<\/h3>\n<p style=\"text-align: justify\">Wir garantieren die Sicherheit und Vertraulichkeit Ihrer Daten. Teilen Sie uns Ihre Projekte ohne Sorgen mit.<\/p>\n<\/div>\n<div class=\"col-md-4\">\n<div id=\"bulletE\"><\/div>\n<h3><span>Ma&szlig;geschneiderter Service<\/span><\/h3>\n<p><span>Dank unseres Ma&szlig;geschneiderten Service, teilen Sie uns Ihre Projekte mit, und wir bieten Ihnen die am besten geeigneten L&ouml;sungen.<\/span><\/p>\n<\/div>\n<div class=\"col-md-4\">\n<div id=\"bulletF\"><\/div>\n<h3><span>G&uuml;nstige Konditionen<\/span><\/h3>\n<p style=\"text-align: justify\"><span>Genie&szlig;en Sie von g&uuml;nstigen Konditionen, die auf Ihre Situation zugeschnitten sind, basierend auf einer vollst&auml;ndigen Bewertung Ihres Antrags.<\/span><\/p>\n<\/div>\n<\/div>\n<\/div>\n","protected":false},"excerpt":{"rendered":"<p>Sichern Sie sich jetzt Ihren Renovierungskredit und verwandeln Sie Ihr Zuhause mit Credafin \u2013 schnell, einfach und zu Top-Konditionen!<\/p>\n","protected":false},"author":22,"featured_media":0,"parent":0,"menu_order":0,"comment_status":"closed","ping_status":"closed","template":"page-full-sim.php","meta":{"_yoast_wpseo_focuskw":"Renovierungskredit","_yoast_wpseo_title":"Renovierungskredit: Renovieren Sie Ihr Zuhause mit Credafin!","_yoast_wpseo_metadesc":"Sichern Sie sich den g\u00fcnstigen Renovierungskredit von Credafin und starten Sie Ihr n\u00e4chstes Umbauprojekt \u2013 jetzt informieren und sparen!","_yoast_wpseo_meta-robots-noindex":"","_yoast_wpseo_meta-robots-nofollow":"","_yoast_wpseo_canonical":"https:\/\/www.credafin.be\/de\/pret-travaux","_yoast_wpseo_focuskw_text":"Renovierungskredit","_yoast_wpseo_schema":"Article","footnotes":""},"class_list":["post-6715","page","type-page","status-publish","hentry"],"yoast_head":"<!-- This site is optimized with the Yoast SEO plugin v27.4 - https:\/\/yoast.com\/product\/yoast-seo-wordpress\/ -->\n<title>Renovierungskredit: Renovieren Sie Ihr Zuhause mit Credafin!<\/title>\n<meta name=\"description\" content=\"Sichern Sie sich den g\u00fcnstigen Renovierungskredit von Credafin und starten Sie Ihr n\u00e4chstes Umbauprojekt \u2013 jetzt informieren und sparen!\" \/>\n<meta name=\"robots\" content=\"index, follow, max-snippet:-1, max-image-preview:large, max-video-preview:-1\" \/>\n<link rel=\"canonical\" href=\"https:\/\/www.credafin.be\/de\/pret-travaux\" \/>\n<meta property=\"og:locale\" content=\"de_DE\" \/>\n<meta property=\"og:type\" content=\"article\" \/>\n<meta property=\"og:title\" content=\"Renovierungskredit: Renovieren Sie Ihr Zuhause mit Credafin!\" \/>\n<meta property=\"og:description\" content=\"Sichern Sie sich den g\u00fcnstigen Renovierungskredit von Credafin und starten Sie Ihr n\u00e4chstes Umbauprojekt \u2013 jetzt informieren und sparen!\" \/>\n<meta property=\"og:url\" content=\"https:\/\/www.credafin.be\/de\/pret-travaux\" \/>\n<meta property=\"og:site_name\" content=\"Credafin\" \/>\n<meta property=\"article:publisher\" content=\"http:\/\/www.facebook.com\/Credafin.be\" \/>\n<meta property=\"article:modified_time\" content=\"2025-06-03T13:03:23+00:00\" \/>\n<meta property=\"og:image\" content=\"https:\/\/www.credafin.be\/wp-content\/uploads\/2019\/01\/shutterstock_200764130.jpg\" \/>\n<meta name=\"twitter:card\" content=\"summary_large_image\" \/>\n<meta name=\"twitter:site\" content=\"@Credafinbe\" \/>\n<meta name=\"twitter:label1\" content=\"Est. reading time\" \/>\n\t<meta name=\"twitter:data1\" content=\"5 minutes\" \/>\n<script type=\"application\/ld+json\" class=\"yoast-schema-graph\">{\"@context\":\"https:\\\/\\\/schema.org\",\"@graph\":[{\"@type\":\"WebPage\",\"@id\":\"https:\\\/\\\/www.credafin.be\\\/de\\\/pret-travaux\",\"url\":\"https:\\\/\\\/www.credafin.be\\\/de\\\/pret-travaux\",\"name\":\"Renovierungskredit: Renovieren Sie Ihr Zuhause mit Credafin!\",\"isPartOf\":{\"@id\":\"https:\\\/\\\/www.credafin.be\\\/#website\"},\"primaryImageOfPage\":{\"@id\":\"https:\\\/\\\/www.credafin.be\\\/de\\\/pret-travaux#primaryimage\"},\"image\":{\"@id\":\"https:\\\/\\\/www.credafin.be\\\/de\\\/pret-travaux#primaryimage\"},\"thumbnailUrl\":\"https:\\\/\\\/www.credafin.be\\\/wp-content\\\/uploads\\\/2016\\\/07\\\/Icons_V_Orange-e1468234397451.png\",\"datePublished\":\"2025-03-25T08:48:17+00:00\",\"dateModified\":\"2025-06-03T13:03:23+00:00\",\"description\":\"Sichern Sie sich den g\u00fcnstigen Renovierungskredit von Credafin und starten Sie Ihr n\u00e4chstes Umbauprojekt \u2013 jetzt informieren und sparen!\",\"breadcrumb\":{\"@id\":\"https:\\\/\\\/www.credafin.be\\\/de\\\/pret-travaux#breadcrumb\"},\"inLanguage\":\"de-BE\",\"potentialAction\":[{\"@type\":\"ReadAction\",\"target\":[\"https:\\\/\\\/www.credafin.be\\\/de\\\/pret-travaux\"]}]},{\"@type\":\"ImageObject\",\"inLanguage\":\"de-BE\",\"@id\":\"https:\\\/\\\/www.credafin.be\\\/de\\\/pret-travaux#primaryimage\",\"url\":\"https:\\\/\\\/www.credafin.be\\\/wp-content\\\/uploads\\\/2016\\\/07\\\/Icons_V_Orange-e1468234397451.png\",\"contentUrl\":\"https:\\\/\\\/www.credafin.be\\\/wp-content\\\/uploads\\\/2016\\\/07\\\/Icons_V_Orange-e1468234397451.png\"},{\"@type\":\"BreadcrumbList\",\"@id\":\"https:\\\/\\\/www.credafin.be\\\/de\\\/pret-travaux#breadcrumb\",\"itemListElement\":[{\"@type\":\"ListItem\",\"position\":1,\"name\":\"Home\",\"item\":\"https:\\\/\\\/www.credafin.be\\\/de\\\/credafin-ihre-kredite-zu-besten-zinsen\"},{\"@type\":\"ListItem\",\"position\":2,\"name\":\"Renovierungskredit: Renovieren Sie Ihr Zuhause mit Credafin!\"}]},{\"@type\":\"WebSite\",\"@id\":\"https:\\\/\\\/www.credafin.be\\\/#website\",\"url\":\"https:\\\/\\\/www.credafin.be\\\/\",\"name\":\"Credafin\",\"description\":\"Oxyg\u00e9nez votre budget en toute s\u00e9r\u00e9nit\u00e9\",\"potentialAction\":[{\"@type\":\"SearchAction\",\"target\":{\"@type\":\"EntryPoint\",\"urlTemplate\":\"https:\\\/\\\/www.credafin.be\\\/?s={search_term_string}\"},\"query-input\":{\"@type\":\"PropertyValueSpecification\",\"valueRequired\":true,\"valueName\":\"search_term_string\"}}],\"inLanguage\":\"de-BE\"}]}<\/script>\n<!-- \/ Yoast SEO plugin. -->","yoast_head_json":{"title":"Renovierungskredit: Renovieren Sie Ihr Zuhause mit Credafin!","description":"Sichern Sie sich den g\u00fcnstigen Renovierungskredit von Credafin und starten Sie Ihr n\u00e4chstes Umbauprojekt \u2013 jetzt informieren und sparen!","robots":{"index":"index","follow":"follow","max-snippet":"max-snippet:-1","max-image-preview":"max-image-preview:large","max-video-preview":"max-video-preview:-1"},"canonical":"https:\/\/www.credafin.be\/de\/pret-travaux","og_locale":"de_DE","og_type":"article","og_title":"Renovierungskredit: Renovieren Sie Ihr Zuhause mit Credafin!","og_description":"Sichern Sie sich den g\u00fcnstigen Renovierungskredit von Credafin und starten Sie Ihr n\u00e4chstes Umbauprojekt \u2013 jetzt informieren und sparen!","og_url":"https:\/\/www.credafin.be\/de\/pret-travaux","og_site_name":"Credafin","article_publisher":"http:\/\/www.facebook.com\/Credafin.be","article_modified_time":"2025-06-03T13:03:23+00:00","og_image":[{"url":"https:\/\/www.credafin.be\/wp-content\/uploads\/2019\/01\/shutterstock_200764130.jpg","type":"","width":"","height":""}],"twitter_card":"summary_large_image","twitter_site":"@Credafinbe","twitter_misc":{"Est. reading time":"5 minutes"},"schema":{"@context":"https:\/\/schema.org","@graph":[{"@type":"WebPage","@id":"https:\/\/www.credafin.be\/de\/pret-travaux","url":"https:\/\/www.credafin.be\/de\/pret-travaux","name":"Renovierungskredit: Renovieren Sie Ihr Zuhause mit Credafin!","isPartOf":{"@id":"https:\/\/www.credafin.be\/#website"},"primaryImageOfPage":{"@id":"https:\/\/www.credafin.be\/de\/pret-travaux#primaryimage"},"image":{"@id":"https:\/\/www.credafin.be\/de\/pret-travaux#primaryimage"},"thumbnailUrl":"https:\/\/www.credafin.be\/wp-content\/uploads\/2016\/07\/Icons_V_Orange-e1468234397451.png","datePublished":"2025-03-25T08:48:17+00:00","dateModified":"2025-06-03T13:03:23+00:00","description":"Sichern Sie sich den g\u00fcnstigen Renovierungskredit von Credafin und starten Sie Ihr n\u00e4chstes Umbauprojekt \u2013 jetzt informieren und sparen!","breadcrumb":{"@id":"https:\/\/www.credafin.be\/de\/pret-travaux#breadcrumb"},"inLanguage":"de-BE","potentialAction":[{"@type":"ReadAction","target":["https:\/\/www.credafin.be\/de\/pret-travaux"]}]},{"@type":"ImageObject","inLanguage":"de-BE","@id":"https:\/\/www.credafin.be\/de\/pret-travaux#primaryimage","url":"https:\/\/www.credafin.be\/wp-content\/uploads\/2016\/07\/Icons_V_Orange-e1468234397451.png","contentUrl":"https:\/\/www.credafin.be\/wp-content\/uploads\/2016\/07\/Icons_V_Orange-e1468234397451.png"},{"@type":"BreadcrumbList","@id":"https:\/\/www.credafin.be\/de\/pret-travaux#breadcrumb","itemListElement":[{"@type":"ListItem","position":1,"name":"Home","item":"https:\/\/www.credafin.be\/de\/credafin-ihre-kredite-zu-besten-zinsen"},{"@type":"ListItem","position":2,"name":"Renovierungskredit: Renovieren Sie Ihr Zuhause mit Credafin!"}]},{"@type":"WebSite","@id":"https:\/\/www.credafin.be\/#website","url":"https:\/\/www.credafin.be\/","name":"Credafin","description":"Oxyg\u00e9nez votre budget en toute s\u00e9r\u00e9nit\u00e9","potentialAction":[{"@type":"SearchAction","target":{"@type":"EntryPoint","urlTemplate":"https:\/\/www.credafin.be\/?s={search_term_string}"},"query-input":{"@type":"PropertyValueSpecification","valueRequired":true,"valueName":"search_term_string"}}],"inLanguage":"de-BE"}]}},"_links":{"self":[{"href":"https:\/\/www.credafin.be\/de\/wp-json\/wp\/v2\/pages\/6715","targetHints":{"allow":["GET"]}}],"collection":[{"href":"https:\/\/www.credafin.be\/de\/wp-json\/wp\/v2\/pages"}],"about":[{"href":"https:\/\/www.credafin.be\/de\/wp-json\/wp\/v2\/types\/page"}],"author":[{"embeddable":true,"href":"https:\/\/www.credafin.be\/de\/wp-json\/wp\/v2\/users\/22"}],"replies":[{"embeddable":true,"href":"https:\/\/www.credafin.be\/de\/wp-json\/wp\/v2\/comments?post=6715"}],"version-history":[{"count":3,"href":"https:\/\/www.credafin.be\/de\/wp-json\/wp\/v2\/pages\/6715\/revisions"}],"predecessor-version":[{"id":8358,"href":"https:\/\/www.credafin.be\/de\/wp-json\/wp\/v2\/pages\/6715\/revisions\/8358"}],"wp:attachment":[{"href":"https:\/\/www.credafin.be\/de\/wp-json\/wp\/v2\/media?parent=6715"}],"curies":[{"name":"wp","href":"https:\/\/api.w.org\/{rel}","templated":true}]}}