{"id":6713,"date":"2025-03-25T09:46:42","date_gmt":"2025-03-25T08:46:42","guid":{"rendered":"https:\/\/www.credafin.be\/kundenmeinungen"},"modified":"2025-04-03T01:17:15","modified_gmt":"2025-04-03T00:17:15","slug":"kundenmeinungen","status":"publish","type":"page","link":"https:\/\/www.credafin.be\/de\/kundenmeinungen","title":{"rendered":"Kundenmeinungen"},"content":{"rendered":"<img decoding=\"async\" class=\"wp-image-3064 aligncenter\" alt=\"\" src=\"https:\/\/www.credafin.be\/wp-content\/uploads\/2017\/02\/Trustpilot.jpg\" width=\"251\" height=\"47\" srcset=\"https:\/\/www.credafin.be\/wp-content\/uploads\/2017\/02\/Trustpilot.jpg 461w, https:\/\/www.credafin.be\/wp-content\/uploads\/2017\/02\/Trustpilot-300x56.jpg 300w\" sizes=\"(max-width: 251px) 100vw, 251px\" \/>\n<img decoding=\"async\" class=\"wp-image-3065 alignleft\" alt=\"\" src=\"https:\/\/www.credafin.be\/wp-content\/uploads\/2017\/02\/jean-damien.jpg\" width=\"441\" height=\"356\" srcset=\"https:\/\/www.credafin.be\/wp-content\/uploads\/2017\/02\/jean-damien.jpg 661w, https:\/\/www.credafin.be\/wp-content\/uploads\/2017\/02\/jean-damien-300x242.jpg 300w\" sizes=\"(max-width: 441px) 100vw, 441px\" \/>\n","protected":false},"excerpt":{"rendered":"<p>Entdecken Sie unsere Kundenmeinungen und erfahren Sie, wie wir Ihnen helfen k\u00f6nnen \u2013 jetzt klicken und \u00fcberzeugen lassen!<\/p>\n","protected":false},"author":22,"featured_media":0,"parent":0,"menu_order":0,"comment_status":"closed","ping_status":"closed","template":"page-full-width.php","meta":{"_yoast_wpseo_focuskw":"Kundenmeinungen","_yoast_wpseo_title":"Kundenmeinungen \u2013 Vertrauen Sie auf echte Erfahrungen","_yoast_wpseo_metadesc":"Lernen Sie unsere Kundenmeinungen kennen und entdecken Sie echte Erfahrungen \u2013 jetzt klicken und mehr erfahren!","_yoast_wpseo_meta-robots-noindex":"","_yoast_wpseo_meta-robots-nofollow":"","_yoast_wpseo_canonical":"https:\/\/www.credafin.be\/de\/kundenmeinungen","_yoast_wpseo_focuskw_text":"Kundenmeinungen","_yoast_wpseo_schema":"Article","footnotes":""},"class_list":["post-6713","page","type-page","status-publish","hentry"],"yoast_head":"<!-- This site is optimized with the Yoast SEO plugin v27.3 - https:\/\/yoast.com\/product\/yoast-seo-wordpress\/ -->\n<title>Kundenmeinungen \u2013 Vertrauen Sie auf echte Erfahrungen<\/title>\n<meta name=\"description\" content=\"Lernen Sie unsere Kundenmeinungen kennen und entdecken Sie echte Erfahrungen \u2013 jetzt klicken und mehr erfahren!\" \/>\n<meta name=\"robots\" content=\"index, follow, max-snippet:-1, max-image-preview:large, max-video-preview:-1\" \/>\n<link rel=\"canonical\" href=\"https:\/\/www.credafin.be\/de\/kundenmeinungen\" \/>\n<meta property=\"og:locale\" content=\"de_DE\" \/>\n<meta property=\"og:type\" content=\"article\" \/>\n<meta property=\"og:title\" content=\"Kundenmeinungen \u2013 Vertrauen Sie auf echte Erfahrungen\" \/>\n<meta property=\"og:description\" content=\"Lernen Sie unsere Kundenmeinungen kennen und entdecken Sie echte Erfahrungen \u2013 jetzt klicken und mehr erfahren!\" \/>\n<meta property=\"og:url\" content=\"https:\/\/www.credafin.be\/de\/kundenmeinungen\" \/>\n<meta property=\"og:site_name\" content=\"Credafin\" \/>\n<meta property=\"article:publisher\" content=\"http:\/\/www.facebook.com\/Credafin.be\" \/>\n<meta property=\"article:modified_time\" content=\"2025-04-03T00:17:15+00:00\" \/>\n<meta property=\"og:image\" content=\"https:\/\/www.credafin.be\/wp-content\/uploads\/2017\/02\/Trustpilot.jpg\" \/>\n\t<meta property=\"og:image:width\" content=\"461\" \/>\n\t<meta property=\"og:image:height\" content=\"86\" \/>\n\t<meta property=\"og:image:type\" content=\"image\/jpeg\" \/>\n<meta name=\"twitter:card\" content=\"summary_large_image\" \/>\n<meta name=\"twitter:site\" content=\"@Credafinbe\" \/>\n<script type=\"application\/ld+json\" class=\"yoast-schema-graph\">{\"@context\":\"https:\\\/\\\/schema.org\",\"@graph\":[{\"@type\":\"WebPage\",\"@id\":\"https:\\\/\\\/www.credafin.be\\\/de\\\/kundenmeinungen\",\"url\":\"https:\\\/\\\/www.credafin.be\\\/de\\\/kundenmeinungen\",\"name\":\"Kundenmeinungen \u2013 Vertrauen Sie auf echte Erfahrungen\",\"isPartOf\":{\"@id\":\"https:\\\/\\\/www.credafin.be\\\/#website\"},\"primaryImageOfPage\":{\"@id\":\"https:\\\/\\\/www.credafin.be\\\/de\\\/kundenmeinungen#primaryimage\"},\"image\":{\"@id\":\"https:\\\/\\\/www.credafin.be\\\/de\\\/kundenmeinungen#primaryimage\"},\"thumbnailUrl\":\"https:\\\/\\\/www.credafin.be\\\/wp-content\\\/uploads\\\/2017\\\/02\\\/Trustpilot.jpg\",\"datePublished\":\"2025-03-25T08:46:42+00:00\",\"dateModified\":\"2025-04-03T00:17:15+00:00\",\"description\":\"Lernen Sie unsere Kundenmeinungen kennen und entdecken Sie echte Erfahrungen \u2013 jetzt klicken und mehr erfahren!\",\"breadcrumb\":{\"@id\":\"https:\\\/\\\/www.credafin.be\\\/de\\\/kundenmeinungen#breadcrumb\"},\"inLanguage\":\"de-BE\",\"potentialAction\":[{\"@type\":\"ReadAction\",\"target\":[\"https:\\\/\\\/www.credafin.be\\\/de\\\/kundenmeinungen\"]}]},{\"@type\":\"ImageObject\",\"inLanguage\":\"de-BE\",\"@id\":\"https:\\\/\\\/www.credafin.be\\\/de\\\/kundenmeinungen#primaryimage\",\"url\":\"https:\\\/\\\/www.credafin.be\\\/wp-content\\\/uploads\\\/2017\\\/02\\\/Trustpilot.jpg\",\"contentUrl\":\"https:\\\/\\\/www.credafin.be\\\/wp-content\\\/uploads\\\/2017\\\/02\\\/Trustpilot.jpg\"},{\"@type\":\"BreadcrumbList\",\"@id\":\"https:\\\/\\\/www.credafin.be\\\/de\\\/kundenmeinungen#breadcrumb\",\"itemListElement\":[{\"@type\":\"ListItem\",\"position\":1,\"name\":\"Home\",\"item\":\"https:\\\/\\\/www.credafin.be\\\/de\\\/credafin-ihre-kredite-zu-besten-zinsen\"},{\"@type\":\"ListItem\",\"position\":2,\"name\":\"Kundenmeinungen\"}]},{\"@type\":\"WebSite\",\"@id\":\"https:\\\/\\\/www.credafin.be\\\/#website\",\"url\":\"https:\\\/\\\/www.credafin.be\\\/\",\"name\":\"Credafin\",\"description\":\"Oxyg\u00e9nez votre budget en toute s\u00e9r\u00e9nit\u00e9\",\"potentialAction\":[{\"@type\":\"SearchAction\",\"target\":{\"@type\":\"EntryPoint\",\"urlTemplate\":\"https:\\\/\\\/www.credafin.be\\\/?s={search_term_string}\"},\"query-input\":{\"@type\":\"PropertyValueSpecification\",\"valueRequired\":true,\"valueName\":\"search_term_string\"}}],\"inLanguage\":\"de-BE\"}]}<\/script>\n<!-- \/ Yoast SEO plugin. -->","yoast_head_json":{"title":"Kundenmeinungen \u2013 Vertrauen Sie auf echte Erfahrungen","description":"Lernen Sie unsere Kundenmeinungen kennen und entdecken Sie echte Erfahrungen \u2013 jetzt klicken und mehr erfahren!","robots":{"index":"index","follow":"follow","max-snippet":"max-snippet:-1","max-image-preview":"max-image-preview:large","max-video-preview":"max-video-preview:-1"},"canonical":"https:\/\/www.credafin.be\/de\/kundenmeinungen","og_locale":"de_DE","og_type":"article","og_title":"Kundenmeinungen \u2013 Vertrauen Sie auf echte Erfahrungen","og_description":"Lernen Sie unsere Kundenmeinungen kennen und entdecken Sie echte Erfahrungen \u2013 jetzt klicken und mehr erfahren!","og_url":"https:\/\/www.credafin.be\/de\/kundenmeinungen","og_site_name":"Credafin","article_publisher":"http:\/\/www.facebook.com\/Credafin.be","article_modified_time":"2025-04-03T00:17:15+00:00","og_image":[{"width":461,"height":86,"url":"https:\/\/www.credafin.be\/wp-content\/uploads\/2017\/02\/Trustpilot.jpg","type":"image\/jpeg"}],"twitter_card":"summary_large_image","twitter_site":"@Credafinbe","schema":{"@context":"https:\/\/schema.org","@graph":[{"@type":"WebPage","@id":"https:\/\/www.credafin.be\/de\/kundenmeinungen","url":"https:\/\/www.credafin.be\/de\/kundenmeinungen","name":"Kundenmeinungen \u2013 Vertrauen Sie auf echte Erfahrungen","isPartOf":{"@id":"https:\/\/www.credafin.be\/#website"},"primaryImageOfPage":{"@id":"https:\/\/www.credafin.be\/de\/kundenmeinungen#primaryimage"},"image":{"@id":"https:\/\/www.credafin.be\/de\/kundenmeinungen#primaryimage"},"thumbnailUrl":"https:\/\/www.credafin.be\/wp-content\/uploads\/2017\/02\/Trustpilot.jpg","datePublished":"2025-03-25T08:46:42+00:00","dateModified":"2025-04-03T00:17:15+00:00","description":"Lernen Sie unsere Kundenmeinungen kennen und entdecken Sie echte Erfahrungen \u2013 jetzt klicken und mehr erfahren!","breadcrumb":{"@id":"https:\/\/www.credafin.be\/de\/kundenmeinungen#breadcrumb"},"inLanguage":"de-BE","potentialAction":[{"@type":"ReadAction","target":["https:\/\/www.credafin.be\/de\/kundenmeinungen"]}]},{"@type":"ImageObject","inLanguage":"de-BE","@id":"https:\/\/www.credafin.be\/de\/kundenmeinungen#primaryimage","url":"https:\/\/www.credafin.be\/wp-content\/uploads\/2017\/02\/Trustpilot.jpg","contentUrl":"https:\/\/www.credafin.be\/wp-content\/uploads\/2017\/02\/Trustpilot.jpg"},{"@type":"BreadcrumbList","@id":"https:\/\/www.credafin.be\/de\/kundenmeinungen#breadcrumb","itemListElement":[{"@type":"ListItem","position":1,"name":"Home","item":"https:\/\/www.credafin.be\/de\/credafin-ihre-kredite-zu-besten-zinsen"},{"@type":"ListItem","position":2,"name":"Kundenmeinungen"}]},{"@type":"WebSite","@id":"https:\/\/www.credafin.be\/#website","url":"https:\/\/www.credafin.be\/","name":"Credafin","description":"Oxyg\u00e9nez votre budget en toute s\u00e9r\u00e9nit\u00e9","potentialAction":[{"@type":"SearchAction","target":{"@type":"EntryPoint","urlTemplate":"https:\/\/www.credafin.be\/?s={search_term_string}"},"query-input":{"@type":"PropertyValueSpecification","valueRequired":true,"valueName":"search_term_string"}}],"inLanguage":"de-BE"}]}},"_links":{"self":[{"href":"https:\/\/www.credafin.be\/de\/wp-json\/wp\/v2\/pages\/6713","targetHints":{"allow":["GET"]}}],"collection":[{"href":"https:\/\/www.credafin.be\/de\/wp-json\/wp\/v2\/pages"}],"about":[{"href":"https:\/\/www.credafin.be\/de\/wp-json\/wp\/v2\/types\/page"}],"author":[{"embeddable":true,"href":"https:\/\/www.credafin.be\/de\/wp-json\/wp\/v2\/users\/22"}],"replies":[{"embeddable":true,"href":"https:\/\/www.credafin.be\/de\/wp-json\/wp\/v2\/comments?post=6713"}],"version-history":[{"count":2,"href":"https:\/\/www.credafin.be\/de\/wp-json\/wp\/v2\/pages\/6713\/revisions"}],"predecessor-version":[{"id":8199,"href":"https:\/\/www.credafin.be\/de\/wp-json\/wp\/v2\/pages\/6713\/revisions\/8199"}],"wp:attachment":[{"href":"https:\/\/www.credafin.be\/de\/wp-json\/wp\/v2\/media?parent=6713"}],"curies":[{"name":"wp","href":"https:\/\/api.w.org\/{rel}","templated":true}]}}