{"id":6711,"date":"2025-03-25T09:45:53","date_gmt":"2025-03-25T08:45:53","guid":{"rendered":"https:\/\/www.credafin.be\/der-autofinanzierungskredit-von-credafin-ihr-autokredit-ganz-unkompliziert"},"modified":"2025-06-02T15:59:24","modified_gmt":"2025-06-02T14:59:24","slug":"autokredit","status":"publish","type":"page","link":"https:\/\/www.credafin.be\/de\/autokredit","title":{"rendered":"Autokredit von Credafin: Schnell &#038; unkompliziert"},"content":{"rendered":"<h2 style=\"text-align: justify\">Ihr Autokredit zum besten Zinssatz mit Credafin!<\/h2>\n<p style=\"text-align: justify\">Ihr aktuelles Auto hat ausgedient? Sie m&ouml;chten sich ein neues leisten? Vielleicht ist es Ihr erstes Fahrzeug? Fakt ist, ein Auto stellt eine erhebliche Kosten dar&#8230; Nur wenige k&ouml;nnen es sich leisten, solche Summen ohne einen Autokredit auszugeben. M&ouml;chten Sie Ihr neues Auto &uuml;ber einen Kredit finanzieren? Der Autofinanzierungskredit von <a href=\"https:\/\/credafin.be\" data-internallinksmanager029f6b8e52c=\"1\" title=\"test\">Credafin<\/a> wird Sie begeistern!<\/p>\n<p style=\"text-align: justify\">Der Autokredit von Credafin bietet tats&auml;chlich <span style=\"text-decoration: underline\">sehr konkurrenzf&auml;hige Zinss&auml;tze<\/span>. <a target=\"_blank\" href=\"https:\/\/www.credafin.be\/de\/kontaktieren-sie-uns\" rel=\"noopener\">Z&ouml;gern Sie nicht, uns f&uuml;r weitere Informationen zu kontaktieren<\/a>!<\/p>\n<h2>Die Vorteile des Autofinanzierungskredits von Credafin<\/h2>\n<p style=\"text-align: justify\">Mit Credafin entscheiden Sie sich auch f&uuml;r einen professionellen Service. Sie werden mit einem qualifizierten Experten verbunden und erhalten eine schnelle Analyse. Unsere Kreditangebote sind transparent. Sie haben auch die Garantie vollst&auml;ndiger Vertraulichkeit der bereitgestellten Informationen.<\/p>\n<p>&nbsp;<\/p>\n<h2>Autokredit: Definition<\/h2>\n<p style=\"text-align: justify\">Ein Autokredit ist <a target=\"_blank\" href=\"https:\/\/www.credafin.be\/de\/pret-personnel\" rel=\"noopener\">eine Form des Privatkredits<\/a>. Der Autokredit, wie die meisten, wenn nicht sogar alle Kredite, kann bei Banken und Finanzinstituten abgeschlossen werden.<\/p>\n<p style=\"text-align: justify\">Er wird auch als <strong>Autokredit<\/strong>, <strong>Kfz-Kredit<\/strong>, <strong>Autofinanzierung<\/strong> oder <strong>Fahrzeugfinanzierung<\/strong> bezeichnet.<\/p>\n<p>Der Autokredit eignet sich nicht nur f&uuml;r den Kauf eines Autos, sondern auch f&uuml;r Motorr&auml;der, Wohnmobile, Campervans, Lieferwagen usw. Es ist jedoch wichtig, zwischen dem Autokredit f&uuml;r Neuwagen und <a target=\"_blank\" href=\"https:\/\/www.credafin.be\/de\/gebrauchtwagenkredit\" rel=\"noopener\">dem Kredit f&uuml;r Gebrauchtwagen<\/a> zu unterscheiden, da die Bedingungen nicht zwingend die gleichen sind.<\/p>\n<h2 style=\"text-align: justify\">Die richtige Wahl treffen: Fahrzeug und Kredit!<\/h2>\n<p>&nbsp;<\/p>\n<p style=\"text-align: justify\">Volkswagen, Peugeot, Citro&euml;n, Volvo, Audi, BMW, Mercedes, Fiat, Alfa Romeo usw.: Die Auswahl im Automobilbereich ist enorm! Nachdem Sie sich f&uuml;r eine Marke entschieden haben, m&uuml;ssen Sie den gew&uuml;nschten Fahrzeugtyp ausw&auml;hlen: Stadtauto, SUV, Limousine, Kombi, Van usw. sowie die gew&uuml;nschten Optionen. Kurz gesagt, die richtige Fahrzeugwahl erfordert &Uuml;berlegung und Analyse.<\/p>\n<p style=\"text-align: justify\">Aber auch Ihre Autokreditwahl sollte nicht zuf&auml;llig erfolgen! Das Angebot ist ebenfalls sehr umfangreich. Um den besten Zinssatz, aber auch optimalen Service, vorteilhafte Bedingungen und kompetente Beratung zu erhalten, sollten Sie sich f&uuml;r die richtige Kreditgesellschaft entscheiden. Credafin wird Ihren Bedarf decken! Kontaktieren Sie uns und profitieren Sie von einem unverbindlichen Angebot.<\/p>\n<p style=\"text-align: justify\">\n<style>.bouton01 a {background-color: #eae8e0; padding: 10px; margin: 10px auto!important; border-radius: 10px; font-weight:600; font-size:14px;}<\/style>\n<\/p>\n<p style=\"text-align: center\" class=\"bouton01\"><a target=\"_blank\" href=\"https:\/\/www.credafin.be\/de\/kontaktieren-sie-uns\" rel=\"noopener\">Kontaktieren Sie uns!<\/a><\/p>\n<p>&nbsp;<\/p>\n<div id=\"USP\">\n<div class=\"row\">\n<h2 class=\"titreLP \"> <img decoding=\"async\" class=\"alignnone wp-image-2789\" alt=\"Vorteil Autokredit\" src=\"https:\/\/www.credafin.be\/wp-content\/uploads\/2016\/07\/Icons_V_Orange-e1468234397451.png\" width=\"30\" height=\"30\" \/><span> <\/span>Ihre Credafin Vorteile<\/h2>\n<div class=\"col-md-4\">\n<div id=\"bulletA\"><\/div>\n<h3>Qualifizierte Experten<\/h3>\n<p style=\"text-align: justify\">Bei Credafin sind die Kreditsachverst&auml;ndigen hochqualifiziert. Sie profitieren daher von fachkundiger Beratung.<\/p>\n<\/div>\n<div class=\"col-md-4\">\n<div id=\"bulletB\"><\/div>\n<div class=\"bull\">\n<h3>Schneller Service<\/h3>\n<p style=\"text-align: justify;margin-bottom: 25px\">Teilen Sie uns Ihre W&uuml;nsche mit, wir melden uns schnell bei Ihnen, innerhalb von 24 Stunden!<\/p>\n<\/div>\n<\/div>\n<div class=\"col-md-4\">\n<div id=\"bulletC\"><\/div>\n<h3>Transparenz<\/h3>\n<p style=\"text-align: justify\">Unsere Online-Kreditsimulation bietet Ihnen eine hohe Transparenz, alles ohne Verpflichtung.<\/p>\n<\/div>\n<\/div>\n<div class=\"row\">\n<div class=\"col-md-4\">\n<div id=\"bulletD\"><\/div>\n<h3>Gesicherte Daten<\/h3>\n<p style=\"text-align: justify\">Wir garantieren die Sicherheit und Vertraulichkeit Ihrer Daten. Teilen Sie uns Ihre Pl&auml;ne ohne Bedenken mit.<\/p>\n<\/div>\n<div class=\"col-md-4\">\n<div id=\"bulletE\"><\/div>\n<h3><span>Ma&szlig;geschneiderter Service<\/span><\/h3>\n<p><span>Dank unseres ma&szlig;geschneiderten Service pr\u00e4sentieren wir Ihnen die am besten passenden L&ouml;sungen.<\/span>\n<\/div>\n<div class=\"col-md-4\">\n<div id=\"bulletF\"><\/div>\n<h3>Vorteilhafte Konditionen<\/h3>\n<p style=\"text-align: justify\"><span>Profitieren Sie von g&uuml;nstigen Bedingungen, die auf Ihre Situation zugeschnitten sind, basierend auf einer umfassenden Bewertung Ihrer Anfrage.<\/span><\/p>\n<\/div>\n<\/div>\n<\/div>\n","protected":false},"excerpt":{"rendered":"<p>Sichern Sie sich jetzt Ihren Autokredit bei Credafin und starten Sie durch \u2013 klicken Sie f\u00fcr top Konditionen!<\/p>\n","protected":false},"author":22,"featured_media":0,"parent":0,"menu_order":0,"comment_status":"closed","ping_status":"closed","template":"page-full-sim.php","meta":{"_yoast_wpseo_focuskw":"Autokredit","_yoast_wpseo_title":"Autokredit: Schnell & unkompliziert | Credafin","_yoast_wpseo_metadesc":"Blicken Sie mit Credafin sorglos auf Ihren Autokredit: Jetzt anfragen und von top Konditionen profitieren!","_yoast_wpseo_meta-robots-noindex":"","_yoast_wpseo_meta-robots-nofollow":"","_yoast_wpseo_canonical":"https:\/\/www.credafin.be\/de\/autokredit","_yoast_wpseo_focuskw_text":"Autokredit","_yoast_wpseo_schema":"Article","footnotes":""},"class_list":["post-6711","page","type-page","status-publish","hentry"],"yoast_head":"<!-- This site is optimized with the Yoast SEO plugin v27.4 - https:\/\/yoast.com\/product\/yoast-seo-wordpress\/ -->\n<title>Autokredit: Schnell &amp; unkompliziert | Credafin<\/title>\n<meta name=\"description\" content=\"Blicken Sie mit Credafin sorglos auf Ihren Autokredit: Jetzt anfragen und von top Konditionen profitieren!\" \/>\n<meta name=\"robots\" content=\"index, follow, max-snippet:-1, max-image-preview:large, max-video-preview:-1\" \/>\n<link rel=\"canonical\" href=\"https:\/\/www.credafin.be\/de\/autokredit\" \/>\n<meta property=\"og:locale\" content=\"de_DE\" \/>\n<meta property=\"og:type\" content=\"article\" \/>\n<meta property=\"og:title\" content=\"Autokredit: Schnell &amp; unkompliziert | Credafin\" \/>\n<meta property=\"og:description\" content=\"Blicken Sie mit Credafin sorglos auf Ihren Autokredit: Jetzt anfragen und von top Konditionen profitieren!\" \/>\n<meta property=\"og:url\" content=\"https:\/\/www.credafin.be\/de\/autokredit\" \/>\n<meta property=\"og:site_name\" content=\"Credafin\" \/>\n<meta property=\"article:publisher\" content=\"http:\/\/www.facebook.com\/Credafin.be\" \/>\n<meta property=\"article:modified_time\" content=\"2025-06-02T14:59:24+00:00\" \/>\n<meta property=\"og:image\" content=\"https:\/\/www.credafin.be\/wp-content\/uploads\/2018\/01\/credit-auto-taux-record.jpg\" \/>\n<meta name=\"twitter:card\" content=\"summary_large_image\" \/>\n<meta name=\"twitter:site\" content=\"@Credafinbe\" \/>\n<meta name=\"twitter:label1\" content=\"Est. reading time\" \/>\n\t<meta name=\"twitter:data1\" content=\"3 minutes\" \/>\n<script type=\"application\/ld+json\" class=\"yoast-schema-graph\">{\"@context\":\"https:\\\/\\\/schema.org\",\"@graph\":[{\"@type\":\"WebPage\",\"@id\":\"https:\\\/\\\/www.credafin.be\\\/de\\\/autokredit\",\"url\":\"https:\\\/\\\/www.credafin.be\\\/de\\\/autokredit\",\"name\":\"Autokredit: Schnell & unkompliziert | Credafin\",\"isPartOf\":{\"@id\":\"https:\\\/\\\/www.credafin.be\\\/#website\"},\"primaryImageOfPage\":{\"@id\":\"https:\\\/\\\/www.credafin.be\\\/de\\\/autokredit#primaryimage\"},\"image\":{\"@id\":\"https:\\\/\\\/www.credafin.be\\\/de\\\/autokredit#primaryimage\"},\"thumbnailUrl\":\"https:\\\/\\\/www.credafin.be\\\/wp-content\\\/uploads\\\/2016\\\/07\\\/Icons_V_Orange-e1468234397451.png\",\"datePublished\":\"2025-03-25T08:45:53+00:00\",\"dateModified\":\"2025-06-02T14:59:24+00:00\",\"description\":\"Blicken Sie mit Credafin sorglos auf Ihren Autokredit: Jetzt anfragen und von top Konditionen profitieren!\",\"breadcrumb\":{\"@id\":\"https:\\\/\\\/www.credafin.be\\\/de\\\/autokredit#breadcrumb\"},\"inLanguage\":\"de-BE\",\"potentialAction\":[{\"@type\":\"ReadAction\",\"target\":[\"https:\\\/\\\/www.credafin.be\\\/de\\\/autokredit\"]}]},{\"@type\":\"ImageObject\",\"inLanguage\":\"de-BE\",\"@id\":\"https:\\\/\\\/www.credafin.be\\\/de\\\/autokredit#primaryimage\",\"url\":\"https:\\\/\\\/www.credafin.be\\\/wp-content\\\/uploads\\\/2016\\\/07\\\/Icons_V_Orange-e1468234397451.png\",\"contentUrl\":\"https:\\\/\\\/www.credafin.be\\\/wp-content\\\/uploads\\\/2016\\\/07\\\/Icons_V_Orange-e1468234397451.png\"},{\"@type\":\"BreadcrumbList\",\"@id\":\"https:\\\/\\\/www.credafin.be\\\/de\\\/autokredit#breadcrumb\",\"itemListElement\":[{\"@type\":\"ListItem\",\"position\":1,\"name\":\"Home\",\"item\":\"https:\\\/\\\/www.credafin.be\\\/de\\\/credafin-ihre-kredite-zu-besten-zinsen\"},{\"@type\":\"ListItem\",\"position\":2,\"name\":\"Autokredit von Credafin: Schnell &#038; unkompliziert\"}]},{\"@type\":\"WebSite\",\"@id\":\"https:\\\/\\\/www.credafin.be\\\/#website\",\"url\":\"https:\\\/\\\/www.credafin.be\\\/\",\"name\":\"Credafin\",\"description\":\"Oxyg\u00e9nez votre budget en toute s\u00e9r\u00e9nit\u00e9\",\"potentialAction\":[{\"@type\":\"SearchAction\",\"target\":{\"@type\":\"EntryPoint\",\"urlTemplate\":\"https:\\\/\\\/www.credafin.be\\\/?s={search_term_string}\"},\"query-input\":{\"@type\":\"PropertyValueSpecification\",\"valueRequired\":true,\"valueName\":\"search_term_string\"}}],\"inLanguage\":\"de-BE\"}]}<\/script>\n<!-- \/ Yoast SEO plugin. -->","yoast_head_json":{"title":"Autokredit: Schnell & unkompliziert | Credafin","description":"Blicken Sie mit Credafin sorglos auf Ihren Autokredit: Jetzt anfragen und von top Konditionen profitieren!","robots":{"index":"index","follow":"follow","max-snippet":"max-snippet:-1","max-image-preview":"max-image-preview:large","max-video-preview":"max-video-preview:-1"},"canonical":"https:\/\/www.credafin.be\/de\/autokredit","og_locale":"de_DE","og_type":"article","og_title":"Autokredit: Schnell & unkompliziert | Credafin","og_description":"Blicken Sie mit Credafin sorglos auf Ihren Autokredit: Jetzt anfragen und von top Konditionen profitieren!","og_url":"https:\/\/www.credafin.be\/de\/autokredit","og_site_name":"Credafin","article_publisher":"http:\/\/www.facebook.com\/Credafin.be","article_modified_time":"2025-06-02T14:59:24+00:00","og_image":[{"url":"https:\/\/www.credafin.be\/wp-content\/uploads\/2018\/01\/credit-auto-taux-record.jpg","type":"","width":"","height":""}],"twitter_card":"summary_large_image","twitter_site":"@Credafinbe","twitter_misc":{"Est. reading time":"3 minutes"},"schema":{"@context":"https:\/\/schema.org","@graph":[{"@type":"WebPage","@id":"https:\/\/www.credafin.be\/de\/autokredit","url":"https:\/\/www.credafin.be\/de\/autokredit","name":"Autokredit: Schnell & unkompliziert | Credafin","isPartOf":{"@id":"https:\/\/www.credafin.be\/#website"},"primaryImageOfPage":{"@id":"https:\/\/www.credafin.be\/de\/autokredit#primaryimage"},"image":{"@id":"https:\/\/www.credafin.be\/de\/autokredit#primaryimage"},"thumbnailUrl":"https:\/\/www.credafin.be\/wp-content\/uploads\/2016\/07\/Icons_V_Orange-e1468234397451.png","datePublished":"2025-03-25T08:45:53+00:00","dateModified":"2025-06-02T14:59:24+00:00","description":"Blicken Sie mit Credafin sorglos auf Ihren Autokredit: Jetzt anfragen und von top Konditionen profitieren!","breadcrumb":{"@id":"https:\/\/www.credafin.be\/de\/autokredit#breadcrumb"},"inLanguage":"de-BE","potentialAction":[{"@type":"ReadAction","target":["https:\/\/www.credafin.be\/de\/autokredit"]}]},{"@type":"ImageObject","inLanguage":"de-BE","@id":"https:\/\/www.credafin.be\/de\/autokredit#primaryimage","url":"https:\/\/www.credafin.be\/wp-content\/uploads\/2016\/07\/Icons_V_Orange-e1468234397451.png","contentUrl":"https:\/\/www.credafin.be\/wp-content\/uploads\/2016\/07\/Icons_V_Orange-e1468234397451.png"},{"@type":"BreadcrumbList","@id":"https:\/\/www.credafin.be\/de\/autokredit#breadcrumb","itemListElement":[{"@type":"ListItem","position":1,"name":"Home","item":"https:\/\/www.credafin.be\/de\/credafin-ihre-kredite-zu-besten-zinsen"},{"@type":"ListItem","position":2,"name":"Autokredit von Credafin: Schnell &#038; unkompliziert"}]},{"@type":"WebSite","@id":"https:\/\/www.credafin.be\/#website","url":"https:\/\/www.credafin.be\/","name":"Credafin","description":"Oxyg\u00e9nez votre budget en toute s\u00e9r\u00e9nit\u00e9","potentialAction":[{"@type":"SearchAction","target":{"@type":"EntryPoint","urlTemplate":"https:\/\/www.credafin.be\/?s={search_term_string}"},"query-input":{"@type":"PropertyValueSpecification","valueRequired":true,"valueName":"search_term_string"}}],"inLanguage":"de-BE"}]}},"_links":{"self":[{"href":"https:\/\/www.credafin.be\/de\/wp-json\/wp\/v2\/pages\/6711","targetHints":{"allow":["GET"]}}],"collection":[{"href":"https:\/\/www.credafin.be\/de\/wp-json\/wp\/v2\/pages"}],"about":[{"href":"https:\/\/www.credafin.be\/de\/wp-json\/wp\/v2\/types\/page"}],"author":[{"embeddable":true,"href":"https:\/\/www.credafin.be\/de\/wp-json\/wp\/v2\/users\/22"}],"replies":[{"embeddable":true,"href":"https:\/\/www.credafin.be\/de\/wp-json\/wp\/v2\/comments?post=6711"}],"version-history":[{"count":4,"href":"https:\/\/www.credafin.be\/de\/wp-json\/wp\/v2\/pages\/6711\/revisions"}],"predecessor-version":[{"id":8350,"href":"https:\/\/www.credafin.be\/de\/wp-json\/wp\/v2\/pages\/6711\/revisions\/8350"}],"wp:attachment":[{"href":"https:\/\/www.credafin.be\/de\/wp-json\/wp\/v2\/media?parent=6711"}],"curies":[{"name":"wp","href":"https:\/\/api.w.org\/{rel}","templated":true}]}}