{"id":6709,"date":"2025-03-25T09:45:06","date_gmt":"2025-03-25T08:45:06","guid":{"rendered":"https:\/\/www.credafin.be\/hochzeitsdarlehen-fr-eine-hochzeit-wie-sie-sie-sich-ertrumen"},"modified":"2025-04-03T01:24:33","modified_gmt":"2025-04-03T00:24:33","slug":"hochzeitskredit","status":"publish","type":"page","link":"https:\/\/www.credafin.be\/de\/hochzeitskredit","title":{"rendered":"Hochzeitsdarlehen: F&uuml;r eine Hochzeit, wie Sie sie sich ertr&auml;umen!"},"content":{"rendered":"<h2 style=\"text-align: justify\">Hochzeitsdarlehen: Organisieren Sie Ihre Feier mit dem Hochzeitskredit von Credafin<\/h2>\n<p>&nbsp;<\/p>\n<p style=\"text-align: justify\">Wie das alte Sprichwort sagt: <em>&#8220;Liebe, das l&auml;sst sich nicht erkl&auml;ren&#8221;<\/em>. Haben Sie sich unsterblich in Ihre bessere H&auml;lfte verliebt? Wenn es in Ihrem Geist klar ist, dass er oder sie der Mann oder die Frau Ihres Lebens ist, m&ouml;chten Sie sich auch f&uuml;r immer vor Ihren jeweiligen Familien vereinen? Tr&auml;umen Sie seit Ihrer Kindheit davon, zu heiraten? Der gro&szlig;e Tag ist endlich gekommen? M&ouml;chten Sie alles gro&szlig;artig gestalten? Ihre Ersparnisse decken nur einen Teil oder gar nicht Ihre Ausgaben? Ihre Angeh&ouml;rigen k&ouml;nnen Ihnen finanziell nicht helfen? <span style=\"text-decoration: underline\"><a href=\"https:\/\/credafin.be\" data-internallinksmanager029f6b8e52c=\"1\" title=\"test\">Credafin<\/a> kann es<\/span>. Entdecken Sie alles, was Sie &uuml;ber das <strong>Hochzeitsdarlehen<\/strong> wissen m&uuml;ssen!<\/p>\n<p>&nbsp;<\/p>\n<h2 style=\"text-align: justify\">Das Hochzeitsdarlehen: Geld ist kein Hindernis mehr<\/h2>\n<p>&nbsp;<\/p>\n<p style=\"text-align: justify\">Viele behaupten, dass ihre Hochzeit der sch&ouml;nste Tag ihres Lebens war. Heiraten, sich mit der geliebten Person zu verbinden, stellt tats&auml;chlich einen wichtigen Schritt dar. F&uuml;r viele markiert die Hochzeit das Ende eines Lebens und den Beginn eines neuen, zu zweit. Dennoch erfordert ein solches Ereignis in der Regel <strong>eine mehr oder weniger gro&szlig;e Investition<\/strong>. Und auch wenn Sie im Gegensatz zu denen, die keine Ausgaben scheuen, sparsam sein m&ouml;chten, bleibt der Grundbetrag erheblich.<\/p>\n<p style=\"text-align: justify\">Auch wenn die Tradition, dass die Eltern der k&uuml;nftigen Ehepartner an den Kosten teilnehmen, erhalten bleibt, ist es nicht immer m&ouml;glich&#8230; Und wenn Sie selbst nicht in der Lage sind, diese Last zu tragen, anstatt Ihren Traum zerplatzen zu sehen, gibt es eine L&ouml;sung: <span style=\"text-decoration: underline\">ein Hochzeitsdarlehen abschlie&szlig;en<\/span>.<\/p>\n<p>&nbsp;<\/p>\n<h2 style=\"text-align: justify\">Die Hochzeit und ihre (sehr) zahlreichen Ausgaben&#8230;<\/h2>\n<p>&nbsp;<\/p>\n<p style=\"text-align: justify\">Von dem Kauf des Kleides und des Anzugs &uuml;ber die Anmietung des Empfangsortes bis hin zum Kauf der Ringe, die Kosten f&uuml;r den Fotografen, den Caterer und das Unterhaltungsprogramm, und nicht zu vergessen <a href=\"https:\/\/www.credafin.be\/de\/pret-urlaub\">die Hochzeitsreise<\/a>, es ist eine Tatsache: Eine Hochzeit ist teuer, ja sehr teuer. Wenn der Gesamtbetrag logischerweise von der Qualit&auml;t der angebotenen Dienstleistungen sowie von der Anzahl der geladenen G&auml;ste abh&auml;ngt, bleibt selbst die kleinste Hochzeit alles andere als g&uuml;nstig.<\/p>\n<p style=\"text-align: justify\">Dank des Hochzeitsdarlehens k&ouml;nnen Sie alle diese Ausgaben abdecken und so diesen einzigartigen Tag in vollen Z&uuml;gen genie&szlig;en!<\/p>\n<p>&nbsp;<\/p>\n<h2 style=\"text-align: justify\">Das Hochzeitsdarlehen in der Praxis<\/h2>\n<p>&nbsp;<\/p>\n<p style=\"text-align: justify\">Das Hochzeitsdarlehen <a href=\"https:\/\/www.credafin.be\/de\/pret-personnel\">ist nichts anderes als ein <strong>Personalkredit<\/strong><\/a>. Es handelt sich daher um einen <strong>nicht zweckgebundenen Kredit<\/strong>. Seine Vergabe ist daher relativ <strong>einfach<\/strong> und <strong>schnell<\/strong>. Hervorzuheben ist auch, dass Sie, da es sich um einen Personalkredit handelt, die geliehene Summe nach Belieben aufteilen k&ouml;nnen.<\/p>\n<h3 style=\"text-align: justify\"><\/h3>\n<h3 style=\"text-align: justify\">Das Credafin-Hochzeitsdarlehen<\/h3>\n<p style=\"text-align: justify\">Wenn Sie Ihr Hochzeitsdarlehen bei Credafin abschlie&szlig;en, sichern Sie sich einen qualit&auml;tsvollen und schnellen Service, denn unsere Experten verpflichten sich, Ihnen innerhalb von 24 Stunden zu antworten!<\/p>\n<p style=\"text-align: justify\">Haben Sie weitere Fragen zum Credafin-Hochzeitsdarlehen? <span style=\"text-decoration: underline\">Wir sind hier, um Ihnen zu helfen<\/span>!<\/p>\n<p>&nbsp;<\/p>\n<p style=\"text-align: justify\">\n<style>.bouton01 a {background-color: #eae8e0; padding: 10px; margin: 10px auto!important; border-radius: 10px; font-weight:600; font-size:14px;}<\/style>\n<\/p>\n<p style=\"text-align: center\" class=\"bouton01\"><a href=\"https:\/\/www.credafin.be\/de\/kontaktieren-sie-uns\">Kontaktieren Sie uns!<\/a><\/p>\n<p>&nbsp;<\/p>\n<div id=\"USP\">\n<div class=\"row\">\n<h2 class=\"titreLP \">\u00a0<img decoding=\"async\" class=\"alignnone wp-image-2789\" alt=\"Icons_V_Orange\" src=\"https:\/\/www.credafin.be\/wp-content\/uploads\/2016\/07\/Icons_V_Orange-e1468234397451.png\" width=\"30\" height=\"30\" \/><span> <\/span>Ihre Vorteile mit Credafin<\/h2>\n<div class=\"col-md-4\">\n<div id=\"bulletA\"><\/div>\n<h3>Qualifizierte Experten<\/h3>\n<p style=\"text-align: justify\">Bei Credafin sind die Kreditspezialisten hochqualifiziert. Sie profitieren also von fundierten Ratschl&auml;gen.<\/p>\n<\/div>\n<div class=\"col-md-4\">\n<div id=\"bulletB\"><\/div>\n<div class=\"bull\">\n<h3>Schneller Service<\/h3>\n<p style=\"text-align: justify;margin-bottom: 25px\">Teilen Sie uns Ihre W&uuml;nsche mit, wir geben Ihnen eine schnelle Antwort, innerhalb von 24 Stunden!<\/p>\n<\/div>\n<\/div>\n<div class=\"col-md-4\">\n<div id=\"bulletC\"><\/div>\n<h3>Transparenz<\/h3>\n<p style=\"text-align: justify\">Unser Online-Kreditsimulationsformular bietet Ihnen eine gro&szlig;e Transparenz, und das ganz ohne Verpflichtung.<\/p>\n<\/div>\n<\/div>\n<div class=\"row\">\n<div class=\"col-md-4\">\n<div id=\"bulletD\"><\/div>\n<h3>Gesicherte Daten<\/h3>\n<p style=\"text-align: justify\">Wir garantieren Ihnen die Sicherheit und Vertraulichkeit Ihrer Daten. Erz&auml;hlen Sie uns von Ihren Projekten ohne Angst.<\/p>\n<\/div>\n<div class=\"col-md-4\">\n<div id=\"bulletE\"><\/div>\n<h3><span>Ma&szlig;geschneiderter Service<\/span><\/h3>\n<p><span>Dank unseres ma&szlig;geschneiderten Service k&ouml;nnen Sie uns Ihre Projekte mitteilen, und wir bieten Ihnen die passendsten L&ouml;sungen an.<\/span><\/div>\n<div class=\"col-md-4\">\n<div id=\"bulletF\"><\/div>\n<h3>G&uuml;nstige Zinsen<\/h3>\n<p style=\"text-align: justify\"><span>Profitieren Sie von g&uuml;nstigen Konditionen, die auf Ihre Situation abgestimmt sind und aus einer umfassenden Bewertung Ihres Antrags resultieren.<\/span><\/p>\n<\/div>\n<\/div>\n<\/div>\n","protected":false},"excerpt":{"rendered":"<p>Erf\u00fcllen Sie sich Ihren Hochzeitstraum: Mit unserem Hochzeitsdarlehen organisieren Sie Ihre unvergessliche Feier \u2013 jetzt klicken und loslegen!<\/p>\n","protected":false},"author":22,"featured_media":0,"parent":0,"menu_order":0,"comment_status":"closed","ping_status":"closed","template":"page-full-sim.php","meta":{"_yoast_wpseo_focuskw":"Hochzeitsdarlehen","_yoast_wpseo_title":"Hochzeitsdarlehen: F&uuml;r eine Hochzeit, wie Sie sie sich ertr&auml;umen!","_yoast_wpseo_metadesc":"Erfahren Sie alles \u00fcber das Hochzeitsdarlehen und erf\u00fcllen Sie sich Ihren Traumtag \u2013 jetzt anfragen und sorgenfrei feiern!","_yoast_wpseo_meta-robots-noindex":"","_yoast_wpseo_meta-robots-nofollow":"","_yoast_wpseo_canonical":"https:\/\/www.credafin.be\/de\/hochzeitskredit","_yoast_wpseo_focuskw_text":"Hochzeitsdarlehen","_yoast_wpseo_schema":"Article","footnotes":""},"class_list":["post-6709","page","type-page","status-publish","hentry"],"yoast_head":"<!-- This site is optimized with the Yoast SEO plugin v27.4 - https:\/\/yoast.com\/product\/yoast-seo-wordpress\/ -->\n<title>Hochzeitsdarlehen: F&uuml;r eine Hochzeit, wie Sie sie sich ertr&auml;umen!<\/title>\n<meta name=\"description\" content=\"Erfahren Sie alles \u00fcber das Hochzeitsdarlehen und erf\u00fcllen Sie sich Ihren Traumtag \u2013 jetzt anfragen und sorgenfrei feiern!\" \/>\n<meta name=\"robots\" content=\"index, follow, max-snippet:-1, max-image-preview:large, max-video-preview:-1\" \/>\n<link rel=\"canonical\" href=\"https:\/\/www.credafin.be\/de\/hochzeitskredit\" \/>\n<meta property=\"og:locale\" content=\"de_DE\" \/>\n<meta property=\"og:type\" content=\"article\" \/>\n<meta property=\"og:title\" content=\"Hochzeitsdarlehen: F&uuml;r eine Hochzeit, wie Sie sie sich ertr&auml;umen!\" \/>\n<meta property=\"og:description\" content=\"Erfahren Sie alles \u00fcber das Hochzeitsdarlehen und erf\u00fcllen Sie sich Ihren Traumtag \u2013 jetzt anfragen und sorgenfrei feiern!\" \/>\n<meta property=\"og:url\" content=\"https:\/\/www.credafin.be\/de\/hochzeitskredit\" \/>\n<meta property=\"og:site_name\" content=\"Credafin\" \/>\n<meta property=\"article:publisher\" content=\"http:\/\/www.facebook.com\/Credafin.be\" \/>\n<meta property=\"article:modified_time\" content=\"2025-04-03T00:24:33+00:00\" \/>\n<meta property=\"og:image\" content=\"https:\/\/www.credafin.be\/wp-content\/uploads\/2019\/01\/shutterstock_334290167.jpg\" \/>\n<meta name=\"twitter:card\" content=\"summary_large_image\" \/>\n<meta name=\"twitter:site\" content=\"@Credafinbe\" \/>\n<meta name=\"twitter:label1\" content=\"Est. reading time\" \/>\n\t<meta name=\"twitter:data1\" content=\"3 minutes\" \/>\n<script type=\"application\/ld+json\" class=\"yoast-schema-graph\">{\"@context\":\"https:\\\/\\\/schema.org\",\"@graph\":[{\"@type\":\"WebPage\",\"@id\":\"https:\\\/\\\/www.credafin.be\\\/de\\\/hochzeitskredit\",\"url\":\"https:\\\/\\\/www.credafin.be\\\/de\\\/hochzeitskredit\",\"name\":\"Hochzeitsdarlehen: F&uuml;r eine Hochzeit, wie Sie sie sich ertr&auml;umen!\",\"isPartOf\":{\"@id\":\"https:\\\/\\\/www.credafin.be\\\/#website\"},\"primaryImageOfPage\":{\"@id\":\"https:\\\/\\\/www.credafin.be\\\/de\\\/hochzeitskredit#primaryimage\"},\"image\":{\"@id\":\"https:\\\/\\\/www.credafin.be\\\/de\\\/hochzeitskredit#primaryimage\"},\"thumbnailUrl\":\"https:\\\/\\\/www.credafin.be\\\/wp-content\\\/uploads\\\/2016\\\/07\\\/Icons_V_Orange-e1468234397451.png\",\"datePublished\":\"2025-03-25T08:45:06+00:00\",\"dateModified\":\"2025-04-03T00:24:33+00:00\",\"description\":\"Erfahren Sie alles \u00fcber das Hochzeitsdarlehen und erf\u00fcllen Sie sich Ihren Traumtag \u2013 jetzt anfragen und sorgenfrei feiern!\",\"breadcrumb\":{\"@id\":\"https:\\\/\\\/www.credafin.be\\\/de\\\/hochzeitskredit#breadcrumb\"},\"inLanguage\":\"de-BE\",\"potentialAction\":[{\"@type\":\"ReadAction\",\"target\":[\"https:\\\/\\\/www.credafin.be\\\/de\\\/hochzeitskredit\"]}]},{\"@type\":\"ImageObject\",\"inLanguage\":\"de-BE\",\"@id\":\"https:\\\/\\\/www.credafin.be\\\/de\\\/hochzeitskredit#primaryimage\",\"url\":\"https:\\\/\\\/www.credafin.be\\\/wp-content\\\/uploads\\\/2016\\\/07\\\/Icons_V_Orange-e1468234397451.png\",\"contentUrl\":\"https:\\\/\\\/www.credafin.be\\\/wp-content\\\/uploads\\\/2016\\\/07\\\/Icons_V_Orange-e1468234397451.png\"},{\"@type\":\"BreadcrumbList\",\"@id\":\"https:\\\/\\\/www.credafin.be\\\/de\\\/hochzeitskredit#breadcrumb\",\"itemListElement\":[{\"@type\":\"ListItem\",\"position\":1,\"name\":\"Home\",\"item\":\"https:\\\/\\\/www.credafin.be\\\/de\\\/credafin-ihre-kredite-zu-besten-zinsen\"},{\"@type\":\"ListItem\",\"position\":2,\"name\":\"Hochzeitsdarlehen: F&uuml;r eine Hochzeit, wie Sie sie sich ertr&auml;umen!\"}]},{\"@type\":\"WebSite\",\"@id\":\"https:\\\/\\\/www.credafin.be\\\/#website\",\"url\":\"https:\\\/\\\/www.credafin.be\\\/\",\"name\":\"Credafin\",\"description\":\"Oxyg\u00e9nez votre budget en toute s\u00e9r\u00e9nit\u00e9\",\"potentialAction\":[{\"@type\":\"SearchAction\",\"target\":{\"@type\":\"EntryPoint\",\"urlTemplate\":\"https:\\\/\\\/www.credafin.be\\\/?s={search_term_string}\"},\"query-input\":{\"@type\":\"PropertyValueSpecification\",\"valueRequired\":true,\"valueName\":\"search_term_string\"}}],\"inLanguage\":\"de-BE\"}]}<\/script>\n<!-- \/ Yoast SEO plugin. -->","yoast_head_json":{"title":"Hochzeitsdarlehen: F&uuml;r eine Hochzeit, wie Sie sie sich ertr&auml;umen!","description":"Erfahren Sie alles \u00fcber das Hochzeitsdarlehen und erf\u00fcllen Sie sich Ihren Traumtag \u2013 jetzt anfragen und sorgenfrei feiern!","robots":{"index":"index","follow":"follow","max-snippet":"max-snippet:-1","max-image-preview":"max-image-preview:large","max-video-preview":"max-video-preview:-1"},"canonical":"https:\/\/www.credafin.be\/de\/hochzeitskredit","og_locale":"de_DE","og_type":"article","og_title":"Hochzeitsdarlehen: F&uuml;r eine Hochzeit, wie Sie sie sich ertr&auml;umen!","og_description":"Erfahren Sie alles \u00fcber das Hochzeitsdarlehen und erf\u00fcllen Sie sich Ihren Traumtag \u2013 jetzt anfragen und sorgenfrei feiern!","og_url":"https:\/\/www.credafin.be\/de\/hochzeitskredit","og_site_name":"Credafin","article_publisher":"http:\/\/www.facebook.com\/Credafin.be","article_modified_time":"2025-04-03T00:24:33+00:00","og_image":[{"url":"https:\/\/www.credafin.be\/wp-content\/uploads\/2019\/01\/shutterstock_334290167.jpg","type":"","width":"","height":""}],"twitter_card":"summary_large_image","twitter_site":"@Credafinbe","twitter_misc":{"Est. reading time":"3 minutes"},"schema":{"@context":"https:\/\/schema.org","@graph":[{"@type":"WebPage","@id":"https:\/\/www.credafin.be\/de\/hochzeitskredit","url":"https:\/\/www.credafin.be\/de\/hochzeitskredit","name":"Hochzeitsdarlehen: F&uuml;r eine Hochzeit, wie Sie sie sich ertr&auml;umen!","isPartOf":{"@id":"https:\/\/www.credafin.be\/#website"},"primaryImageOfPage":{"@id":"https:\/\/www.credafin.be\/de\/hochzeitskredit#primaryimage"},"image":{"@id":"https:\/\/www.credafin.be\/de\/hochzeitskredit#primaryimage"},"thumbnailUrl":"https:\/\/www.credafin.be\/wp-content\/uploads\/2016\/07\/Icons_V_Orange-e1468234397451.png","datePublished":"2025-03-25T08:45:06+00:00","dateModified":"2025-04-03T00:24:33+00:00","description":"Erfahren Sie alles \u00fcber das Hochzeitsdarlehen und erf\u00fcllen Sie sich Ihren Traumtag \u2013 jetzt anfragen und sorgenfrei feiern!","breadcrumb":{"@id":"https:\/\/www.credafin.be\/de\/hochzeitskredit#breadcrumb"},"inLanguage":"de-BE","potentialAction":[{"@type":"ReadAction","target":["https:\/\/www.credafin.be\/de\/hochzeitskredit"]}]},{"@type":"ImageObject","inLanguage":"de-BE","@id":"https:\/\/www.credafin.be\/de\/hochzeitskredit#primaryimage","url":"https:\/\/www.credafin.be\/wp-content\/uploads\/2016\/07\/Icons_V_Orange-e1468234397451.png","contentUrl":"https:\/\/www.credafin.be\/wp-content\/uploads\/2016\/07\/Icons_V_Orange-e1468234397451.png"},{"@type":"BreadcrumbList","@id":"https:\/\/www.credafin.be\/de\/hochzeitskredit#breadcrumb","itemListElement":[{"@type":"ListItem","position":1,"name":"Home","item":"https:\/\/www.credafin.be\/de\/credafin-ihre-kredite-zu-besten-zinsen"},{"@type":"ListItem","position":2,"name":"Hochzeitsdarlehen: F&uuml;r eine Hochzeit, wie Sie sie sich ertr&auml;umen!"}]},{"@type":"WebSite","@id":"https:\/\/www.credafin.be\/#website","url":"https:\/\/www.credafin.be\/","name":"Credafin","description":"Oxyg\u00e9nez votre budget en toute s\u00e9r\u00e9nit\u00e9","potentialAction":[{"@type":"SearchAction","target":{"@type":"EntryPoint","urlTemplate":"https:\/\/www.credafin.be\/?s={search_term_string}"},"query-input":{"@type":"PropertyValueSpecification","valueRequired":true,"valueName":"search_term_string"}}],"inLanguage":"de-BE"}]}},"_links":{"self":[{"href":"https:\/\/www.credafin.be\/de\/wp-json\/wp\/v2\/pages\/6709","targetHints":{"allow":["GET"]}}],"collection":[{"href":"https:\/\/www.credafin.be\/de\/wp-json\/wp\/v2\/pages"}],"about":[{"href":"https:\/\/www.credafin.be\/de\/wp-json\/wp\/v2\/types\/page"}],"author":[{"embeddable":true,"href":"https:\/\/www.credafin.be\/de\/wp-json\/wp\/v2\/users\/22"}],"replies":[{"embeddable":true,"href":"https:\/\/www.credafin.be\/de\/wp-json\/wp\/v2\/comments?post=6709"}],"version-history":[{"count":3,"href":"https:\/\/www.credafin.be\/de\/wp-json\/wp\/v2\/pages\/6709\/revisions"}],"predecessor-version":[{"id":8202,"href":"https:\/\/www.credafin.be\/de\/wp-json\/wp\/v2\/pages\/6709\/revisions\/8202"}],"wp:attachment":[{"href":"https:\/\/www.credafin.be\/de\/wp-json\/wp\/v2\/media?parent=6709"}],"curies":[{"name":"wp","href":"https:\/\/api.w.org\/{rel}","templated":true}]}}