{"id":6708,"date":"2025-03-25T09:44:45","date_gmt":"2025-03-25T08:44:45","guid":{"rendered":"https:\/\/www.credafin.be\/scheidungskredit-bewltigen-sie-die-mit-der-trennung-verbundenen-kosten"},"modified":"2025-04-03T01:25:45","modified_gmt":"2025-04-03T00:25:45","slug":"credit-scheidung","status":"publish","type":"page","link":"https:\/\/www.credafin.be\/de\/credit-scheidung","title":{"rendered":"Scheidungskredit: Bew&auml;ltigen Sie die mit der Trennung verbundenen Kosten!"},"content":{"rendered":"<h2 style=\"text-align: justify\">Der Scheidungskredit f\u00fcr unerwartete Ausgaben&#8230;<\/h2>\n<p>&nbsp;<\/p>\n<p style=\"text-align: justify\">Sich lieben hei&szlig;t, gemeinsam etwas aufbauen. Es hei&szlig;t, in eine gemeinsame Richtung zu gehen. Ein Haus, <a href=\"https:\/\/www.credafin.be\/de\/autokredit\">ein oder mehrere Autos<\/a>, <a href=\"https:\/\/www.credafin.be\/de\/pret-travaux\">Renovierungsarbeiten<\/a>, <a href=\"https:\/\/www.credafin.be\/de\/pret-personnel\">ein Privatkredit<\/a> hier, <a href=\"https:\/\/www.credafin.be\/de\/allzweckdarlehen\">ein Allzweckkredit<\/a> dort, und schon haben Sie beide eine stattliche Menge an Krediten. Doch wenn alles endet, m&uuml;ssen Sie Ihre gemeinsamen Schulden weiterhin begleichen, ganz zu schweigen davon, dass ein Scheidungsverfahren selbst sehr teuer sein kann&#8230;<\/p>\n<p style=\"text-align: justify\">Helfen Sie sich selbst in dieser schwierigen Zeit mit dem <span style=\"text-decoration: underline\">Scheidungskredit<\/span>!<\/p>\n<p style=\"text-align: justify\"><em>Hinweis<\/em>: Der Scheidungskredit, wie der Name schon sagt, hilft bei der Bew&auml;ltigung der durch eine legale Trennung nach einer Eheschlie&szlig;ung entstehenden Kosten. Allerdings gilt er auch f&uuml;r einfache Trennungen, bei denen es nicht um Scheidung geht, da kein Ehevertrag besteht.<\/p>\n<p style=\"text-align: justify\">Im Jahr 2015 lie&szlig;en sich nicht weniger als 24.000 belgische Paare scheiden. Zu dieser beeindruckenden Zahl kommen noch die Trennungen nicht verheirateter Paare hinzu&#8230; Auch wenn man die Liebe feiern und an sie glauben sollte, k&ouml;nnen nicht alle Paare alle Widrigkeiten &uuml;berstehen&#8230;<\/p>\n<p>&nbsp;<\/p>\n<h2 style=\"text-align: justify\">Eine Scheidung: Was kostet sie?<\/h2>\n<p>&nbsp;<\/p>\n<p style=\"text-align: justify\"><a href=\"https:\/\/www.credafin.be\/de\/hochzeitskredit\">Wenn eine Heirat ein bestimmtes Budget erfordert<\/a>, dann ist das bei einer Scheidung nicht anders&#8230; Je nachdem, ob die Scheidung einvernehmlich ist oder nicht, k&ouml;nnen die Betr&auml;ge erheblich schwanken, manchmal um das Doppelte oder mehr&#8230; Sie k&ouml;nnen zwischen 2.000 und 15.000&euro;liegen.<\/p>\n<p style=\"text-align: justify\">Da nicht jeder zu einem gegebenen Zeitpunkt &uuml;ber eine solche Summe verf&uuml;gt, kann der Scheidungskredit eine sehr hilfreiche Unterst&uuml;tzung sein.<\/p>\n<p>&nbsp;<\/p>\n<h2 style=\"text-align: justify\">Kredite und Scheidung: Wie funktioniert das?<\/h2>\n<p>&nbsp;<\/p>\n<p style=\"text-align: justify\">Eine Scheidung wirft viele Fragen auf. M&ouml;chten Sie wissen, was mit den gemeinsam aufgenommenen Krediten nach Ihrer Scheidung (oder Trennung) passiert? Ebenso f&uuml;r die individuell aufgenommenen Kredite? Lassen Sie uns Klarheit schaffen.<\/p>\n<p>&nbsp;<\/p>\n<ul style=\"text-align: justify\">\n<li>\n<h4>Sie waren in einer eingetragenen oder tats&auml;chlichen Lebensgemeinschaft<\/h4>\n<\/li>\n<\/ul>\n<p style=\"text-align: justify\">Innerhalb einer eingetragenen oder tats&auml;chlichen Lebensgemeinschaft ist jeder Partner f&uuml;r die Schulden verantwortlich, die er selbst aufgenommen hat. Wenn jedoch ein Kredit, sei er nun von Ihnen oder einem anderen Partner aufgenommen, im Hinblick auf die Bed&uuml;rfnisse der Familie abgeschlossen wurde, haften Sie und Ihr Partner gesamtschuldnerisch f&uuml;r diese Schulden.<\/p>\n<p>&nbsp;<\/p>\n<ul style=\"text-align: justify\">\n<li>\n<h4>Sie waren unter dem gesetzlichen G&uuml;terstand verheiratet<\/h4>\n<\/li>\n<\/ul>\n<p style=\"text-align: justify\">Der gesetzliche G&uuml;terstand ist der, dem Sie au\u00dfer gegenteiliger Angabe unterliegen. Er unterscheidet zwischen gemeinschaftlichem und pers&ouml;nlichem Verm&ouml;gen. Bei einer Scheidung wird nur das gemeinschaftliche Verm&ouml;gen aufgeteilt. Alle w&auml;hrend der Ehe aufgenommenen Schulden sind im gemeinschaftlichen Verm&ouml;gen enthalten und werden somit unter beiden Parteien aufgeteilt.<\/p>\n<p>&nbsp;<\/p>\n<ul style=\"text-align: justify\">\n<li>\n<h4>Sie waren unter dem G&uuml;tertrennungsregime verheiratet<\/h4>\n<\/li>\n<\/ul>\n<p style=\"text-align: justify\">Im Rahmen des G&uuml;tertrennungsregimes ist jede Partei f&uuml;r ihre eigenen Schulden verantwortlich und bleibt Eigent&uuml;mer ihrer eigenen G&uuml;ter. Es sei denn, ein Kredit wurde von beiden unterschrieben, alle von einem oder dem anderen aufgenommenen Kredite bleiben im Besitz des einen oder des anderen, ungeachtet ihrer Art.<\/p>\n<p>&nbsp;<\/p>\n<ul style=\"text-align: justify\">\n<li>\n<h4>Sie sind unter dem G&uuml;tergemeinschaftsregime verheiratet<\/h4>\n<\/li>\n<\/ul>\n<p style=\"text-align: justify\">Das G&uuml;tergemeinschaftsregime sieht vor, dass alle vor oder w&auml;hrend der Ehe aufgenommenen Schulden im gemeinschaftlichen Verm&ouml;gen enthalten sind und somit gleichm&auml;&szlig;ig auf beide Parteien verteilt werden.<\/p>\n<p>&nbsp;<\/p>\n<p style=\"text-align: justify\">F&uuml;r mehr Informationen zu diesem Thema: <a target=\"_blank\" href=\"https:\/\/www.belgium.be\/fr\/famille\/couple\/mariage\/Regime_matrimonial\" rel=\"noopener\">www.belgium.be<\/a>.<\/p>\n<p style=\"text-align: justify\">Ihre neue Situation f&uuml;hrt zu neuen Kosten? Nutzen Sie Ihren Scheidungskredit, um diese zu decken!<\/p>\n<p>&nbsp;<\/p>\n<h3 style=\"text-align: justify\">Wer beh&auml;lt das Haus?<\/h3>\n<p style=\"text-align: justify\">Sie waren Eigent&uuml;mer eines Hauses? Jetzt m&uuml;ssen Sie entscheiden, was damit geschehen soll&#8230; M&ouml;chten Sie es verkaufen? Behalten? Und wenn ja: Wer von Ihnen wird der Eigent&uuml;mer bleiben? Egal, was Sie entscheiden, Sie werden in jedem Fall nicht um einen weiteren Notartermin herumkommen, mit allen damit verbundenen Kosten&#8230; Gl&uuml;cklicherweise kann der Scheidungskredit auch in diesem speziellen Fall eine gro&szlig;e Hilfe sein.<\/p>\n<p>&nbsp;<\/p>\n<h2>Der Scheidungskredit bei Credafin<\/h2>\n<p>&nbsp;<\/p>\n<p>M&ouml;chten Sie einen Scheidungskredit aufnehmen? <a href=\"https:\/\/credafin.be\" data-internallinksmanager029f6b8e52c=\"1\" title=\"test\">Credafin<\/a> ber&auml;t, unterst&uuml;tzt und hilft Ihnen weiter!<\/p>\n<p>&nbsp;<\/p>\n<p style=\"text-align: justify\">\n<style>.bouton01 a {background-color: #eae8e0; padding: 15px; margin: 10px auto!important; border-radius: 10px; font-weight:600; font-size:16px;}<\/style>\n<\/p>\n<p style=\"text-align: center\" class=\"bouton01\"><a href=\"https:\/\/www.credafin.be\/de\/kontaktieren-sie-uns\">Kontaktieren Sie uns!<\/a><\/p>\n<div class=\"clearfix\"><\/div>\n<p>&nbsp;<\/p>\n<div id=\"USP\">\n<div class=\"row\">\n<h2 class=\"titreLP \">\u00a0<img decoding=\"async\" class=\"alignnone wp-image-2789\" alt=\"Icons_V_Orange\" src=\"https:\/\/www.credafin.be\/wp-content\/uploads\/2016\/07\/Icons_V_Orange-e1468234397451.png\" width=\"30\" height=\"30\" \/><span> <\/span>Ihre Vorteile bei Credafin<\/h2>\n<div class=\"col-md-4\">\n<div id=\"bulletA\"><\/div>\n<h3>Qualifizierte Experten<\/h3>\n<p style=\"text-align: justify\">Bei Credafin sind die Kreditspezialisten hochqualifiziert. Sie erhalten daher fundierte Beratung.<\/p>\n<\/div>\n<div class=\"col-md-4\">\n<div id=\"bulletB\"><\/div>\n<div class=\"bull\">\n<h3>Schneller Service<\/h3>\n<p style=\"text-align: justify;margin-bottom: 25px\">Teilen Sie uns Ihre W&uuml;nsche mit, wir geben Ihnen innerhalb von 24 Stunden eine R&uuml;ckmeldung!<\/p>\n<\/div>\n<\/div>\n<div class=\"col-md-4\">\n<div id=\"bulletC\"><\/div>\n<h3>Transparenz<\/h3>\n<p style=\"text-align: justify\">Unser Online-Kreditsimulationstool bietet Ihnen erhebliche Transparenz, alles ohne Verpflichtungen.<\/p>\n<\/div>\n<\/div>\n<div class=\"row\">\n<div class=\"col-md-4\">\n<div id=\"bulletD\"><\/div>\n<h3>Sichere Daten<\/h3>\n<p style=\"text-align: justify\">Wir garantieren die Sicherheit und Vertraulichkeit Ihrer Daten. Teilen Sie uns Ihre Pl&auml;ne ohne Bedenken mit.<\/p>\n<\/div>\n<div class=\"col-md-4\">\n<div id=\"bulletE\"><\/div>\n<h3><span>Individueller Service<\/span><\/h3>\n<p><span>Dank unseres individuellen Services k&ouml;nnen Sie uns Ihre Pl&auml;ne mitteilen und wir schlagen Ihnen die am besten geeigneten L&ouml;sungen vor.<\/span>\n<\/div>\n<div class=\"col-md-4\">\n<div id=\"bulletF\"><\/div>\n<h3><span>G&uuml;nstige Konditionen<\/span><\/h3>\n<p style=\"text-align: justify\"><span>Profitieren Sie von g&uuml;nstigen Bedingungen, die Ihrer Situation entsprechen und auf einer umfassenden Bewertung Ihrer Anfrage basieren.<\/span><\/p>\n<\/div>\n<\/div>\n<\/div>\n","protected":false},"excerpt":{"rendered":"<p>Nutzen Sie den Scheidungskredit, um Ihre Trennungskosten zu decken \u2013 klicken Sie jetzt und sichern Sie sich finanzielle Entlastung!<\/p>\n","protected":false},"author":22,"featured_media":0,"parent":0,"menu_order":0,"comment_status":"closed","ping_status":"closed","template":"page-full-sim.php","meta":{"_yoast_wpseo_focuskw":"Scheidungskredit","_yoast_wpseo_title":"Scheidungskredit: Bew&auml;ltigen Sie die mit der Trennung verbundenen Kosten!","_yoast_wpseo_metadesc":"Mit dem Scheidungskredit alle Scheidungskosten meistern und neu durchstarten \u2013 jetzt informieren und sorgenfrei in die Zukunft blicken!","_yoast_wpseo_meta-robots-noindex":"","_yoast_wpseo_meta-robots-nofollow":"","_yoast_wpseo_canonical":"https:\/\/www.credafin.be\/de\/credit-scheidung","_yoast_wpseo_focuskw_text":"Scheidungskredit","_yoast_wpseo_schema":"Article","footnotes":""},"class_list":["post-6708","page","type-page","status-publish","hentry"],"yoast_head":"<!-- This site is optimized with the Yoast SEO plugin v27.5 - https:\/\/yoast.com\/product\/yoast-seo-wordpress\/ -->\n<title>Scheidungskredit: Bew&auml;ltigen Sie die mit der Trennung verbundenen Kosten!<\/title>\n<meta name=\"description\" content=\"Mit dem Scheidungskredit alle Scheidungskosten meistern und neu durchstarten \u2013 jetzt informieren und sorgenfrei in die Zukunft blicken!\" \/>\n<meta name=\"robots\" content=\"index, follow, max-snippet:-1, max-image-preview:large, max-video-preview:-1\" \/>\n<link rel=\"canonical\" href=\"https:\/\/www.credafin.be\/de\/credit-scheidung\" \/>\n<meta property=\"og:locale\" content=\"de_DE\" \/>\n<meta property=\"og:type\" content=\"article\" \/>\n<meta property=\"og:title\" content=\"Scheidungskredit: Bew&auml;ltigen Sie die mit der Trennung verbundenen Kosten!\" \/>\n<meta property=\"og:description\" content=\"Mit dem Scheidungskredit alle Scheidungskosten meistern und neu durchstarten \u2013 jetzt informieren und sorgenfrei in die Zukunft blicken!\" \/>\n<meta property=\"og:url\" content=\"https:\/\/www.credafin.be\/de\/credit-scheidung\" \/>\n<meta property=\"og:site_name\" content=\"Credafin\" \/>\n<meta property=\"article:publisher\" content=\"http:\/\/www.facebook.com\/Credafin.be\" \/>\n<meta property=\"article:modified_time\" content=\"2025-04-03T00:25:45+00:00\" \/>\n<meta property=\"og:image\" content=\"https:\/\/www.credafin.be\/wp-content\/uploads\/2019\/01\/shutterstock_186566306.jpg\" \/>\n<meta name=\"twitter:card\" content=\"summary_large_image\" \/>\n<meta name=\"twitter:site\" content=\"@Credafinbe\" \/>\n<meta name=\"twitter:label1\" content=\"Est. reading time\" \/>\n\t<meta name=\"twitter:data1\" content=\"4 minutes\" \/>\n<script type=\"application\/ld+json\" class=\"yoast-schema-graph\">{\"@context\":\"https:\\\/\\\/schema.org\",\"@graph\":[{\"@type\":\"WebPage\",\"@id\":\"https:\\\/\\\/www.credafin.be\\\/de\\\/credit-scheidung\",\"url\":\"https:\\\/\\\/www.credafin.be\\\/de\\\/credit-scheidung\",\"name\":\"Scheidungskredit: Bew&auml;ltigen Sie die mit der Trennung verbundenen Kosten!\",\"isPartOf\":{\"@id\":\"https:\\\/\\\/www.credafin.be\\\/#website\"},\"primaryImageOfPage\":{\"@id\":\"https:\\\/\\\/www.credafin.be\\\/de\\\/credit-scheidung#primaryimage\"},\"image\":{\"@id\":\"https:\\\/\\\/www.credafin.be\\\/de\\\/credit-scheidung#primaryimage\"},\"thumbnailUrl\":\"https:\\\/\\\/www.credafin.be\\\/wp-content\\\/uploads\\\/2016\\\/07\\\/Icons_V_Orange-e1468234397451.png\",\"datePublished\":\"2025-03-25T08:44:45+00:00\",\"dateModified\":\"2025-04-03T00:25:45+00:00\",\"description\":\"Mit dem Scheidungskredit alle Scheidungskosten meistern und neu durchstarten \u2013 jetzt informieren und sorgenfrei in die Zukunft blicken!\",\"breadcrumb\":{\"@id\":\"https:\\\/\\\/www.credafin.be\\\/de\\\/credit-scheidung#breadcrumb\"},\"inLanguage\":\"de-BE\",\"potentialAction\":[{\"@type\":\"ReadAction\",\"target\":[\"https:\\\/\\\/www.credafin.be\\\/de\\\/credit-scheidung\"]}]},{\"@type\":\"ImageObject\",\"inLanguage\":\"de-BE\",\"@id\":\"https:\\\/\\\/www.credafin.be\\\/de\\\/credit-scheidung#primaryimage\",\"url\":\"https:\\\/\\\/www.credafin.be\\\/wp-content\\\/uploads\\\/2016\\\/07\\\/Icons_V_Orange-e1468234397451.png\",\"contentUrl\":\"https:\\\/\\\/www.credafin.be\\\/wp-content\\\/uploads\\\/2016\\\/07\\\/Icons_V_Orange-e1468234397451.png\"},{\"@type\":\"BreadcrumbList\",\"@id\":\"https:\\\/\\\/www.credafin.be\\\/de\\\/credit-scheidung#breadcrumb\",\"itemListElement\":[{\"@type\":\"ListItem\",\"position\":1,\"name\":\"Home\",\"item\":\"https:\\\/\\\/www.credafin.be\\\/de\\\/credafin-ihre-kredite-zu-besten-zinsen\"},{\"@type\":\"ListItem\",\"position\":2,\"name\":\"Scheidungskredit: Bew&auml;ltigen Sie die mit der Trennung verbundenen Kosten!\"}]},{\"@type\":\"WebSite\",\"@id\":\"https:\\\/\\\/www.credafin.be\\\/#website\",\"url\":\"https:\\\/\\\/www.credafin.be\\\/\",\"name\":\"Credafin\",\"description\":\"Oxyg\u00e9nez votre budget en toute s\u00e9r\u00e9nit\u00e9\",\"potentialAction\":[{\"@type\":\"SearchAction\",\"target\":{\"@type\":\"EntryPoint\",\"urlTemplate\":\"https:\\\/\\\/www.credafin.be\\\/?s={search_term_string}\"},\"query-input\":{\"@type\":\"PropertyValueSpecification\",\"valueRequired\":true,\"valueName\":\"search_term_string\"}}],\"inLanguage\":\"de-BE\"}]}<\/script>\n<!-- \/ Yoast SEO plugin. -->","yoast_head_json":{"title":"Scheidungskredit: Bew&auml;ltigen Sie die mit der Trennung verbundenen Kosten!","description":"Mit dem Scheidungskredit alle Scheidungskosten meistern und neu durchstarten \u2013 jetzt informieren und sorgenfrei in die Zukunft blicken!","robots":{"index":"index","follow":"follow","max-snippet":"max-snippet:-1","max-image-preview":"max-image-preview:large","max-video-preview":"max-video-preview:-1"},"canonical":"https:\/\/www.credafin.be\/de\/credit-scheidung","og_locale":"de_DE","og_type":"article","og_title":"Scheidungskredit: Bew&auml;ltigen Sie die mit der Trennung verbundenen Kosten!","og_description":"Mit dem Scheidungskredit alle Scheidungskosten meistern und neu durchstarten \u2013 jetzt informieren und sorgenfrei in die Zukunft blicken!","og_url":"https:\/\/www.credafin.be\/de\/credit-scheidung","og_site_name":"Credafin","article_publisher":"http:\/\/www.facebook.com\/Credafin.be","article_modified_time":"2025-04-03T00:25:45+00:00","og_image":[{"url":"https:\/\/www.credafin.be\/wp-content\/uploads\/2019\/01\/shutterstock_186566306.jpg","type":"","width":"","height":""}],"twitter_card":"summary_large_image","twitter_site":"@Credafinbe","twitter_misc":{"Est. reading time":"4 minutes"},"schema":{"@context":"https:\/\/schema.org","@graph":[{"@type":"WebPage","@id":"https:\/\/www.credafin.be\/de\/credit-scheidung","url":"https:\/\/www.credafin.be\/de\/credit-scheidung","name":"Scheidungskredit: Bew&auml;ltigen Sie die mit der Trennung verbundenen Kosten!","isPartOf":{"@id":"https:\/\/www.credafin.be\/#website"},"primaryImageOfPage":{"@id":"https:\/\/www.credafin.be\/de\/credit-scheidung#primaryimage"},"image":{"@id":"https:\/\/www.credafin.be\/de\/credit-scheidung#primaryimage"},"thumbnailUrl":"https:\/\/www.credafin.be\/wp-content\/uploads\/2016\/07\/Icons_V_Orange-e1468234397451.png","datePublished":"2025-03-25T08:44:45+00:00","dateModified":"2025-04-03T00:25:45+00:00","description":"Mit dem Scheidungskredit alle Scheidungskosten meistern und neu durchstarten \u2013 jetzt informieren und sorgenfrei in die Zukunft blicken!","breadcrumb":{"@id":"https:\/\/www.credafin.be\/de\/credit-scheidung#breadcrumb"},"inLanguage":"de-BE","potentialAction":[{"@type":"ReadAction","target":["https:\/\/www.credafin.be\/de\/credit-scheidung"]}]},{"@type":"ImageObject","inLanguage":"de-BE","@id":"https:\/\/www.credafin.be\/de\/credit-scheidung#primaryimage","url":"https:\/\/www.credafin.be\/wp-content\/uploads\/2016\/07\/Icons_V_Orange-e1468234397451.png","contentUrl":"https:\/\/www.credafin.be\/wp-content\/uploads\/2016\/07\/Icons_V_Orange-e1468234397451.png"},{"@type":"BreadcrumbList","@id":"https:\/\/www.credafin.be\/de\/credit-scheidung#breadcrumb","itemListElement":[{"@type":"ListItem","position":1,"name":"Home","item":"https:\/\/www.credafin.be\/de\/credafin-ihre-kredite-zu-besten-zinsen"},{"@type":"ListItem","position":2,"name":"Scheidungskredit: Bew&auml;ltigen Sie die mit der Trennung verbundenen Kosten!"}]},{"@type":"WebSite","@id":"https:\/\/www.credafin.be\/#website","url":"https:\/\/www.credafin.be\/","name":"Credafin","description":"Oxyg\u00e9nez votre budget en toute s\u00e9r\u00e9nit\u00e9","potentialAction":[{"@type":"SearchAction","target":{"@type":"EntryPoint","urlTemplate":"https:\/\/www.credafin.be\/?s={search_term_string}"},"query-input":{"@type":"PropertyValueSpecification","valueRequired":true,"valueName":"search_term_string"}}],"inLanguage":"de-BE"}]}},"_links":{"self":[{"href":"https:\/\/www.credafin.be\/de\/wp-json\/wp\/v2\/pages\/6708","targetHints":{"allow":["GET"]}}],"collection":[{"href":"https:\/\/www.credafin.be\/de\/wp-json\/wp\/v2\/pages"}],"about":[{"href":"https:\/\/www.credafin.be\/de\/wp-json\/wp\/v2\/types\/page"}],"author":[{"embeddable":true,"href":"https:\/\/www.credafin.be\/de\/wp-json\/wp\/v2\/users\/22"}],"replies":[{"embeddable":true,"href":"https:\/\/www.credafin.be\/de\/wp-json\/wp\/v2\/comments?post=6708"}],"version-history":[{"count":4,"href":"https:\/\/www.credafin.be\/de\/wp-json\/wp\/v2\/pages\/6708\/revisions"}],"predecessor-version":[{"id":8203,"href":"https:\/\/www.credafin.be\/de\/wp-json\/wp\/v2\/pages\/6708\/revisions\/8203"}],"wp:attachment":[{"href":"https:\/\/www.credafin.be\/de\/wp-json\/wp\/v2\/media?parent=6708"}],"curies":[{"name":"wp","href":"https:\/\/api.w.org\/{rel}","templated":true}]}}