{"id":6707,"date":"2025-03-25T09:44:08","date_gmt":"2025-03-25T08:44:08","guid":{"rendered":"https:\/\/www.credafin.be\/kredit-meistern-sie-unvorhergesehenes"},"modified":"2025-04-03T01:26:45","modified_gmt":"2025-04-03T00:26:45","slug":"kredit","status":"publish","type":"page","link":"https:\/\/www.credafin.be\/de\/kredit","title":{"rendered":"Kredit: Meistern Sie Unvorhergesehenes!"},"content":{"rendered":"<h2 style=\"text-align: justify\">Ein unvorhergesehenes Ereignis? Ein unerwartetes Projekt? Der Eilkredit, das Credafin Darlehen!<\/h2>\n<p style=\"text-align: justify\">Ihr<a href=\"https:\/\/www.credafin.be\/de\/gebrauchtwagenkredit\"> Fahrzeug<\/a> hat den Geist aufgegeben und Sie m\u00fcssen es unbedingt so schnell wie m\u00f6glich ersetzen? Ihr Teenager hat pl\u00f6tzlich seine Meinung ge\u00e4ndert und m\u00f6chte ab dem n\u00e4chsten Semester <a href=\"https:\/\/www.credafin.be\/de\/studienkredit\">ein Studium beginnen<\/a>? Sie brauchen <span>Geld?<\/span> Der Eilkredit ist Ihre L\u00f6sung.<\/p>\n<p style=\"text-align: justify\">Ihre Waschmaschine hat nach vielen treuen Dienstjahren den Geist aufgegeben? Sie oder ein Familienmitglied sind krank geworden oder hatten einen Unfall, was hohe medizinische Kosten verursacht? Eine ungeplante Geburt? Ihre Steuern sind h\u00f6her als erwartet?<\/p>\n<p style=\"text-align: justify\">Obwohl es nichts Neues ist zu sagen, dass der Alltag voller unvorhergesehener Ereignisse ist und dies seinen Reiz ausmacht, k\u00f6nnen einige von ihnen unser Leben verkomplizieren! Bei finanziellen Unvorhergesehenheiten: keine Panik, <span style=\"text-decoration: underline\">Sie k\u00f6nnen sich auf den <a href=\"https:\/\/credafin.be\" data-internallinksmanager029f6b8e52c=\"1\" title=\"test\">Credafin<\/a>-Kredit verlassen<\/span>!<\/p>\n<p style=\"text-align: justify\">Schlie\u00dflich kann jeder einmal in die Situation geraten, einen <strong>Geldbedarf<\/strong> zu haben. Statt Ihr Erspartes anzugreifen, wenn Sie es haben, k\u00f6nnen Sie auf einen Kredit zur\u00fcckgreifen. <span>Kreditantrag online.<\/span><\/p>\n<h2>Kreditdefinition und -bedingungen<\/h2>\n<p style=\"text-align: justify\">Da das Darlehen also nicht f\u00fcr einen bestimmten Zweck vergeben wird, handelt es sich um einen <span>Darlehenstyp<\/span> des <strong>nicht zweckgebundenen Kredits<\/strong>. In diesem Fall sprechen wir von <span>Kreditarten wie dem<\/span> <a href=\"https:\/\/www.credafin.be\/de\/pret-personnel\">Pers\u00f6nlichen Kredit<\/a>, <span>Verbraucherkredit,<\/span> oder dem <a href=\"https:\/\/www.credafin.be\/de\/ratenkredit\">Ratenkredit<\/a>.<\/p>\n<p style=\"text-align: left\"><span style=\"text-decoration: underline\">Um f\u00fcr das Darlehen in Frage zu kommen, m\u00fcssen Sie mehrere Bedingungen erf\u00fcllen:<\/span><\/p>\n<ul style=\"text-align: justify\">\n<li>Vollj\u00e4hrig sein<\/li>\n<li>In Belgien (oder Luxemburg) wohnen<\/li>\n<li>Einkommen aus regelm\u00e4\u00dfiger Arbeit nachweisen k\u00f6nnen<\/li>\n<li>Nicht bei der BNB aufgef\u00fchrt sein<\/li>\n<\/ul>\n<p style=\"text-align: justify\">Erf\u00fcllen Sie die oben genannten Kriterien? Dann k\u00f6nnen Sie einen Kredit beantragen!<\/p>\n<h2 style=\"text-align: justify\">Der Credafin Kredit<\/h2>\n<p style=\"text-align: justify\">Credafin ist eine <strong>professionelle und seri&ouml;se Vermittlungsagentur<\/strong>. Wir garantieren Ihnen eine diskrete Behandlung Ihrer Daten. Unsere <span>besten<\/span> Kreditangebote sind transparent. Die Teams von Credafin sind qualifiziert und h\u00f6ren auf Ihre Bed\u00fcrfnisse.<\/p>\n<p style=\"text-align: justify\">Sie profitieren auch von einem <strong>schnellen Service<\/strong>, da wir uns verpflichten, Ihnen innerhalb von 24 Stunden zu antworten.<\/p>\n<p style=\"text-align: justify\">\n<style>.bouton01 a {background-color: #eae8e0; padding: 15px; margin: 10px auto!important; border-radius: 10px; font-weight:600; font-size:16px;}<\/style>\n<\/p>\n<p style=\"text-align: center\" class=\"bouton01\"><a href=\"https:\/\/www.credafin.be\/de\/kontaktieren-sie-uns\">Kontaktieren Sie uns!<\/a><\/p>\n<div class=\"clearfix\"><\/div>\n<div id=\"USP\">\n<div class=\"row\">\n<h2 class=\"titreLP \"> <a href=\"https:\/\/www.credafin.be\/wp-content\/uploads\/2016\/07\/Icons_V_Orange-e1468234397451.png\"><img decoding=\"async\" width=\"50\" height=\"50\" class=\"alignnone size-full wp-image-2789\" alt=\"Icons_V_Orange\" src=\"https:\/\/www.credafin.be\/wp-content\/uploads\/2016\/07\/Icons_V_Orange-e1468234397451.png\" \/><\/a><span> <\/span>Ihre Vorteile mit Credafin<\/h2>\n<div class=\"col-md-4\">\n<div id=\"bulletA\"><\/div>\n<h3>Qualifizierte Experten<\/h3>\n<p style=\"text-align: justify\">Bei Credafin sind die Kreditsachverst&auml;ndigen hochqualifiziert. Sie profitieren von fundierten Ratschl\u00e4gen.<\/p>\n<\/div>\n<div class=\"col-md-4\">\n<div id=\"bulletB\"><\/div>\n<div class=\"bull\">\n<h3>Schneller Service<\/h3>\n<p style=\"text-align: justify;margin-bottom: 25px\">Teilen Sie uns Ihre W\u00fcnsche mit, und wir geben Ihnen innerhalb von 24 Stunden eine Antwort!<\/p>\n<\/div>\n<\/div>\n<div class=\"col-md-4\">\n<div id=\"bulletC\"><\/div>\n<h3>Transparenz<\/h3>\n<p style=\"text-align: justify\">Unser online Kredit-Simulationsformular bietet Ihnen eine erhebliche Transparenz, und das ohne Verpflichtung.<\/p>\n<\/div>\n<\/div>\n<div class=\"row\">\n<div class=\"col-md-4\">\n<div id=\"bulletD\"><\/div>\n<h3>Gesicherte Daten<\/h3>\n<p style=\"text-align: justify\">Wir garantieren Ihnen die Sicherheit und Vertraulichkeit Ihrer Daten. Teilen Sie uns Ihre Projekte ohne Bedenken mit.<\/p>\n<\/div>\n<div class=\"col-md-4\">\n<div id=\"bulletE\"><\/div>\n<h3><span>Individueller Service<\/span><\/h3>\n<p><span>Dank unseres individuellen Services k\u00f6nnen Sie uns Ihre Projekte darlegen, und wir schlagen Ihnen die bestm\u00f6glichen L\u00f6sungen vor.<\/span><\/p>\n<\/div>\n<div class=\"col-md-4\">\n<div id=\"bulletF\"><\/div>\n<h3>Vorteilhafte Zinss\u00e4tze<\/h3>\n<p style=\"text-align: justify\"><span>Profitieren Sie von vorteilhaften Konditionen, die auf Ihre Situation zugeschnitten sind, basierend auf einer vollst\u00e4ndigen Bewertung Ihres Antrags.<\/span><\/p>\n<\/div>\n<\/div>\n<\/div>\n","protected":false},"excerpt":{"rendered":"<p>Kredit: Holen Sie sich Ihre schnelle finanzielle L\u00f6sung \u2013 jetzt informieren und unvorhergesehene Ausgaben meistern!<\/p>\n","protected":false},"author":22,"featured_media":0,"parent":0,"menu_order":0,"comment_status":"closed","ping_status":"closed","template":"page-full-sim.php","meta":{"_yoast_wpseo_focuskw":"Kredit","_yoast_wpseo_title":"Kredit \u2013 Schnelle Finanzierung f\u00fcr Ihre Pl\u00e4ne!","_yoast_wpseo_metadesc":"Kredit: Sichern Sie sich finanzielle Flexibilit\u00e4t. Klicken Sie jetzt und entdecken Sie Ihre Vorteile!","_yoast_wpseo_meta-robots-noindex":"","_yoast_wpseo_meta-robots-nofollow":"","_yoast_wpseo_canonical":"https:\/\/www.credafin.be\/de\/kredit","_yoast_wpseo_focuskw_text":"Kredit","_yoast_wpseo_schema":"Article","footnotes":""},"class_list":["post-6707","page","type-page","status-publish","hentry"],"yoast_head":"<!-- This site is optimized with the Yoast SEO plugin v27.4 - https:\/\/yoast.com\/product\/yoast-seo-wordpress\/ -->\n<title>Kredit \u2013 Schnelle Finanzierung f\u00fcr Ihre Pl\u00e4ne!<\/title>\n<meta name=\"description\" content=\"Kredit: Sichern Sie sich finanzielle Flexibilit\u00e4t. Klicken Sie jetzt und entdecken Sie Ihre Vorteile!\" \/>\n<meta name=\"robots\" content=\"index, follow, max-snippet:-1, max-image-preview:large, max-video-preview:-1\" \/>\n<link rel=\"canonical\" href=\"https:\/\/www.credafin.be\/de\/kredit\" \/>\n<meta property=\"og:locale\" content=\"de_DE\" \/>\n<meta property=\"og:type\" content=\"article\" \/>\n<meta property=\"og:title\" content=\"Kredit \u2013 Schnelle Finanzierung f\u00fcr Ihre Pl\u00e4ne!\" \/>\n<meta property=\"og:description\" content=\"Kredit: Sichern Sie sich finanzielle Flexibilit\u00e4t. Klicken Sie jetzt und entdecken Sie Ihre Vorteile!\" \/>\n<meta property=\"og:url\" content=\"https:\/\/www.credafin.be\/de\/kredit\" \/>\n<meta property=\"og:site_name\" content=\"Credafin\" \/>\n<meta property=\"article:publisher\" content=\"http:\/\/www.facebook.com\/Credafin.be\" \/>\n<meta property=\"article:modified_time\" content=\"2025-04-03T00:26:45+00:00\" \/>\n<meta property=\"og:image\" content=\"https:\/\/www.credafin.be\/wp-content\/uploads\/2016\/07\/Icons_V_Orange-e1468234397451.png\" \/>\n\t<meta property=\"og:image:width\" content=\"50\" \/>\n\t<meta property=\"og:image:height\" content=\"50\" \/>\n\t<meta property=\"og:image:type\" content=\"image\/png\" \/>\n<meta name=\"twitter:card\" content=\"summary_large_image\" \/>\n<meta name=\"twitter:site\" content=\"@Credafinbe\" \/>\n<meta name=\"twitter:label1\" content=\"Est. reading time\" \/>\n\t<meta name=\"twitter:data1\" content=\"2 minutes\" \/>\n<script type=\"application\/ld+json\" class=\"yoast-schema-graph\">{\"@context\":\"https:\\\/\\\/schema.org\",\"@graph\":[{\"@type\":\"WebPage\",\"@id\":\"https:\\\/\\\/www.credafin.be\\\/de\\\/kredit\",\"url\":\"https:\\\/\\\/www.credafin.be\\\/de\\\/kredit\",\"name\":\"Kredit \u2013 Schnelle Finanzierung f\u00fcr Ihre Pl\u00e4ne!\",\"isPartOf\":{\"@id\":\"https:\\\/\\\/www.credafin.be\\\/#website\"},\"primaryImageOfPage\":{\"@id\":\"https:\\\/\\\/www.credafin.be\\\/de\\\/kredit#primaryimage\"},\"image\":{\"@id\":\"https:\\\/\\\/www.credafin.be\\\/de\\\/kredit#primaryimage\"},\"thumbnailUrl\":\"https:\\\/\\\/www.credafin.be\\\/wp-content\\\/uploads\\\/2016\\\/07\\\/Icons_V_Orange-e1468234397451.png\",\"datePublished\":\"2025-03-25T08:44:08+00:00\",\"dateModified\":\"2025-04-03T00:26:45+00:00\",\"description\":\"Kredit: Sichern Sie sich finanzielle Flexibilit\u00e4t. Klicken Sie jetzt und entdecken Sie Ihre Vorteile!\",\"breadcrumb\":{\"@id\":\"https:\\\/\\\/www.credafin.be\\\/de\\\/kredit#breadcrumb\"},\"inLanguage\":\"de-BE\",\"potentialAction\":[{\"@type\":\"ReadAction\",\"target\":[\"https:\\\/\\\/www.credafin.be\\\/de\\\/kredit\"]}]},{\"@type\":\"ImageObject\",\"inLanguage\":\"de-BE\",\"@id\":\"https:\\\/\\\/www.credafin.be\\\/de\\\/kredit#primaryimage\",\"url\":\"https:\\\/\\\/www.credafin.be\\\/wp-content\\\/uploads\\\/2016\\\/07\\\/Icons_V_Orange-e1468234397451.png\",\"contentUrl\":\"https:\\\/\\\/www.credafin.be\\\/wp-content\\\/uploads\\\/2016\\\/07\\\/Icons_V_Orange-e1468234397451.png\"},{\"@type\":\"BreadcrumbList\",\"@id\":\"https:\\\/\\\/www.credafin.be\\\/de\\\/kredit#breadcrumb\",\"itemListElement\":[{\"@type\":\"ListItem\",\"position\":1,\"name\":\"Home\",\"item\":\"https:\\\/\\\/www.credafin.be\\\/de\\\/credafin-ihre-kredite-zu-besten-zinsen\"},{\"@type\":\"ListItem\",\"position\":2,\"name\":\"Kredit: Meistern Sie Unvorhergesehenes!\"}]},{\"@type\":\"WebSite\",\"@id\":\"https:\\\/\\\/www.credafin.be\\\/#website\",\"url\":\"https:\\\/\\\/www.credafin.be\\\/\",\"name\":\"Credafin\",\"description\":\"Oxyg\u00e9nez votre budget en toute s\u00e9r\u00e9nit\u00e9\",\"potentialAction\":[{\"@type\":\"SearchAction\",\"target\":{\"@type\":\"EntryPoint\",\"urlTemplate\":\"https:\\\/\\\/www.credafin.be\\\/?s={search_term_string}\"},\"query-input\":{\"@type\":\"PropertyValueSpecification\",\"valueRequired\":true,\"valueName\":\"search_term_string\"}}],\"inLanguage\":\"de-BE\"}]}<\/script>\n<!-- \/ Yoast SEO plugin. -->","yoast_head_json":{"title":"Kredit \u2013 Schnelle Finanzierung f\u00fcr Ihre Pl\u00e4ne!","description":"Kredit: Sichern Sie sich finanzielle Flexibilit\u00e4t. Klicken Sie jetzt und entdecken Sie Ihre Vorteile!","robots":{"index":"index","follow":"follow","max-snippet":"max-snippet:-1","max-image-preview":"max-image-preview:large","max-video-preview":"max-video-preview:-1"},"canonical":"https:\/\/www.credafin.be\/de\/kredit","og_locale":"de_DE","og_type":"article","og_title":"Kredit \u2013 Schnelle Finanzierung f\u00fcr Ihre Pl\u00e4ne!","og_description":"Kredit: Sichern Sie sich finanzielle Flexibilit\u00e4t. Klicken Sie jetzt und entdecken Sie Ihre Vorteile!","og_url":"https:\/\/www.credafin.be\/de\/kredit","og_site_name":"Credafin","article_publisher":"http:\/\/www.facebook.com\/Credafin.be","article_modified_time":"2025-04-03T00:26:45+00:00","og_image":[{"width":50,"height":50,"url":"https:\/\/www.credafin.be\/wp-content\/uploads\/2016\/07\/Icons_V_Orange-e1468234397451.png","type":"image\/png"}],"twitter_card":"summary_large_image","twitter_site":"@Credafinbe","twitter_misc":{"Est. reading time":"2 minutes"},"schema":{"@context":"https:\/\/schema.org","@graph":[{"@type":"WebPage","@id":"https:\/\/www.credafin.be\/de\/kredit","url":"https:\/\/www.credafin.be\/de\/kredit","name":"Kredit \u2013 Schnelle Finanzierung f\u00fcr Ihre Pl\u00e4ne!","isPartOf":{"@id":"https:\/\/www.credafin.be\/#website"},"primaryImageOfPage":{"@id":"https:\/\/www.credafin.be\/de\/kredit#primaryimage"},"image":{"@id":"https:\/\/www.credafin.be\/de\/kredit#primaryimage"},"thumbnailUrl":"https:\/\/www.credafin.be\/wp-content\/uploads\/2016\/07\/Icons_V_Orange-e1468234397451.png","datePublished":"2025-03-25T08:44:08+00:00","dateModified":"2025-04-03T00:26:45+00:00","description":"Kredit: Sichern Sie sich finanzielle Flexibilit\u00e4t. Klicken Sie jetzt und entdecken Sie Ihre Vorteile!","breadcrumb":{"@id":"https:\/\/www.credafin.be\/de\/kredit#breadcrumb"},"inLanguage":"de-BE","potentialAction":[{"@type":"ReadAction","target":["https:\/\/www.credafin.be\/de\/kredit"]}]},{"@type":"ImageObject","inLanguage":"de-BE","@id":"https:\/\/www.credafin.be\/de\/kredit#primaryimage","url":"https:\/\/www.credafin.be\/wp-content\/uploads\/2016\/07\/Icons_V_Orange-e1468234397451.png","contentUrl":"https:\/\/www.credafin.be\/wp-content\/uploads\/2016\/07\/Icons_V_Orange-e1468234397451.png"},{"@type":"BreadcrumbList","@id":"https:\/\/www.credafin.be\/de\/kredit#breadcrumb","itemListElement":[{"@type":"ListItem","position":1,"name":"Home","item":"https:\/\/www.credafin.be\/de\/credafin-ihre-kredite-zu-besten-zinsen"},{"@type":"ListItem","position":2,"name":"Kredit: Meistern Sie Unvorhergesehenes!"}]},{"@type":"WebSite","@id":"https:\/\/www.credafin.be\/#website","url":"https:\/\/www.credafin.be\/","name":"Credafin","description":"Oxyg\u00e9nez votre budget en toute s\u00e9r\u00e9nit\u00e9","potentialAction":[{"@type":"SearchAction","target":{"@type":"EntryPoint","urlTemplate":"https:\/\/www.credafin.be\/?s={search_term_string}"},"query-input":{"@type":"PropertyValueSpecification","valueRequired":true,"valueName":"search_term_string"}}],"inLanguage":"de-BE"}]}},"_links":{"self":[{"href":"https:\/\/www.credafin.be\/de\/wp-json\/wp\/v2\/pages\/6707","targetHints":{"allow":["GET"]}}],"collection":[{"href":"https:\/\/www.credafin.be\/de\/wp-json\/wp\/v2\/pages"}],"about":[{"href":"https:\/\/www.credafin.be\/de\/wp-json\/wp\/v2\/types\/page"}],"author":[{"embeddable":true,"href":"https:\/\/www.credafin.be\/de\/wp-json\/wp\/v2\/users\/22"}],"replies":[{"embeddable":true,"href":"https:\/\/www.credafin.be\/de\/wp-json\/wp\/v2\/comments?post=6707"}],"version-history":[{"count":3,"href":"https:\/\/www.credafin.be\/de\/wp-json\/wp\/v2\/pages\/6707\/revisions"}],"predecessor-version":[{"id":8204,"href":"https:\/\/www.credafin.be\/de\/wp-json\/wp\/v2\/pages\/6707\/revisions\/8204"}],"wp:attachment":[{"href":"https:\/\/www.credafin.be\/de\/wp-json\/wp\/v2\/media?parent=6707"}],"curies":[{"name":"wp","href":"https:\/\/api.w.org\/{rel}","templated":true}]}}