{"id":6706,"date":"2025-03-25T09:43:50","date_gmt":"2025-03-25T08:43:50","guid":{"rendered":"https:\/\/www.credafin.be\/energiekredit-entdecken-sie-die-finanzierungsmglichkeiten-fr-energie"},"modified":"2025-04-03T01:28:47","modified_gmt":"2025-04-03T00:28:47","slug":"energiekredit","status":"publish","type":"page","link":"https:\/\/www.credafin.be\/de\/energiekredit","title":{"rendered":"Energiekredit: Entdecken Sie die Finanzierungsm&ouml;glichkeiten f&uuml;r Energie!"},"content":{"rendered":"<h2 style=\"text-align: justify\">Der Energiekredit oder wie man Geld ausgibt, um welches zu sparen<\/h2>\n<p>&nbsp;<\/p>\n<p style=\"text-align: justify\">M&ouml;chten Sie <strong>Ihre Energiekosten reduzieren<\/strong>? K&ouml;nnen Sie die anfallenden Kosten f&uuml;r die notwendigen Arbeiten und &Auml;nderungen nicht tragen? Geben Sie dennoch nicht auf: <span style=\"text-decoration: underline\">Erw&auml;gen Sie den Energiekredit<\/span>!<\/p>\n<p style=\"text-align: justify\">Ein schlecht durchdachtes, schlecht isoliertes oder ung&uuml;nstig gestaltetes Haus kann schnell Ihre Energiekosten in die H&ouml;he treiben. Alte H&auml;user sind auch f&uuml;r ihren Energie- und W&auml;rmeverlust bekannt. Um diese auf den neuesten Stand zu bringen, ist es jedoch erforderlich, mehr oder weniger Geld zu investieren&#8230;<\/p>\n<p style=\"text-align: justify\">Tauschen Sie Ihren alten Heizkessel gegen einen neuen, &ouml;kologischeren und energieeffizienteren aus. Installieren Sie eine kontrollierte mechanische Bel&uuml;ftung, um Zugluft zu reduzieren und gleichzeitig die Luftqualit&auml;t zu verbessern. Die Isolierung des Daches, der W&auml;nde und des Bodens oder der Austausch der Rahmen verursacht tats&auml;chlich erhebliche Kosten. Kosten, die nicht alle Haushalte tragen k&ouml;nnen.<\/p>\n<p style=\"text-align: justify\">Es gibt eine Vielzahl von <a target=\"_blank\" href=\"https:\/\/energie.wallonie.be\/fr\/aides-et-primes.html?IDC=6358\" rel=\"noopener\">Unterst&uuml;tzungen und Pr&auml;mien<\/a>, die speziell entwickelt wurden, um uns bei der Durchf&uuml;hrung solcher Arbeiten zu helfen. Dennoch k&ouml;nnen diese nicht die gesamte Rechnung abdecken. Zum Gl&uuml;ck ist es m&ouml;glich, f&uuml;r die verbleibenden Betr&auml;ge den Energiekredit zu nutzen.<\/p>\n<p>&nbsp;<\/p>\n<h2 style=\"text-align: justify\">Der Energiekredit in der Praxis<\/h2>\n<p>&nbsp;<\/p>\n<p style=\"text-align: justify\">Der Energiekredit von <a href=\"https:\/\/credafin.be\" data-internallinksmanager029f6b8e52c=\"1\" title=\"test\">Credafin<\/a> ist nichts anderes als ein <a href=\"https:\/\/www.credafin.be\/de\/ratenkredit\"><strong>Ratendarlehen<\/strong><\/a> (<a href=\"https:\/\/www.credafin.be\/de\/pret-personnel\"><b>Pers&ouml;nliches Darlehen<\/b><\/a>), ein <span>Verbraucherkredit<\/span>, der auf den energetischen Aspekt unserer H&auml;user ausgerichtet ist. Die <strong>monatlichen Raten<\/strong> des Energiekredits sind also <strong>fest<\/strong>, w&auml;hrend der <strong>geliehene<\/strong> <strong>Betrag<\/strong> von Anfang an <strong>bekannt<\/strong> ist. Online-Kreditantrag mit g&uuml;nstigen Konditionen.<\/p>\n<p>&nbsp;<\/p>\n<h3 style=\"text-align: justify\">Wof&uuml;r ist der Energiekredit geeignet?<\/h3>\n<p style=\"text-align: justify\">Der Energiekredit kann in vielen F&auml;llen aufgenommen werden:<\/p>\n<ul style=\"text-align: justify\">\n<li>Durchf&uuml;hrung eines Energieaudits<\/li>\n<li>Installation von Solaranlagen<\/li>\n<li>Austausch eines bestehenden Beleuchtungssystems gegen ein energieeffizienteres<\/li>\n<li>Kauf und Installation eines Raumthermostats<\/li>\n<li>Austausch alter Rahmen durch neue<\/li>\n<li>Einbau von Hochleistungsverglasungen<\/li>\n<li>Installation von Doppelverglasungen, um <span>Energiekosten zu sparen<\/span><\/li>\n<li>Austausch der aktuellen Armaturen durch thermostatische Wasserh&auml;hne<\/li>\n<li>Isolation von D&auml;chern, W&auml;nden, B&ouml;den oder Dachb&ouml;den<\/li>\n<li>Einbau eines neuen Heizkessels (z. B. eines Brennwertkessels)<\/li>\n<li>Einbau einer kontrollierten mechanischen Bel&uuml;ftung<\/li>\n<li>Installation einer W&auml;rmepumpe<\/li>\n<li><span>Installation von Photovoltaikanlagen<\/span><\/li>\n<li>Verschiedene Arten von Renovierungsarbeiten f&uuml;r Energieeinsparungen<\/li>\n<li>&#8230;<\/li>\n<\/ul>\n<p>&nbsp;<\/p>\n<h3 style=\"text-align: justify\">50% Energie &#8211; 50% Arbeiten<\/h3>\n<p style=\"text-align: justify\">Achtung, der Energiekredit ist ein <strong>zweckgebundener Kredit<\/strong>. Das bedeutet, dass dieser nur gew&auml;hrt werden kann, wenn Beweise in Form von Kostenvoranschl&auml;gen und\/oder Rechnungen vorliegen, die mit den &uuml;ber den Kredit finanzierten Arbeiten zusammenh&auml;ngen.<\/p>\n<p style=\"text-align: justify\">Besonderheit: Es ist m&ouml;glich, die H&auml;lfte des geliehenen Betrags f&uuml;r <a href=\"https:\/\/www.credafin.be\/de\/pret-travaux\">Umbauten<\/a> zu verwenden, die nicht unbedingt auf Energieeinsparungen abzielen. So k&ouml;nnen Sie, wenn Sie sich f&uuml;r einen Energiekredit zur Installation von Solaranlagen auf Ihrem Dach entscheiden, mit der verbleibenden H&auml;lfte des Betrags Ihr Dachgeschoss ausbauen oder Ihre K&uuml;che oder Ihr Badezimmer renovieren!<\/p>\n<p>&nbsp;<\/p>\n<h2 style=\"text-align: justify\">Investieren, um zu gewinnen<\/h2>\n<p>&nbsp;<\/p>\n<p style=\"text-align: justify\">Sie kennen das Sprichwort, das besagt, dass das Leihen von Geld auch Geld kostet. Auch wenn die Arbeiten, gleich welcher Art, Geld kosten werden, bleibt dieses Geld nicht sinnlos verschwendet. Letztlich k&ouml;nnten Sie mit diesen Arbeiten sogar Geld sparen, da Ihre Energiekosten durch diese Ma&szlig;nahmen logischerweise sinken werden.<\/p>\n<p>&nbsp;<\/p>\n<h2 style=\"text-align: justify\">Der Energiekredit von Credafin<\/h2>\n<p>&nbsp;<\/p>\n<p style=\"text-align: justify\">Bei Credafin stellen wir Ihnen qualifizierte und professionelle Experten zur Verf&uuml;gung, die nur auf Ihre Fragen warten, um Ihnen zu antworten! Profitieren Sie von einem schnellen Service, bei Bedarf auch vor Ort, alles in vollkommener Transparenz&#8230; und zu den besten Konditionen!<\/p>\n<p style=\"text-align: justify\">\n<style>.bouton01 a {background-color: #eae8e0; padding: 10px; margin: 10px auto!important; border-radius: 10px; font-weight:600; font-size:14px;}<\/style>\n<\/p>\n<p style=\"text-align: center\" class=\"bouton01\"><a target=\"_blank\" href=\"https:\/\/www.credafin.be\/de\/kontaktieren-sie-uns\" rel=\"noopener\">Kontaktieren Sie uns!<\/a><\/p>\n<p>&nbsp;<\/p>\n<div id=\"USP\">\n<div class=\"row\">\n<h2 class=\"titreLP \"> <img decoding=\"async\" class=\"alignnone wp-image-2789\" alt=\"Icons_V_Orange\" src=\"https:\/\/www.credafin.be\/wp-content\/uploads\/2016\/07\/Icons_V_Orange-e1468234397451.png\" width=\"30\" height=\"30\" \/><span> <\/span>Ihre Vorteile bei Credafin<\/h2>\n<div class=\"col-md-4\">\n<div id=\"bulletA\"><\/div>\n<h3>Qualifizierte Experten<\/h3>\n<p style=\"text-align: justify\">Bei Credafin sind die Kreditspezialisten hochqualifiziert. Sie erhalten daher fundierte Ratschl&auml;ge.<\/p>\n<\/div>\n<div class=\"col-md-4\">\n<div id=\"bulletB\"><\/div>\n<div class=\"bull\">\n<h3>Schneller Service<\/h3>\n<p style=\"text-align: justify;margin-bottom: 25px\">Teilen Sie uns Ihre W&uuml;nsche mit und wir geben Ihnen innerhalb von 24 Stunden eine schnelle Antwort!<\/p>\n<\/div>\n<\/div>\n<div class=\"col-md-4\">\n<div id=\"bulletC\"><\/div>\n<h3>Transparenz<\/h3>\n<p style=\"text-align: justify\">Unsere Online-Kredit-Simulationsformel bietet Ihnen hohe Transparenz, alles ohne Verpflichtung.<\/p>\n<\/div>\n<\/div>\n<div class=\"row\">\n<div class=\"col-md-4\">\n<div id=\"bulletD\"><\/div>\n<h3>Sichere Daten<\/h3>\n<p style=\"text-align: justify\">Wir garantieren Ihnen die Sicherheit und die Vertraulichkeit Ihrer Daten. Teilen Sie uns Ihre Projekte bedenkenlos mit.<\/p>\n<\/div>\n<div class=\"col-md-4\">\n<div id=\"bulletE\"><\/div>\n<h3><span>Massgeschneiderter Service<\/span><\/h3>\n<p><span>Dank unserem massgeschneiderten Service k&ouml;nnen Sie uns Ihre Projekte mitteilen und wir bieten Ihnen die am besten geeigneten L&ouml;sungen.<\/span><\/div>\n<div class=\"col-md-4\">\n<div id=\"bulletF\"><\/div>\n<h3><span>G&uuml;nstige Konditionen<\/span><\/h3>\n<p style=\"text-align: justify\"><span>Profitieren Sie von vorteilhaften Konditionen, die auf Ihre Situation abgestimmt sind, basierend auf einer vollst&auml;ndigen Bewertung Ihres Antrags.<\/span><\/p>\n<\/div>\n<\/div>\n<\/div>\n","protected":false},"excerpt":{"rendered":"<p>Optimieren Sie Ihre Energiekosten mit einem Energiekredit und sparen Sie bares Geld \u2013 jetzt klicken!<\/p>\n","protected":false},"author":22,"featured_media":0,"parent":0,"menu_order":0,"comment_status":"closed","ping_status":"closed","template":"page-full-sim.php","meta":{"_yoast_wpseo_focuskw":"Energiekredit","_yoast_wpseo_title":"Energiekredit: Sparen & profitieren jetzt!","_yoast_wpseo_metadesc":"Sichern Sie Ihren Energiekredit und reduzieren Sie Ihre Kosten \u2013 jetzt klicken & profitieren!","_yoast_wpseo_meta-robots-noindex":"","_yoast_wpseo_meta-robots-nofollow":"","_yoast_wpseo_canonical":"https:\/\/www.credafin.be\/de\/energiekredit","_yoast_wpseo_focuskw_text":"Energiekredit","_yoast_wpseo_schema":"Article","footnotes":""},"class_list":["post-6706","page","type-page","status-publish","hentry"],"yoast_head":"<!-- This site is optimized with the Yoast SEO plugin v27.4 - https:\/\/yoast.com\/product\/yoast-seo-wordpress\/ -->\n<title>Energiekredit: Sparen &amp; profitieren jetzt!<\/title>\n<meta name=\"description\" content=\"Sichern Sie Ihren Energiekredit und reduzieren Sie Ihre Kosten \u2013 jetzt klicken &amp; profitieren!\" \/>\n<meta name=\"robots\" content=\"index, follow, max-snippet:-1, max-image-preview:large, max-video-preview:-1\" \/>\n<link rel=\"canonical\" href=\"https:\/\/www.credafin.be\/de\/energiekredit\" \/>\n<meta property=\"og:locale\" content=\"de_DE\" \/>\n<meta property=\"og:type\" content=\"article\" \/>\n<meta property=\"og:title\" content=\"Energiekredit: Sparen &amp; profitieren jetzt!\" \/>\n<meta property=\"og:description\" content=\"Sichern Sie Ihren Energiekredit und reduzieren Sie Ihre Kosten \u2013 jetzt klicken &amp; profitieren!\" \/>\n<meta property=\"og:url\" content=\"https:\/\/www.credafin.be\/de\/energiekredit\" \/>\n<meta property=\"og:site_name\" content=\"Credafin\" \/>\n<meta property=\"article:publisher\" content=\"http:\/\/www.facebook.com\/Credafin.be\" \/>\n<meta property=\"article:modified_time\" content=\"2025-04-03T00:28:47+00:00\" \/>\n<meta property=\"og:image\" content=\"https:\/\/www.credafin.be\/wp-content\/uploads\/2019\/01\/shutterstock_226410256.jpg\" \/>\n<meta name=\"twitter:card\" content=\"summary_large_image\" \/>\n<meta name=\"twitter:site\" content=\"@Credafinbe\" \/>\n<meta name=\"twitter:label1\" content=\"Est. reading time\" \/>\n\t<meta name=\"twitter:data1\" content=\"4 minutes\" \/>\n<script type=\"application\/ld+json\" class=\"yoast-schema-graph\">{\"@context\":\"https:\\\/\\\/schema.org\",\"@graph\":[{\"@type\":\"WebPage\",\"@id\":\"https:\\\/\\\/www.credafin.be\\\/de\\\/energiekredit\",\"url\":\"https:\\\/\\\/www.credafin.be\\\/de\\\/energiekredit\",\"name\":\"Energiekredit: Sparen & profitieren jetzt!\",\"isPartOf\":{\"@id\":\"https:\\\/\\\/www.credafin.be\\\/#website\"},\"primaryImageOfPage\":{\"@id\":\"https:\\\/\\\/www.credafin.be\\\/de\\\/energiekredit#primaryimage\"},\"image\":{\"@id\":\"https:\\\/\\\/www.credafin.be\\\/de\\\/energiekredit#primaryimage\"},\"thumbnailUrl\":\"https:\\\/\\\/www.credafin.be\\\/wp-content\\\/uploads\\\/2016\\\/07\\\/Icons_V_Orange-e1468234397451.png\",\"datePublished\":\"2025-03-25T08:43:50+00:00\",\"dateModified\":\"2025-04-03T00:28:47+00:00\",\"description\":\"Sichern Sie Ihren Energiekredit und reduzieren Sie Ihre Kosten \u2013 jetzt klicken & profitieren!\",\"breadcrumb\":{\"@id\":\"https:\\\/\\\/www.credafin.be\\\/de\\\/energiekredit#breadcrumb\"},\"inLanguage\":\"de-BE\",\"potentialAction\":[{\"@type\":\"ReadAction\",\"target\":[\"https:\\\/\\\/www.credafin.be\\\/de\\\/energiekredit\"]}]},{\"@type\":\"ImageObject\",\"inLanguage\":\"de-BE\",\"@id\":\"https:\\\/\\\/www.credafin.be\\\/de\\\/energiekredit#primaryimage\",\"url\":\"https:\\\/\\\/www.credafin.be\\\/wp-content\\\/uploads\\\/2016\\\/07\\\/Icons_V_Orange-e1468234397451.png\",\"contentUrl\":\"https:\\\/\\\/www.credafin.be\\\/wp-content\\\/uploads\\\/2016\\\/07\\\/Icons_V_Orange-e1468234397451.png\"},{\"@type\":\"BreadcrumbList\",\"@id\":\"https:\\\/\\\/www.credafin.be\\\/de\\\/energiekredit#breadcrumb\",\"itemListElement\":[{\"@type\":\"ListItem\",\"position\":1,\"name\":\"Home\",\"item\":\"https:\\\/\\\/www.credafin.be\\\/de\\\/credafin-ihre-kredite-zu-besten-zinsen\"},{\"@type\":\"ListItem\",\"position\":2,\"name\":\"Energiekredit: Entdecken Sie die Finanzierungsm&ouml;glichkeiten f&uuml;r Energie!\"}]},{\"@type\":\"WebSite\",\"@id\":\"https:\\\/\\\/www.credafin.be\\\/#website\",\"url\":\"https:\\\/\\\/www.credafin.be\\\/\",\"name\":\"Credafin\",\"description\":\"Oxyg\u00e9nez votre budget en toute s\u00e9r\u00e9nit\u00e9\",\"potentialAction\":[{\"@type\":\"SearchAction\",\"target\":{\"@type\":\"EntryPoint\",\"urlTemplate\":\"https:\\\/\\\/www.credafin.be\\\/?s={search_term_string}\"},\"query-input\":{\"@type\":\"PropertyValueSpecification\",\"valueRequired\":true,\"valueName\":\"search_term_string\"}}],\"inLanguage\":\"de-BE\"}]}<\/script>\n<!-- \/ Yoast SEO plugin. -->","yoast_head_json":{"title":"Energiekredit: Sparen & profitieren jetzt!","description":"Sichern Sie Ihren Energiekredit und reduzieren Sie Ihre Kosten \u2013 jetzt klicken & profitieren!","robots":{"index":"index","follow":"follow","max-snippet":"max-snippet:-1","max-image-preview":"max-image-preview:large","max-video-preview":"max-video-preview:-1"},"canonical":"https:\/\/www.credafin.be\/de\/energiekredit","og_locale":"de_DE","og_type":"article","og_title":"Energiekredit: Sparen & profitieren jetzt!","og_description":"Sichern Sie Ihren Energiekredit und reduzieren Sie Ihre Kosten \u2013 jetzt klicken & profitieren!","og_url":"https:\/\/www.credafin.be\/de\/energiekredit","og_site_name":"Credafin","article_publisher":"http:\/\/www.facebook.com\/Credafin.be","article_modified_time":"2025-04-03T00:28:47+00:00","og_image":[{"url":"https:\/\/www.credafin.be\/wp-content\/uploads\/2019\/01\/shutterstock_226410256.jpg","type":"","width":"","height":""}],"twitter_card":"summary_large_image","twitter_site":"@Credafinbe","twitter_misc":{"Est. reading time":"4 minutes"},"schema":{"@context":"https:\/\/schema.org","@graph":[{"@type":"WebPage","@id":"https:\/\/www.credafin.be\/de\/energiekredit","url":"https:\/\/www.credafin.be\/de\/energiekredit","name":"Energiekredit: Sparen & profitieren jetzt!","isPartOf":{"@id":"https:\/\/www.credafin.be\/#website"},"primaryImageOfPage":{"@id":"https:\/\/www.credafin.be\/de\/energiekredit#primaryimage"},"image":{"@id":"https:\/\/www.credafin.be\/de\/energiekredit#primaryimage"},"thumbnailUrl":"https:\/\/www.credafin.be\/wp-content\/uploads\/2016\/07\/Icons_V_Orange-e1468234397451.png","datePublished":"2025-03-25T08:43:50+00:00","dateModified":"2025-04-03T00:28:47+00:00","description":"Sichern Sie Ihren Energiekredit und reduzieren Sie Ihre Kosten \u2013 jetzt klicken & profitieren!","breadcrumb":{"@id":"https:\/\/www.credafin.be\/de\/energiekredit#breadcrumb"},"inLanguage":"de-BE","potentialAction":[{"@type":"ReadAction","target":["https:\/\/www.credafin.be\/de\/energiekredit"]}]},{"@type":"ImageObject","inLanguage":"de-BE","@id":"https:\/\/www.credafin.be\/de\/energiekredit#primaryimage","url":"https:\/\/www.credafin.be\/wp-content\/uploads\/2016\/07\/Icons_V_Orange-e1468234397451.png","contentUrl":"https:\/\/www.credafin.be\/wp-content\/uploads\/2016\/07\/Icons_V_Orange-e1468234397451.png"},{"@type":"BreadcrumbList","@id":"https:\/\/www.credafin.be\/de\/energiekredit#breadcrumb","itemListElement":[{"@type":"ListItem","position":1,"name":"Home","item":"https:\/\/www.credafin.be\/de\/credafin-ihre-kredite-zu-besten-zinsen"},{"@type":"ListItem","position":2,"name":"Energiekredit: Entdecken Sie die Finanzierungsm&ouml;glichkeiten f&uuml;r Energie!"}]},{"@type":"WebSite","@id":"https:\/\/www.credafin.be\/#website","url":"https:\/\/www.credafin.be\/","name":"Credafin","description":"Oxyg\u00e9nez votre budget en toute s\u00e9r\u00e9nit\u00e9","potentialAction":[{"@type":"SearchAction","target":{"@type":"EntryPoint","urlTemplate":"https:\/\/www.credafin.be\/?s={search_term_string}"},"query-input":{"@type":"PropertyValueSpecification","valueRequired":true,"valueName":"search_term_string"}}],"inLanguage":"de-BE"}]}},"_links":{"self":[{"href":"https:\/\/www.credafin.be\/de\/wp-json\/wp\/v2\/pages\/6706","targetHints":{"allow":["GET"]}}],"collection":[{"href":"https:\/\/www.credafin.be\/de\/wp-json\/wp\/v2\/pages"}],"about":[{"href":"https:\/\/www.credafin.be\/de\/wp-json\/wp\/v2\/types\/page"}],"author":[{"embeddable":true,"href":"https:\/\/www.credafin.be\/de\/wp-json\/wp\/v2\/users\/22"}],"replies":[{"embeddable":true,"href":"https:\/\/www.credafin.be\/de\/wp-json\/wp\/v2\/comments?post=6706"}],"version-history":[{"count":3,"href":"https:\/\/www.credafin.be\/de\/wp-json\/wp\/v2\/pages\/6706\/revisions"}],"predecessor-version":[{"id":8205,"href":"https:\/\/www.credafin.be\/de\/wp-json\/wp\/v2\/pages\/6706\/revisions\/8205"}],"wp:attachment":[{"href":"https:\/\/www.credafin.be\/de\/wp-json\/wp\/v2\/media?parent=6706"}],"curies":[{"name":"wp","href":"https:\/\/api.w.org\/{rel}","templated":true}]}}