{"id":6703,"date":"2025-03-25T09:42:19","date_gmt":"2025-03-25T08:42:19","guid":{"rendered":"https:\/\/www.credafin.be\/kredit-fr-kosmetische-operationen-finanzieren-sie-ihre-schnheitschirurgischen-eingriffe"},"modified":"2025-06-02T16:01:57","modified_gmt":"2025-06-02T15:01:57","slug":"kredit-chirurgie","status":"publish","type":"page","link":"https:\/\/www.credafin.be\/de\/kredit-chirurgie","title":{"rendered":"Kredit f&uuml;r Sch&ouml;nheits-OPs leicht gemacht"},"content":{"rendered":"<h2>Kredit f&uuml;r kosmetische Operationen oder wenn Sch&ouml;nheitschirurgie erschwinglich wird<\/h2>\n<p> Sie \u00fcberlegen, sich von einem plastischen Chirurgen die Nase korrigieren zu lassen? Interessieren Sie sich eher f\u00fcr eine Brustvergr\u00f6\u00dferung oder -verkleinerung? Warum nicht eine Fettabsaugung? Das Budget ist knapp? Geben Sie dennoch nicht Ihre Pl\u00e4ne auf&#8230; Entdecken Sie den <strong>credit chirurgie<\/strong>.<\/p>\n<h3>Die kosmetische Chirurgie: Ein immer beliebterer Trend<\/h3>\n<p style=\"text-align: justify\">Es ist kein Geheimnis, dass wir alle (M\u00e4nner und Frauen) immer mehr Wert auf unser Erscheinungsbild legen. Daher ist es nicht verwunderlich, dass die Nachfrage nach kosmetischen Operationen deutlich gestiegen ist.<\/p>\n<p style=\"text-align: justify\">Laut der <a target=\"_blank\" href=\"https:\/\/www.isaps.org\/fr\/?__r=8d543b9c16ca553\" rel=\"noopener\">Internationalen Gesellschaft f\u00fcr \u00c4sthetische und Plastische Chirurgie<\/a> (ISAPS) wurden im Jahr 2016 in Belgien fast 200.000 Sch\u00f6nheitsoperationen durchgef\u00fchrt. Im Durchschnitt unterziehen sich also etwa 770 Personen pro Werktag einem solchen Eingriff.<\/p>\n<p style=\"text-align: justify\">Gem\u00e4\u00df <a target=\"_blank\" href=\"https:\/\/fr.vivat.be\/beaute\/la-chirurgie-esthetique-et-les-belges_2476\" rel=\"noopener\">Vivat<\/a> haben in Belgien bereits 16 % der Frauen und 8 % der M\u00e4nner eine Praxis f\u00fcr kosmetische Operationen besucht.<\/p>\n<p style=\"text-align: justify\">Auch wenn diese Praxis im Trend liegt, bleibt sie dennoch kostspielig. W\u00e4hrend eine Botox-Injektion etwa 200 \u20ac kostet, kann ein Facelifting mehrere tausend Euro verschlingen! Abgesehen von wenigen Ausnahmen werden solche Operationen derzeit von keiner Krankenkasse \u00fcbernommen. Daher ist es ratsam, ein gut gef\u00fclltes Portemonnaie zu haben. Aber das war gestern&#8230; Denn jetzt kann man zu diesem Zweck einen Kredit aufnehmen, wie zum Beispiel den <strong>Credit chirurgie esthetique von <a href=\"https:\/\/credafin.be\" data-internallinksmanager029f6b8e52c=\"1\" title=\"test\">Credafin<\/a><\/strong>!<\/p>\n<h2>Der Anwendungsbereich des Kredits f&uuml;r kosmetische Operationen<\/h2>\n<ul>\n<li>Augenlidkorrektur<\/li>\n<li>Fettabsaugung<\/li>\n<li>Nasenoperation<\/li>\n<li>Kinnkorrektur<\/li>\n<li>Chemisches Peeling<\/li>\n<li>Brustvergr\u00f6\u00dferung oder -verkleinerung<\/li>\n<li>Facelifting<\/li>\n<li>Labioplastik<\/li>\n<li>Bauchdeckenstraffung<\/li>\n<li>Otoplastik<\/li>\n<li>Septoplastik<\/li>\n<li>Botox-Injektion<\/li>\n<li>&#8230;<\/li>\n<\/ul>\n<p style=\"text-align: justify\">Es ist m\u00f6glich, absolut alle kosmetischen Operationen \u00fcber den Kredit f&uuml;r kosmetische Operationen zu finanzieren! Sie k\u00f6nnen auch den gesamten oder einen Teil der dadurch entstehenden Kosten decken.<\/p>\n<p> Sie k\u00f6nnen einen Kredit zu den besten Konditionen beantragen und den gesamten f\u00e4lligen Betrag \u00fcber den Credafin-Simulator berechnen. <\/p>\n<h3 style=\"text-align: justify\">Der Kredit f&uuml;r kosmetische Operationen in der Praxis<\/h3>\n<p style=\"text-align: justify\">Der Kredit f&uuml;r kosmetische Operationen ist nichts anderes als ein <a href=\"https:\/\/www.credafin.be\/de\/pret-personnel\">Privatkredit beziehungsweise ein Ratenkredit<\/a>. Es handelt sich um einen <strong>festen Zinssatz<\/strong> und er wird in <strong>konstanten monatlichen Raten<\/strong> zur\u00fcckgezahlt. Die Laufzeit kann von Ihnen gew\u00e4hlt werden. M\u00f6chten Sie mehr \u00fcber den Kredit f&uuml;r kosmetische Operationen erfahren? <span style=\"text-decoration: underline\">Wir sind hier, um Sie zu beraten<\/span>! Sie k\u00f6nnen eine unverbindliche Anfrage \u00fcber unser oben stehendes Formular stellen. So k\u00f6nnen Sie die H\u00f6he der monatlichen Raten simulieren.<\/p>\n<p style=\"text-align: center\" class=\"bouton01\"><a href=\"https:\/\/www.credafin.be\/de\/kontaktieren-sie-uns\">Kontaktieren Sie uns!<\/a><\/p>\n<div class=\"clearfix\"><\/div>\n<div id=\"USP\">\n<div class=\"row\">\n<h2 class=\"titreLP \"> <img decoding=\"async\" class=\"alignnone wp-image-2789\" alt=\"Icons_V_Orange\" src=\"https:\/\/www.credafin.be\/wp-content\/uploads\/2016\/07\/Icons_V_Orange-e1468234397451.png\" width=\"30\" height=\"30\" \/><span> <\/span>Ihre Vorteile bei Credafin<\/h2>\n<div class=\"col-md-4\">\n<div id=\"bulletA\"><\/div>\n<h3>Qualifizierte Experten<\/h3>\n<p style=\"text-align: justify\">Bei Credafin sind die Kreditexperten hochqualifiziert. Sie erhalten daher fundierte Ratschl\u00e4ge.<\/p>\n<\/div>\n<div class=\"col-md-4\">\n<div id=\"bulletB\"><\/div>\n<div class=\"bull\">\n<h3>Schneller Service<\/h3>\n<p style=\"text-align: justify;margin-bottom: 25px\">Teilen Sie uns Ihre W\u00fcnsche mit und wir geben Ihnen innerhalb von 24 Stunden eine schnelle Antwort!<\/p>\n<\/div>\n<\/div>\n<div class=\"col-md-4\">\n<div id=\"bulletC\"><\/div>\n<h3>Transparenz<\/h3>\n<p style=\"text-align: justify\">Unser Online-Kreditsimulator bietet Ihnen hohe Transparenz, alles ohne &auml;#39;Verpflichtung.<\/p>\n<\/div>\n<\/div>\n<div class=\"row\">\n<div class=\"col-md-4\">\n<div id=\"bulletD\"><\/div>\n<h3>Sichere Daten<\/h3>\n<p style=\"text-align: justify\">Wir garantieren die Sicherheit und Vertraulichkeit Ihrer Daten. Teilen Sie uns ohne Sorge Ihre Projekte mit.<\/p>\n<\/div>\n<div class=\"col-md-4\">\n<div id=\"bulletE\"><\/div>\n<h3><span>Ein ma\u00dfgeschneiderter Service<\/span><\/h3>\n<p><span>Dank unseres ma\u00dfgeschneiderten Services k\u00f6nnen Sie uns Ihre Projekte mitteilen und wir bieten Ihnen die passendsten L\u00f6sungen an.<\/span><\/div>\n<div class=\"col-md-4\">\n<div id=\"bulletF\"><\/div>\n<h3>Vorteilhafte Konditionen<\/h3>\n<p style=\"text-align: justify\"><span>Profitieren Sie von vorteilhaften Konditionen, die auf Ihre Situation zugeschnitten sind, als Ergebnis einer vollst\u00e4ndigen Bewertung Ihrer Anfrage.<\/span><\/p>\n<\/div>\n<\/div>\n<\/div>\n","protected":false},"excerpt":{"rendered":"<p>Sichern Sie sich Ihren Kredit f\u00fcr kosmetische Operationen und realisieren Sie Ihre Sch\u00f6nheitsw\u00fcnsche jetzt \u2013 unverbindlich anfragen!<\/p>\n","protected":false},"author":22,"featured_media":0,"parent":0,"menu_order":0,"comment_status":"closed","ping_status":"closed","template":"page-full-sim.php","meta":{"_yoast_wpseo_focuskw":"Kredit f\u00fcr kosmetische Operationen","_yoast_wpseo_title":"Kredit f&uuml;r Sch&ouml;nheits-OPs | Credafin","_yoast_wpseo_metadesc":"Profitieren Sie jetzt von unserem Kredit f\u00fcr kosmetische Operationen und verwirklichen Sie Ihre Beauty-Pl\u00e4ne. Jetzt unverbindlich informieren!","_yoast_wpseo_meta-robots-noindex":"","_yoast_wpseo_meta-robots-nofollow":"","_yoast_wpseo_canonical":"https:\/\/www.credafin.be\/de\/kredit-chirurgie","_yoast_wpseo_focuskw_text":"Kredit f\u00fcr kosmetische Operationen","_yoast_wpseo_schema":"Article","footnotes":""},"class_list":["post-6703","page","type-page","status-publish","hentry"],"yoast_head":"<!-- This site is optimized with the Yoast SEO plugin v27.4 - https:\/\/yoast.com\/product\/yoast-seo-wordpress\/ -->\n<title>Kredit f&uuml;r Sch&ouml;nheits-OPs | Credafin<\/title>\n<meta name=\"description\" content=\"Profitieren Sie jetzt von unserem Kredit f\u00fcr kosmetische Operationen und verwirklichen Sie Ihre Beauty-Pl\u00e4ne. Jetzt unverbindlich informieren!\" \/>\n<meta name=\"robots\" content=\"index, follow, max-snippet:-1, max-image-preview:large, max-video-preview:-1\" \/>\n<link rel=\"canonical\" href=\"https:\/\/www.credafin.be\/de\/kredit-chirurgie\" \/>\n<meta property=\"og:locale\" content=\"de_DE\" \/>\n<meta property=\"og:type\" content=\"article\" \/>\n<meta property=\"og:title\" content=\"Kredit f&uuml;r Sch&ouml;nheits-OPs | Credafin\" \/>\n<meta property=\"og:description\" content=\"Profitieren Sie jetzt von unserem Kredit f\u00fcr kosmetische Operationen und verwirklichen Sie Ihre Beauty-Pl\u00e4ne. Jetzt unverbindlich informieren!\" \/>\n<meta property=\"og:url\" content=\"https:\/\/www.credafin.be\/de\/kredit-chirurgie\" \/>\n<meta property=\"og:site_name\" content=\"Credafin\" \/>\n<meta property=\"article:publisher\" content=\"http:\/\/www.facebook.com\/Credafin.be\" \/>\n<meta property=\"article:modified_time\" content=\"2025-06-02T15:01:57+00:00\" \/>\n<meta property=\"og:image\" content=\"https:\/\/www.credafin.be\/wp-content\/uploads\/2017\/11\/contrat-credit.jpg\" \/>\n<meta name=\"twitter:card\" content=\"summary_large_image\" \/>\n<meta name=\"twitter:site\" content=\"@Credafinbe\" \/>\n<meta name=\"twitter:label1\" content=\"Est. reading time\" \/>\n\t<meta name=\"twitter:data1\" content=\"3 minutes\" \/>\n<script type=\"application\/ld+json\" class=\"yoast-schema-graph\">{\"@context\":\"https:\\\/\\\/schema.org\",\"@graph\":[{\"@type\":\"WebPage\",\"@id\":\"https:\\\/\\\/www.credafin.be\\\/de\\\/kredit-chirurgie\",\"url\":\"https:\\\/\\\/www.credafin.be\\\/de\\\/kredit-chirurgie\",\"name\":\"Kredit f&uuml;r Sch&ouml;nheits-OPs | Credafin\",\"isPartOf\":{\"@id\":\"https:\\\/\\\/www.credafin.be\\\/#website\"},\"primaryImageOfPage\":{\"@id\":\"https:\\\/\\\/www.credafin.be\\\/de\\\/kredit-chirurgie#primaryimage\"},\"image\":{\"@id\":\"https:\\\/\\\/www.credafin.be\\\/de\\\/kredit-chirurgie#primaryimage\"},\"thumbnailUrl\":\"https:\\\/\\\/www.credafin.be\\\/wp-content\\\/uploads\\\/2016\\\/07\\\/Icons_V_Orange-e1468234397451.png\",\"datePublished\":\"2025-03-25T08:42:19+00:00\",\"dateModified\":\"2025-06-02T15:01:57+00:00\",\"description\":\"Profitieren Sie jetzt von unserem Kredit f\u00fcr kosmetische Operationen und verwirklichen Sie Ihre Beauty-Pl\u00e4ne. Jetzt unverbindlich informieren!\",\"breadcrumb\":{\"@id\":\"https:\\\/\\\/www.credafin.be\\\/de\\\/kredit-chirurgie#breadcrumb\"},\"inLanguage\":\"de-BE\",\"potentialAction\":[{\"@type\":\"ReadAction\",\"target\":[\"https:\\\/\\\/www.credafin.be\\\/de\\\/kredit-chirurgie\"]}]},{\"@type\":\"ImageObject\",\"inLanguage\":\"de-BE\",\"@id\":\"https:\\\/\\\/www.credafin.be\\\/de\\\/kredit-chirurgie#primaryimage\",\"url\":\"https:\\\/\\\/www.credafin.be\\\/wp-content\\\/uploads\\\/2016\\\/07\\\/Icons_V_Orange-e1468234397451.png\",\"contentUrl\":\"https:\\\/\\\/www.credafin.be\\\/wp-content\\\/uploads\\\/2016\\\/07\\\/Icons_V_Orange-e1468234397451.png\"},{\"@type\":\"BreadcrumbList\",\"@id\":\"https:\\\/\\\/www.credafin.be\\\/de\\\/kredit-chirurgie#breadcrumb\",\"itemListElement\":[{\"@type\":\"ListItem\",\"position\":1,\"name\":\"Home\",\"item\":\"https:\\\/\\\/www.credafin.be\\\/de\\\/credafin-ihre-kredite-zu-besten-zinsen\"},{\"@type\":\"ListItem\",\"position\":2,\"name\":\"Kredit f&uuml;r Sch&ouml;nheits-OPs leicht gemacht\"}]},{\"@type\":\"WebSite\",\"@id\":\"https:\\\/\\\/www.credafin.be\\\/#website\",\"url\":\"https:\\\/\\\/www.credafin.be\\\/\",\"name\":\"Credafin\",\"description\":\"Oxyg\u00e9nez votre budget en toute s\u00e9r\u00e9nit\u00e9\",\"potentialAction\":[{\"@type\":\"SearchAction\",\"target\":{\"@type\":\"EntryPoint\",\"urlTemplate\":\"https:\\\/\\\/www.credafin.be\\\/?s={search_term_string}\"},\"query-input\":{\"@type\":\"PropertyValueSpecification\",\"valueRequired\":true,\"valueName\":\"search_term_string\"}}],\"inLanguage\":\"de-BE\"}]}<\/script>\n<!-- \/ Yoast SEO plugin. -->","yoast_head_json":{"title":"Kredit f&uuml;r Sch&ouml;nheits-OPs | Credafin","description":"Profitieren Sie jetzt von unserem Kredit f\u00fcr kosmetische Operationen und verwirklichen Sie Ihre Beauty-Pl\u00e4ne. Jetzt unverbindlich informieren!","robots":{"index":"index","follow":"follow","max-snippet":"max-snippet:-1","max-image-preview":"max-image-preview:large","max-video-preview":"max-video-preview:-1"},"canonical":"https:\/\/www.credafin.be\/de\/kredit-chirurgie","og_locale":"de_DE","og_type":"article","og_title":"Kredit f&uuml;r Sch&ouml;nheits-OPs | Credafin","og_description":"Profitieren Sie jetzt von unserem Kredit f\u00fcr kosmetische Operationen und verwirklichen Sie Ihre Beauty-Pl\u00e4ne. Jetzt unverbindlich informieren!","og_url":"https:\/\/www.credafin.be\/de\/kredit-chirurgie","og_site_name":"Credafin","article_publisher":"http:\/\/www.facebook.com\/Credafin.be","article_modified_time":"2025-06-02T15:01:57+00:00","og_image":[{"url":"https:\/\/www.credafin.be\/wp-content\/uploads\/2017\/11\/contrat-credit.jpg","type":"","width":"","height":""}],"twitter_card":"summary_large_image","twitter_site":"@Credafinbe","twitter_misc":{"Est. reading time":"3 minutes"},"schema":{"@context":"https:\/\/schema.org","@graph":[{"@type":"WebPage","@id":"https:\/\/www.credafin.be\/de\/kredit-chirurgie","url":"https:\/\/www.credafin.be\/de\/kredit-chirurgie","name":"Kredit f&uuml;r Sch&ouml;nheits-OPs | Credafin","isPartOf":{"@id":"https:\/\/www.credafin.be\/#website"},"primaryImageOfPage":{"@id":"https:\/\/www.credafin.be\/de\/kredit-chirurgie#primaryimage"},"image":{"@id":"https:\/\/www.credafin.be\/de\/kredit-chirurgie#primaryimage"},"thumbnailUrl":"https:\/\/www.credafin.be\/wp-content\/uploads\/2016\/07\/Icons_V_Orange-e1468234397451.png","datePublished":"2025-03-25T08:42:19+00:00","dateModified":"2025-06-02T15:01:57+00:00","description":"Profitieren Sie jetzt von unserem Kredit f\u00fcr kosmetische Operationen und verwirklichen Sie Ihre Beauty-Pl\u00e4ne. Jetzt unverbindlich informieren!","breadcrumb":{"@id":"https:\/\/www.credafin.be\/de\/kredit-chirurgie#breadcrumb"},"inLanguage":"de-BE","potentialAction":[{"@type":"ReadAction","target":["https:\/\/www.credafin.be\/de\/kredit-chirurgie"]}]},{"@type":"ImageObject","inLanguage":"de-BE","@id":"https:\/\/www.credafin.be\/de\/kredit-chirurgie#primaryimage","url":"https:\/\/www.credafin.be\/wp-content\/uploads\/2016\/07\/Icons_V_Orange-e1468234397451.png","contentUrl":"https:\/\/www.credafin.be\/wp-content\/uploads\/2016\/07\/Icons_V_Orange-e1468234397451.png"},{"@type":"BreadcrumbList","@id":"https:\/\/www.credafin.be\/de\/kredit-chirurgie#breadcrumb","itemListElement":[{"@type":"ListItem","position":1,"name":"Home","item":"https:\/\/www.credafin.be\/de\/credafin-ihre-kredite-zu-besten-zinsen"},{"@type":"ListItem","position":2,"name":"Kredit f&uuml;r Sch&ouml;nheits-OPs leicht gemacht"}]},{"@type":"WebSite","@id":"https:\/\/www.credafin.be\/#website","url":"https:\/\/www.credafin.be\/","name":"Credafin","description":"Oxyg\u00e9nez votre budget en toute s\u00e9r\u00e9nit\u00e9","potentialAction":[{"@type":"SearchAction","target":{"@type":"EntryPoint","urlTemplate":"https:\/\/www.credafin.be\/?s={search_term_string}"},"query-input":{"@type":"PropertyValueSpecification","valueRequired":true,"valueName":"search_term_string"}}],"inLanguage":"de-BE"}]}},"_links":{"self":[{"href":"https:\/\/www.credafin.be\/de\/wp-json\/wp\/v2\/pages\/6703","targetHints":{"allow":["GET"]}}],"collection":[{"href":"https:\/\/www.credafin.be\/de\/wp-json\/wp\/v2\/pages"}],"about":[{"href":"https:\/\/www.credafin.be\/de\/wp-json\/wp\/v2\/types\/page"}],"author":[{"embeddable":true,"href":"https:\/\/www.credafin.be\/de\/wp-json\/wp\/v2\/users\/22"}],"replies":[{"embeddable":true,"href":"https:\/\/www.credafin.be\/de\/wp-json\/wp\/v2\/comments?post=6703"}],"version-history":[{"count":4,"href":"https:\/\/www.credafin.be\/de\/wp-json\/wp\/v2\/pages\/6703\/revisions"}],"predecessor-version":[{"id":8351,"href":"https:\/\/www.credafin.be\/de\/wp-json\/wp\/v2\/pages\/6703\/revisions\/8351"}],"wp:attachment":[{"href":"https:\/\/www.credafin.be\/de\/wp-json\/wp\/v2\/media?parent=6703"}],"curies":[{"name":"wp","href":"https:\/\/api.w.org\/{rel}","templated":true}]}}