{"id":6702,"date":"2025-03-25T09:41:59","date_gmt":"2025-03-25T08:41:59","guid":{"rendered":"https:\/\/www.credafin.be\/renovierungskredit-finanzieren-sie-ihre-renovierungsarbeiten"},"modified":"2025-04-03T01:33:48","modified_gmt":"2025-04-03T00:33:48","slug":"renovierungskredit","status":"publish","type":"page","link":"https:\/\/www.credafin.be\/de\/renovierungskredit","title":{"rendered":"Renovierungskredit: Finanzieren Sie Ihre Renovierungsarbeiten!"},"content":{"rendered":"<h2 style=\"text-align: justify\">Der Renovierungskredit: und Ihr Zuhause erstrahlt in neuem Glanz!<\/h2>\n<p>&nbsp;<\/p>\n<p style=\"text-align: justify\">Als Sie Ihr Haus gekauft haben, hatten Sie sich vorgenommen, die notwendigen Renovierungsarbeiten schnellstm&ouml;glich durchzuf&uuml;hren. Doch nun, einige Jahre sp&auml;ter, bereiten Sie sich immer noch in der gleichen veralteten Badezimmer vor und fr&uuml;hst&uuml;cken in einer K&uuml;che, die einen frischen Anstrich gut gebrauchen k&ouml;nnte. Die Fassade Ihres Hauses hat im Laufe der Jahre ebenfalls an Pracht verloren. Ganz zu schweigen von Ihrem Dach, das allm&auml;hlich verf&auml;llt&#8230; Entdecken Sie den Renovierungskredit.<\/p>\n<p style=\"text-align: justify\">Ein Badezimmer, eine K&uuml;che, eine Fassade, ein Dach: so viele Bereiche, deren Erneuerung eine erhebliche Investition erfordert. Und, wie das Leben so spielt, gibt es viele Haushalte, die sich nicht leisten k&ouml;nnen, solche Summen auf einmal bereitzustellen. Daher die Vorteile des <strong>Renovierungskredits von <a href=\"https:\/\/credafin.be\" data-internallinksmanager029f6b8e52c=\"1\" title=\"test\">Credafin<\/a><\/strong>!<\/p>\n<p>&nbsp;<\/p>\n<h2 style=\"text-align: justify\">Damit Ihre Renovierungen nicht ewig dauern: der Renovierungskredit<\/h2>\n<p>&nbsp;<\/p>\n<p style=\"text-align: justify\">W&auml;hrend einige sich daf&uuml;r entscheiden, Schritt f&uuml;r Schritt zu renovieren, ziehen es andere, die nicht monatelang &uuml;ber Leitern, Schleifmaschinen und Farbt&ouml;pfe steigen m&ouml;chten, vor, diese Arbeiten durch einen <strong>Renovierungskredit<\/strong> zu finanzieren.<\/p>\n<p style=\"text-align: justify\">Der Renovierungskredit von Credafin gibt Ihnen die M&ouml;glichkeit, Ihr Zuhause zu renovieren, ohne dass Ihr Lebensstandard darunter leidet.<\/p>\n<p>&nbsp;<\/p>\n<h2 style=\"text-align: justify\">Der Renovierungskredit: f&uuml;r all Ihre Arbeiten!<\/h2>\n<p>&nbsp;<\/p>\n<p style=\"text-align: justify\">Mit dem Renovierungskredit k&ouml;nnen Sie eine Vielzahl von Arbeiten finanzieren:<\/p>\n<ul style=\"text-align: justify\">\n<li>Sanit&auml;ranlagen erneuern<\/li>\n<li>Ihre Fassade neu streichen<\/li>\n<li>Einen Pool bauen lassen<\/li>\n<li>Die K&uuml;che tauschen<\/li>\n<li>Eine ebenerdige Dusche einbauen lassen<\/li>\n<li>Dachboden ausbauen<\/li>\n<li>Einen Carport bauen lassen<\/li>\n<li>Ihr Haus mit einem Wintergarten erweitern<\/li>\n<li>Ihre Fensterrahmen austauschen<\/li>\n<li>Ihr komplettes Heizungssystem erneuern<\/li>\n<li>&#8230;<\/li>\n<\/ul>\n<p style=\"text-align: justify\">Alles oder fast alles ist m&ouml;glich!<\/p>\n<p>&nbsp;<\/p>\n<h2 style=\"text-align: justify\">Renovierungskredit: welche Bedingungen?<\/h2>\n<p>&nbsp;<\/p>\n<p style=\"text-align: justify\">Genau wie der <a href=\"https:\/\/www.credafin.be\/de\/pret-travaux\">Arbeitskredit<\/a> unterliegt der Renovierungskredit einigen Bedingungen. Um von diesem speziellen <a href=\"https:\/\/www.credafin.be\/de\/pret-personnel\">Personalkredit<\/a> profitieren zu k&ouml;nnen, m&uuml;ssen Sie der Eigent&uuml;mer der Immobilie sein, die von diesen Renovierungsarbeiten profitieren soll, und m&uuml;ssen im Besitz von Rechnungen oder unterschriebenen Auftragsbest&auml;tigungen sein, die die auszuf&uuml;hrenden Arbeiten erkl&auml;ren.<\/p>\n<p>&nbsp;<\/p>\n<h2 style=\"text-align: justify\">Der Renovierungskredit von Credafin<\/h2>\n<p>&nbsp;<\/p>\n<p style=\"text-align: justify\">Mit einem Renovierungskredit bei Credafin profitieren Sie von einem <strong>festen Zinssatz<\/strong>, erhalten innerhalb von <strong>24 Stunden<\/strong> eine Antwort, profitieren von <strong>pers&ouml;nlicher Beratung<\/strong> und werden durch einen <strong>transparenten<\/strong> und <strong>professionellen<\/strong> Service garantiert. Z&ouml;gern Sie nicht l&auml;nger!<\/p>\n<p>&nbsp;<\/p>\n<p style=\"text-align: justify\">\n<style>.bouton01 a {background-color: #eae8e0; padding: 15px; margin: 10px auto!important; border-radius: 10px; font-weight:600; font-size:16px;}<\/style>\n<\/p>\n<p style=\"text-align: center\" class=\"bouton01\"><a href=\"https:\/\/www.credafin.be\/de\/kontaktieren-sie-uns\">Kontaktieren Sie uns!<\/a><\/p>\n<div class=\"clearfix\"><\/div>\n<p>&nbsp;<\/p>\n<div id=\"USP\">\n<div class=\"row\">\n<h2 class=\"titreLP\">&nbsp;<img decoding=\"async\" class=\"alignnone wp-image-2789\" alt=\"Icons_V_Orange\" src=\"https:\/\/www.credafin.be\/wp-content\/uploads\/2016\/07\/Icons_V_Orange-e1468234397451.png\" width=\"30\" height=\"30\" \/><span> <\/span>Ihre Vorteile mit Credafin<\/h2>\n<div class=\"col-md-4\">\n<div id=\"bulletA\"><\/div>\n<h3>Qualifizierte Experten<\/h3>\n<p style=\"text-align: justify\">Bei Credafin sind die Kredit-Experten hochqualifiziert. Sie profitieren also von fundierten Ratschl&auml;gen.<\/p>\n<\/div>\n<div class=\"col-md-4\">\n<div id=\"bulletB\"><\/div>\n<div class=\"bull\">\n<h3>Schneller Service<\/h3>\n<p style=\"text-align: justify;margin-bottom: 25px\">Teilen Sie uns Ihre W&uuml;nsche mit, und wir geben Ihnen innerhalb von 24 Stunden eine schnelle Antwort!<\/p>\n<\/div>\n<\/div>\n<div class=\"col-md-4\">\n<div id=\"bulletC\"><\/div>\n<h3>Transparenz<\/h3>\n<p style=\"text-align: justify\">Unsere Online-Kreditsimulation bietet Ihnen eine hohe Transparenz, das alles ohne Verpflichtung.<\/p>\n<\/div>\n<\/div>\n<div class=\"row\">\n<div class=\"col-md-4\">\n<div id=\"bulletD\"><\/div>\n<h3>Sichere Daten<\/h3>\n<p style=\"text-align: justify\">Wir garantieren Ihnen die Sicherheit und Vertraulichkeit Ihrer Daten. Teilen Sie uns Ihre Projekte bedenkenlos mit.<\/p>\n<\/div>\n<div class=\"col-md-4\">\n<div id=\"bulletE\"><\/div>\n<h3><span>Individueller Service<\/span><\/h3>\n<p><span>Dank unseres individuellen Service teilen Sie uns Ihre Projekte mit, und wir bieten Ihnen die geeignetsten L&ouml;sungen an.<\/span><\/div>\n<div class=\"col-md-4\">\n<div id=\"bulletF\"><\/div>\n<h3>G&uuml;nstige Konditionen<\/h3>\n<p style=\"text-align: justify\"><span>Profitieren Sie von vorteilhaften Konditionen, die Ihrer Situation angepasst sind, resultierend aus einer umfassenden Bewertung Ihrer Anfrage.<\/span><\/p>\n<\/div>\n<\/div>\n<\/div>\n","protected":false},"excerpt":{"rendered":"<p>Renovierungskredit: Geben Sie Ihrem Zuhause neuen Glanz \u2013 jetzt anfragen und sparen!<\/p>\n","protected":false},"author":22,"featured_media":0,"parent":0,"menu_order":0,"comment_status":"closed","ping_status":"closed","template":"page-full-sim.php","meta":{"_yoast_wpseo_focuskw":"Renovierungskredit","_yoast_wpseo_title":"Renovierungskredit: Finanzieren Sie Ihre Renovierungsarbeiten!","_yoast_wpseo_metadesc":"Renovierungskredit: Starten Sie jetzt Ihre Renovierung \u2013 f\u00fcr ein stilvolles Zuhause und mehr Wohnkomfort!","_yoast_wpseo_meta-robots-noindex":"","_yoast_wpseo_meta-robots-nofollow":"","_yoast_wpseo_canonical":"https:\/\/www.credafin.be\/de\/renovierungskredit","_yoast_wpseo_focuskw_text":"Renovierungskredit","_yoast_wpseo_schema":"Article","footnotes":""},"class_list":["post-6702","page","type-page","status-publish","hentry"],"yoast_head":"<!-- This site is optimized with the Yoast SEO plugin v27.4 - https:\/\/yoast.com\/product\/yoast-seo-wordpress\/ -->\n<title>Renovierungskredit: Finanzieren Sie Ihre Renovierungsarbeiten!<\/title>\n<meta name=\"description\" content=\"Renovierungskredit: Starten Sie jetzt Ihre Renovierung \u2013 f\u00fcr ein stilvolles Zuhause und mehr Wohnkomfort!\" \/>\n<meta name=\"robots\" content=\"index, follow, max-snippet:-1, max-image-preview:large, max-video-preview:-1\" \/>\n<link rel=\"canonical\" href=\"https:\/\/www.credafin.be\/de\/renovierungskredit\" \/>\n<meta property=\"og:locale\" content=\"de_DE\" \/>\n<meta property=\"og:type\" content=\"article\" \/>\n<meta property=\"og:title\" content=\"Renovierungskredit: Finanzieren Sie Ihre Renovierungsarbeiten!\" \/>\n<meta property=\"og:description\" content=\"Renovierungskredit: Starten Sie jetzt Ihre Renovierung \u2013 f\u00fcr ein stilvolles Zuhause und mehr Wohnkomfort!\" \/>\n<meta property=\"og:url\" content=\"https:\/\/www.credafin.be\/de\/renovierungskredit\" \/>\n<meta property=\"og:site_name\" content=\"Credafin\" \/>\n<meta property=\"article:publisher\" content=\"http:\/\/www.facebook.com\/Credafin.be\" \/>\n<meta property=\"article:modified_time\" content=\"2025-04-03T00:33:48+00:00\" \/>\n<meta property=\"og:image\" content=\"https:\/\/www.credafin.be\/wp-content\/uploads\/2018\/01\/credit-travaux-credafin.jpg\" \/>\n<meta name=\"twitter:card\" content=\"summary_large_image\" \/>\n<meta name=\"twitter:site\" content=\"@Credafinbe\" \/>\n<meta name=\"twitter:label1\" content=\"Est. reading time\" \/>\n\t<meta name=\"twitter:data1\" content=\"3 minutes\" \/>\n<script type=\"application\/ld+json\" class=\"yoast-schema-graph\">{\"@context\":\"https:\\\/\\\/schema.org\",\"@graph\":[{\"@type\":\"WebPage\",\"@id\":\"https:\\\/\\\/www.credafin.be\\\/de\\\/renovierungskredit\",\"url\":\"https:\\\/\\\/www.credafin.be\\\/de\\\/renovierungskredit\",\"name\":\"Renovierungskredit: Finanzieren Sie Ihre Renovierungsarbeiten!\",\"isPartOf\":{\"@id\":\"https:\\\/\\\/www.credafin.be\\\/#website\"},\"primaryImageOfPage\":{\"@id\":\"https:\\\/\\\/www.credafin.be\\\/de\\\/renovierungskredit#primaryimage\"},\"image\":{\"@id\":\"https:\\\/\\\/www.credafin.be\\\/de\\\/renovierungskredit#primaryimage\"},\"thumbnailUrl\":\"https:\\\/\\\/www.credafin.be\\\/wp-content\\\/uploads\\\/2016\\\/07\\\/Icons_V_Orange-e1468234397451.png\",\"datePublished\":\"2025-03-25T08:41:59+00:00\",\"dateModified\":\"2025-04-03T00:33:48+00:00\",\"description\":\"Renovierungskredit: Starten Sie jetzt Ihre Renovierung \u2013 f\u00fcr ein stilvolles Zuhause und mehr Wohnkomfort!\",\"breadcrumb\":{\"@id\":\"https:\\\/\\\/www.credafin.be\\\/de\\\/renovierungskredit#breadcrumb\"},\"inLanguage\":\"de-BE\",\"potentialAction\":[{\"@type\":\"ReadAction\",\"target\":[\"https:\\\/\\\/www.credafin.be\\\/de\\\/renovierungskredit\"]}]},{\"@type\":\"ImageObject\",\"inLanguage\":\"de-BE\",\"@id\":\"https:\\\/\\\/www.credafin.be\\\/de\\\/renovierungskredit#primaryimage\",\"url\":\"https:\\\/\\\/www.credafin.be\\\/wp-content\\\/uploads\\\/2016\\\/07\\\/Icons_V_Orange-e1468234397451.png\",\"contentUrl\":\"https:\\\/\\\/www.credafin.be\\\/wp-content\\\/uploads\\\/2016\\\/07\\\/Icons_V_Orange-e1468234397451.png\"},{\"@type\":\"BreadcrumbList\",\"@id\":\"https:\\\/\\\/www.credafin.be\\\/de\\\/renovierungskredit#breadcrumb\",\"itemListElement\":[{\"@type\":\"ListItem\",\"position\":1,\"name\":\"Home\",\"item\":\"https:\\\/\\\/www.credafin.be\\\/de\\\/credafin-ihre-kredite-zu-besten-zinsen\"},{\"@type\":\"ListItem\",\"position\":2,\"name\":\"Renovierungskredit: Finanzieren Sie Ihre Renovierungsarbeiten!\"}]},{\"@type\":\"WebSite\",\"@id\":\"https:\\\/\\\/www.credafin.be\\\/#website\",\"url\":\"https:\\\/\\\/www.credafin.be\\\/\",\"name\":\"Credafin\",\"description\":\"Oxyg\u00e9nez votre budget en toute s\u00e9r\u00e9nit\u00e9\",\"potentialAction\":[{\"@type\":\"SearchAction\",\"target\":{\"@type\":\"EntryPoint\",\"urlTemplate\":\"https:\\\/\\\/www.credafin.be\\\/?s={search_term_string}\"},\"query-input\":{\"@type\":\"PropertyValueSpecification\",\"valueRequired\":true,\"valueName\":\"search_term_string\"}}],\"inLanguage\":\"de-BE\"}]}<\/script>\n<!-- \/ Yoast SEO plugin. -->","yoast_head_json":{"title":"Renovierungskredit: Finanzieren Sie Ihre Renovierungsarbeiten!","description":"Renovierungskredit: Starten Sie jetzt Ihre Renovierung \u2013 f\u00fcr ein stilvolles Zuhause und mehr Wohnkomfort!","robots":{"index":"index","follow":"follow","max-snippet":"max-snippet:-1","max-image-preview":"max-image-preview:large","max-video-preview":"max-video-preview:-1"},"canonical":"https:\/\/www.credafin.be\/de\/renovierungskredit","og_locale":"de_DE","og_type":"article","og_title":"Renovierungskredit: Finanzieren Sie Ihre Renovierungsarbeiten!","og_description":"Renovierungskredit: Starten Sie jetzt Ihre Renovierung \u2013 f\u00fcr ein stilvolles Zuhause und mehr Wohnkomfort!","og_url":"https:\/\/www.credafin.be\/de\/renovierungskredit","og_site_name":"Credafin","article_publisher":"http:\/\/www.facebook.com\/Credafin.be","article_modified_time":"2025-04-03T00:33:48+00:00","og_image":[{"url":"https:\/\/www.credafin.be\/wp-content\/uploads\/2018\/01\/credit-travaux-credafin.jpg","type":"","width":"","height":""}],"twitter_card":"summary_large_image","twitter_site":"@Credafinbe","twitter_misc":{"Est. reading time":"3 minutes"},"schema":{"@context":"https:\/\/schema.org","@graph":[{"@type":"WebPage","@id":"https:\/\/www.credafin.be\/de\/renovierungskredit","url":"https:\/\/www.credafin.be\/de\/renovierungskredit","name":"Renovierungskredit: Finanzieren Sie Ihre Renovierungsarbeiten!","isPartOf":{"@id":"https:\/\/www.credafin.be\/#website"},"primaryImageOfPage":{"@id":"https:\/\/www.credafin.be\/de\/renovierungskredit#primaryimage"},"image":{"@id":"https:\/\/www.credafin.be\/de\/renovierungskredit#primaryimage"},"thumbnailUrl":"https:\/\/www.credafin.be\/wp-content\/uploads\/2016\/07\/Icons_V_Orange-e1468234397451.png","datePublished":"2025-03-25T08:41:59+00:00","dateModified":"2025-04-03T00:33:48+00:00","description":"Renovierungskredit: Starten Sie jetzt Ihre Renovierung \u2013 f\u00fcr ein stilvolles Zuhause und mehr Wohnkomfort!","breadcrumb":{"@id":"https:\/\/www.credafin.be\/de\/renovierungskredit#breadcrumb"},"inLanguage":"de-BE","potentialAction":[{"@type":"ReadAction","target":["https:\/\/www.credafin.be\/de\/renovierungskredit"]}]},{"@type":"ImageObject","inLanguage":"de-BE","@id":"https:\/\/www.credafin.be\/de\/renovierungskredit#primaryimage","url":"https:\/\/www.credafin.be\/wp-content\/uploads\/2016\/07\/Icons_V_Orange-e1468234397451.png","contentUrl":"https:\/\/www.credafin.be\/wp-content\/uploads\/2016\/07\/Icons_V_Orange-e1468234397451.png"},{"@type":"BreadcrumbList","@id":"https:\/\/www.credafin.be\/de\/renovierungskredit#breadcrumb","itemListElement":[{"@type":"ListItem","position":1,"name":"Home","item":"https:\/\/www.credafin.be\/de\/credafin-ihre-kredite-zu-besten-zinsen"},{"@type":"ListItem","position":2,"name":"Renovierungskredit: Finanzieren Sie Ihre Renovierungsarbeiten!"}]},{"@type":"WebSite","@id":"https:\/\/www.credafin.be\/#website","url":"https:\/\/www.credafin.be\/","name":"Credafin","description":"Oxyg\u00e9nez votre budget en toute s\u00e9r\u00e9nit\u00e9","potentialAction":[{"@type":"SearchAction","target":{"@type":"EntryPoint","urlTemplate":"https:\/\/www.credafin.be\/?s={search_term_string}"},"query-input":{"@type":"PropertyValueSpecification","valueRequired":true,"valueName":"search_term_string"}}],"inLanguage":"de-BE"}]}},"_links":{"self":[{"href":"https:\/\/www.credafin.be\/de\/wp-json\/wp\/v2\/pages\/6702","targetHints":{"allow":["GET"]}}],"collection":[{"href":"https:\/\/www.credafin.be\/de\/wp-json\/wp\/v2\/pages"}],"about":[{"href":"https:\/\/www.credafin.be\/de\/wp-json\/wp\/v2\/types\/page"}],"author":[{"embeddable":true,"href":"https:\/\/www.credafin.be\/de\/wp-json\/wp\/v2\/users\/22"}],"replies":[{"embeddable":true,"href":"https:\/\/www.credafin.be\/de\/wp-json\/wp\/v2\/comments?post=6702"}],"version-history":[{"count":4,"href":"https:\/\/www.credafin.be\/de\/wp-json\/wp\/v2\/pages\/6702\/revisions"}],"predecessor-version":[{"id":8209,"href":"https:\/\/www.credafin.be\/de\/wp-json\/wp\/v2\/pages\/6702\/revisions\/8209"}],"wp:attachment":[{"href":"https:\/\/www.credafin.be\/de\/wp-json\/wp\/v2\/media?parent=6702"}],"curies":[{"name":"wp","href":"https:\/\/api.w.org\/{rel}","templated":true}]}}