{"id":6701,"date":"2025-03-25T09:41:40","date_gmt":"2025-03-25T08:41:40","guid":{"rendered":"https:\/\/www.credafin.be\/von-einem-haus-zum-anderen-mit-der-brckenfinanzierung"},"modified":"2025-04-03T01:34:27","modified_gmt":"2025-04-03T00:34:27","slug":"kredit-brucke","status":"publish","type":"page","link":"https:\/\/www.credafin.be\/de\/kredit-brucke","title":{"rendered":"Von einem Haus zum anderen mit der Br&uuml;ckenfinanzierung"},"content":{"rendered":"<p>Der Kauf eines neuen Hauses oder einer Wohnung erfordert ein erhebliches Kapital, sei es durch ein Darlehen oder Eigenkapital. Der Verkauf einer Immobilie ist eine praktische L&ouml;sung, um Ihre neue Investition zu finanzieren und den Betrag des Darlehens zu reduzieren. Wenn der Verkauf nicht sofort abgeschlossen wird, bietet die Aufnahme eines Br&uuml;ckenkredits eine praktische Alternative. Ein genauer Blick auf die Vorteile dieser Art von Darlehen.<\/p>\n<h2>Wie funktioniert eine Br&uuml;ckenfinanzierung?<\/h2>\n<p>Dank dieses Modells m&uuml;ssen Eigent&uuml;mer nicht den Verkauf ihrer Immobilie abwarten, um in ein gr&ouml;&szlig;eres Haus zu investieren. Tats&auml;chlich ersetzt ein Br&uuml;ckenkredit den Verkaufserl&ouml;s einer Immobilie, der f&uuml;r die Finanzierung eines Neukaufs vorgesehen ist, abz\u00fcglich des Restbetrags Ihrer laufenden Immobilienkredite. Er erg&auml;nzt ein Hypothekendarlehen, wenn der Betrag Ihres zuk&uuml;nftigen Erwerbs die durch den Verkauf Ihres Eigentums erzielten Summen &uuml;bersteigt.<br \/>Im Allgemeinen bieten Kreditinstitute diese Art von Krediten mit einer R&uuml;ckzahlungsfrist von einem Jahr an, verl&auml;ngerbar auf Anfrage des Kunden. Diese Laufzeit kann jedoch je nach den von Ihrem Kreditor auferlegten Bedingungen von 3 Monaten bis zu 3 Jahren variieren. Diese Frist gibt Ihnen die M&ouml;glichkeit, vom Verkauf der gehaltenen Immobilie am meisten zu profitieren. Es ist m&ouml;glich, eine vorzeitige R&uuml;ckzahlung vorzunehmen, normalerweise gegen Zahlung einer Strafe, falls der Verkaufserl&ouml;s dies erlaubt.<\/p>\n<h3>Was ist das Limit f&uuml;r eine Br&uuml;ckenfinanzierung?<\/h3>\n<p>In den meisten F&auml;llen gew&auml;hren Banken Br&uuml;ckenkredite in H&ouml;he von 80 % des Wertes Ihrer Immobilie. Unter den besten Bedingungen k&ouml;nnen Gl&auml;ubiger bis zu 90 % des gesch&auml;tzten Preises gew&auml;hren. Dieser Prozentsatz ber&uuml;cksichtigt eine m&ouml;gliche Abwertung der Eigenkapitalkredit. Eine genaue Bewertung Ihrer Immobilie ist ratsam, bevor Sie Ihr Darlehen aufnehmen. Dadurch vermeiden Sie, die Differenz zwischen dem Kreditbetrag und dem Verkaufserl&ouml;s bei Ihrem Kreditgeber zu schulden.<\/p>\n<h3>R&uuml;ckzahlung eines Br&uuml;ckenkredits<\/h3>\n<p>Br&uuml;ckenkredite haben in der Regel einen festen Zinssatz. Abh&auml;ngig vom beantragten Kreditbetrag und der R&uuml;ckzahlungsfrist berechnen die meisten Kreditgeber einen Zinssatz zwischen 2,05 % und 3,8 %. Das Kapital selbst ist bei der f&uuml;r Ihr Darlehen vorgesehenen F&auml;lligkeit r&uuml;ckzahlbar. Die Zinsen sind jeden Monat oder am Ende der Kredite zu zahlen.<br \/><button type=\"button\" class=\"btn btn-danger btn-lg\"><strong>Beantragen Sie jetzt online Ihre Finanzierung<\/strong><\/button><\/p>\n","protected":false},"excerpt":{"rendered":"<p>Nutzen Sie eine Br\u00fcckenfinanzierung, um Ihr neues Eigenheim stressfrei zu erwerben \u2013 jetzt informieren und vorteilhaft handeln!<\/p>\n","protected":false},"author":22,"featured_media":0,"parent":0,"menu_order":0,"comment_status":"closed","ping_status":"closed","template":"page-full-width.php","meta":{"_yoast_wpseo_focuskw":"Br\u00fcckenfinanzierung","_yoast_wpseo_title":"Von einem Haus zum anderen mit der Br&uuml;ckenfinanzierung","_yoast_wpseo_metadesc":"Nutzen Sie die Br\u00fcckenfinanzierung, um ohne Wartezeit in Ihr neues Zuhause zu investieren. Jetzt klicken und mehr erfahren!","_yoast_wpseo_meta-robots-noindex":"","_yoast_wpseo_meta-robots-nofollow":"","_yoast_wpseo_canonical":"https:\/\/www.credafin.be\/de\/kredit-brucke","_yoast_wpseo_focuskw_text":"Br\u00fcckenfinanzierung","_yoast_wpseo_schema":"Article","footnotes":""},"class_list":["post-6701","page","type-page","status-publish","hentry"],"yoast_head":"<!-- This site is optimized with the Yoast SEO plugin v27.3 - https:\/\/yoast.com\/product\/yoast-seo-wordpress\/ -->\n<title>Von einem Haus zum anderen mit der Br&uuml;ckenfinanzierung<\/title>\n<meta name=\"description\" content=\"Nutzen Sie die Br\u00fcckenfinanzierung, um ohne Wartezeit in Ihr neues Zuhause zu investieren. Jetzt klicken und mehr erfahren!\" \/>\n<meta name=\"robots\" content=\"index, follow, max-snippet:-1, max-image-preview:large, max-video-preview:-1\" \/>\n<link rel=\"canonical\" href=\"https:\/\/www.credafin.be\/de\/kredit-brucke\" \/>\n<meta property=\"og:locale\" content=\"de_DE\" \/>\n<meta property=\"og:type\" content=\"article\" \/>\n<meta property=\"og:title\" content=\"Von einem Haus zum anderen mit der Br&uuml;ckenfinanzierung\" \/>\n<meta property=\"og:description\" content=\"Nutzen Sie die Br\u00fcckenfinanzierung, um ohne Wartezeit in Ihr neues Zuhause zu investieren. Jetzt klicken und mehr erfahren!\" \/>\n<meta property=\"og:url\" content=\"https:\/\/www.credafin.be\/de\/kredit-brucke\" \/>\n<meta property=\"og:site_name\" content=\"Credafin\" \/>\n<meta property=\"article:publisher\" content=\"http:\/\/www.facebook.com\/Credafin.be\" \/>\n<meta property=\"article:modified_time\" content=\"2025-04-03T00:34:27+00:00\" \/>\n<meta property=\"og:image\" content=\"https:\/\/www.credafin.be\/wp-content\/uploads\/2019\/01\/shutterstock_226410256.jpg\" \/>\n\t<meta property=\"og:image:width\" content=\"768\" \/>\n\t<meta property=\"og:image:height\" content=\"295\" \/>\n\t<meta property=\"og:image:type\" content=\"image\/jpeg\" \/>\n<meta name=\"twitter:card\" content=\"summary_large_image\" \/>\n<meta name=\"twitter:site\" content=\"@Credafinbe\" \/>\n<meta name=\"twitter:label1\" content=\"Est. reading time\" \/>\n\t<meta name=\"twitter:data1\" content=\"2 minutes\" \/>\n<script type=\"application\/ld+json\" class=\"yoast-schema-graph\">{\"@context\":\"https:\\\/\\\/schema.org\",\"@graph\":[{\"@type\":\"WebPage\",\"@id\":\"https:\\\/\\\/www.credafin.be\\\/de\\\/kredit-brucke\",\"url\":\"https:\\\/\\\/www.credafin.be\\\/de\\\/kredit-brucke\",\"name\":\"Von einem Haus zum anderen mit der Br&uuml;ckenfinanzierung\",\"isPartOf\":{\"@id\":\"https:\\\/\\\/www.credafin.be\\\/#website\"},\"datePublished\":\"2025-03-25T08:41:40+00:00\",\"dateModified\":\"2025-04-03T00:34:27+00:00\",\"description\":\"Nutzen Sie die Br\u00fcckenfinanzierung, um ohne Wartezeit in Ihr neues Zuhause zu investieren. Jetzt klicken und mehr erfahren!\",\"breadcrumb\":{\"@id\":\"https:\\\/\\\/www.credafin.be\\\/de\\\/kredit-brucke#breadcrumb\"},\"inLanguage\":\"de-BE\",\"potentialAction\":[{\"@type\":\"ReadAction\",\"target\":[\"https:\\\/\\\/www.credafin.be\\\/de\\\/kredit-brucke\"]}]},{\"@type\":\"BreadcrumbList\",\"@id\":\"https:\\\/\\\/www.credafin.be\\\/de\\\/kredit-brucke#breadcrumb\",\"itemListElement\":[{\"@type\":\"ListItem\",\"position\":1,\"name\":\"Home\",\"item\":\"https:\\\/\\\/www.credafin.be\\\/de\\\/credafin-ihre-kredite-zu-besten-zinsen\"},{\"@type\":\"ListItem\",\"position\":2,\"name\":\"Von einem Haus zum anderen mit der Br&uuml;ckenfinanzierung\"}]},{\"@type\":\"WebSite\",\"@id\":\"https:\\\/\\\/www.credafin.be\\\/#website\",\"url\":\"https:\\\/\\\/www.credafin.be\\\/\",\"name\":\"Credafin\",\"description\":\"Oxyg\u00e9nez votre budget en toute s\u00e9r\u00e9nit\u00e9\",\"potentialAction\":[{\"@type\":\"SearchAction\",\"target\":{\"@type\":\"EntryPoint\",\"urlTemplate\":\"https:\\\/\\\/www.credafin.be\\\/?s={search_term_string}\"},\"query-input\":{\"@type\":\"PropertyValueSpecification\",\"valueRequired\":true,\"valueName\":\"search_term_string\"}}],\"inLanguage\":\"de-BE\"}]}<\/script>\n<!-- \/ Yoast SEO plugin. -->","yoast_head_json":{"title":"Von einem Haus zum anderen mit der Br&uuml;ckenfinanzierung","description":"Nutzen Sie die Br\u00fcckenfinanzierung, um ohne Wartezeit in Ihr neues Zuhause zu investieren. Jetzt klicken und mehr erfahren!","robots":{"index":"index","follow":"follow","max-snippet":"max-snippet:-1","max-image-preview":"max-image-preview:large","max-video-preview":"max-video-preview:-1"},"canonical":"https:\/\/www.credafin.be\/de\/kredit-brucke","og_locale":"de_DE","og_type":"article","og_title":"Von einem Haus zum anderen mit der Br&uuml;ckenfinanzierung","og_description":"Nutzen Sie die Br\u00fcckenfinanzierung, um ohne Wartezeit in Ihr neues Zuhause zu investieren. Jetzt klicken und mehr erfahren!","og_url":"https:\/\/www.credafin.be\/de\/kredit-brucke","og_site_name":"Credafin","article_publisher":"http:\/\/www.facebook.com\/Credafin.be","article_modified_time":"2025-04-03T00:34:27+00:00","og_image":[{"width":768,"height":295,"url":"https:\/\/www.credafin.be\/wp-content\/uploads\/2019\/01\/shutterstock_226410256.jpg","type":"image\/jpeg"}],"twitter_card":"summary_large_image","twitter_site":"@Credafinbe","twitter_misc":{"Est. reading time":"2 minutes"},"schema":{"@context":"https:\/\/schema.org","@graph":[{"@type":"WebPage","@id":"https:\/\/www.credafin.be\/de\/kredit-brucke","url":"https:\/\/www.credafin.be\/de\/kredit-brucke","name":"Von einem Haus zum anderen mit der Br&uuml;ckenfinanzierung","isPartOf":{"@id":"https:\/\/www.credafin.be\/#website"},"datePublished":"2025-03-25T08:41:40+00:00","dateModified":"2025-04-03T00:34:27+00:00","description":"Nutzen Sie die Br\u00fcckenfinanzierung, um ohne Wartezeit in Ihr neues Zuhause zu investieren. Jetzt klicken und mehr erfahren!","breadcrumb":{"@id":"https:\/\/www.credafin.be\/de\/kredit-brucke#breadcrumb"},"inLanguage":"de-BE","potentialAction":[{"@type":"ReadAction","target":["https:\/\/www.credafin.be\/de\/kredit-brucke"]}]},{"@type":"BreadcrumbList","@id":"https:\/\/www.credafin.be\/de\/kredit-brucke#breadcrumb","itemListElement":[{"@type":"ListItem","position":1,"name":"Home","item":"https:\/\/www.credafin.be\/de\/credafin-ihre-kredite-zu-besten-zinsen"},{"@type":"ListItem","position":2,"name":"Von einem Haus zum anderen mit der Br&uuml;ckenfinanzierung"}]},{"@type":"WebSite","@id":"https:\/\/www.credafin.be\/#website","url":"https:\/\/www.credafin.be\/","name":"Credafin","description":"Oxyg\u00e9nez votre budget en toute s\u00e9r\u00e9nit\u00e9","potentialAction":[{"@type":"SearchAction","target":{"@type":"EntryPoint","urlTemplate":"https:\/\/www.credafin.be\/?s={search_term_string}"},"query-input":{"@type":"PropertyValueSpecification","valueRequired":true,"valueName":"search_term_string"}}],"inLanguage":"de-BE"}]}},"_links":{"self":[{"href":"https:\/\/www.credafin.be\/de\/wp-json\/wp\/v2\/pages\/6701","targetHints":{"allow":["GET"]}}],"collection":[{"href":"https:\/\/www.credafin.be\/de\/wp-json\/wp\/v2\/pages"}],"about":[{"href":"https:\/\/www.credafin.be\/de\/wp-json\/wp\/v2\/types\/page"}],"author":[{"embeddable":true,"href":"https:\/\/www.credafin.be\/de\/wp-json\/wp\/v2\/users\/22"}],"replies":[{"embeddable":true,"href":"https:\/\/www.credafin.be\/de\/wp-json\/wp\/v2\/comments?post=6701"}],"version-history":[{"count":2,"href":"https:\/\/www.credafin.be\/de\/wp-json\/wp\/v2\/pages\/6701\/revisions"}],"predecessor-version":[{"id":8210,"href":"https:\/\/www.credafin.be\/de\/wp-json\/wp\/v2\/pages\/6701\/revisions\/8210"}],"wp:attachment":[{"href":"https:\/\/www.credafin.be\/de\/wp-json\/wp\/v2\/media?parent=6701"}],"curies":[{"name":"wp","href":"https:\/\/api.w.org\/{rel}","templated":true}]}}