{"id":6700,"date":"2025-03-25T09:41:29","date_gmt":"2025-03-25T08:41:29","guid":{"rendered":"https:\/\/www.credafin.be\/energie-kredit"},"modified":"2025-04-03T01:35:21","modified_gmt":"2025-04-03T00:35:21","slug":"energie-kredit","status":"publish","type":"page","link":"https:\/\/www.credafin.be\/de\/energie-kredit","title":{"rendered":"Energie-Kredit"},"content":{"rendered":"<h2><span>Der Energie-Kredit zur Finanzierung Ihrer Bauarbeiten<\/span><\/h2>\n<p><span>Planen Sie Arbeiten, um die Energieeffizienz Ihres Hauses zu verbessern? Ein Energiekredit k&ouml;nnte Ihre Ausgaben decken.<\/span><\/p>\n<h3><span>Erfahren Sie mehr &uuml;ber den Energie-Kredit, seine Vorteile und die Voraussetzungen, um davon zu profitieren<\/span><\/h3>\n<p><span>Sowohl bei Neubauten als auch bei Renovierungen ist es wichtig, die Energiekosten zu ber&uuml;cksichtigen. Einerseits tragen Sie zum Umweltschutz bei. Andererseits ersparen Sie sich hohe monatliche Ausgaben. Aber es ist offensichtlich, dass die Anpassungen eine erhebliche Investition darstellen. Deshalb wurde der Energiekredit eingef&uuml;hrt. Dank dieses Angebots profitieren Sie von einem energiesparenden und perfekt komfortablen Zuhause.<\/span><\/p>\n<h2><span>Was ist ein Energie-Kredit?<\/span><\/h2>\n<p><span>Auch &#8220;Gr&uuml;ner Kredit&#8221; [a href=&#8221;https:\/\/environnement.brussels\/thematiques\/energie\/primes-et-incitants\/pret-vert-bruxellois] genannt, wird der Energiekredit von Banken und Kreditinstituten angeboten, um Energieeinspararbeiten zu finanzieren. Die angewandten Zinss&auml;tze liegen zwischen 0% und 2% f&uuml;r einen Kapitalbetrag, der es erm&ouml;glicht, mehrere Arbeiten gleichzeitig zu decken.<\/span><\/p>\n<p><span>Es stimmt, dass der Energiekredit Ausgaben verursacht, da Sie sich verpflichten, ihn gem&auml;&szlig; den im Vorfeld vereinbarten Bedingungen zur&uuml;ckzuzahlen. Allerdings bietet er Ihnen Zugang zu zahlreichen Vorteilen:<\/span><\/p>\n<p><span>&#8211; Die Investition in energieeffiziente Ausr&uuml;stung sichert Ihnen ein sparsames Zuhause. Ihre Rechnungen werden automatisch sinken, was hervorragend f&uuml;r Ihre Finanzen ist. Bei einem Verkauf oder einer Vermietung stellen die Energieeinspararbeiten eine nicht zu vernachl&auml;ssigende Wertsteigerung dar;<\/span><\/p>\n<p><span>&#8211; Die Beantragung eines gr&uuml;nen Kredits bietet Ihnen die M&ouml;glichkeit, Ihren Komfort zu verbessern. Sie k&ouml;nnen beispielsweise Isolationsprobleme l&ouml;sen, leistungsf&auml;higere Heizger&auml;te erwerben usw.;<\/span><\/p>\n<p><span>&#8211; Die durch den Energiekredit finanzierten Anpassungen sind vorteilhaft f&uuml;r den Planeten, da die Auswirkungen auf die Umwelt kontrolliert werden.<\/span><\/p>\n<h3><span>Wie erh&auml;lt man einen Energie-Kredit?<\/span><\/h3>\n<p><span>Die Vergabe eines Kredits zur Finanzierung von energetischen Renovierungsarbeiten ist nicht systematisch. Das Profil des Kreditnehmers wird vom Kreditinstitut sorgf&auml;ltig &uuml;berpr&uuml;ft. Es bewertet Ihre F&auml;higkeit, den Kredit basierend auf Ihrem Einkommen zur&uuml;ckzuzahlen. Es sei jedoch darauf hingewiesen, dass es kein Mindestgehalt gibt, um diesen Kredit in Anspruch nehmen zu k&ouml;nnen.<\/span><\/p>\n<p><span>Dar&uuml;ber hinaus geh&ouml;rt der Gr&uuml;ne Kredit zu den sogenannten &#8220;Zweckgebundenen Krediten&#8221;. Er kann daher nur vergeben werden, um Energieverbesserungsarbeiten zu finanzieren. Aus diesem Grund verlangen die Banken vor der Genehmigung oder Ablehnung des Antrags Kopien der Kostenvoranschl&auml;ge.<\/span><\/p>\n<p><span>Gleichzeitig sollten Sie wissen, dass es &#8220;f&ouml;rderf&auml;hige&#8221; Arbeiten f&uuml;r den Gr&uuml;nen Kredit gibt. Diese zielen auf die Reduzierung des Energieverbrauchs ab. Betroffen sind:<\/span><\/p>\n<p><span>&#8211; Isolierarbeiten (Dach, W&auml;nde, Fenster &#8230;)<\/span><\/p>\n<p><span>&#8211; Der Austausch von Verglasungen durch Modelle, die den W&auml;rmeverlust begrenzen<\/span><\/p>\n<p><span>&#8211; Die Installation einer W&auml;rmepumpe oder eines anderen energieeffizienten Heizsystems<\/span><\/p>\n<p><span>&#8211; Die Installation von L&uuml;ftungsl&ouml;sungen, die gute Energieeffizienz Ihrer Wohnung gew&auml;hrleisten<\/span><\/p>\n<p><span>&#8211; Der Einsatz erneuerbarer Energien (z. B. Solarmodule)<\/span><\/p>\n<p><span>&#8211; Der Kauf und die Installation von Ger&auml;ten zur Wassereinsparung<\/span><\/p>\n<p><span>&#8211; Der Erwerb eines Raumthermostats<\/span><\/p>\n<p><span>&#8211; Der Austausch des bestehenden Beleuchtungssystems durch energieeffiziente Produkte<\/span><\/p>\n<p><span>&#8211; Die Durchf&uuml;hrung eines Energieaudits<\/span><\/p>\n<p><span>&#8211; usw.<\/span><\/p>\n<p><span>Der Gr&uuml;ne Kredit kann f&uuml;r Arbeiten beantragt werden, die in Ihrer Haupt- oder Zweitwohnung geplant sind. In beiden F&auml;llen m&uuml;ssen die Arbeiten von Fachleuten durchgef&uuml;hrt werden. Sie k&ouml;nnen daher keinen gr&uuml;nen Kredit beantragen, wenn Sie Ihr Zuhause selbst renovieren m&ouml;chten.<\/span><\/p>\n<h3><span>W&auml;hlen Sie das Angebot aus, das zu Ihnen passt<\/span><\/h3>\n<p><span>Die Mehrheit der Banken in Belgien bietet den Gr&uuml;nen Kredit an. Aber Vorsicht, nicht alle Angebote sind gleichwertig. Es wird daher empfohlen, eine Simulation durchzuf&uuml;hren, um den besten Zinssatz zu finden. Ebenso sollten Sie mehrere Vorschl&auml;ge vergleichen. Welche Bedingungen stellt die Bank? Wie hoch ist der maximale Betrag, den Sie erhalten k&ouml;nnen? Was sind die R&uuml;ckzahlungsbedingungen (Laufzeit des Kredits, H&ouml;he der monatlichen Raten usw.)? Ist es m&ouml;glich, den Kredit vorzeitig zur&uuml;ckzuzahlen? Welcher Prozentsatz des Gr&uuml;nen Kredits muss zwingend f&uuml;r energetische Sanierungen verwendet werden? Dies sind alles wichtige Fragen, die Ihnen eine optimale Kontrolle &uuml;ber Ihr Budget sichern. Ein zu hoch angesetztes Angebot kann Komplikationen in Ihrem Management verursachen, w&auml;hrend ein zu verlockendes Angebot Bedingungen verbergen kann, die Ihnen entgehen.<\/span><\/p>\n<p><span>Seien Sie nicht &uuml;berst&uuml;rzt. Die beste Vorgehensweise ist, zuerst eine Simulation durchzuf&uuml;hren und dann zu vergleichen. Beachten Sie, dass Sie durch die erhaltenen Vorschl&auml;ge nicht verpflichtet sind, solange Sie keinen Vertrag unterschreiben. Sie sind daher frei, das Kreditinstitut auszuw&auml;hlen, dessen Angebot am besten Ihren Erwartungen entspricht.<\/span><\/p>\n<p>Simulieren Sie Ihr<a href=\"https:\/\/www.credafin.be\/de\/pret-travaux\"> Baugeld<\/a> oder Ihre<a href=\"https:\/\/www.credafin.be\/de\/renovierungskredit\"> Renovierungsgeld<\/a> online unverbindlich.<\/p>\n","protected":false},"excerpt":{"rendered":"<p>Entdecken Sie den Energie-Kredit und starten Sie jetzt nachhaltige Renovierungen \u2013 klicken Sie f\u00fcr mehr!<\/p>\n","protected":false},"author":22,"featured_media":0,"parent":0,"menu_order":0,"comment_status":"closed","ping_status":"closed","template":"page-full-sim.php","meta":{"_yoast_wpseo_focuskw":"Energie-Kredit","_yoast_wpseo_title":"Energie-Kredit: Senken Sie Ihre Energiekosten jetzt","_yoast_wpseo_metadesc":"Profitieren Sie vom Energie-Kredit und investieren Sie in nachhaltige Renovierungen \u2013 jetzt klicken und Energiekosten senken!","_yoast_wpseo_meta-robots-noindex":"","_yoast_wpseo_meta-robots-nofollow":"","_yoast_wpseo_canonical":"https:\/\/www.credafin.be\/de\/energie-kredit","_yoast_wpseo_focuskw_text":"Energie-Kredit","_yoast_wpseo_schema":"Article","footnotes":""},"class_list":["post-6700","page","type-page","status-publish","hentry"],"yoast_head":"<!-- This site is optimized with the Yoast SEO plugin v27.5 - https:\/\/yoast.com\/product\/yoast-seo-wordpress\/ -->\n<title>Energie-Kredit: Senken Sie Ihre Energiekosten jetzt<\/title>\n<meta name=\"description\" content=\"Profitieren Sie vom Energie-Kredit und investieren Sie in nachhaltige Renovierungen \u2013 jetzt klicken und Energiekosten senken!\" \/>\n<meta name=\"robots\" content=\"index, follow, max-snippet:-1, max-image-preview:large, max-video-preview:-1\" \/>\n<link rel=\"canonical\" href=\"https:\/\/www.credafin.be\/de\/energie-kredit\" \/>\n<meta property=\"og:locale\" content=\"de_DE\" \/>\n<meta property=\"og:type\" content=\"article\" \/>\n<meta property=\"og:title\" content=\"Energie-Kredit: Senken Sie Ihre Energiekosten jetzt\" \/>\n<meta property=\"og:description\" content=\"Profitieren Sie vom Energie-Kredit und investieren Sie in nachhaltige Renovierungen \u2013 jetzt klicken und Energiekosten senken!\" \/>\n<meta property=\"og:url\" content=\"https:\/\/www.credafin.be\/de\/energie-kredit\" \/>\n<meta property=\"og:site_name\" content=\"Credafin\" \/>\n<meta property=\"article:publisher\" content=\"http:\/\/www.facebook.com\/Credafin.be\" \/>\n<meta property=\"article:modified_time\" content=\"2025-04-03T00:35:21+00:00\" \/>\n<meta property=\"og:image\" content=\"https:\/\/www.credafin.be\/wp-content\/uploads\/2019\/01\/shutterstock_226410256.jpg\" \/>\n\t<meta property=\"og:image:width\" content=\"768\" \/>\n\t<meta property=\"og:image:height\" content=\"295\" \/>\n\t<meta property=\"og:image:type\" content=\"image\/jpeg\" \/>\n<meta name=\"twitter:card\" content=\"summary_large_image\" \/>\n<meta name=\"twitter:site\" content=\"@Credafinbe\" \/>\n<meta name=\"twitter:label1\" content=\"Est. reading time\" \/>\n\t<meta name=\"twitter:data1\" content=\"4 minutes\" \/>\n<script type=\"application\/ld+json\" class=\"yoast-schema-graph\">{\"@context\":\"https:\\\/\\\/schema.org\",\"@graph\":[{\"@type\":\"WebPage\",\"@id\":\"https:\\\/\\\/www.credafin.be\\\/de\\\/energie-kredit\",\"url\":\"https:\\\/\\\/www.credafin.be\\\/de\\\/energie-kredit\",\"name\":\"Energie-Kredit: Senken Sie Ihre Energiekosten jetzt\",\"isPartOf\":{\"@id\":\"https:\\\/\\\/www.credafin.be\\\/#website\"},\"datePublished\":\"2025-03-25T08:41:29+00:00\",\"dateModified\":\"2025-04-03T00:35:21+00:00\",\"description\":\"Profitieren Sie vom Energie-Kredit und investieren Sie in nachhaltige Renovierungen \u2013 jetzt klicken und Energiekosten senken!\",\"breadcrumb\":{\"@id\":\"https:\\\/\\\/www.credafin.be\\\/de\\\/energie-kredit#breadcrumb\"},\"inLanguage\":\"de-BE\",\"potentialAction\":[{\"@type\":\"ReadAction\",\"target\":[\"https:\\\/\\\/www.credafin.be\\\/de\\\/energie-kredit\"]}]},{\"@type\":\"BreadcrumbList\",\"@id\":\"https:\\\/\\\/www.credafin.be\\\/de\\\/energie-kredit#breadcrumb\",\"itemListElement\":[{\"@type\":\"ListItem\",\"position\":1,\"name\":\"Home\",\"item\":\"https:\\\/\\\/www.credafin.be\\\/de\\\/credafin-ihre-kredite-zu-besten-zinsen\"},{\"@type\":\"ListItem\",\"position\":2,\"name\":\"Energie-Kredit\"}]},{\"@type\":\"WebSite\",\"@id\":\"https:\\\/\\\/www.credafin.be\\\/#website\",\"url\":\"https:\\\/\\\/www.credafin.be\\\/\",\"name\":\"Credafin\",\"description\":\"Oxyg\u00e9nez votre budget en toute s\u00e9r\u00e9nit\u00e9\",\"potentialAction\":[{\"@type\":\"SearchAction\",\"target\":{\"@type\":\"EntryPoint\",\"urlTemplate\":\"https:\\\/\\\/www.credafin.be\\\/?s={search_term_string}\"},\"query-input\":{\"@type\":\"PropertyValueSpecification\",\"valueRequired\":true,\"valueName\":\"search_term_string\"}}],\"inLanguage\":\"de-BE\"}]}<\/script>\n<!-- \/ Yoast SEO plugin. -->","yoast_head_json":{"title":"Energie-Kredit: Senken Sie Ihre Energiekosten jetzt","description":"Profitieren Sie vom Energie-Kredit und investieren Sie in nachhaltige Renovierungen \u2013 jetzt klicken und Energiekosten senken!","robots":{"index":"index","follow":"follow","max-snippet":"max-snippet:-1","max-image-preview":"max-image-preview:large","max-video-preview":"max-video-preview:-1"},"canonical":"https:\/\/www.credafin.be\/de\/energie-kredit","og_locale":"de_DE","og_type":"article","og_title":"Energie-Kredit: Senken Sie Ihre Energiekosten jetzt","og_description":"Profitieren Sie vom Energie-Kredit und investieren Sie in nachhaltige Renovierungen \u2013 jetzt klicken und Energiekosten senken!","og_url":"https:\/\/www.credafin.be\/de\/energie-kredit","og_site_name":"Credafin","article_publisher":"http:\/\/www.facebook.com\/Credafin.be","article_modified_time":"2025-04-03T00:35:21+00:00","og_image":[{"width":768,"height":295,"url":"https:\/\/www.credafin.be\/wp-content\/uploads\/2019\/01\/shutterstock_226410256.jpg","type":"image\/jpeg"}],"twitter_card":"summary_large_image","twitter_site":"@Credafinbe","twitter_misc":{"Est. reading time":"4 minutes"},"schema":{"@context":"https:\/\/schema.org","@graph":[{"@type":"WebPage","@id":"https:\/\/www.credafin.be\/de\/energie-kredit","url":"https:\/\/www.credafin.be\/de\/energie-kredit","name":"Energie-Kredit: Senken Sie Ihre Energiekosten jetzt","isPartOf":{"@id":"https:\/\/www.credafin.be\/#website"},"datePublished":"2025-03-25T08:41:29+00:00","dateModified":"2025-04-03T00:35:21+00:00","description":"Profitieren Sie vom Energie-Kredit und investieren Sie in nachhaltige Renovierungen \u2013 jetzt klicken und Energiekosten senken!","breadcrumb":{"@id":"https:\/\/www.credafin.be\/de\/energie-kredit#breadcrumb"},"inLanguage":"de-BE","potentialAction":[{"@type":"ReadAction","target":["https:\/\/www.credafin.be\/de\/energie-kredit"]}]},{"@type":"BreadcrumbList","@id":"https:\/\/www.credafin.be\/de\/energie-kredit#breadcrumb","itemListElement":[{"@type":"ListItem","position":1,"name":"Home","item":"https:\/\/www.credafin.be\/de\/credafin-ihre-kredite-zu-besten-zinsen"},{"@type":"ListItem","position":2,"name":"Energie-Kredit"}]},{"@type":"WebSite","@id":"https:\/\/www.credafin.be\/#website","url":"https:\/\/www.credafin.be\/","name":"Credafin","description":"Oxyg\u00e9nez votre budget en toute s\u00e9r\u00e9nit\u00e9","potentialAction":[{"@type":"SearchAction","target":{"@type":"EntryPoint","urlTemplate":"https:\/\/www.credafin.be\/?s={search_term_string}"},"query-input":{"@type":"PropertyValueSpecification","valueRequired":true,"valueName":"search_term_string"}}],"inLanguage":"de-BE"}]}},"_links":{"self":[{"href":"https:\/\/www.credafin.be\/de\/wp-json\/wp\/v2\/pages\/6700","targetHints":{"allow":["GET"]}}],"collection":[{"href":"https:\/\/www.credafin.be\/de\/wp-json\/wp\/v2\/pages"}],"about":[{"href":"https:\/\/www.credafin.be\/de\/wp-json\/wp\/v2\/types\/page"}],"author":[{"embeddable":true,"href":"https:\/\/www.credafin.be\/de\/wp-json\/wp\/v2\/users\/22"}],"replies":[{"embeddable":true,"href":"https:\/\/www.credafin.be\/de\/wp-json\/wp\/v2\/comments?post=6700"}],"version-history":[{"count":3,"href":"https:\/\/www.credafin.be\/de\/wp-json\/wp\/v2\/pages\/6700\/revisions"}],"predecessor-version":[{"id":8211,"href":"https:\/\/www.credafin.be\/de\/wp-json\/wp\/v2\/pages\/6700\/revisions\/8211"}],"wp:attachment":[{"href":"https:\/\/www.credafin.be\/de\/wp-json\/wp\/v2\/media?parent=6700"}],"curies":[{"name":"wp","href":"https:\/\/api.w.org\/{rel}","templated":true}]}}