{"id":6698,"date":"2025-03-25T09:40:41","date_gmt":"2025-03-25T08:40:41","guid":{"rendered":"https:\/\/www.credafin.be\/darlehen-fr-photovoltaik-module"},"modified":"2025-04-03T01:36:24","modified_gmt":"2025-04-03T00:36:24","slug":"darlehen-fr-photovoltaik-module","status":"publish","type":"page","link":"https:\/\/www.credafin.be\/de\/darlehen-fr-photovoltaik-module","title":{"rendered":"Darlehen f&uuml;r Photovoltaik-Module"},"content":{"rendered":"<p><span>Angesichts der steigenden Strompreise wird der Eigenverbrauch zu einer wirklichen Notwendigkeit. Hier kommt das Darlehen f&uuml;r Photovoltaik-Module ins Spiel.<\/span><\/p>\n<h2><span>Ein Darlehen f&uuml;r Photovoltaik-Module f&uuml;r erhebliche Einsparungen<\/span><\/h2>\n<p><span>Wir leben in einer Zeit, in der es unvorstellbar ist, ohne Strom zu leben. Wie w&uuml;rden wir Multimedia-Ger&auml;te, Haushaltsger&auml;te, Beleuchtung betreiben? Es ist jedoch klar, dass die Energiekosten tendenziell steigen, was zwangsl&auml;ufig Auswirkungen auf das Haushaltsbudget hat. Dieser Anstieg ist in erster Linie auf einen wachsenden Verbrauch zur&uuml;ckzuf&uuml;hren, weil immer mehr strombetriebene Ger&auml;te auf den Markt kommen. Die Installation von Photovoltaik-Module ist daher eine attraktive Option.<\/span><\/p>\n<h3><span>Warum in Photovoltaik-Module investieren?<\/span><\/h3>\n<p><span>Derzeit sind 80% der in Belgien genutzten Energien fossiler Natur (nicht erneuerbar). Sie werden meist im Ausland produziert, was zur regelm&auml;&szlig;igen Erh&ouml;hung ihrer Kosten beitr&auml;gt. Neben hohen Ausgaben ziehen fossile Energien sch&auml;dliche Folgen f&uuml;r den Planeten nach sich. <\/span><\/p>\n<p><span>Es ist daher wichtig, auf erneuerbare Energien umzusteigen. Solarzellen erm&ouml;glichen es Ihnen, den Strom, den Sie ben&ouml;tigen, selbst zu produzieren. Mit anderen Worten, Sie sind nicht mehr von Stromanbietern abh&auml;ngig, was die Rechnungen abschafft oder zumindest erheblich reduziert. Solarmodule nutzen gr&uuml;ne Energie, sodass Sie unbesorgt Strom verbrauchen k&ouml;nnen, ohne sich um Umweltbelastungen zu sorgen. Diese Vorteile sind auf lange Sicht garantiert.<\/span><\/p>\n<p><span>Dennoch ist die Anschaffung dieser Ausr&uuml;stung recht kostenintensiv. Aus diesem Grund beschlie&szlig;en viele Verbraucher, Geld zu leihen, um eine teilweise oder vollst&auml;ndige Finanzierung ihrer Projekte sicherzustellen. Auch Sie k&ouml;nnen Ihren Antrag auf ein Photovoltaik-Module-Darlehen einreichen.<\/span><\/p>\n<h3><span>Wie funktioniert die Art des Darlehens f&uuml;r <\/span><span>Photovoltaik-Module<\/span><span>?<\/span><\/h3>\n<p><span>Das f&uuml;r den Kauf und die Installation von Photovoltaik-Module angebotene Darlehen ist mit dem &bdquo;gr&uuml;nen Kredit&ldquo; vergleichbar. Zur Erinnerung: Der gr&uuml;ne Kredit oder Energiekredit wird belgischen Bewohnern angeboten, die Arbeiten zur Optimierung der energetischen Leistungen ihrer H&auml;user durchf&uuml;hren m&ouml;chten. Der bewilligte Kredit muss unbedingt f&uuml;r den genannten Zweck bei Antragstellung verwendet werden. Denken Sie daher daran, ein Angebot als Nachweis vorzulegen, da die Darlehensvergabe vorbehaltlich der Annahme Ihres Dossiers erfolgt.<\/span><\/p>\n<p><span>In Belgien variiert der bewilligte Betrag zwischen 2.500 &euro; und 30.000 &euro;. Er ist &uuml;ber einen Zeitraum von bis zu 120 Monaten zur&uuml;ckzahlbar. Da es sich um ein Ratenkredit handelt, zahlen Sie eine feste monatliche Zahlung mit einem festen Zinssatz &uuml;ber die gesamte Laufzeit des Darlehens. Der monatlich zur&uuml;ckzuzahlende Betrag wird im Voraus festgelegt, was Ihnen die Freiheit gibt, das Angebot abzulehnen oder anzunehmen. Diese Stabilit&auml;t gew&auml;hrleistet Ihnen gro&szlig;e Leichtigkeit in Ihrer Finanzverwaltung. <\/span><\/p>\n<h3><span>Finden Sie ein Darlehen, das Ihren Erwartungen entspricht<\/span><\/h3>\n<p><span>Es gibt zahlreiche Finanzinstitute, die einen Kredit zur Finanzierung der Installation von Solarmodulen anbieten. Jedes dieser Institute wendet seine eigenen Bedingungen an. Daher ist es wichtig, sich Zeit zu nehmen, um Ihre Bed&uuml;rfnisse zu bewerten, bevor Sie einen Kredit aufnehmen.<\/span><\/p>\n<p><span>Beginnen Sie damit, Angebote f&uuml;r Photovoltaik-Module zu vergleichen. Sie m&uuml;ssen den Verbrauch Ihres Hauses ber&uuml;cksichtigen, um die beste Option zu bestimmen. <\/span><\/p>\n<p><span>Parallel dazu sollten Sie Ihre Verschuldungsf&auml;higkeit beurteilen. Dies ist der Betrag, den Sie f&uuml;r die R&uuml;ckzahlung des Photovoltaik-Module-Kredits aufbringen k&ouml;nnen. Er entspricht etwa 30 % Ihres Einkommens, ist jedoch je nach der von Ihnen angesprochenen Bank variabel. Um es einfacher zu machen, verwenden Sie einen Kreditrechner. Sie werden sehen, wie viel Sie je nach Laufzeit des Darlehens leihen k&ouml;nnen.<\/span><\/p>\n<p><span>Der Vergleich von Darlehensangeboten f&uuml;r die Installation von Solarmodulen ist ein wichtiger Schritt. Achten Sie besonders auf Zinss&auml;tze, die Ihre monatlichen Raten senken oder erh&ouml;hen k&ouml;nnen. Beachten Sie auch, dass einige Institute bei Photovoltaik-Darlehen recht flexibel sind. Diese Finanzinstitute akzeptieren beispielsweise, dass ein bestimmter Prozentsatz des Kredits f&uuml;r Panels ausgegeben wird und der Rest in andere energieeinsparende Ma&szlig;nahmen investiert wird. Diese Kreditangebote sind interessant, wenn Sie Ihre Isolierung erneuern oder in Elektroger&auml;te investieren m&ouml;chten, die weniger verbrauchen als die derzeit von Ihnen genutzten.<\/span><\/p>\n<p><span>Informieren Sie sich auch &uuml;ber die Bearbeitungsdauer Ihres Dossiers, die verschiedenen Gr&uuml;nde, die zur Ablehnung Ihres Antrags f&uuml;hren k&ouml;nnen, und die Bedingungen einer m&ouml;glichen vorzeitigen R&uuml;ckzahlung. Es ist wichtig, alle Einzelheiten der erhaltenen Angebote zu verstehen, bevor Sie sich verpflichten.<\/span><\/p>\n<p><a href=\"https:\/\/www.credafin.be\/de\/pret-travaux\">Simulieren Sie Ihr Arbeitsdarlehen<\/a> oder <a href=\"https:\/\/www.credafin.be\/de\/renovierungskredit\">Darlehensrenovierung online<\/a><\/p>\n","protected":false},"excerpt":{"rendered":"<p>Sichern Sie sich jetzt Ihr Darlehen f&uuml;r Photovoltaik-Module und profitieren Sie von niedrigeren Stromkosten. Jetzt informieren!<\/p>\n","protected":false},"author":22,"featured_media":0,"parent":0,"menu_order":0,"comment_status":"closed","ping_status":"closed","template":"page-full-sim.php","meta":{"_yoast_wpseo_focuskw":"Darlehen f&uuml;r Photovoltaik-Module","_yoast_wpseo_title":"Darlehen f&uuml;r Photovoltaik-Module","_yoast_wpseo_metadesc":"Sichern Sie sich jetzt Ihr Darlehen f&uuml;r Photovoltaik-Module und profitieren Sie von niedrigeren Stromkosten. Jetzt informieren!","_yoast_wpseo_meta-robots-noindex":"","_yoast_wpseo_meta-robots-nofollow":"","_yoast_wpseo_canonical":"https:\/\/www.credafin.be\/de\/darlehen-fr-photovoltaik-module","_yoast_wpseo_focuskw_text":"Darlehen f&uuml;r Photovoltaik-Module","_yoast_wpseo_schema":"Article","footnotes":""},"class_list":["post-6698","page","type-page","status-publish","hentry"],"yoast_head":"<!-- This site is optimized with the Yoast SEO plugin v27.4 - https:\/\/yoast.com\/product\/yoast-seo-wordpress\/ -->\n<title>Darlehen f&uuml;r Photovoltaik-Module<\/title>\n<meta name=\"description\" content=\"Sichern Sie sich jetzt Ihr Darlehen f&uuml;r Photovoltaik-Module und profitieren Sie von niedrigeren Stromkosten. Jetzt informieren!\" \/>\n<meta name=\"robots\" content=\"index, follow, max-snippet:-1, max-image-preview:large, max-video-preview:-1\" \/>\n<link rel=\"canonical\" href=\"https:\/\/www.credafin.be\/de\/darlehen-fr-photovoltaik-module\" \/>\n<meta property=\"og:locale\" content=\"de_DE\" \/>\n<meta property=\"og:type\" content=\"article\" \/>\n<meta property=\"og:title\" content=\"Darlehen f&uuml;r Photovoltaik-Module\" \/>\n<meta property=\"og:description\" content=\"Sichern Sie sich jetzt Ihr Darlehen f&uuml;r Photovoltaik-Module und profitieren Sie von niedrigeren Stromkosten. Jetzt informieren!\" \/>\n<meta property=\"og:url\" content=\"https:\/\/www.credafin.be\/de\/darlehen-fr-photovoltaik-module\" \/>\n<meta property=\"og:site_name\" content=\"Credafin\" \/>\n<meta property=\"article:publisher\" content=\"http:\/\/www.facebook.com\/Credafin.be\" \/>\n<meta property=\"article:modified_time\" content=\"2025-04-03T00:36:24+00:00\" \/>\n<meta property=\"og:image\" content=\"https:\/\/www.credafin.be\/wp-content\/uploads\/2019\/01\/shutterstock_226410256.jpg\" \/>\n\t<meta property=\"og:image:width\" content=\"768\" \/>\n\t<meta property=\"og:image:height\" content=\"295\" \/>\n\t<meta property=\"og:image:type\" content=\"image\/jpeg\" \/>\n<meta name=\"twitter:card\" content=\"summary_large_image\" \/>\n<meta name=\"twitter:site\" content=\"@Credafinbe\" \/>\n<meta name=\"twitter:label1\" content=\"Est. reading time\" \/>\n\t<meta name=\"twitter:data1\" content=\"4 minutes\" \/>\n<script type=\"application\/ld+json\" class=\"yoast-schema-graph\">{\"@context\":\"https:\\\/\\\/schema.org\",\"@graph\":[{\"@type\":\"WebPage\",\"@id\":\"https:\\\/\\\/www.credafin.be\\\/de\\\/darlehen-fr-photovoltaik-module\",\"url\":\"https:\\\/\\\/www.credafin.be\\\/de\\\/darlehen-fr-photovoltaik-module\",\"name\":\"Darlehen f&uuml;r Photovoltaik-Module\",\"isPartOf\":{\"@id\":\"https:\\\/\\\/www.credafin.be\\\/#website\"},\"datePublished\":\"2025-03-25T08:40:41+00:00\",\"dateModified\":\"2025-04-03T00:36:24+00:00\",\"description\":\"Sichern Sie sich jetzt Ihr Darlehen f&uuml;r Photovoltaik-Module und profitieren Sie von niedrigeren Stromkosten. Jetzt informieren!\",\"breadcrumb\":{\"@id\":\"https:\\\/\\\/www.credafin.be\\\/de\\\/darlehen-fr-photovoltaik-module#breadcrumb\"},\"inLanguage\":\"de-BE\",\"potentialAction\":[{\"@type\":\"ReadAction\",\"target\":[\"https:\\\/\\\/www.credafin.be\\\/de\\\/darlehen-fr-photovoltaik-module\"]}]},{\"@type\":\"BreadcrumbList\",\"@id\":\"https:\\\/\\\/www.credafin.be\\\/de\\\/darlehen-fr-photovoltaik-module#breadcrumb\",\"itemListElement\":[{\"@type\":\"ListItem\",\"position\":1,\"name\":\"Home\",\"item\":\"https:\\\/\\\/www.credafin.be\\\/de\\\/credafin-ihre-kredite-zu-besten-zinsen\"},{\"@type\":\"ListItem\",\"position\":2,\"name\":\"Darlehen f&uuml;r Photovoltaik-Module\"}]},{\"@type\":\"WebSite\",\"@id\":\"https:\\\/\\\/www.credafin.be\\\/#website\",\"url\":\"https:\\\/\\\/www.credafin.be\\\/\",\"name\":\"Credafin\",\"description\":\"Oxyg\u00e9nez votre budget en toute s\u00e9r\u00e9nit\u00e9\",\"potentialAction\":[{\"@type\":\"SearchAction\",\"target\":{\"@type\":\"EntryPoint\",\"urlTemplate\":\"https:\\\/\\\/www.credafin.be\\\/?s={search_term_string}\"},\"query-input\":{\"@type\":\"PropertyValueSpecification\",\"valueRequired\":true,\"valueName\":\"search_term_string\"}}],\"inLanguage\":\"de-BE\"}]}<\/script>\n<!-- \/ Yoast SEO plugin. -->","yoast_head_json":{"title":"Darlehen f&uuml;r Photovoltaik-Module","description":"Sichern Sie sich jetzt Ihr Darlehen f&uuml;r Photovoltaik-Module und profitieren Sie von niedrigeren Stromkosten. Jetzt informieren!","robots":{"index":"index","follow":"follow","max-snippet":"max-snippet:-1","max-image-preview":"max-image-preview:large","max-video-preview":"max-video-preview:-1"},"canonical":"https:\/\/www.credafin.be\/de\/darlehen-fr-photovoltaik-module","og_locale":"de_DE","og_type":"article","og_title":"Darlehen f&uuml;r Photovoltaik-Module","og_description":"Sichern Sie sich jetzt Ihr Darlehen f&uuml;r Photovoltaik-Module und profitieren Sie von niedrigeren Stromkosten. Jetzt informieren!","og_url":"https:\/\/www.credafin.be\/de\/darlehen-fr-photovoltaik-module","og_site_name":"Credafin","article_publisher":"http:\/\/www.facebook.com\/Credafin.be","article_modified_time":"2025-04-03T00:36:24+00:00","og_image":[{"width":768,"height":295,"url":"https:\/\/www.credafin.be\/wp-content\/uploads\/2019\/01\/shutterstock_226410256.jpg","type":"image\/jpeg"}],"twitter_card":"summary_large_image","twitter_site":"@Credafinbe","twitter_misc":{"Est. reading time":"4 minutes"},"schema":{"@context":"https:\/\/schema.org","@graph":[{"@type":"WebPage","@id":"https:\/\/www.credafin.be\/de\/darlehen-fr-photovoltaik-module","url":"https:\/\/www.credafin.be\/de\/darlehen-fr-photovoltaik-module","name":"Darlehen f&uuml;r Photovoltaik-Module","isPartOf":{"@id":"https:\/\/www.credafin.be\/#website"},"datePublished":"2025-03-25T08:40:41+00:00","dateModified":"2025-04-03T00:36:24+00:00","description":"Sichern Sie sich jetzt Ihr Darlehen f&uuml;r Photovoltaik-Module und profitieren Sie von niedrigeren Stromkosten. Jetzt informieren!","breadcrumb":{"@id":"https:\/\/www.credafin.be\/de\/darlehen-fr-photovoltaik-module#breadcrumb"},"inLanguage":"de-BE","potentialAction":[{"@type":"ReadAction","target":["https:\/\/www.credafin.be\/de\/darlehen-fr-photovoltaik-module"]}]},{"@type":"BreadcrumbList","@id":"https:\/\/www.credafin.be\/de\/darlehen-fr-photovoltaik-module#breadcrumb","itemListElement":[{"@type":"ListItem","position":1,"name":"Home","item":"https:\/\/www.credafin.be\/de\/credafin-ihre-kredite-zu-besten-zinsen"},{"@type":"ListItem","position":2,"name":"Darlehen f&uuml;r Photovoltaik-Module"}]},{"@type":"WebSite","@id":"https:\/\/www.credafin.be\/#website","url":"https:\/\/www.credafin.be\/","name":"Credafin","description":"Oxyg\u00e9nez votre budget en toute s\u00e9r\u00e9nit\u00e9","potentialAction":[{"@type":"SearchAction","target":{"@type":"EntryPoint","urlTemplate":"https:\/\/www.credafin.be\/?s={search_term_string}"},"query-input":{"@type":"PropertyValueSpecification","valueRequired":true,"valueName":"search_term_string"}}],"inLanguage":"de-BE"}]}},"_links":{"self":[{"href":"https:\/\/www.credafin.be\/de\/wp-json\/wp\/v2\/pages\/6698","targetHints":{"allow":["GET"]}}],"collection":[{"href":"https:\/\/www.credafin.be\/de\/wp-json\/wp\/v2\/pages"}],"about":[{"href":"https:\/\/www.credafin.be\/de\/wp-json\/wp\/v2\/types\/page"}],"author":[{"embeddable":true,"href":"https:\/\/www.credafin.be\/de\/wp-json\/wp\/v2\/users\/22"}],"replies":[{"embeddable":true,"href":"https:\/\/www.credafin.be\/de\/wp-json\/wp\/v2\/comments?post=6698"}],"version-history":[{"count":3,"href":"https:\/\/www.credafin.be\/de\/wp-json\/wp\/v2\/pages\/6698\/revisions"}],"predecessor-version":[{"id":8213,"href":"https:\/\/www.credafin.be\/de\/wp-json\/wp\/v2\/pages\/6698\/revisions\/8213"}],"wp:attachment":[{"href":"https:\/\/www.credafin.be\/de\/wp-json\/wp\/v2\/media?parent=6698"}],"curies":[{"name":"wp","href":"https:\/\/api.w.org\/{rel}","templated":true}]}}