{"id":6697,"date":"2025-03-25T09:40:17","date_gmt":"2025-03-25T08:40:17","guid":{"rendered":"https:\/\/www.credafin.be\/sozialkredit-online-simulieren"},"modified":"2025-04-03T01:37:05","modified_gmt":"2025-04-03T00:37:05","slug":"sozialkredit-online-simulieren","status":"publish","type":"page","link":"https:\/\/www.credafin.be\/de\/sozialkredit-online-simulieren","title":{"rendered":"Sozialkredit, online simulieren"},"content":{"rendered":"<p><span>Der Sozialkredit in Belgien. Sie haben sicherlich davon geh&ouml;rt, kennen aber vielleicht nicht seine Funktionsweise. Hier behandeln wir das Thema, um Ihnen zu helfen, zu bestimmen, ob Sie von einem solchen System profitieren k&ouml;nnen.<\/span><\/p>\n<h2><span>Wie funktioniert der Sozialkredit in Belgien?<\/span><\/h2>\n<h3><span>Was genau ist der Sozialkredit?<\/span><\/h3>\n<p><span>Der Sozialkredit wird Personen gew&auml;hrt, die nicht f&uuml;r einen normalen Kredit infrage kommen. Oft handelt es sich um Haushalte mit geringem Einkommen. Der Sozialkredit erm&ouml;glicht es ihnen, von besseren Zinss&auml;tzen und Bedingungen zu profitieren, insbesondere was den Zugang zu Wohneigentum betrifft. Er kann vergeben werden, um ein Haus zu kaufen, sei es zur Renovierung oder zum Bau.<\/span><\/p>\n<h3><span>Die Grenzen des Sozialkredits in <a href=\"https:\/\/www.google.be\/maps?q=belgique&amp;biw=1717&amp;bih=1018&amp;um=1&amp;ie=UTF-8&amp;sa=X&amp;ved=0ahUKEwjw4LP_l5XfAhUKbVAKHcUPDjQQ_AUICigB\">Belgien<\/a><\/span><\/h3>\n<p><span>Es ist wichtig zu wissen, dass ein Sozialkredit unter bestimmten Bedingungen gew&auml;hrt wird und einige Einschr&auml;nkungen vorsieht. Tats&auml;chlich darf dieser Kredit nur zum Erwerb einer Wohnung verwendet werden. Unter den Wohnungen sind nur solche f&uuml;r den dauerhaften Aufenthalt g&uuml;ltig. F&uuml;r Ferienunterk&uuml;nfte oder ein gewerbliches Objekt ist ein solcher Kredit nicht m&ouml;glich. Dar&uuml;ber hinaus begrenzt der Sozialkredit auch die geliehenen Betr&auml;ge. Die Summe bleibt deutlich unter dem, was man bei einem normalen Kredit verlangen k&ouml;nnte. Wenn man einen Antrag auf Sozialkredit stellt, m&uuml;ssen verschiedene Bedingungen erf&uuml;llt werden. Wenn Sie zum Beispiel einen Sozialkredit beantragen, um die Renovierung eines bewohnbaren Hauses zu finanzieren, m&uuml;ssen Sie einen Nachweis &uuml;ber die Notwendigkeit der Arbeiten erbringen. Es ist unn&ouml;tig, einen Kredit f&uuml;r den Kauf einer neuen K&uuml;che zu beantragen, dieser wird nicht gew&auml;hrt.<\/span><\/p>\n<h3><span>Die Formalit&auml;ten zur Erlangung eines solchen Kredits<\/span><\/h3>\n<p><span>In Belgien k&uuml;mmern sich verschiedene Organisationen um die Antr&auml;ge auf Sozialkredit. Je nach Wohnort k&ouml;nnen Sie sich an diese Organisationen wenden, um einen Antrag zu stellen oder einen Berater zu treffen, der Sie bei der Erstellung Ihres Antrags unterst&uuml;tzen kann. Es ist auch m&ouml;glich, sich direkt an normale Kreditagenturen zu wenden. Einige von ihnen k&ouml;nnen diese Art von Kredit vergeben.<\/span><\/p>\n<p><span>Die vorzulegenden Dokumente sind die f&uuml;r jeden Kredit erforderlichen Dokumente, n&auml;mlich: der Identit&auml;tsnachweis des Kreditnehmers sowie der eines m&ouml;glichen Mitkreditnehmers, ein Einkommens- und Wohnnachweis. Au&szlig;erdem m&uuml;ssen Sie das Fehlen weiterer laufender Kredite nachweisen, indem Sie einen Auszug aus Ihrem Bankkonto oder den Vertrag des laufenden Kredits vorlegen.<\/span><\/p>\n<p><span>Abschlie&szlig;end wird der Sozialkredit nur Personen mit begrenzten Eink&uuml;nften gew&auml;hrt. Dar&uuml;ber hinaus muss der Kredit zur Deckung notwendiger Kosten dienen. Ist dies nicht der Fall, kann keine Organisation Ihren Antrag akzeptieren. Daher m&uuml;ssen Sie sich an andere Kreditarten wenden, wenn Sie wirklich die Mittel f&uuml;r Ihr Projekt erhalten m&ouml;chten.<\/span><\/p>\n","protected":false},"excerpt":{"rendered":"<p>Erfahren Sie, wie ein Sozialkredit Ihnen beim Immobilienerwerb hilft \u2013 jetzt klicken und profitieren!<\/p>\n","protected":false},"author":22,"featured_media":0,"parent":0,"menu_order":0,"comment_status":"closed","ping_status":"closed","template":"page-full-sim.php","meta":{"_yoast_wpseo_focuskw":"Sozialkredit","_yoast_wpseo_title":"Sozialkredit, online simulieren","_yoast_wpseo_metadesc":"Entdecken Sie, wie der Sozialkredit in Belgien funktioniert und sichern Sie sich bessere Konditionen \u2013 jetzt lesen!","_yoast_wpseo_meta-robots-noindex":"","_yoast_wpseo_meta-robots-nofollow":"","_yoast_wpseo_canonical":"https:\/\/www.credafin.be\/de\/sozialkredit-online-simulieren","_yoast_wpseo_focuskw_text":"Sozialkredit","_yoast_wpseo_schema":"Article","footnotes":""},"class_list":["post-6697","page","type-page","status-publish","hentry"],"yoast_head":"<!-- This site is optimized with the Yoast SEO plugin v27.3 - https:\/\/yoast.com\/product\/yoast-seo-wordpress\/ -->\n<title>Sozialkredit, online simulieren<\/title>\n<meta name=\"description\" content=\"Entdecken Sie, wie der Sozialkredit in Belgien funktioniert und sichern Sie sich bessere Konditionen \u2013 jetzt lesen!\" \/>\n<meta name=\"robots\" content=\"index, follow, max-snippet:-1, max-image-preview:large, max-video-preview:-1\" \/>\n<link rel=\"canonical\" href=\"https:\/\/www.credafin.be\/de\/sozialkredit-online-simulieren\" \/>\n<meta property=\"og:locale\" content=\"de_DE\" \/>\n<meta property=\"og:type\" content=\"article\" \/>\n<meta property=\"og:title\" content=\"Sozialkredit, online simulieren\" \/>\n<meta property=\"og:description\" content=\"Entdecken Sie, wie der Sozialkredit in Belgien funktioniert und sichern Sie sich bessere Konditionen \u2013 jetzt lesen!\" \/>\n<meta property=\"og:url\" content=\"https:\/\/www.credafin.be\/de\/sozialkredit-online-simulieren\" \/>\n<meta property=\"og:site_name\" content=\"Credafin\" \/>\n<meta property=\"article:publisher\" content=\"http:\/\/www.facebook.com\/Credafin.be\" \/>\n<meta property=\"article:modified_time\" content=\"2025-04-03T00:37:05+00:00\" \/>\n<meta property=\"og:image\" content=\"https:\/\/www.credafin.be\/wp-content\/uploads\/2019\/01\/shutterstock_226410256.jpg\" \/>\n\t<meta property=\"og:image:width\" content=\"768\" \/>\n\t<meta property=\"og:image:height\" content=\"295\" \/>\n\t<meta property=\"og:image:type\" content=\"image\/jpeg\" \/>\n<meta name=\"twitter:card\" content=\"summary_large_image\" \/>\n<meta name=\"twitter:site\" content=\"@Credafinbe\" \/>\n<meta name=\"twitter:label1\" content=\"Est. reading time\" \/>\n\t<meta name=\"twitter:data1\" content=\"2 minutes\" \/>\n<script type=\"application\/ld+json\" class=\"yoast-schema-graph\">{\"@context\":\"https:\\\/\\\/schema.org\",\"@graph\":[{\"@type\":\"WebPage\",\"@id\":\"https:\\\/\\\/www.credafin.be\\\/de\\\/sozialkredit-online-simulieren\",\"url\":\"https:\\\/\\\/www.credafin.be\\\/de\\\/sozialkredit-online-simulieren\",\"name\":\"Sozialkredit, online simulieren\",\"isPartOf\":{\"@id\":\"https:\\\/\\\/www.credafin.be\\\/#website\"},\"datePublished\":\"2025-03-25T08:40:17+00:00\",\"dateModified\":\"2025-04-03T00:37:05+00:00\",\"description\":\"Entdecken Sie, wie der Sozialkredit in Belgien funktioniert und sichern Sie sich bessere Konditionen \u2013 jetzt lesen!\",\"breadcrumb\":{\"@id\":\"https:\\\/\\\/www.credafin.be\\\/de\\\/sozialkredit-online-simulieren#breadcrumb\"},\"inLanguage\":\"de-BE\",\"potentialAction\":[{\"@type\":\"ReadAction\",\"target\":[\"https:\\\/\\\/www.credafin.be\\\/de\\\/sozialkredit-online-simulieren\"]}]},{\"@type\":\"BreadcrumbList\",\"@id\":\"https:\\\/\\\/www.credafin.be\\\/de\\\/sozialkredit-online-simulieren#breadcrumb\",\"itemListElement\":[{\"@type\":\"ListItem\",\"position\":1,\"name\":\"Home\",\"item\":\"https:\\\/\\\/www.credafin.be\\\/de\\\/credafin-ihre-kredite-zu-besten-zinsen\"},{\"@type\":\"ListItem\",\"position\":2,\"name\":\"Sozialkredit, online simulieren\"}]},{\"@type\":\"WebSite\",\"@id\":\"https:\\\/\\\/www.credafin.be\\\/#website\",\"url\":\"https:\\\/\\\/www.credafin.be\\\/\",\"name\":\"Credafin\",\"description\":\"Oxyg\u00e9nez votre budget en toute s\u00e9r\u00e9nit\u00e9\",\"potentialAction\":[{\"@type\":\"SearchAction\",\"target\":{\"@type\":\"EntryPoint\",\"urlTemplate\":\"https:\\\/\\\/www.credafin.be\\\/?s={search_term_string}\"},\"query-input\":{\"@type\":\"PropertyValueSpecification\",\"valueRequired\":true,\"valueName\":\"search_term_string\"}}],\"inLanguage\":\"de-BE\"}]}<\/script>\n<!-- \/ Yoast SEO plugin. -->","yoast_head_json":{"title":"Sozialkredit, online simulieren","description":"Entdecken Sie, wie der Sozialkredit in Belgien funktioniert und sichern Sie sich bessere Konditionen \u2013 jetzt lesen!","robots":{"index":"index","follow":"follow","max-snippet":"max-snippet:-1","max-image-preview":"max-image-preview:large","max-video-preview":"max-video-preview:-1"},"canonical":"https:\/\/www.credafin.be\/de\/sozialkredit-online-simulieren","og_locale":"de_DE","og_type":"article","og_title":"Sozialkredit, online simulieren","og_description":"Entdecken Sie, wie der Sozialkredit in Belgien funktioniert und sichern Sie sich bessere Konditionen \u2013 jetzt lesen!","og_url":"https:\/\/www.credafin.be\/de\/sozialkredit-online-simulieren","og_site_name":"Credafin","article_publisher":"http:\/\/www.facebook.com\/Credafin.be","article_modified_time":"2025-04-03T00:37:05+00:00","og_image":[{"width":768,"height":295,"url":"https:\/\/www.credafin.be\/wp-content\/uploads\/2019\/01\/shutterstock_226410256.jpg","type":"image\/jpeg"}],"twitter_card":"summary_large_image","twitter_site":"@Credafinbe","twitter_misc":{"Est. reading time":"2 minutes"},"schema":{"@context":"https:\/\/schema.org","@graph":[{"@type":"WebPage","@id":"https:\/\/www.credafin.be\/de\/sozialkredit-online-simulieren","url":"https:\/\/www.credafin.be\/de\/sozialkredit-online-simulieren","name":"Sozialkredit, online simulieren","isPartOf":{"@id":"https:\/\/www.credafin.be\/#website"},"datePublished":"2025-03-25T08:40:17+00:00","dateModified":"2025-04-03T00:37:05+00:00","description":"Entdecken Sie, wie der Sozialkredit in Belgien funktioniert und sichern Sie sich bessere Konditionen \u2013 jetzt lesen!","breadcrumb":{"@id":"https:\/\/www.credafin.be\/de\/sozialkredit-online-simulieren#breadcrumb"},"inLanguage":"de-BE","potentialAction":[{"@type":"ReadAction","target":["https:\/\/www.credafin.be\/de\/sozialkredit-online-simulieren"]}]},{"@type":"BreadcrumbList","@id":"https:\/\/www.credafin.be\/de\/sozialkredit-online-simulieren#breadcrumb","itemListElement":[{"@type":"ListItem","position":1,"name":"Home","item":"https:\/\/www.credafin.be\/de\/credafin-ihre-kredite-zu-besten-zinsen"},{"@type":"ListItem","position":2,"name":"Sozialkredit, online simulieren"}]},{"@type":"WebSite","@id":"https:\/\/www.credafin.be\/#website","url":"https:\/\/www.credafin.be\/","name":"Credafin","description":"Oxyg\u00e9nez votre budget en toute s\u00e9r\u00e9nit\u00e9","potentialAction":[{"@type":"SearchAction","target":{"@type":"EntryPoint","urlTemplate":"https:\/\/www.credafin.be\/?s={search_term_string}"},"query-input":{"@type":"PropertyValueSpecification","valueRequired":true,"valueName":"search_term_string"}}],"inLanguage":"de-BE"}]}},"_links":{"self":[{"href":"https:\/\/www.credafin.be\/de\/wp-json\/wp\/v2\/pages\/6697","targetHints":{"allow":["GET"]}}],"collection":[{"href":"https:\/\/www.credafin.be\/de\/wp-json\/wp\/v2\/pages"}],"about":[{"href":"https:\/\/www.credafin.be\/de\/wp-json\/wp\/v2\/types\/page"}],"author":[{"embeddable":true,"href":"https:\/\/www.credafin.be\/de\/wp-json\/wp\/v2\/users\/22"}],"replies":[{"embeddable":true,"href":"https:\/\/www.credafin.be\/de\/wp-json\/wp\/v2\/comments?post=6697"}],"version-history":[{"count":2,"href":"https:\/\/www.credafin.be\/de\/wp-json\/wp\/v2\/pages\/6697\/revisions"}],"predecessor-version":[{"id":8214,"href":"https:\/\/www.credafin.be\/de\/wp-json\/wp\/v2\/pages\/6697\/revisions\/8214"}],"wp:attachment":[{"href":"https:\/\/www.credafin.be\/de\/wp-json\/wp\/v2\/media?parent=6697"}],"curies":[{"name":"wp","href":"https:\/\/api.w.org\/{rel}","templated":true}]}}