{"id":6696,"date":"2025-03-25T09:40:05","date_gmt":"2025-03-25T08:40:05","guid":{"rendered":"https:\/\/www.credafin.be\/kredit-fr-alle-grnde"},"modified":"2025-04-03T01:38:01","modified_gmt":"2025-04-03T00:38:01","slug":"kredit-fr-alle-grnde","status":"publish","type":"page","link":"https:\/\/www.credafin.be\/de\/kredit-fr-alle-grnde","title":{"rendered":"Kredit f&uuml;r alle Gr&uuml;nde"},"content":{"rendered":"<p><span>Der Kredit f&uuml;r alle Gr&uuml;nde, auch bekannt als <a href=\"https:\/\/www.credafin.be\/de\/ratenkredit\">Ratenkredit<\/a> oder <a href=\"https:\/\/www.credafin.be\/de\/pret-personnel\">Verbraucherkredit<\/a>, ist ein Kredit ohne spezifischen Zweck. Tats&auml;chlich kann er f&uuml;r jegliche Art von Kauf verwendet werden, im Gegensatz zu einem Autokredit oder einem Kredit f&uuml;r Renovierungen. Er ist flexibler als andere Arten von Krediten und kann eine gute L&ouml;sung sein, um finanzielle Engp&auml;sse zu &uuml;berbr&uuml;cken. Banken und andere Kreditinstitute sind sich einig, dass es sich um einen flexiblen Kredit handelt, da seine Bewilligung sehr schnell erfolgen kann. Allerdings ist der bewilligte Betrag in der Regel geringer als der, der bei anderen Krediten gew&auml;hrt wird.<\/span><\/p>\n<h2>Alles, was Sie &uuml;ber den Kredit f&uuml;r alle Gr&uuml;nde wissen m&uuml;ssen<\/h2>\n<h3><span>Ein Kredit ohne besonderen Zweck<\/span><\/h3>\n<p><span>Diese Art von Kredit wird an Privatpersonen, Unternehmer und Freiberufler vergeben. Selbst wenn der Kreditnehmer wei&szlig;, wof&uuml;r die geliehenen Mittel verwendet werden sollen, ist er frei, seine Meinung zu &auml;ndern. Tats&auml;chlich gibt es keine Verpflichtung hinsichtlich der Nutzung. Die Auszahlung kann somit f&uuml;r alle Arten von Projekten verwendet werden: eine Hochzeit finanzieren, Rechnungen begleichen, M&ouml;bel kaufen, eine Reise machen oder einem Bekannten in Not helfen.<\/span><\/p>\n<h3><span>Die Vorteile des Kredits f&uuml;r alle Gr&uuml;nde<\/span><\/h3>\n<p><span>Bei der Beantragung eines Verbraucherkredits gibt es keine Verpflichtung, eine Begr&uuml;ndung f&uuml;r die Verwendung des Darlehens vorzulegen. Sie sind also frei, ihn nach Ihrem Belieben zu verwenden. Aber die Vorteile des Kredits f&uuml;r alle Gr&uuml;nde h&ouml;ren dort nicht auf. Der Kreditnehmer profitiert von einer schnelleren Bearbeitung seines Antrags und im Allgemeinen auch von einem festen R&uuml;ckzahlungssatz mit unver&auml;nderten Raten w&auml;hrend der gesamten Laufzeit des Kredits. Zudem erfolgt die Auszahlung der bewilligten Mittel schnell auf das Bankkonto des Kreditnehmers. Die meisten Kreditinstitute geben innerhalb von 48 Stunden nach Erhalt des Antrags eine Antwort.<\/span><\/p>\n<h3><span>Gibt es Risiken beim Abschluss eines solchen Kredits?<\/span><\/h3>\n<p><span>In Belgien ist das Gesetz zu diesem Thema sehr streng. Es verlangt von Banken oder Kreditinstituten, die Kredite vergeben, bestimmte Verfahren, die darauf abzielen, den Antragsteller zu sch&uuml;tzen, insbesondere jene, die von einer Kontosperre betroffen sind oder arbeitslos sind. Man sollte wissen, dass ein Kredit zur&uuml;ckgezahlt werden muss, aber auch, dass er Geld kostet. Die Hauptfrage ist, ob der Kreditnehmer die monatlichen Raten zur&uuml;ckzahlen kann, ohne seine finanzielle Situation zu beeintr&auml;chtigen. Zudem muss der Verbraucher &uuml;ber sein R&uuml;cktrittsrecht informiert werden, das bis zu 14 Tage nach der Unterzeichnung des Kredits gilt. Dies gibt ihm die M&ouml;glichkeit, seine R&uuml;ckzahlungsf&auml;higkeit nochmals zu &uuml;berpr&uuml;fen oder sich &uuml;ber Rechte und Pflichten zu informieren.<\/span><\/p>\n<h3><span>Welche Unterlagen sind f&uuml;r die Erstellung eines Antrags erforderlich?<\/span><\/h3>\n<p><span>Die f&uuml;r die Beantragung eines Kredits f&uuml;r alle Gr&uuml;nde erforderlichen Dokumente h&auml;ngen von Ihrer Situation ab. Hier sind die Dokumente, die auf jeden Fall erforderlich sind, aber beachten Sie, dass es m&ouml;glich ist, dass das Kreditinstitut bei besonderen Situationen weitere Dokumente ben&ouml;tigt, um Ihren Bedarf zu pr&uuml;fen.<\/span><\/p>\n<ul>\n<li><span> Personalausweis<\/span><\/li>\n<li><span> Bankverbindung des Bankkontos des Kreditnehmers<\/span><\/li>\n<li><span> Die letzten 3 Gehaltsabrechnungen oder andere Einkommensnachweise: Familienbeihilfenachweis, Arbeitslosigkeit, Unterhaltszahlungen&#8230;<\/span><\/li>\n<li><span> Wenn weitere Kredite laufen, m&uuml;ssen deren Vertr&auml;ge beigef&uuml;gt werden.<\/span><\/li>\n<li><span> F&uuml;r Selbst&auml;ndige muss der letzte Steuerbescheid sowie die Unternehmensnummer beigef&uuml;gt werden. <\/span><\/li>\n<\/ul>\n","protected":false},"excerpt":{"rendered":"<p>Erfahren Sie, wie ein Ratenkredit Ihnen finanzielle Freiheit bringt \u2013 jetzt informieren und profitieren!<\/p>\n","protected":false},"author":22,"featured_media":0,"parent":0,"menu_order":0,"comment_status":"closed","ping_status":"closed","template":"page-full-sim.php","meta":{"_yoast_wpseo_focuskw":"Ratenkredit","_yoast_wpseo_title":"Kredit f&uuml;r alle Gr&uuml;nde \u2013 Ratenkredit f&uuml;r flexible W&uuml;nsche","_yoast_wpseo_metadesc":"Entdecken Sie die Vorteile eines Ratenkredits ohne Zweckbindung. Jetzt ansehen und finanzielle Freiheit genie&szlig;en!","_yoast_wpseo_meta-robots-noindex":"","_yoast_wpseo_meta-robots-nofollow":"","_yoast_wpseo_canonical":"https:\/\/www.credafin.be\/de\/kredit-fr-alle-grnde","_yoast_wpseo_focuskw_text":"Ratenkredit","_yoast_wpseo_schema":"Article","footnotes":""},"class_list":["post-6696","page","type-page","status-publish","hentry"],"yoast_head":"<!-- This site is optimized with the Yoast SEO plugin v27.3 - https:\/\/yoast.com\/product\/yoast-seo-wordpress\/ -->\n<title>Kredit f&uuml;r alle Gr&uuml;nde \u2013 Ratenkredit f&uuml;r flexible W&uuml;nsche<\/title>\n<meta name=\"description\" content=\"Entdecken Sie die Vorteile eines Ratenkredits ohne Zweckbindung. Jetzt ansehen und finanzielle Freiheit genie&szlig;en!\" \/>\n<meta name=\"robots\" content=\"index, follow, max-snippet:-1, max-image-preview:large, max-video-preview:-1\" \/>\n<link rel=\"canonical\" href=\"https:\/\/www.credafin.be\/de\/kredit-fr-alle-grnde\" \/>\n<meta property=\"og:locale\" content=\"de_DE\" \/>\n<meta property=\"og:type\" content=\"article\" \/>\n<meta property=\"og:title\" content=\"Kredit f&uuml;r alle Gr&uuml;nde \u2013 Ratenkredit f&uuml;r flexible W&uuml;nsche\" \/>\n<meta property=\"og:description\" content=\"Entdecken Sie die Vorteile eines Ratenkredits ohne Zweckbindung. Jetzt ansehen und finanzielle Freiheit genie&szlig;en!\" \/>\n<meta property=\"og:url\" content=\"https:\/\/www.credafin.be\/de\/kredit-fr-alle-grnde\" \/>\n<meta property=\"og:site_name\" content=\"Credafin\" \/>\n<meta property=\"article:publisher\" content=\"http:\/\/www.facebook.com\/Credafin.be\" \/>\n<meta property=\"article:modified_time\" content=\"2025-04-03T00:38:01+00:00\" \/>\n<meta property=\"og:image\" content=\"https:\/\/www.credafin.be\/wp-content\/uploads\/2019\/01\/shutterstock_226410256.jpg\" \/>\n\t<meta property=\"og:image:width\" content=\"768\" \/>\n\t<meta property=\"og:image:height\" content=\"295\" \/>\n\t<meta property=\"og:image:type\" content=\"image\/jpeg\" \/>\n<meta name=\"twitter:card\" content=\"summary_large_image\" \/>\n<meta name=\"twitter:site\" content=\"@Credafinbe\" \/>\n<meta name=\"twitter:label1\" content=\"Est. reading time\" \/>\n\t<meta name=\"twitter:data1\" content=\"3 minutes\" \/>\n<script type=\"application\/ld+json\" class=\"yoast-schema-graph\">{\"@context\":\"https:\\\/\\\/schema.org\",\"@graph\":[{\"@type\":\"WebPage\",\"@id\":\"https:\\\/\\\/www.credafin.be\\\/de\\\/kredit-fr-alle-grnde\",\"url\":\"https:\\\/\\\/www.credafin.be\\\/de\\\/kredit-fr-alle-grnde\",\"name\":\"Kredit f&uuml;r alle Gr&uuml;nde \u2013 Ratenkredit f&uuml;r flexible W&uuml;nsche\",\"isPartOf\":{\"@id\":\"https:\\\/\\\/www.credafin.be\\\/#website\"},\"datePublished\":\"2025-03-25T08:40:05+00:00\",\"dateModified\":\"2025-04-03T00:38:01+00:00\",\"description\":\"Entdecken Sie die Vorteile eines Ratenkredits ohne Zweckbindung. Jetzt ansehen und finanzielle Freiheit genie&szlig;en!\",\"breadcrumb\":{\"@id\":\"https:\\\/\\\/www.credafin.be\\\/de\\\/kredit-fr-alle-grnde#breadcrumb\"},\"inLanguage\":\"de-BE\",\"potentialAction\":[{\"@type\":\"ReadAction\",\"target\":[\"https:\\\/\\\/www.credafin.be\\\/de\\\/kredit-fr-alle-grnde\"]}]},{\"@type\":\"BreadcrumbList\",\"@id\":\"https:\\\/\\\/www.credafin.be\\\/de\\\/kredit-fr-alle-grnde#breadcrumb\",\"itemListElement\":[{\"@type\":\"ListItem\",\"position\":1,\"name\":\"Home\",\"item\":\"https:\\\/\\\/www.credafin.be\\\/de\\\/credafin-ihre-kredite-zu-besten-zinsen\"},{\"@type\":\"ListItem\",\"position\":2,\"name\":\"Kredit f&uuml;r alle Gr&uuml;nde\"}]},{\"@type\":\"WebSite\",\"@id\":\"https:\\\/\\\/www.credafin.be\\\/#website\",\"url\":\"https:\\\/\\\/www.credafin.be\\\/\",\"name\":\"Credafin\",\"description\":\"Oxyg\u00e9nez votre budget en toute s\u00e9r\u00e9nit\u00e9\",\"potentialAction\":[{\"@type\":\"SearchAction\",\"target\":{\"@type\":\"EntryPoint\",\"urlTemplate\":\"https:\\\/\\\/www.credafin.be\\\/?s={search_term_string}\"},\"query-input\":{\"@type\":\"PropertyValueSpecification\",\"valueRequired\":true,\"valueName\":\"search_term_string\"}}],\"inLanguage\":\"de-BE\"}]}<\/script>\n<!-- \/ Yoast SEO plugin. -->","yoast_head_json":{"title":"Kredit f&uuml;r alle Gr&uuml;nde \u2013 Ratenkredit f&uuml;r flexible W&uuml;nsche","description":"Entdecken Sie die Vorteile eines Ratenkredits ohne Zweckbindung. Jetzt ansehen und finanzielle Freiheit genie&szlig;en!","robots":{"index":"index","follow":"follow","max-snippet":"max-snippet:-1","max-image-preview":"max-image-preview:large","max-video-preview":"max-video-preview:-1"},"canonical":"https:\/\/www.credafin.be\/de\/kredit-fr-alle-grnde","og_locale":"de_DE","og_type":"article","og_title":"Kredit f&uuml;r alle Gr&uuml;nde \u2013 Ratenkredit f&uuml;r flexible W&uuml;nsche","og_description":"Entdecken Sie die Vorteile eines Ratenkredits ohne Zweckbindung. Jetzt ansehen und finanzielle Freiheit genie&szlig;en!","og_url":"https:\/\/www.credafin.be\/de\/kredit-fr-alle-grnde","og_site_name":"Credafin","article_publisher":"http:\/\/www.facebook.com\/Credafin.be","article_modified_time":"2025-04-03T00:38:01+00:00","og_image":[{"width":768,"height":295,"url":"https:\/\/www.credafin.be\/wp-content\/uploads\/2019\/01\/shutterstock_226410256.jpg","type":"image\/jpeg"}],"twitter_card":"summary_large_image","twitter_site":"@Credafinbe","twitter_misc":{"Est. reading time":"3 minutes"},"schema":{"@context":"https:\/\/schema.org","@graph":[{"@type":"WebPage","@id":"https:\/\/www.credafin.be\/de\/kredit-fr-alle-grnde","url":"https:\/\/www.credafin.be\/de\/kredit-fr-alle-grnde","name":"Kredit f&uuml;r alle Gr&uuml;nde \u2013 Ratenkredit f&uuml;r flexible W&uuml;nsche","isPartOf":{"@id":"https:\/\/www.credafin.be\/#website"},"datePublished":"2025-03-25T08:40:05+00:00","dateModified":"2025-04-03T00:38:01+00:00","description":"Entdecken Sie die Vorteile eines Ratenkredits ohne Zweckbindung. Jetzt ansehen und finanzielle Freiheit genie&szlig;en!","breadcrumb":{"@id":"https:\/\/www.credafin.be\/de\/kredit-fr-alle-grnde#breadcrumb"},"inLanguage":"de-BE","potentialAction":[{"@type":"ReadAction","target":["https:\/\/www.credafin.be\/de\/kredit-fr-alle-grnde"]}]},{"@type":"BreadcrumbList","@id":"https:\/\/www.credafin.be\/de\/kredit-fr-alle-grnde#breadcrumb","itemListElement":[{"@type":"ListItem","position":1,"name":"Home","item":"https:\/\/www.credafin.be\/de\/credafin-ihre-kredite-zu-besten-zinsen"},{"@type":"ListItem","position":2,"name":"Kredit f&uuml;r alle Gr&uuml;nde"}]},{"@type":"WebSite","@id":"https:\/\/www.credafin.be\/#website","url":"https:\/\/www.credafin.be\/","name":"Credafin","description":"Oxyg\u00e9nez votre budget en toute s\u00e9r\u00e9nit\u00e9","potentialAction":[{"@type":"SearchAction","target":{"@type":"EntryPoint","urlTemplate":"https:\/\/www.credafin.be\/?s={search_term_string}"},"query-input":{"@type":"PropertyValueSpecification","valueRequired":true,"valueName":"search_term_string"}}],"inLanguage":"de-BE"}]}},"_links":{"self":[{"href":"https:\/\/www.credafin.be\/de\/wp-json\/wp\/v2\/pages\/6696","targetHints":{"allow":["GET"]}}],"collection":[{"href":"https:\/\/www.credafin.be\/de\/wp-json\/wp\/v2\/pages"}],"about":[{"href":"https:\/\/www.credafin.be\/de\/wp-json\/wp\/v2\/types\/page"}],"author":[{"embeddable":true,"href":"https:\/\/www.credafin.be\/de\/wp-json\/wp\/v2\/users\/22"}],"replies":[{"embeddable":true,"href":"https:\/\/www.credafin.be\/de\/wp-json\/wp\/v2\/comments?post=6696"}],"version-history":[{"count":3,"href":"https:\/\/www.credafin.be\/de\/wp-json\/wp\/v2\/pages\/6696\/revisions"}],"predecessor-version":[{"id":8215,"href":"https:\/\/www.credafin.be\/de\/wp-json\/wp\/v2\/pages\/6696\/revisions\/8215"}],"wp:attachment":[{"href":"https:\/\/www.credafin.be\/de\/wp-json\/wp\/v2\/media?parent=6696"}],"curies":[{"name":"wp","href":"https:\/\/api.w.org\/{rel}","templated":true}]}}