{"id":6694,"date":"2025-03-25T09:39:24","date_gmt":"2025-03-25T08:39:24","guid":{"rendered":"https:\/\/www.credafin.be\/kreditzusammenfassung-zum-besten-zinssatz"},"modified":"2025-04-03T01:40:13","modified_gmt":"2025-04-03T00:40:13","slug":"kreditkonsolidierung","status":"publish","type":"page","link":"https:\/\/www.credafin.be\/de\/kreditkonsolidierung","title":{"rendered":"Kreditzusammenfassung zum besten Zinssatz"},"content":{"rendered":"<p>Im Leben begegnen Sie komplizierten Situationen und m&uuml;ssen vielleicht zu verschiedenen Zeitpunkten mehrere Kredite aufnehmen. Jedoch k&ouml;nnten Sie die Folgen dieser verschiedenen Investitionen sp&uuml;ren. Deshalb bieten wir Ihnen als Ihr Online-Kreditmakler die M&ouml;glichkeit, eine Kreditzusammenfassung durchzuf&uuml;hren. Eine einfache L&ouml;sung, um den &Uuml;berblick zu behalten.<\/p><h2 class=\"wp-block-heading\">Befreien Sie sich vom Ballast verstreuter monatlicher Raten mit einer Kreditzusammenfassung<\/h2><p>Es gibt viele Gr&uuml;nde, einen Kredit zu beantragen: eine Hochzeit, der Kauf eines Hauses und\/oder Autos, eine Reise, ein Studium usw. Sie haben Projekte und wir helfen Ihnen, diese zu verwirklichen.<\/p><p>Die Kreditzusammenfassung erm&ouml;glicht es Ihnen, all Ihre laufenden Kredite zu einem zusammenzufassen. Dank unserer Expertise werden wir Sie zu der vorteilhaftesten Kreditzusammenf&uuml;hrung f&uuml;hren. Diese Ma&szlig;nahme erm&ouml;glicht es Ihnen, die Kosten Ihrer monatlichen Raten zu reduzieren. Sie werden den Unterschied schnell sp&uuml;ren &#8211; es wird eine echte Erleichterung f&uuml;r Ihre t&auml;gliche Verwaltung sein.<\/p><h2 class=\"wp-block-heading\">Vereinfacht Ihr Leben mit einer Kreditzusammenfassung<\/h2><p>Tats&auml;chlich bieten wir Ihnen die M&ouml;glichkeit, den finanziellen Schwierigkeiten zu begegnen, die auftreten, wenn es zu viele R&uuml;ckzahlungen zu verwalten gibt. Ihr Online-Kreditmakler hilft Ihnen, Ihre Kredite in einer einzigen Akte zusammenzustellen.<\/p><figure class=\"wp-block-image\"><img decoding=\"async\" width=\"768\" height=\"295\" src=\"https:\/\/www.credafin.be\/wp-content\/uploads\/2019\/01\/shutterstock_136980221.jpg\" alt=\"Kreditzusammenfassung\" class=\"wp-image-4926\" srcset=\"https:\/\/www.credafin.be\/wp-content\/uploads\/2019\/01\/shutterstock_136980221.jpg 768w, https:\/\/www.credafin.be\/wp-content\/uploads\/2019\/01\/shutterstock_136980221-300x115.jpg 300w\" sizes=\"(max-width: 768px) 100vw, 768px\" \/><\/figure><p>Wir geben Ihnen die Chance, die H&ouml;he Ihrer Raten zu reduzieren, indem wir einen Kredit berechnen, der an Ihre Mittel angepasst ist. Eine Kreditzusammenf&uuml;hrung ist ideal, um das Chaos durch verschiedene Kredite zu vermeiden.<\/p><p>Dieses Neuausbalancieren Ihrer Konten wird Ihnen die M&ouml;glichkeit geben, neue Projekte zu starten. Bei der Zahlung Ihrer n&auml;chsten Raten werden Sie eine erhebliche Verbesserung Ihrer monatlichen Ausgabenlast sp&uuml;ren. Sie werden feststellen, dass Ihr Konto wieder im Einklang mit Ihren pers&ouml;nlichen Ressourcen ist.<\/p><p><a href=\"https:\/\/www.credafin.be\/de\/wer-sind-wir\">Ihr Kreditmakler<\/a> online bietet Ihnen die M&ouml;glichkeit, Ihre Kreditzusammenf&uuml;hrung in nur wenigen Klicks zu entdecken.<\/p>","protected":false},"excerpt":{"rendered":"<p>Profitieren Sie von einer Kreditzusammenfassung und senken Sie jetzt Ihre Raten!<\/p>\n","protected":false},"author":22,"featured_media":0,"parent":0,"menu_order":0,"comment_status":"closed","ping_status":"closed","template":"page-full-sim.php","meta":{"_yoast_wpseo_focuskw":"kreditzusammenfassung","_yoast_wpseo_title":"Kreditzusammenfassung zum besten Zinssatz","_yoast_wpseo_metadesc":"Nutzen Sie unsere Kreditzusammenfassung, reduzieren Sie Ihre monatlichen Raten und schaffen Sie Freiraum f\u00fcr neue Projekte. Jetzt informieren!","_yoast_wpseo_meta-robots-noindex":"","_yoast_wpseo_meta-robots-nofollow":"","_yoast_wpseo_canonical":"https:\/\/www.credafin.be\/de\/kreditkonsolidierung","_yoast_wpseo_focuskw_text":"kreditzusammenfassung","_yoast_wpseo_schema":"Article","footnotes":""},"class_list":["post-6694","page","type-page","status-publish","hentry"],"yoast_head":"<!-- This site is optimized with the Yoast SEO plugin v27.4 - https:\/\/yoast.com\/product\/yoast-seo-wordpress\/ -->\n<title>Kreditzusammenfassung zum besten Zinssatz<\/title>\n<meta name=\"description\" content=\"Nutzen Sie unsere Kreditzusammenfassung, reduzieren Sie Ihre monatlichen Raten und schaffen Sie Freiraum f\u00fcr neue Projekte. Jetzt informieren!\" \/>\n<meta name=\"robots\" content=\"index, follow, max-snippet:-1, max-image-preview:large, max-video-preview:-1\" \/>\n<link rel=\"canonical\" href=\"https:\/\/www.credafin.be\/de\/kreditkonsolidierung\" \/>\n<meta property=\"og:locale\" content=\"de_DE\" \/>\n<meta property=\"og:type\" content=\"article\" \/>\n<meta property=\"og:title\" content=\"Kreditzusammenfassung zum besten Zinssatz\" \/>\n<meta property=\"og:description\" content=\"Nutzen Sie unsere Kreditzusammenfassung, reduzieren Sie Ihre monatlichen Raten und schaffen Sie Freiraum f\u00fcr neue Projekte. Jetzt informieren!\" \/>\n<meta property=\"og:url\" content=\"https:\/\/www.credafin.be\/de\/kreditkonsolidierung\" \/>\n<meta property=\"og:site_name\" content=\"Credafin\" \/>\n<meta property=\"article:publisher\" content=\"http:\/\/www.facebook.com\/Credafin.be\" \/>\n<meta property=\"article:modified_time\" content=\"2025-04-03T00:40:13+00:00\" \/>\n<meta property=\"og:image\" content=\"https:\/\/www.credafin.be\/wp-content\/uploads\/2019\/01\/shutterstock_136980221.jpg\" \/>\n\t<meta property=\"og:image:width\" content=\"768\" \/>\n\t<meta property=\"og:image:height\" content=\"295\" \/>\n\t<meta property=\"og:image:type\" content=\"image\/jpeg\" \/>\n<meta name=\"twitter:card\" content=\"summary_large_image\" \/>\n<meta name=\"twitter:site\" content=\"@Credafinbe\" \/>\n<meta name=\"twitter:label1\" content=\"Est. reading time\" \/>\n\t<meta name=\"twitter:data1\" content=\"2 minutes\" \/>\n<script type=\"application\/ld+json\" class=\"yoast-schema-graph\">{\"@context\":\"https:\\\/\\\/schema.org\",\"@graph\":[{\"@type\":\"WebPage\",\"@id\":\"https:\\\/\\\/www.credafin.be\\\/de\\\/kreditkonsolidierung\",\"url\":\"https:\\\/\\\/www.credafin.be\\\/de\\\/kreditkonsolidierung\",\"name\":\"Kreditzusammenfassung zum besten Zinssatz\",\"isPartOf\":{\"@id\":\"https:\\\/\\\/www.credafin.be\\\/#website\"},\"primaryImageOfPage\":{\"@id\":\"https:\\\/\\\/www.credafin.be\\\/de\\\/kreditkonsolidierung#primaryimage\"},\"image\":{\"@id\":\"https:\\\/\\\/www.credafin.be\\\/de\\\/kreditkonsolidierung#primaryimage\"},\"thumbnailUrl\":\"https:\\\/\\\/www.credafin.be\\\/wp-content\\\/uploads\\\/2019\\\/01\\\/shutterstock_136980221.jpg\",\"datePublished\":\"2025-03-25T08:39:24+00:00\",\"dateModified\":\"2025-04-03T00:40:13+00:00\",\"description\":\"Nutzen Sie unsere Kreditzusammenfassung, reduzieren Sie Ihre monatlichen Raten und schaffen Sie Freiraum f\u00fcr neue Projekte. Jetzt informieren!\",\"breadcrumb\":{\"@id\":\"https:\\\/\\\/www.credafin.be\\\/de\\\/kreditkonsolidierung#breadcrumb\"},\"inLanguage\":\"de-BE\",\"potentialAction\":[{\"@type\":\"ReadAction\",\"target\":[\"https:\\\/\\\/www.credafin.be\\\/de\\\/kreditkonsolidierung\"]}]},{\"@type\":\"ImageObject\",\"inLanguage\":\"de-BE\",\"@id\":\"https:\\\/\\\/www.credafin.be\\\/de\\\/kreditkonsolidierung#primaryimage\",\"url\":\"https:\\\/\\\/www.credafin.be\\\/wp-content\\\/uploads\\\/2019\\\/01\\\/shutterstock_136980221.jpg\",\"contentUrl\":\"https:\\\/\\\/www.credafin.be\\\/wp-content\\\/uploads\\\/2019\\\/01\\\/shutterstock_136980221.jpg\"},{\"@type\":\"BreadcrumbList\",\"@id\":\"https:\\\/\\\/www.credafin.be\\\/de\\\/kreditkonsolidierung#breadcrumb\",\"itemListElement\":[{\"@type\":\"ListItem\",\"position\":1,\"name\":\"Home\",\"item\":\"https:\\\/\\\/www.credafin.be\\\/de\\\/credafin-ihre-kredite-zu-besten-zinsen\"},{\"@type\":\"ListItem\",\"position\":2,\"name\":\"Kreditzusammenfassung zum besten Zinssatz\"}]},{\"@type\":\"WebSite\",\"@id\":\"https:\\\/\\\/www.credafin.be\\\/#website\",\"url\":\"https:\\\/\\\/www.credafin.be\\\/\",\"name\":\"Credafin\",\"description\":\"Oxyg\u00e9nez votre budget en toute s\u00e9r\u00e9nit\u00e9\",\"potentialAction\":[{\"@type\":\"SearchAction\",\"target\":{\"@type\":\"EntryPoint\",\"urlTemplate\":\"https:\\\/\\\/www.credafin.be\\\/?s={search_term_string}\"},\"query-input\":{\"@type\":\"PropertyValueSpecification\",\"valueRequired\":true,\"valueName\":\"search_term_string\"}}],\"inLanguage\":\"de-BE\"}]}<\/script>\n<!-- \/ Yoast SEO plugin. -->","yoast_head_json":{"title":"Kreditzusammenfassung zum besten Zinssatz","description":"Nutzen Sie unsere Kreditzusammenfassung, reduzieren Sie Ihre monatlichen Raten und schaffen Sie Freiraum f\u00fcr neue Projekte. Jetzt informieren!","robots":{"index":"index","follow":"follow","max-snippet":"max-snippet:-1","max-image-preview":"max-image-preview:large","max-video-preview":"max-video-preview:-1"},"canonical":"https:\/\/www.credafin.be\/de\/kreditkonsolidierung","og_locale":"de_DE","og_type":"article","og_title":"Kreditzusammenfassung zum besten Zinssatz","og_description":"Nutzen Sie unsere Kreditzusammenfassung, reduzieren Sie Ihre monatlichen Raten und schaffen Sie Freiraum f\u00fcr neue Projekte. Jetzt informieren!","og_url":"https:\/\/www.credafin.be\/de\/kreditkonsolidierung","og_site_name":"Credafin","article_publisher":"http:\/\/www.facebook.com\/Credafin.be","article_modified_time":"2025-04-03T00:40:13+00:00","og_image":[{"width":768,"height":295,"url":"https:\/\/www.credafin.be\/wp-content\/uploads\/2019\/01\/shutterstock_136980221.jpg","type":"image\/jpeg"}],"twitter_card":"summary_large_image","twitter_site":"@Credafinbe","twitter_misc":{"Est. reading time":"2 minutes"},"schema":{"@context":"https:\/\/schema.org","@graph":[{"@type":"WebPage","@id":"https:\/\/www.credafin.be\/de\/kreditkonsolidierung","url":"https:\/\/www.credafin.be\/de\/kreditkonsolidierung","name":"Kreditzusammenfassung zum besten Zinssatz","isPartOf":{"@id":"https:\/\/www.credafin.be\/#website"},"primaryImageOfPage":{"@id":"https:\/\/www.credafin.be\/de\/kreditkonsolidierung#primaryimage"},"image":{"@id":"https:\/\/www.credafin.be\/de\/kreditkonsolidierung#primaryimage"},"thumbnailUrl":"https:\/\/www.credafin.be\/wp-content\/uploads\/2019\/01\/shutterstock_136980221.jpg","datePublished":"2025-03-25T08:39:24+00:00","dateModified":"2025-04-03T00:40:13+00:00","description":"Nutzen Sie unsere Kreditzusammenfassung, reduzieren Sie Ihre monatlichen Raten und schaffen Sie Freiraum f\u00fcr neue Projekte. Jetzt informieren!","breadcrumb":{"@id":"https:\/\/www.credafin.be\/de\/kreditkonsolidierung#breadcrumb"},"inLanguage":"de-BE","potentialAction":[{"@type":"ReadAction","target":["https:\/\/www.credafin.be\/de\/kreditkonsolidierung"]}]},{"@type":"ImageObject","inLanguage":"de-BE","@id":"https:\/\/www.credafin.be\/de\/kreditkonsolidierung#primaryimage","url":"https:\/\/www.credafin.be\/wp-content\/uploads\/2019\/01\/shutterstock_136980221.jpg","contentUrl":"https:\/\/www.credafin.be\/wp-content\/uploads\/2019\/01\/shutterstock_136980221.jpg"},{"@type":"BreadcrumbList","@id":"https:\/\/www.credafin.be\/de\/kreditkonsolidierung#breadcrumb","itemListElement":[{"@type":"ListItem","position":1,"name":"Home","item":"https:\/\/www.credafin.be\/de\/credafin-ihre-kredite-zu-besten-zinsen"},{"@type":"ListItem","position":2,"name":"Kreditzusammenfassung zum besten Zinssatz"}]},{"@type":"WebSite","@id":"https:\/\/www.credafin.be\/#website","url":"https:\/\/www.credafin.be\/","name":"Credafin","description":"Oxyg\u00e9nez votre budget en toute s\u00e9r\u00e9nit\u00e9","potentialAction":[{"@type":"SearchAction","target":{"@type":"EntryPoint","urlTemplate":"https:\/\/www.credafin.be\/?s={search_term_string}"},"query-input":{"@type":"PropertyValueSpecification","valueRequired":true,"valueName":"search_term_string"}}],"inLanguage":"de-BE"}]}},"_links":{"self":[{"href":"https:\/\/www.credafin.be\/de\/wp-json\/wp\/v2\/pages\/6694","targetHints":{"allow":["GET"]}}],"collection":[{"href":"https:\/\/www.credafin.be\/de\/wp-json\/wp\/v2\/pages"}],"about":[{"href":"https:\/\/www.credafin.be\/de\/wp-json\/wp\/v2\/types\/page"}],"author":[{"embeddable":true,"href":"https:\/\/www.credafin.be\/de\/wp-json\/wp\/v2\/users\/22"}],"replies":[{"embeddable":true,"href":"https:\/\/www.credafin.be\/de\/wp-json\/wp\/v2\/comments?post=6694"}],"version-history":[{"count":2,"href":"https:\/\/www.credafin.be\/de\/wp-json\/wp\/v2\/pages\/6694\/revisions"}],"predecessor-version":[{"id":8217,"href":"https:\/\/www.credafin.be\/de\/wp-json\/wp\/v2\/pages\/6694\/revisions\/8217"}],"wp:attachment":[{"href":"https:\/\/www.credafin.be\/de\/wp-json\/wp\/v2\/media?parent=6694"}],"curies":[{"name":"wp","href":"https:\/\/api.w.org\/{rel}","templated":true}]}}