{"id":6693,"date":"2025-03-25T09:38:30","date_gmt":"2025-03-25T08:38:30","guid":{"rendered":"https:\/\/www.credafin.be\/online-kreditsimulation-zum-besten-zinssatz"},"modified":"2025-04-03T01:40:58","modified_gmt":"2025-04-03T00:40:58","slug":"simulation-von-darlehen","status":"publish","type":"page","link":"https:\/\/www.credafin.be\/de\/simulation-von-darlehen","title":{"rendered":"Online-Kreditsimulation zum besten Zinssatz"},"content":{"rendered":"<p>Sie m&ouml;chten Ihre Projekte schnell umsetzen, ben&ouml;tigen jedoch Sicherheit &uuml;ber das gew&auml;hlte Darlehen? Unsere Agentur, Ihr Online-Kreditvermittler, bietet Ihnen an, uns eine Kreditanfrage zu senden.<\/p><h2 class=\"wp-block-heading\">Wie macht man eine Online-Kreditsimulation?<\/h2><p>Der Kreditantrag ist leicht zug&auml;nglich und kann online &uuml;ber ein auszuf&uuml;llendes Formular gestellt werden. Alle Informationen, die Sie uns zukommen lassen, bleiben nat&uuml;rlich vertraulich. Sie helfen uns, Ihnen ein Kreditangebot zu unterbreiten, das perfekt zu Ihrer Situation passt.<\/p><p>Im Vorfeld ermutigen wir Sie, eine Kreditsimulation durchzuf&uuml;hren, um einen ersten Gesamteindruck Ihres Darlehens zu erhalten. Nachdem Sie die Art des Kredits (Hypothek, Auto, Pers&ouml;nlich usw.) bestimmt haben, k&ouml;nnen Sie Ihre Anfrage direkt online senden.<\/p><p>Dieser Schritt, der f&uuml;r Sie unverbindlich ist, erm&ouml;glicht es Ihnen, innerhalb weniger Stunden eine Antwort zur Annahme Ihres Darlehens zu erhalten.<\/p><h2 class=\"wp-block-heading\">Sofort verf&uuml;gbare finanzielle Ressourcen<\/h2><p>Wenn Ihre Anfrage positiv ausf&auml;llt, m&uuml;ssen Sie nicht lange warten, bevor Ihnen die Mittel auf Ihrem Konto zur Verf&uuml;gung stehen.<\/p><p>Da finanzielle Mittel kein Hindernis mehr darstellen, k&ouml;nnen Sie sich entscheiden, in eine Reise, den Kauf eines Hauses, die Renovierung Ihrer Wohnung, den Kauf eines neuen Fernsehers und vieles mehr zu investieren.<\/p><h2 class=\"wp-block-heading\">Projekte im Kopf, ein Darlehen, um sie zu realisieren.<\/h2><p>Man hat nicht immer das erforderliche Geld zum gew&uuml;nschten Zeitpunkt, aber ist das ein Grund, auf Ihre Projekte zu verzichten? Nein, denn Ihr Online-Kreditvermittler bietet Ihnen einen kleinen Ansto&szlig;, indem er <strong>ange&nbsp;passte L&ouml;sungen zur Erreichung dieser Ziele<\/strong> vorschl&auml;gt. Diese L&ouml;sungen sind zum Beispiel ein Ratenkredit oder ein Hypothekendarlehen.<\/p><h2 class=\"wp-block-heading\">Kreditsimulation<\/h2><p>Ihr Online-Kreditvermittler m&ouml;chte Ihnen helfen, Ihre Projekte zu verwirklichen. Sie k&ouml;nnen auf unsere Unterst&uuml;tzung z&auml;hlen, um Sie bei der Auswahl des am besten zu Ihren W&uuml;nschen passenden Kredits zu beraten. Simulieren Sie jetzt Ihren zuk&uuml;nftigen Kredit.<\/p><h2 class=\"wp-block-heading\">Einfache und schnelle Nutzung der Kreditsimulation<\/h2><figure class=\"wp-block-image\"><img decoding=\"async\" width=\"768\" height=\"295\" src=\"https:\/\/www.credafin.be\/wp-content\/uploads\/2019\/01\/shutterstock_334290167.jpg\" alt=\"Simulation pr\u00eat en ligne\" class=\"wp-image-4945\" srcset=\"https:\/\/www.credafin.be\/wp-content\/uploads\/2019\/01\/shutterstock_334290167.jpg 768w, https:\/\/www.credafin.be\/wp-content\/uploads\/2019\/01\/shutterstock_334290167-300x115.jpg 300w\" sizes=\"(max-width: 768px) 100vw, 768px\" \/><\/figure><p>Von zu Hause aus k&ouml;nnen Sie bereits einen ersten &Uuml;berblick &uuml;ber die monatlichen Raten Ihres Kredits erhalten. Dank der von Ihrem Online-Kreditvermittler bereitgestellten Online-Kreditsimulation wissen Sie schnell, wie Ihr Kredit organisiert wird.<\/p><p>Tats&auml;chlich k&ouml;nnen Sie den Betrag der monatlichen R&uuml;ckzahlungen mit nur wenigen Klicks erfahren.<\/p><h2 class=\"wp-block-heading\">Wie benutzt man einen Kreditrechner?<\/h2><p>Um unser Tool zur Kreditsimulation zu nutzen, sollten Sie zun&auml;chst den Betrag bestimmen, der f&uuml;r die Umsetzung des Projekts erforderlich ist. Sobald dies definiert ist, m&uuml;ssen Sie den geeigneten Kredittyp ausw&auml;hlen. Verschiedene Optionen werden Ihnen angeboten.<\/p><p>Dann bleibt nur noch, die Laufzeit des Darlehens zu entscheiden und in wenigen Sekunden erhalten Sie ein Kreditangebot. Wenn dieses Ihnen zusagt, m&uuml;ssen Sie uns nur noch diese Anfrage zukommen lassen, die wir so schnell wie m&ouml;glich bearbeiten werden.<\/p><p>Z&ouml;gern Sie nicht, uns zu kontaktieren, wenn Sie Probleme haben; wir stehen Ihnen zur Verf&uuml;gung, um Sie bestm&ouml;glich zu beraten.<\/p><h2 class=\"wp-block-heading\">Ein f&uuml;r jeden zug&auml;ngliches Darlehen<\/h2><p>Egal, wie alt Sie sind, welche Situation oder welche Ambitionen Sie haben, es gibt&nbsp;eine <strong>Darlehens<\/strong>&nbsp;formel, die zu Ihnen passt! Sie stehen am Anfang Ihres Lebens, Sie haben gerade geheiratet oder Ihre Kinder werden ein langes Studium aufnehmen? F&uuml;r jede Situation gibt es einen&nbsp;<strong>Kredit<\/strong>. Machen Sie eine Kreditsimulation, um die M&ouml;glichkeiten zu entdecken, die sich Ihnen bieten!<\/p><h2 class=\"wp-block-heading\">Durchsuchen Sie die verschiedenen Verbraucherkreditangebote, die wir Ihnen je nach Zweck Ihres Kredits anbieten.<\/h2><p>Die Entscheidung, ein Projekt zu starten, ist eine Sache, aber die Finanzierung zu finden, die es Ihnen erm&ouml;glicht, es zu realisieren, ist eine andere. Wenden Sie sich dazu an den Privatkredit von Ihrem Online-Kreditvermittler: ein diskretes und schnelles Darlehen, das Ihnen sicherlich helfen wird, all Ihre Projekte zu verwirklichen.<\/p><h3 class=\"wp-block-heading\">Simulieren Sie Ihren Kredit und berechnen Sie Ihre Raten schnell und kostenlos.<\/h3><h2 class=\"wp-block-heading\">Ein Kredit online<\/h2><p>Der qualitativ hochwertige Service unserer Agentur erm&ouml;glicht es Ihnen, diskret den richtigen Privatkredit f&uuml;r sich auszuw&auml;hlen. Sie sind v&ouml;llig frei, Ihr Darlehen zu verwalten: Sie entscheiden &uuml;ber die Summe, ohne Rechenschaft &uuml;ber Ihre Ausgaben ablegen zu m&uuml;ssen, und Sie w&auml;hlen die R&uuml;ckzahlungsoption, die f&uuml;r Sie am besten geeignet ist. Wir stellen Ihnen den notwendigen Betrag zur Verf&uuml;gung, um Ihre Projekte zu verwirklichen.<\/p><p>Diese Option wird Sie begeistern, da sie Ihnen wirklich erm&ouml;glicht, die f&uuml;r Sie passende Wahl zu treffen, ohne sich jemals rechtfertigen zu m&uuml;ssen.<\/p><p>Geld zu leihen ist die ideale L&ouml;sung, um Ihre Projekte sehr schnell zum Leben zu erwecken und Ihnen so zu erm&ouml;glichen, Schritte direkt von zu Hause aus mit minimalen Formalit&auml;ten zu erledigen.<\/p><p>Zusammengefasst k&ouml;nnen Sie dank unseres Tools zur Kreditsimulation eine Vorstellung von Ihrem&nbsp;Darlehen in nur wenigen Klicks bekommen.<\/p><p><br><a href=\"https:\/\/www.credafin.be\/de\/pret-personnel\/simulation-eines-personalkredits\">Simulieren Sie Ihr pers&ouml;nliches Darlehen<\/a><br><a href=\"https:\/\/www.credafin.be\/de\/kreditbundelung\/simulation-der-kreditbundelung\">Simulieren Sie Ihre Kreditb&uuml;ndelung<\/a><br><a href=\"https:\/\/www.credafin.be\/de\/pret-travaux\/simulation-von-baufinanzierungen\">Simulieren Sie Ihr Renovierungsdarlehen<\/a><br><a href=\"https:\/\/www.credafin.be\/de\/autokredit\">Simulieren Sie Ihr Autodarlehen<\/a><\/p>","protected":false},"excerpt":{"rendered":"<p>Testen Sie jetzt unsere Online-Kreditsimulation und holen Sie sich den besten Zinssatz \u2013 starten Sie noch heute Ihr Projekt!<\/p>\n","protected":false},"author":22,"featured_media":0,"parent":0,"menu_order":0,"comment_status":"closed","ping_status":"closed","template":"page-full-sim.php","meta":{"_yoast_wpseo_focuskw":"Online-Kreditsimulation","_yoast_wpseo_title":"Online-Kreditsimulation: Schnell zum besten Zinssatz!","_yoast_wpseo_metadesc":"Nutzen Sie unsere Online-Kreditsimulation, um den besten Zinssatz zu finden und starten Sie noch heute Ihr Projekt!","_yoast_wpseo_meta-robots-noindex":"","_yoast_wpseo_meta-robots-nofollow":"","_yoast_wpseo_canonical":"https:\/\/www.credafin.be\/de\/simulation-von-darlehen","_yoast_wpseo_focuskw_text":"Online-Kreditsimulation","_yoast_wpseo_schema":"Article","footnotes":""},"class_list":["post-6693","page","type-page","status-publish","hentry"],"yoast_head":"<!-- This site is optimized with the Yoast SEO plugin v27.3 - https:\/\/yoast.com\/product\/yoast-seo-wordpress\/ -->\n<title>Online-Kreditsimulation: Schnell zum besten Zinssatz!<\/title>\n<meta name=\"description\" content=\"Nutzen Sie unsere Online-Kreditsimulation, um den besten Zinssatz zu finden und starten Sie noch heute Ihr Projekt!\" \/>\n<meta name=\"robots\" content=\"index, follow, max-snippet:-1, max-image-preview:large, max-video-preview:-1\" \/>\n<link rel=\"canonical\" href=\"https:\/\/www.credafin.be\/de\/simulation-von-darlehen\" \/>\n<meta property=\"og:locale\" content=\"de_DE\" \/>\n<meta property=\"og:type\" content=\"article\" \/>\n<meta property=\"og:title\" content=\"Online-Kreditsimulation: Schnell zum besten Zinssatz!\" \/>\n<meta property=\"og:description\" content=\"Nutzen Sie unsere Online-Kreditsimulation, um den besten Zinssatz zu finden und starten Sie noch heute Ihr Projekt!\" \/>\n<meta property=\"og:url\" content=\"https:\/\/www.credafin.be\/de\/simulation-von-darlehen\" \/>\n<meta property=\"og:site_name\" content=\"Credafin\" \/>\n<meta property=\"article:publisher\" content=\"http:\/\/www.facebook.com\/Credafin.be\" \/>\n<meta property=\"article:modified_time\" content=\"2025-04-03T00:40:58+00:00\" \/>\n<meta property=\"og:image\" content=\"https:\/\/www.credafin.be\/wp-content\/uploads\/2019\/01\/shutterstock_334290167.jpg\" \/>\n\t<meta property=\"og:image:width\" content=\"768\" \/>\n\t<meta property=\"og:image:height\" content=\"295\" \/>\n\t<meta property=\"og:image:type\" content=\"image\/jpeg\" \/>\n<meta name=\"twitter:card\" content=\"summary_large_image\" \/>\n<meta name=\"twitter:site\" content=\"@Credafinbe\" \/>\n<meta name=\"twitter:label1\" content=\"Est. reading time\" \/>\n\t<meta name=\"twitter:data1\" content=\"4 minutes\" \/>\n<script type=\"application\/ld+json\" class=\"yoast-schema-graph\">{\"@context\":\"https:\\\/\\\/schema.org\",\"@graph\":[{\"@type\":\"WebPage\",\"@id\":\"https:\\\/\\\/www.credafin.be\\\/de\\\/simulation-von-darlehen\",\"url\":\"https:\\\/\\\/www.credafin.be\\\/de\\\/simulation-von-darlehen\",\"name\":\"Online-Kreditsimulation: Schnell zum besten Zinssatz!\",\"isPartOf\":{\"@id\":\"https:\\\/\\\/www.credafin.be\\\/#website\"},\"primaryImageOfPage\":{\"@id\":\"https:\\\/\\\/www.credafin.be\\\/de\\\/simulation-von-darlehen#primaryimage\"},\"image\":{\"@id\":\"https:\\\/\\\/www.credafin.be\\\/de\\\/simulation-von-darlehen#primaryimage\"},\"thumbnailUrl\":\"https:\\\/\\\/www.credafin.be\\\/wp-content\\\/uploads\\\/2019\\\/01\\\/shutterstock_334290167.jpg\",\"datePublished\":\"2025-03-25T08:38:30+00:00\",\"dateModified\":\"2025-04-03T00:40:58+00:00\",\"description\":\"Nutzen Sie unsere Online-Kreditsimulation, um den besten Zinssatz zu finden und starten Sie noch heute Ihr Projekt!\",\"breadcrumb\":{\"@id\":\"https:\\\/\\\/www.credafin.be\\\/de\\\/simulation-von-darlehen#breadcrumb\"},\"inLanguage\":\"de-BE\",\"potentialAction\":[{\"@type\":\"ReadAction\",\"target\":[\"https:\\\/\\\/www.credafin.be\\\/de\\\/simulation-von-darlehen\"]}]},{\"@type\":\"ImageObject\",\"inLanguage\":\"de-BE\",\"@id\":\"https:\\\/\\\/www.credafin.be\\\/de\\\/simulation-von-darlehen#primaryimage\",\"url\":\"https:\\\/\\\/www.credafin.be\\\/wp-content\\\/uploads\\\/2019\\\/01\\\/shutterstock_334290167.jpg\",\"contentUrl\":\"https:\\\/\\\/www.credafin.be\\\/wp-content\\\/uploads\\\/2019\\\/01\\\/shutterstock_334290167.jpg\"},{\"@type\":\"BreadcrumbList\",\"@id\":\"https:\\\/\\\/www.credafin.be\\\/de\\\/simulation-von-darlehen#breadcrumb\",\"itemListElement\":[{\"@type\":\"ListItem\",\"position\":1,\"name\":\"Home\",\"item\":\"https:\\\/\\\/www.credafin.be\\\/de\\\/credafin-ihre-kredite-zu-besten-zinsen\"},{\"@type\":\"ListItem\",\"position\":2,\"name\":\"Online-Kreditsimulation zum besten Zinssatz\"}]},{\"@type\":\"WebSite\",\"@id\":\"https:\\\/\\\/www.credafin.be\\\/#website\",\"url\":\"https:\\\/\\\/www.credafin.be\\\/\",\"name\":\"Credafin\",\"description\":\"Oxyg\u00e9nez votre budget en toute s\u00e9r\u00e9nit\u00e9\",\"potentialAction\":[{\"@type\":\"SearchAction\",\"target\":{\"@type\":\"EntryPoint\",\"urlTemplate\":\"https:\\\/\\\/www.credafin.be\\\/?s={search_term_string}\"},\"query-input\":{\"@type\":\"PropertyValueSpecification\",\"valueRequired\":true,\"valueName\":\"search_term_string\"}}],\"inLanguage\":\"de-BE\"}]}<\/script>\n<!-- \/ Yoast SEO plugin. -->","yoast_head_json":{"title":"Online-Kreditsimulation: Schnell zum besten Zinssatz!","description":"Nutzen Sie unsere Online-Kreditsimulation, um den besten Zinssatz zu finden und starten Sie noch heute Ihr Projekt!","robots":{"index":"index","follow":"follow","max-snippet":"max-snippet:-1","max-image-preview":"max-image-preview:large","max-video-preview":"max-video-preview:-1"},"canonical":"https:\/\/www.credafin.be\/de\/simulation-von-darlehen","og_locale":"de_DE","og_type":"article","og_title":"Online-Kreditsimulation: Schnell zum besten Zinssatz!","og_description":"Nutzen Sie unsere Online-Kreditsimulation, um den besten Zinssatz zu finden und starten Sie noch heute Ihr Projekt!","og_url":"https:\/\/www.credafin.be\/de\/simulation-von-darlehen","og_site_name":"Credafin","article_publisher":"http:\/\/www.facebook.com\/Credafin.be","article_modified_time":"2025-04-03T00:40:58+00:00","og_image":[{"width":768,"height":295,"url":"https:\/\/www.credafin.be\/wp-content\/uploads\/2019\/01\/shutterstock_334290167.jpg","type":"image\/jpeg"}],"twitter_card":"summary_large_image","twitter_site":"@Credafinbe","twitter_misc":{"Est. reading time":"4 minutes"},"schema":{"@context":"https:\/\/schema.org","@graph":[{"@type":"WebPage","@id":"https:\/\/www.credafin.be\/de\/simulation-von-darlehen","url":"https:\/\/www.credafin.be\/de\/simulation-von-darlehen","name":"Online-Kreditsimulation: Schnell zum besten Zinssatz!","isPartOf":{"@id":"https:\/\/www.credafin.be\/#website"},"primaryImageOfPage":{"@id":"https:\/\/www.credafin.be\/de\/simulation-von-darlehen#primaryimage"},"image":{"@id":"https:\/\/www.credafin.be\/de\/simulation-von-darlehen#primaryimage"},"thumbnailUrl":"https:\/\/www.credafin.be\/wp-content\/uploads\/2019\/01\/shutterstock_334290167.jpg","datePublished":"2025-03-25T08:38:30+00:00","dateModified":"2025-04-03T00:40:58+00:00","description":"Nutzen Sie unsere Online-Kreditsimulation, um den besten Zinssatz zu finden und starten Sie noch heute Ihr Projekt!","breadcrumb":{"@id":"https:\/\/www.credafin.be\/de\/simulation-von-darlehen#breadcrumb"},"inLanguage":"de-BE","potentialAction":[{"@type":"ReadAction","target":["https:\/\/www.credafin.be\/de\/simulation-von-darlehen"]}]},{"@type":"ImageObject","inLanguage":"de-BE","@id":"https:\/\/www.credafin.be\/de\/simulation-von-darlehen#primaryimage","url":"https:\/\/www.credafin.be\/wp-content\/uploads\/2019\/01\/shutterstock_334290167.jpg","contentUrl":"https:\/\/www.credafin.be\/wp-content\/uploads\/2019\/01\/shutterstock_334290167.jpg"},{"@type":"BreadcrumbList","@id":"https:\/\/www.credafin.be\/de\/simulation-von-darlehen#breadcrumb","itemListElement":[{"@type":"ListItem","position":1,"name":"Home","item":"https:\/\/www.credafin.be\/de\/credafin-ihre-kredite-zu-besten-zinsen"},{"@type":"ListItem","position":2,"name":"Online-Kreditsimulation zum besten Zinssatz"}]},{"@type":"WebSite","@id":"https:\/\/www.credafin.be\/#website","url":"https:\/\/www.credafin.be\/","name":"Credafin","description":"Oxyg\u00e9nez votre budget en toute s\u00e9r\u00e9nit\u00e9","potentialAction":[{"@type":"SearchAction","target":{"@type":"EntryPoint","urlTemplate":"https:\/\/www.credafin.be\/?s={search_term_string}"},"query-input":{"@type":"PropertyValueSpecification","valueRequired":true,"valueName":"search_term_string"}}],"inLanguage":"de-BE"}]}},"_links":{"self":[{"href":"https:\/\/www.credafin.be\/de\/wp-json\/wp\/v2\/pages\/6693","targetHints":{"allow":["GET"]}}],"collection":[{"href":"https:\/\/www.credafin.be\/de\/wp-json\/wp\/v2\/pages"}],"about":[{"href":"https:\/\/www.credafin.be\/de\/wp-json\/wp\/v2\/types\/page"}],"author":[{"embeddable":true,"href":"https:\/\/www.credafin.be\/de\/wp-json\/wp\/v2\/users\/22"}],"replies":[{"embeddable":true,"href":"https:\/\/www.credafin.be\/de\/wp-json\/wp\/v2\/comments?post=6693"}],"version-history":[{"count":3,"href":"https:\/\/www.credafin.be\/de\/wp-json\/wp\/v2\/pages\/6693\/revisions"}],"predecessor-version":[{"id":8218,"href":"https:\/\/www.credafin.be\/de\/wp-json\/wp\/v2\/pages\/6693\/revisions\/8218"}],"wp:attachment":[{"href":"https:\/\/www.credafin.be\/de\/wp-json\/wp\/v2\/media?parent=6693"}],"curies":[{"name":"wp","href":"https:\/\/api.w.org\/{rel}","templated":true}]}}