{"id":6692,"date":"2025-03-25T09:38:05","date_gmt":"2025-03-25T08:38:05","guid":{"rendered":"https:\/\/www.credafin.be\/kreditsimulation-in-belgien"},"modified":"2025-04-03T01:41:49","modified_gmt":"2025-04-03T00:41:49","slug":"kreditsimulation-in-belgien","status":"publish","type":"page","link":"https:\/\/www.credafin.be\/de\/kreditsimulation-in-belgien","title":{"rendered":"Kreditsimulation in Belgien"},"content":{"rendered":"<p>Derzeit haben Sie &uuml;berall in Belgien die M&ouml;glichkeit, einen Kredit zu finden, um Ihre Projekte und W&uuml;nsche zu finanzieren. Diese Nachricht wird diejenigen erfreuen, die voller Ideen stecken, jedoch Schwierigkeiten haben, diese finanziell vollst&auml;ndig zu realisieren.<\/p><h2 class=\"wp-block-heading\">Eine gro&szlig;e Auswahl an Kreditsimulationen in Belgien<\/h2><p>Zu jedem Zeitpunkt Ihres Lebens k&ouml;nnen Sie in Belgien einfach einen Kredit finden. Es reicht aus, eine passende L&ouml;sung in Bezug auf die Darlehenssumme, die Laufzeit und die Ratenh&ouml;he zu w&auml;hlen.<\/p><figure class=\"wp-block-image\"><img decoding=\"async\" width=\"768\" height=\"295\" src=\"https:\/\/www.credafin.be\/wp-content\/uploads\/2019\/01\/shutterstock_136980221.jpg\" alt=\"Kreditsimulation in Belgien\" class=\"wp-image-4926\" srcset=\"https:\/\/www.credafin.be\/wp-content\/uploads\/2019\/01\/shutterstock_136980221.jpg 768w, https:\/\/www.credafin.be\/wp-content\/uploads\/2019\/01\/shutterstock_136980221-300x115.jpg 300w\" sizes=\"(max-width: 768px) 100vw, 768px\" \/><\/figure><p>Viele Agenturen k&ouml;nnen Ihnen Kredite zu g&uuml;nstigen Konditionen anbieten! Sie entscheiden, welche Ihre Erwartungen und Bed&uuml;rfnisse am besten erf&uuml;llt.<\/p><p>Der Zugang zu belgischen Krediten erm&ouml;glicht es Ihnen, &uuml;ber die ben&ouml;tigte Liquidit&auml;t zu verf&uuml;gen. Diese Darlehen sind in der Regel f&uuml;r alle Arten von Anfragen geeignet.<\/p><p>Unter anderem finden Sie den <a href=\"https:\/\/www.credafin.be\/de\/ratenkredit\">Ratenkredit<\/a>, um Ihre W&uuml;nsche zu befriedigen, den <a href=\"https:\/\/www.credafin.be\/de\/pret-urlaub\">Ferienkredit f&uuml;r Ihre Reisen<\/a>, den <a href=\"https:\/\/www.credafin.be\/de\/autokredit\">Autokredit f&uuml;r Ihr neues Fahrzeug<\/a> sowie den <a href=\"https:\/\/www.credafin.be\/de\/hochzeitskredit\">Hochzeitskredit<\/a>, den <a href=\"https:\/\/www.credafin.be\/de\/pret-travaux\/simulation-von-baufinanzierungen\">Renovierungskredit<\/a> f&uuml;r alle <a href=\"https:\/\/www.credafin.be\/de\/renovierungskredit\">Renovierungsarbeiten an Ihrem Haus<\/a>. Und nat&uuml;rlich nicht zu vergessen, den Hypothekarkredit f&uuml;r den Kauf Ihrer Immobilien. Insgesamt stehen zahlreiche Kredite zur Verf&uuml;gung, um Ihre Tr&auml;ume zu verwirklichen.<\/p><h2 class=\"wp-block-heading\">W&uuml;nsche werden wahr<\/h2><p>Wenn Sie sich entscheiden, einen Kredit aufzunehmen, k&ouml;nnen Sie all diese Dinge angehen, die Sie schon l&auml;ngere Zeit geplant haben, die jedoch ein bedeutendes finanzielles Kapital erfordern. Zus&auml;tzlich k&ouml;nnen einige Kredite auch kleinere Ausgaben wie den Kauf eines Computers oder die Begleichung einer unerwarteten Rechnung abdecken.<\/p><p>Um <a href=\"https:\/\/www.credafin.be\/de\/die-credafin-kredite\">einen Kredit in Belgien zu erhalten<\/a>, k&ouml;nnen Sie in der Kreditagentur Ihrer Wahl einen Antrag stellen, entweder pers&ouml;nlich dort oder online. Danach erhalten Sie schnell eine Antwort und ein neues finanzielles Mittel auf Ihrem Konto.<\/p>","protected":false},"excerpt":{"rendered":"<p>Entdecken Sie jetzt die Kreditsimulation in Belgien, um Ihre Tr\u00e4ume zu erf\u00fcllen \u2013 klicken Sie hier!<\/p>\n","protected":false},"author":22,"featured_media":0,"parent":0,"menu_order":0,"comment_status":"closed","ping_status":"closed","template":"page-full-sim.php","meta":{"_yoast_wpseo_focuskw":"Kreditsimulation in Belgien","_yoast_wpseo_title":"Kreditsimulation in Belgien: Projekt finanzieren!","_yoast_wpseo_metadesc":"Erfahren Sie, wie die Kreditsimulation in Belgien Ihre Projekte erm\u00f6glicht. Jetzt klicken und starten!","_yoast_wpseo_meta-robots-noindex":"","_yoast_wpseo_meta-robots-nofollow":"","_yoast_wpseo_canonical":"https:\/\/www.credafin.be\/de\/kreditsimulation-in-belgien","_yoast_wpseo_focuskw_text":"Kreditsimulation in Belgien","_yoast_wpseo_schema":"Article","footnotes":""},"class_list":["post-6692","page","type-page","status-publish","hentry"],"yoast_head":"<!-- This site is optimized with the Yoast SEO plugin v27.3 - https:\/\/yoast.com\/product\/yoast-seo-wordpress\/ -->\n<title>Kreditsimulation in Belgien: Projekt finanzieren!<\/title>\n<meta name=\"description\" content=\"Erfahren Sie, wie die Kreditsimulation in Belgien Ihre Projekte erm\u00f6glicht. Jetzt klicken und starten!\" \/>\n<meta name=\"robots\" content=\"index, follow, max-snippet:-1, max-image-preview:large, max-video-preview:-1\" \/>\n<link rel=\"canonical\" href=\"https:\/\/www.credafin.be\/de\/kreditsimulation-in-belgien\" \/>\n<meta property=\"og:locale\" content=\"de_DE\" \/>\n<meta property=\"og:type\" content=\"article\" \/>\n<meta property=\"og:title\" content=\"Kreditsimulation in Belgien: Projekt finanzieren!\" \/>\n<meta property=\"og:description\" content=\"Erfahren Sie, wie die Kreditsimulation in Belgien Ihre Projekte erm\u00f6glicht. Jetzt klicken und starten!\" \/>\n<meta property=\"og:url\" content=\"https:\/\/www.credafin.be\/de\/kreditsimulation-in-belgien\" \/>\n<meta property=\"og:site_name\" content=\"Credafin\" \/>\n<meta property=\"article:publisher\" content=\"http:\/\/www.facebook.com\/Credafin.be\" \/>\n<meta property=\"article:modified_time\" content=\"2025-04-03T00:41:49+00:00\" \/>\n<meta property=\"og:image\" content=\"https:\/\/www.credafin.be\/wp-content\/uploads\/2019\/01\/shutterstock_136980221.jpg\" \/>\n\t<meta property=\"og:image:width\" content=\"768\" \/>\n\t<meta property=\"og:image:height\" content=\"295\" \/>\n\t<meta property=\"og:image:type\" content=\"image\/jpeg\" \/>\n<meta name=\"twitter:card\" content=\"summary_large_image\" \/>\n<meta name=\"twitter:site\" content=\"@Credafinbe\" \/>\n<meta name=\"twitter:label1\" content=\"Est. reading time\" \/>\n\t<meta name=\"twitter:data1\" content=\"2 minutes\" \/>\n<script type=\"application\/ld+json\" class=\"yoast-schema-graph\">{\"@context\":\"https:\\\/\\\/schema.org\",\"@graph\":[{\"@type\":\"WebPage\",\"@id\":\"https:\\\/\\\/www.credafin.be\\\/de\\\/kreditsimulation-in-belgien\",\"url\":\"https:\\\/\\\/www.credafin.be\\\/de\\\/kreditsimulation-in-belgien\",\"name\":\"Kreditsimulation in Belgien: Projekt finanzieren!\",\"isPartOf\":{\"@id\":\"https:\\\/\\\/www.credafin.be\\\/#website\"},\"primaryImageOfPage\":{\"@id\":\"https:\\\/\\\/www.credafin.be\\\/de\\\/kreditsimulation-in-belgien#primaryimage\"},\"image\":{\"@id\":\"https:\\\/\\\/www.credafin.be\\\/de\\\/kreditsimulation-in-belgien#primaryimage\"},\"thumbnailUrl\":\"https:\\\/\\\/www.credafin.be\\\/wp-content\\\/uploads\\\/2019\\\/01\\\/shutterstock_136980221.jpg\",\"datePublished\":\"2025-03-25T08:38:05+00:00\",\"dateModified\":\"2025-04-03T00:41:49+00:00\",\"description\":\"Erfahren Sie, wie die Kreditsimulation in Belgien Ihre Projekte erm\u00f6glicht. Jetzt klicken und starten!\",\"breadcrumb\":{\"@id\":\"https:\\\/\\\/www.credafin.be\\\/de\\\/kreditsimulation-in-belgien#breadcrumb\"},\"inLanguage\":\"de-BE\",\"potentialAction\":[{\"@type\":\"ReadAction\",\"target\":[\"https:\\\/\\\/www.credafin.be\\\/de\\\/kreditsimulation-in-belgien\"]}]},{\"@type\":\"ImageObject\",\"inLanguage\":\"de-BE\",\"@id\":\"https:\\\/\\\/www.credafin.be\\\/de\\\/kreditsimulation-in-belgien#primaryimage\",\"url\":\"https:\\\/\\\/www.credafin.be\\\/wp-content\\\/uploads\\\/2019\\\/01\\\/shutterstock_136980221.jpg\",\"contentUrl\":\"https:\\\/\\\/www.credafin.be\\\/wp-content\\\/uploads\\\/2019\\\/01\\\/shutterstock_136980221.jpg\"},{\"@type\":\"BreadcrumbList\",\"@id\":\"https:\\\/\\\/www.credafin.be\\\/de\\\/kreditsimulation-in-belgien#breadcrumb\",\"itemListElement\":[{\"@type\":\"ListItem\",\"position\":1,\"name\":\"Home\",\"item\":\"https:\\\/\\\/www.credafin.be\\\/de\\\/credafin-ihre-kredite-zu-besten-zinsen\"},{\"@type\":\"ListItem\",\"position\":2,\"name\":\"Kreditsimulation in Belgien\"}]},{\"@type\":\"WebSite\",\"@id\":\"https:\\\/\\\/www.credafin.be\\\/#website\",\"url\":\"https:\\\/\\\/www.credafin.be\\\/\",\"name\":\"Credafin\",\"description\":\"Oxyg\u00e9nez votre budget en toute s\u00e9r\u00e9nit\u00e9\",\"potentialAction\":[{\"@type\":\"SearchAction\",\"target\":{\"@type\":\"EntryPoint\",\"urlTemplate\":\"https:\\\/\\\/www.credafin.be\\\/?s={search_term_string}\"},\"query-input\":{\"@type\":\"PropertyValueSpecification\",\"valueRequired\":true,\"valueName\":\"search_term_string\"}}],\"inLanguage\":\"de-BE\"}]}<\/script>\n<!-- \/ Yoast SEO plugin. -->","yoast_head_json":{"title":"Kreditsimulation in Belgien: Projekt finanzieren!","description":"Erfahren Sie, wie die Kreditsimulation in Belgien Ihre Projekte erm\u00f6glicht. Jetzt klicken und starten!","robots":{"index":"index","follow":"follow","max-snippet":"max-snippet:-1","max-image-preview":"max-image-preview:large","max-video-preview":"max-video-preview:-1"},"canonical":"https:\/\/www.credafin.be\/de\/kreditsimulation-in-belgien","og_locale":"de_DE","og_type":"article","og_title":"Kreditsimulation in Belgien: Projekt finanzieren!","og_description":"Erfahren Sie, wie die Kreditsimulation in Belgien Ihre Projekte erm\u00f6glicht. Jetzt klicken und starten!","og_url":"https:\/\/www.credafin.be\/de\/kreditsimulation-in-belgien","og_site_name":"Credafin","article_publisher":"http:\/\/www.facebook.com\/Credafin.be","article_modified_time":"2025-04-03T00:41:49+00:00","og_image":[{"width":768,"height":295,"url":"https:\/\/www.credafin.be\/wp-content\/uploads\/2019\/01\/shutterstock_136980221.jpg","type":"image\/jpeg"}],"twitter_card":"summary_large_image","twitter_site":"@Credafinbe","twitter_misc":{"Est. reading time":"2 minutes"},"schema":{"@context":"https:\/\/schema.org","@graph":[{"@type":"WebPage","@id":"https:\/\/www.credafin.be\/de\/kreditsimulation-in-belgien","url":"https:\/\/www.credafin.be\/de\/kreditsimulation-in-belgien","name":"Kreditsimulation in Belgien: Projekt finanzieren!","isPartOf":{"@id":"https:\/\/www.credafin.be\/#website"},"primaryImageOfPage":{"@id":"https:\/\/www.credafin.be\/de\/kreditsimulation-in-belgien#primaryimage"},"image":{"@id":"https:\/\/www.credafin.be\/de\/kreditsimulation-in-belgien#primaryimage"},"thumbnailUrl":"https:\/\/www.credafin.be\/wp-content\/uploads\/2019\/01\/shutterstock_136980221.jpg","datePublished":"2025-03-25T08:38:05+00:00","dateModified":"2025-04-03T00:41:49+00:00","description":"Erfahren Sie, wie die Kreditsimulation in Belgien Ihre Projekte erm\u00f6glicht. Jetzt klicken und starten!","breadcrumb":{"@id":"https:\/\/www.credafin.be\/de\/kreditsimulation-in-belgien#breadcrumb"},"inLanguage":"de-BE","potentialAction":[{"@type":"ReadAction","target":["https:\/\/www.credafin.be\/de\/kreditsimulation-in-belgien"]}]},{"@type":"ImageObject","inLanguage":"de-BE","@id":"https:\/\/www.credafin.be\/de\/kreditsimulation-in-belgien#primaryimage","url":"https:\/\/www.credafin.be\/wp-content\/uploads\/2019\/01\/shutterstock_136980221.jpg","contentUrl":"https:\/\/www.credafin.be\/wp-content\/uploads\/2019\/01\/shutterstock_136980221.jpg"},{"@type":"BreadcrumbList","@id":"https:\/\/www.credafin.be\/de\/kreditsimulation-in-belgien#breadcrumb","itemListElement":[{"@type":"ListItem","position":1,"name":"Home","item":"https:\/\/www.credafin.be\/de\/credafin-ihre-kredite-zu-besten-zinsen"},{"@type":"ListItem","position":2,"name":"Kreditsimulation in Belgien"}]},{"@type":"WebSite","@id":"https:\/\/www.credafin.be\/#website","url":"https:\/\/www.credafin.be\/","name":"Credafin","description":"Oxyg\u00e9nez votre budget en toute s\u00e9r\u00e9nit\u00e9","potentialAction":[{"@type":"SearchAction","target":{"@type":"EntryPoint","urlTemplate":"https:\/\/www.credafin.be\/?s={search_term_string}"},"query-input":{"@type":"PropertyValueSpecification","valueRequired":true,"valueName":"search_term_string"}}],"inLanguage":"de-BE"}]}},"_links":{"self":[{"href":"https:\/\/www.credafin.be\/de\/wp-json\/wp\/v2\/pages\/6692","targetHints":{"allow":["GET"]}}],"collection":[{"href":"https:\/\/www.credafin.be\/de\/wp-json\/wp\/v2\/pages"}],"about":[{"href":"https:\/\/www.credafin.be\/de\/wp-json\/wp\/v2\/types\/page"}],"author":[{"embeddable":true,"href":"https:\/\/www.credafin.be\/de\/wp-json\/wp\/v2\/users\/22"}],"replies":[{"embeddable":true,"href":"https:\/\/www.credafin.be\/de\/wp-json\/wp\/v2\/comments?post=6692"}],"version-history":[{"count":4,"href":"https:\/\/www.credafin.be\/de\/wp-json\/wp\/v2\/pages\/6692\/revisions"}],"predecessor-version":[{"id":8219,"href":"https:\/\/www.credafin.be\/de\/wp-json\/wp\/v2\/pages\/6692\/revisions\/8219"}],"wp:attachment":[{"href":"https:\/\/www.credafin.be\/de\/wp-json\/wp\/v2\/media?parent=6692"}],"curies":[{"name":"wp","href":"https:\/\/api.w.org\/{rel}","templated":true}]}}