{"id":6691,"date":"2025-03-25T09:37:54","date_gmt":"2025-03-25T08:37:54","guid":{"rendered":"https:\/\/www.credafin.be\/geld-leihen"},"modified":"2025-04-03T01:42:14","modified_gmt":"2025-04-03T00:42:14","slug":"geld-leihen","status":"publish","type":"page","link":"https:\/\/www.credafin.be\/de\/geld-leihen","title":{"rendered":"Geld leihen"},"content":{"rendered":"<h2 class=\"wp-block-heading\">Was Sie wissen sollten, bevor Sie Geld leihen<\/h2><p>Es ist wichtig, die notwendigen Mittel zu haben, sei es f&uuml;r einen kleinen Notfall oder ein gro&szlig;es Projekt. Und wenn Geld leihen die L&ouml;sung w&auml;re?<\/p><h2 class=\"wp-block-heading\">Wie kann man in Belgien Geld leihen?<\/h2><p>Es ist offensichtlich, dass die Zukunft voller &Uuml;berraschungen ist, sei es angenehm oder nicht. Genau aus diesem Grund sind Einrichtungen entstanden, die Kredite zu den besten Konditionen anbieten. Entdecken Sie, wie Sie vollst&auml;ndig davon auf belgischem Boden profitieren k&ouml;nnen.<\/p><h3 class=\"wp-block-heading\">Warum leihen?<\/h3><p>Es mangelt nicht an Situationen, die eine Finanzierungsl&ouml;sung erfordern. Stellen Sie sich zum Beispiel vor, dass ein gro&szlig;es Haushaltsger&auml;t dringend ersetzt werden muss. Oder Gesundheitsprobleme erfordern erhebliche Ausgaben. Es gibt auch Automobilprojekte, den Traum, Eigent&uuml;mer Ihres eigenen Hauses zu werden, eine Hochzeit am Horizont und vieles mehr.<\/p><p>Sie k&ouml;nnen eine Finanzierung f&uuml;r das betreffende Projekt bei einer klassischen Bank oder &uuml;ber eine Website beantragen. Beachten Sie, dass eine Kreditbeantragung ohne Nachweis m&ouml;glich ist, wenn Sie ein <a href=\"https:\/\/www.credafin.be\/de\/pret-personnel\">Pers&ouml;nlicher Kredit<\/a> in H&ouml;he von maximal 75.000 &euro; beantragen.<\/p><p>Der <a href=\"https:\/\/www.credafin.be\/de\/simulation-von-darlehen\">Verbraucherkredit<\/a> ist ebenfalls eine interessante L&ouml;sung, um Liquidit&auml;tsengp&auml;sse zu beheben.<\/p><h3 class=\"wp-block-heading\">Welche Bedingungen sind zu erf&uuml;llen?<\/h3><p>Es ist nicht notwendig, Arbeitnehmer zu sein, um Geld leihen zu k&ouml;nnen. Sie m&uuml;ssen jedoch nachweisen, dass Sie regelm&auml;&szlig;ig Einnahmen erzielen. In Belgien m&uuml;ssen Sie 18 Jahre alt sein, um einen Ratenkredit aufzunehmen. Sie m&uuml;ssen au&szlig;erdem wohnhaft sein und d&uuml;rfen nicht in der Nationalbank von Belgien im Verzeichnis der Zahlungsauff&auml;lligkeiten vermerkt sein.<\/p><p>Wenn Sie diese Bedingungen erf&uuml;llen, ist es m&ouml;glich, Geld von verschiedenen spezialisierten Institutionen zu leihen.<\/p><h3 class=\"wp-block-heading\">Wie erh&auml;lt man einen Kredit?<\/h3><p>Beginnen Sie damit, eine Kredit institution zu finden, deren Bedingungen Sie ansprechen. Am einfachsten ist es, mehrere Angebote gleichzeitig zu vergleichen. Achten Sie besonders auf den Sollzins und den j&auml;hrlich effektiven Zinssatz, die sich auf den zu tilgenden Betrag auswirken.<\/p><figure class=\"wp-block-image\"><img decoding=\"async\" width=\"768\" height=\"295\" src=\"https:\/\/www.credafin.be\/wp-content\/uploads\/2019\/01\/shutterstock_226410256.jpg\" alt=\"Geld leihen\" class=\"wp-image-4901\" srcset=\"https:\/\/www.credafin.be\/wp-content\/uploads\/2019\/01\/shutterstock_226410256.jpg 768w, https:\/\/www.credafin.be\/wp-content\/uploads\/2019\/01\/shutterstock_226410256-300x115.jpg 300w\" sizes=\"(max-width: 768px) 100vw, 768px\" \/><\/figure><p>Sehen Sie auch nach, ob die Einrichtung die M&ouml;glichkeit eines Kreditumbaus anbietet. Dabei handelt es sich um eine einfache Vorsichtsma&szlig;nahme, um eventuelle Schwierigkeiten bei der Einhaltung Ihrer Raten im Falle eines unerwarteten Ereignisses zu antizipieren.<\/p><p>Wenn Sie aus einem bestimmten Grund leihen m&ouml;chten (Immobilienkauf, <a href=\"https:\/\/www.credafin.be\/de\/pret-travaux\/simulation-von-baufinanzierungen\">Renovierungen<\/a>, <a href=\"https:\/\/www.credafin.be\/de\/autokredit\">Autokauf<\/a>\u2026), denken Sie daran, Kostenvoranschl&auml;ge vorzulegen, die den Antrag unterst&uuml;tzen und Ihre Chancen auf eine Finanzierung optimieren.<\/p><p>Beachten Sie, dass die R&uuml;ckzahlungsfrist zwischen 12 Monaten und 240 Monaten liegt, abh&auml;ngig von den Besonderheiten des aufgenommenen Kredits und dem die ihn gew&auml;hrenden Institut. Dieser Aspekt verdient vollste Aufmerksamkeit, da er Auswirkungen auf Ihre monatlichen Raten und auf Ihre budget&auml;re Planung f&uuml;r mehrere Jahre hat.<\/p>","protected":false},"excerpt":{"rendered":"<p>Geld leihen leicht gemacht: Entdecken Sie jetzt unsere Finanzierungsoptionen und verwirklichen Sie Ihre Pl\u00e4ne noch heute!<\/p>\n","protected":false},"author":22,"featured_media":0,"parent":0,"menu_order":0,"comment_status":"closed","ping_status":"closed","template":"page-full-sim.php","meta":{"_yoast_wpseo_focuskw":"Geld leihen","_yoast_wpseo_title":"Geld leihen","_yoast_wpseo_metadesc":"Sichern Sie sich jetzt Ihren Kredit: Geld leihen leicht gemacht, flexible Raten & schneller Abschluss \u2013 jetzt klicken!","_yoast_wpseo_meta-robots-noindex":"","_yoast_wpseo_meta-robots-nofollow":"","_yoast_wpseo_canonical":"https:\/\/www.credafin.be\/de\/geld-leihen","_yoast_wpseo_focuskw_text":"Geld leihen","_yoast_wpseo_schema":"Article","footnotes":""},"class_list":["post-6691","page","type-page","status-publish","hentry"],"yoast_head":"<!-- This site is optimized with the Yoast SEO plugin v27.3 - https:\/\/yoast.com\/product\/yoast-seo-wordpress\/ -->\n<title>Geld leihen<\/title>\n<meta name=\"description\" content=\"Sichern Sie sich jetzt Ihren Kredit: Geld leihen leicht gemacht, flexible Raten &amp; schneller Abschluss \u2013 jetzt klicken!\" \/>\n<meta name=\"robots\" content=\"index, follow, max-snippet:-1, max-image-preview:large, max-video-preview:-1\" \/>\n<link rel=\"canonical\" href=\"https:\/\/www.credafin.be\/de\/geld-leihen\" \/>\n<meta property=\"og:locale\" content=\"de_DE\" \/>\n<meta property=\"og:type\" content=\"article\" \/>\n<meta property=\"og:title\" content=\"Geld leihen\" \/>\n<meta property=\"og:description\" content=\"Sichern Sie sich jetzt Ihren Kredit: Geld leihen leicht gemacht, flexible Raten &amp; schneller Abschluss \u2013 jetzt klicken!\" \/>\n<meta property=\"og:url\" content=\"https:\/\/www.credafin.be\/de\/geld-leihen\" \/>\n<meta property=\"og:site_name\" content=\"Credafin\" \/>\n<meta property=\"article:publisher\" content=\"http:\/\/www.facebook.com\/Credafin.be\" \/>\n<meta property=\"article:modified_time\" content=\"2025-04-03T00:42:14+00:00\" \/>\n<meta property=\"og:image\" content=\"https:\/\/www.credafin.be\/wp-content\/uploads\/2019\/01\/shutterstock_226410256.jpg\" \/>\n\t<meta property=\"og:image:width\" content=\"768\" \/>\n\t<meta property=\"og:image:height\" content=\"295\" \/>\n\t<meta property=\"og:image:type\" content=\"image\/jpeg\" \/>\n<meta name=\"twitter:card\" content=\"summary_large_image\" \/>\n<meta name=\"twitter:site\" content=\"@Credafinbe\" \/>\n<meta name=\"twitter:label1\" content=\"Est. reading time\" \/>\n\t<meta name=\"twitter:data1\" content=\"2 minutes\" \/>\n<script type=\"application\/ld+json\" class=\"yoast-schema-graph\">{\"@context\":\"https:\\\/\\\/schema.org\",\"@graph\":[{\"@type\":\"WebPage\",\"@id\":\"https:\\\/\\\/www.credafin.be\\\/de\\\/geld-leihen\",\"url\":\"https:\\\/\\\/www.credafin.be\\\/de\\\/geld-leihen\",\"name\":\"Geld leihen\",\"isPartOf\":{\"@id\":\"https:\\\/\\\/www.credafin.be\\\/#website\"},\"primaryImageOfPage\":{\"@id\":\"https:\\\/\\\/www.credafin.be\\\/de\\\/geld-leihen#primaryimage\"},\"image\":{\"@id\":\"https:\\\/\\\/www.credafin.be\\\/de\\\/geld-leihen#primaryimage\"},\"thumbnailUrl\":\"https:\\\/\\\/www.credafin.be\\\/wp-content\\\/uploads\\\/2019\\\/01\\\/shutterstock_226410256.jpg\",\"datePublished\":\"2025-03-25T08:37:54+00:00\",\"dateModified\":\"2025-04-03T00:42:14+00:00\",\"description\":\"Sichern Sie sich jetzt Ihren Kredit: Geld leihen leicht gemacht, flexible Raten & schneller Abschluss \u2013 jetzt klicken!\",\"breadcrumb\":{\"@id\":\"https:\\\/\\\/www.credafin.be\\\/de\\\/geld-leihen#breadcrumb\"},\"inLanguage\":\"de-BE\",\"potentialAction\":[{\"@type\":\"ReadAction\",\"target\":[\"https:\\\/\\\/www.credafin.be\\\/de\\\/geld-leihen\"]}]},{\"@type\":\"ImageObject\",\"inLanguage\":\"de-BE\",\"@id\":\"https:\\\/\\\/www.credafin.be\\\/de\\\/geld-leihen#primaryimage\",\"url\":\"https:\\\/\\\/www.credafin.be\\\/wp-content\\\/uploads\\\/2019\\\/01\\\/shutterstock_226410256.jpg\",\"contentUrl\":\"https:\\\/\\\/www.credafin.be\\\/wp-content\\\/uploads\\\/2019\\\/01\\\/shutterstock_226410256.jpg\"},{\"@type\":\"BreadcrumbList\",\"@id\":\"https:\\\/\\\/www.credafin.be\\\/de\\\/geld-leihen#breadcrumb\",\"itemListElement\":[{\"@type\":\"ListItem\",\"position\":1,\"name\":\"Home\",\"item\":\"https:\\\/\\\/www.credafin.be\\\/de\\\/credafin-ihre-kredite-zu-besten-zinsen\"},{\"@type\":\"ListItem\",\"position\":2,\"name\":\"Geld leihen\"}]},{\"@type\":\"WebSite\",\"@id\":\"https:\\\/\\\/www.credafin.be\\\/#website\",\"url\":\"https:\\\/\\\/www.credafin.be\\\/\",\"name\":\"Credafin\",\"description\":\"Oxyg\u00e9nez votre budget en toute s\u00e9r\u00e9nit\u00e9\",\"potentialAction\":[{\"@type\":\"SearchAction\",\"target\":{\"@type\":\"EntryPoint\",\"urlTemplate\":\"https:\\\/\\\/www.credafin.be\\\/?s={search_term_string}\"},\"query-input\":{\"@type\":\"PropertyValueSpecification\",\"valueRequired\":true,\"valueName\":\"search_term_string\"}}],\"inLanguage\":\"de-BE\"}]}<\/script>\n<!-- \/ Yoast SEO plugin. -->","yoast_head_json":{"title":"Geld leihen","description":"Sichern Sie sich jetzt Ihren Kredit: Geld leihen leicht gemacht, flexible Raten & schneller Abschluss \u2013 jetzt klicken!","robots":{"index":"index","follow":"follow","max-snippet":"max-snippet:-1","max-image-preview":"max-image-preview:large","max-video-preview":"max-video-preview:-1"},"canonical":"https:\/\/www.credafin.be\/de\/geld-leihen","og_locale":"de_DE","og_type":"article","og_title":"Geld leihen","og_description":"Sichern Sie sich jetzt Ihren Kredit: Geld leihen leicht gemacht, flexible Raten & schneller Abschluss \u2013 jetzt klicken!","og_url":"https:\/\/www.credafin.be\/de\/geld-leihen","og_site_name":"Credafin","article_publisher":"http:\/\/www.facebook.com\/Credafin.be","article_modified_time":"2025-04-03T00:42:14+00:00","og_image":[{"width":768,"height":295,"url":"https:\/\/www.credafin.be\/wp-content\/uploads\/2019\/01\/shutterstock_226410256.jpg","type":"image\/jpeg"}],"twitter_card":"summary_large_image","twitter_site":"@Credafinbe","twitter_misc":{"Est. reading time":"2 minutes"},"schema":{"@context":"https:\/\/schema.org","@graph":[{"@type":"WebPage","@id":"https:\/\/www.credafin.be\/de\/geld-leihen","url":"https:\/\/www.credafin.be\/de\/geld-leihen","name":"Geld leihen","isPartOf":{"@id":"https:\/\/www.credafin.be\/#website"},"primaryImageOfPage":{"@id":"https:\/\/www.credafin.be\/de\/geld-leihen#primaryimage"},"image":{"@id":"https:\/\/www.credafin.be\/de\/geld-leihen#primaryimage"},"thumbnailUrl":"https:\/\/www.credafin.be\/wp-content\/uploads\/2019\/01\/shutterstock_226410256.jpg","datePublished":"2025-03-25T08:37:54+00:00","dateModified":"2025-04-03T00:42:14+00:00","description":"Sichern Sie sich jetzt Ihren Kredit: Geld leihen leicht gemacht, flexible Raten & schneller Abschluss \u2013 jetzt klicken!","breadcrumb":{"@id":"https:\/\/www.credafin.be\/de\/geld-leihen#breadcrumb"},"inLanguage":"de-BE","potentialAction":[{"@type":"ReadAction","target":["https:\/\/www.credafin.be\/de\/geld-leihen"]}]},{"@type":"ImageObject","inLanguage":"de-BE","@id":"https:\/\/www.credafin.be\/de\/geld-leihen#primaryimage","url":"https:\/\/www.credafin.be\/wp-content\/uploads\/2019\/01\/shutterstock_226410256.jpg","contentUrl":"https:\/\/www.credafin.be\/wp-content\/uploads\/2019\/01\/shutterstock_226410256.jpg"},{"@type":"BreadcrumbList","@id":"https:\/\/www.credafin.be\/de\/geld-leihen#breadcrumb","itemListElement":[{"@type":"ListItem","position":1,"name":"Home","item":"https:\/\/www.credafin.be\/de\/credafin-ihre-kredite-zu-besten-zinsen"},{"@type":"ListItem","position":2,"name":"Geld leihen"}]},{"@type":"WebSite","@id":"https:\/\/www.credafin.be\/#website","url":"https:\/\/www.credafin.be\/","name":"Credafin","description":"Oxyg\u00e9nez votre budget en toute s\u00e9r\u00e9nit\u00e9","potentialAction":[{"@type":"SearchAction","target":{"@type":"EntryPoint","urlTemplate":"https:\/\/www.credafin.be\/?s={search_term_string}"},"query-input":{"@type":"PropertyValueSpecification","valueRequired":true,"valueName":"search_term_string"}}],"inLanguage":"de-BE"}]}},"_links":{"self":[{"href":"https:\/\/www.credafin.be\/de\/wp-json\/wp\/v2\/pages\/6691","targetHints":{"allow":["GET"]}}],"collection":[{"href":"https:\/\/www.credafin.be\/de\/wp-json\/wp\/v2\/pages"}],"about":[{"href":"https:\/\/www.credafin.be\/de\/wp-json\/wp\/v2\/types\/page"}],"author":[{"embeddable":true,"href":"https:\/\/www.credafin.be\/de\/wp-json\/wp\/v2\/users\/22"}],"replies":[{"embeddable":true,"href":"https:\/\/www.credafin.be\/de\/wp-json\/wp\/v2\/comments?post=6691"}],"version-history":[{"count":4,"href":"https:\/\/www.credafin.be\/de\/wp-json\/wp\/v2\/pages\/6691\/revisions"}],"predecessor-version":[{"id":8220,"href":"https:\/\/www.credafin.be\/de\/wp-json\/wp\/v2\/pages\/6691\/revisions\/8220"}],"wp:attachment":[{"href":"https:\/\/www.credafin.be\/de\/wp-json\/wp\/v2\/media?parent=6691"}],"curies":[{"name":"wp","href":"https:\/\/api.w.org\/{rel}","templated":true}]}}