{"id":6690,"date":"2025-03-25T09:37:17","date_gmt":"2025-03-25T08:37:17","guid":{"rendered":"https:\/\/www.credafin.be\/kredit-online-belgien"},"modified":"2025-04-03T01:43:30","modified_gmt":"2025-04-03T00:43:30","slug":"kredit-online-belgien","status":"publish","type":"page","link":"https:\/\/www.credafin.be\/de\/kredit-online-belgien","title":{"rendered":"Kredit online Belgien"},"content":{"rendered":"<h2 class=\"wp-block-heading\">Schneller und einfacher Online-Kredit in Belgien f&uuml;r alle zug&auml;nglich<\/h2><p>Suchen Sie eine Finanzierungsquelle, um ein Projekt zu verwirklichen, das Ihnen am Herzen liegt? Nehmen Sie einen Online-Kredit in Belgien in Anspruch, der Flexibilit&auml;t, Schnelligkeit und Einfachheit vereint.<\/p><h2 class=\"wp-block-heading\">Online-Kredit in Belgien: Die Wahl f&uuml;r Flexibilit&auml;t, Schnelligkeit und Einfachheit<\/h2><p>Mit der starken Entwicklung von Online-Krediten in Belgien bem&uuml;ht sich unsere Agentur, sich von den Mitbewerbern abzuheben, indem sie attraktive Kreditangebote mit festen Zinsen zu den niedrigsten Zinss&auml;tzen auf dem Markt anbietet. Zu den g&uuml;nstigsten Kreditinstituten auf dem Markt z&auml;hlen wir uns als die Nummer eins unter den anerkanntesten und zuverl&auml;ssigsten belgischen Kreditgebern.<\/p><p>Mit vielen Jahren Erfahrung im R&uuml;cken setzen wir unser umfangreiches Fachwissen und unsere hervorragende Kenntnis des Finanzmarktes f&uuml;r unsere Kunden ein. Unabh&auml;ngig von Ihrem Finanzierungsbedarf k&ouml;nnen Sie uns Ihr Vertrauen schenken. Es ist uns eine Freude, unsere F&auml;higkeiten f&uuml;r Ihren Erfolg einzusetzen.<\/p><h2 class=\"wp-block-heading\">Online-Kredit in Belgien: Einfach und schnell leihen<\/h2><p>Im Fokus der Projekte unserer zahlreichen Kunden seit vielen Jahren pflegt Ihre Online-Kredit-Agentur in Belgien eine Vertrauens- und Loyalit&auml;tsbeziehung mit Millionen von Menschen, die uns vertrauen.<\/p><p>Dank dieses N&auml;hegeistes, den wir mit unseren Kunden pflegen, haben wir einen gro&szlig;en Vorsprung vor unseren Mitbewerbern. Stets auf die Bed&uuml;rfnisse und Projekte von Privatpersonen und Unternehmen auf der Suche nach Finanzierung bedacht, erfindet sich unsere Agentur t&auml;glich im Interesse der Kunden neu.<\/p><figure class=\"wp-block-image\"><img decoding=\"async\" width=\"768\" height=\"295\" src=\"https:\/\/www.credafin.be\/wp-content\/uploads\/2019\/01\/shutterstock_136980221.jpg\" alt=\"Kredit online Belgien\" class=\"wp-image-4926\" srcset=\"https:\/\/www.credafin.be\/wp-content\/uploads\/2019\/01\/shutterstock_136980221.jpg 768w, https:\/\/www.credafin.be\/wp-content\/uploads\/2019\/01\/shutterstock_136980221-300x115.jpg 300w\" sizes=\"(max-width: 768px) 100vw, 768px\" \/><\/figure><p>Sie haben sich in eine Immobilie verliebt, verf&uuml;gen aber nicht &uuml;ber die notwendigen Mittel, um sie zu erwerben? Nehmen Sie auf unserer Online-Plattform einen Festzinskredit auf, um eine Haupt- oder Zweitwohnung zu erwerben. Vertrauen Sie zudem Ihr Investitionsprojekt in guten H&auml;nden an, indem Sie auf unser sehr attraktives Immobilienkredit zur&uuml;ckgreifen.<\/p><h4 class=\"wp-block-heading\">M&ouml;chten Sie Ihrer Familie Traumurlaube, Ihrer Liebsten eine unvergessliche Hochzeit oder Ihrer kleinen Familie ein komfortables und elegant dekoriertes Zuhause bieten?<\/h4><p>Entdecken Sie in unserem Angebot an Online-Krediten die L&ouml;sung, die am besten zu Ihren Bed&uuml;rfnissen passt. Sicherlich werden Sie das passende Angebot mit unserem <a href=\"https:\/\/www.credafin.be\/de\/pret-personnel\/simulation-eines-personalkredits\">pers&ouml;nlichen Darlehen<\/a> oder unserem <a href=\"https:\/\/www.credafin.be\/de\/die-credafin-kredite\">Verbraucherkredit<\/a> finden. Ein topmodernes <a href=\"https:\/\/www.credafin.be\/de\/autokredit\">Fahrzeug<\/a> begeistert Sie? Geh&ouml;ren Sie zu den Ersten, die es fahren, indem Sie unseren Autokredit zu g&uuml;nstigen Konditionen abschlie&szlig;en.<\/p><p>Unser Angebot an Kreditumschuldungen, Hypothekendarlehen oder Renovierungsdarlehen wird Sie ebenfalls begeistern. Sie erhalten umgehend eine Antwort auf Ihre Anfrage. Beachten Sie, dass die Abl&auml;ufe zur Beantragung unserer Kredite einfach, zu 100 % online und sicher sind, gleich welcher Kreditart Sie ben&ouml;tigen.<\/p><p>Unser Angebot an <a href=\"https:\/\/www.credafin.be\/de\/kreditkonsolidierung\">Kreditumschuldungen<\/a>, Hypothekendarlehen oder <a href=\"https:\/\/www.credafin.be\/de\/pret-travaux\/simulation-von-baufinanzierungen\">Umbaukrediten<\/a> wird Sie ebenfalls begeistern. Sie erhalten umgehend eine Antwort auf Ihre Anfrage. Beachten Sie, dass die Abl&auml;ufe zur Beantragung unserer Kredite einfach, zu 100 % online und sicher sind, egal welche Art von Kredit Sie ben&ouml;tigen.<\/p><h2 class=\"wp-block-heading\">Ein Kundenservice, der immer f&uuml;r Sie da ist<\/h2><p>Um die Einfachheit, Schnelligkeit und Flexibilit&auml;t der Beantragung eines unserer Online-Kredite zu garantieren, setzen wir einen qualitativ hochwertigen Kundenservice ein, der jederzeit f&uuml;r Sie da ist. Berater bieten Ihnen eine auf Ihre Bed&uuml;rfnisse zugeschnittene Unterst&uuml;tzung an, um Ihre Fragen zu beantworten, die beste Option f&uuml;r Sie zu finden oder Ihre Beschwerden entgegenzunehmen. Beschreiben Sie einfach Ihr Projekt, damit sie Ihre Anfrage pr&uuml;fen k&ouml;nnen.<\/p><p>Anschlie&szlig;end bieten Ihnen unsere Experten personalisierte Vorschl&auml;ge und Simulationen Ihres Kredits an, damit Sie das passende Angebot ausw&auml;hlen k&ouml;nnen. Danach m&uuml;ssen Sie nur noch Ihre Unterlagen online an unsere Kreditagentur senden, um in kurzer Zeit eine Antwort zu erhalten. Es ist m&ouml;glich, den Fortschritt Ihrer Anfrage aus der Ferne zu verfolgen.<\/p>","protected":false},"excerpt":{"rendered":"<p>Buchen Sie Ihren Kredit online Belgien und starten Sie Ihr Projekt sofort \u2013 Jetzt klicken f\u00fcr schnelle, flexible Finanzierung!<\/p>\n","protected":false},"author":22,"featured_media":0,"parent":0,"menu_order":0,"comment_status":"closed","ping_status":"closed","template":"page-full-sim.php","meta":{"_yoast_wpseo_focuskw":"Kredit online Belgien","_yoast_wpseo_title":"Kredit online Belgien","_yoast_wpseo_metadesc":"Sichern Sie sich jetzt Ihren Kredit online Belgien: schnelle Bewilligung, flexible Konditionen \u2013 einfach klicken und profitieren!","_yoast_wpseo_meta-robots-noindex":"","_yoast_wpseo_meta-robots-nofollow":"","_yoast_wpseo_canonical":"https:\/\/www.credafin.be\/de\/kredit-online-belgien","_yoast_wpseo_focuskw_text":"Kredit online Belgien","_yoast_wpseo_schema":"Article","footnotes":""},"class_list":["post-6690","page","type-page","status-publish","hentry"],"yoast_head":"<!-- This site is optimized with the Yoast SEO plugin v27.3 - https:\/\/yoast.com\/product\/yoast-seo-wordpress\/ -->\n<title>Kredit online Belgien<\/title>\n<meta name=\"description\" content=\"Sichern Sie sich jetzt Ihren Kredit online Belgien: schnelle Bewilligung, flexible Konditionen \u2013 einfach klicken und profitieren!\" \/>\n<meta name=\"robots\" content=\"index, follow, max-snippet:-1, max-image-preview:large, max-video-preview:-1\" \/>\n<link rel=\"canonical\" href=\"https:\/\/www.credafin.be\/de\/kredit-online-belgien\" \/>\n<meta property=\"og:locale\" content=\"de_DE\" \/>\n<meta property=\"og:type\" content=\"article\" \/>\n<meta property=\"og:title\" content=\"Kredit online Belgien\" \/>\n<meta property=\"og:description\" content=\"Sichern Sie sich jetzt Ihren Kredit online Belgien: schnelle Bewilligung, flexible Konditionen \u2013 einfach klicken und profitieren!\" \/>\n<meta property=\"og:url\" content=\"https:\/\/www.credafin.be\/de\/kredit-online-belgien\" \/>\n<meta property=\"og:site_name\" content=\"Credafin\" \/>\n<meta property=\"article:publisher\" content=\"http:\/\/www.facebook.com\/Credafin.be\" \/>\n<meta property=\"article:modified_time\" content=\"2025-04-03T00:43:30+00:00\" \/>\n<meta property=\"og:image\" content=\"https:\/\/www.credafin.be\/wp-content\/uploads\/2019\/01\/shutterstock_136980221.jpg\" \/>\n\t<meta property=\"og:image:width\" content=\"768\" \/>\n\t<meta property=\"og:image:height\" content=\"295\" \/>\n\t<meta property=\"og:image:type\" content=\"image\/jpeg\" \/>\n<meta name=\"twitter:card\" content=\"summary_large_image\" \/>\n<meta name=\"twitter:site\" content=\"@Credafinbe\" \/>\n<meta name=\"twitter:label1\" content=\"Est. reading time\" \/>\n\t<meta name=\"twitter:data1\" content=\"3 minutes\" \/>\n<script type=\"application\/ld+json\" class=\"yoast-schema-graph\">{\"@context\":\"https:\\\/\\\/schema.org\",\"@graph\":[{\"@type\":\"WebPage\",\"@id\":\"https:\\\/\\\/www.credafin.be\\\/de\\\/kredit-online-belgien\",\"url\":\"https:\\\/\\\/www.credafin.be\\\/de\\\/kredit-online-belgien\",\"name\":\"Kredit online Belgien\",\"isPartOf\":{\"@id\":\"https:\\\/\\\/www.credafin.be\\\/#website\"},\"primaryImageOfPage\":{\"@id\":\"https:\\\/\\\/www.credafin.be\\\/de\\\/kredit-online-belgien#primaryimage\"},\"image\":{\"@id\":\"https:\\\/\\\/www.credafin.be\\\/de\\\/kredit-online-belgien#primaryimage\"},\"thumbnailUrl\":\"https:\\\/\\\/www.credafin.be\\\/wp-content\\\/uploads\\\/2019\\\/01\\\/shutterstock_136980221.jpg\",\"datePublished\":\"2025-03-25T08:37:17+00:00\",\"dateModified\":\"2025-04-03T00:43:30+00:00\",\"description\":\"Sichern Sie sich jetzt Ihren Kredit online Belgien: schnelle Bewilligung, flexible Konditionen \u2013 einfach klicken und profitieren!\",\"breadcrumb\":{\"@id\":\"https:\\\/\\\/www.credafin.be\\\/de\\\/kredit-online-belgien#breadcrumb\"},\"inLanguage\":\"de-BE\",\"potentialAction\":[{\"@type\":\"ReadAction\",\"target\":[\"https:\\\/\\\/www.credafin.be\\\/de\\\/kredit-online-belgien\"]}]},{\"@type\":\"ImageObject\",\"inLanguage\":\"de-BE\",\"@id\":\"https:\\\/\\\/www.credafin.be\\\/de\\\/kredit-online-belgien#primaryimage\",\"url\":\"https:\\\/\\\/www.credafin.be\\\/wp-content\\\/uploads\\\/2019\\\/01\\\/shutterstock_136980221.jpg\",\"contentUrl\":\"https:\\\/\\\/www.credafin.be\\\/wp-content\\\/uploads\\\/2019\\\/01\\\/shutterstock_136980221.jpg\"},{\"@type\":\"BreadcrumbList\",\"@id\":\"https:\\\/\\\/www.credafin.be\\\/de\\\/kredit-online-belgien#breadcrumb\",\"itemListElement\":[{\"@type\":\"ListItem\",\"position\":1,\"name\":\"Home\",\"item\":\"https:\\\/\\\/www.credafin.be\\\/de\\\/credafin-ihre-kredite-zu-besten-zinsen\"},{\"@type\":\"ListItem\",\"position\":2,\"name\":\"Kredit online Belgien\"}]},{\"@type\":\"WebSite\",\"@id\":\"https:\\\/\\\/www.credafin.be\\\/#website\",\"url\":\"https:\\\/\\\/www.credafin.be\\\/\",\"name\":\"Credafin\",\"description\":\"Oxyg\u00e9nez votre budget en toute s\u00e9r\u00e9nit\u00e9\",\"potentialAction\":[{\"@type\":\"SearchAction\",\"target\":{\"@type\":\"EntryPoint\",\"urlTemplate\":\"https:\\\/\\\/www.credafin.be\\\/?s={search_term_string}\"},\"query-input\":{\"@type\":\"PropertyValueSpecification\",\"valueRequired\":true,\"valueName\":\"search_term_string\"}}],\"inLanguage\":\"de-BE\"}]}<\/script>\n<!-- \/ Yoast SEO plugin. -->","yoast_head_json":{"title":"Kredit online Belgien","description":"Sichern Sie sich jetzt Ihren Kredit online Belgien: schnelle Bewilligung, flexible Konditionen \u2013 einfach klicken und profitieren!","robots":{"index":"index","follow":"follow","max-snippet":"max-snippet:-1","max-image-preview":"max-image-preview:large","max-video-preview":"max-video-preview:-1"},"canonical":"https:\/\/www.credafin.be\/de\/kredit-online-belgien","og_locale":"de_DE","og_type":"article","og_title":"Kredit online Belgien","og_description":"Sichern Sie sich jetzt Ihren Kredit online Belgien: schnelle Bewilligung, flexible Konditionen \u2013 einfach klicken und profitieren!","og_url":"https:\/\/www.credafin.be\/de\/kredit-online-belgien","og_site_name":"Credafin","article_publisher":"http:\/\/www.facebook.com\/Credafin.be","article_modified_time":"2025-04-03T00:43:30+00:00","og_image":[{"width":768,"height":295,"url":"https:\/\/www.credafin.be\/wp-content\/uploads\/2019\/01\/shutterstock_136980221.jpg","type":"image\/jpeg"}],"twitter_card":"summary_large_image","twitter_site":"@Credafinbe","twitter_misc":{"Est. reading time":"3 minutes"},"schema":{"@context":"https:\/\/schema.org","@graph":[{"@type":"WebPage","@id":"https:\/\/www.credafin.be\/de\/kredit-online-belgien","url":"https:\/\/www.credafin.be\/de\/kredit-online-belgien","name":"Kredit online Belgien","isPartOf":{"@id":"https:\/\/www.credafin.be\/#website"},"primaryImageOfPage":{"@id":"https:\/\/www.credafin.be\/de\/kredit-online-belgien#primaryimage"},"image":{"@id":"https:\/\/www.credafin.be\/de\/kredit-online-belgien#primaryimage"},"thumbnailUrl":"https:\/\/www.credafin.be\/wp-content\/uploads\/2019\/01\/shutterstock_136980221.jpg","datePublished":"2025-03-25T08:37:17+00:00","dateModified":"2025-04-03T00:43:30+00:00","description":"Sichern Sie sich jetzt Ihren Kredit online Belgien: schnelle Bewilligung, flexible Konditionen \u2013 einfach klicken und profitieren!","breadcrumb":{"@id":"https:\/\/www.credafin.be\/de\/kredit-online-belgien#breadcrumb"},"inLanguage":"de-BE","potentialAction":[{"@type":"ReadAction","target":["https:\/\/www.credafin.be\/de\/kredit-online-belgien"]}]},{"@type":"ImageObject","inLanguage":"de-BE","@id":"https:\/\/www.credafin.be\/de\/kredit-online-belgien#primaryimage","url":"https:\/\/www.credafin.be\/wp-content\/uploads\/2019\/01\/shutterstock_136980221.jpg","contentUrl":"https:\/\/www.credafin.be\/wp-content\/uploads\/2019\/01\/shutterstock_136980221.jpg"},{"@type":"BreadcrumbList","@id":"https:\/\/www.credafin.be\/de\/kredit-online-belgien#breadcrumb","itemListElement":[{"@type":"ListItem","position":1,"name":"Home","item":"https:\/\/www.credafin.be\/de\/credafin-ihre-kredite-zu-besten-zinsen"},{"@type":"ListItem","position":2,"name":"Kredit online Belgien"}]},{"@type":"WebSite","@id":"https:\/\/www.credafin.be\/#website","url":"https:\/\/www.credafin.be\/","name":"Credafin","description":"Oxyg\u00e9nez votre budget en toute s\u00e9r\u00e9nit\u00e9","potentialAction":[{"@type":"SearchAction","target":{"@type":"EntryPoint","urlTemplate":"https:\/\/www.credafin.be\/?s={search_term_string}"},"query-input":{"@type":"PropertyValueSpecification","valueRequired":true,"valueName":"search_term_string"}}],"inLanguage":"de-BE"}]}},"_links":{"self":[{"href":"https:\/\/www.credafin.be\/de\/wp-json\/wp\/v2\/pages\/6690","targetHints":{"allow":["GET"]}}],"collection":[{"href":"https:\/\/www.credafin.be\/de\/wp-json\/wp\/v2\/pages"}],"about":[{"href":"https:\/\/www.credafin.be\/de\/wp-json\/wp\/v2\/types\/page"}],"author":[{"embeddable":true,"href":"https:\/\/www.credafin.be\/de\/wp-json\/wp\/v2\/users\/22"}],"replies":[{"embeddable":true,"href":"https:\/\/www.credafin.be\/de\/wp-json\/wp\/v2\/comments?post=6690"}],"version-history":[{"count":4,"href":"https:\/\/www.credafin.be\/de\/wp-json\/wp\/v2\/pages\/6690\/revisions"}],"predecessor-version":[{"id":8221,"href":"https:\/\/www.credafin.be\/de\/wp-json\/wp\/v2\/pages\/6690\/revisions\/8221"}],"wp:attachment":[{"href":"https:\/\/www.credafin.be\/de\/wp-json\/wp\/v2\/media?parent=6690"}],"curies":[{"name":"wp","href":"https:\/\/api.w.org\/{rel}","templated":true}]}}