{"id":6689,"date":"2025-03-25T09:36:45","date_gmt":"2025-03-25T08:36:45","guid":{"rendered":"https:\/\/www.credafin.be\/kreditantrag"},"modified":"2025-04-03T01:44:42","modified_gmt":"2025-04-03T00:44:42","slug":"kreditantrag","status":"publish","type":"page","link":"https:\/\/www.credafin.be\/de\/kreditantrag","title":{"rendered":"Kreditantrag"},"content":{"rendered":"<h2 class=\"wp-block-heading\">Einen Kreditantrag stellen<\/h2><p>Ein Kreditantrag, so legitim er auch sein mag, sollte vor allem gut &uuml;berlegt sein. Nat&uuml;rlich muss man seine R&uuml;ckzahlungsf&auml;higkeit &uuml;berpr&uuml;fen, bevor man sich verpflichtet, doch ein Kredit ist komplexer.<\/p><p>Ein Kreditantrag erfolgt oft aus dringendem Bedarf. Es kann sich um einen notwendigen Immobilienkredit f&uuml;r den ersten Kauf handeln, ja sogar f&uuml;r die folgenden. Ohne in diese Gro&szlig;e zu gehen, k&ouml;nnte ein Kreditantrag einfach der Finanzierung eines Autos, seiner Reparaturen oder sogar der Ausbildung der Kinder dienen. <\/p><p>Unabh&auml;ngig vom Grund verpflichten Sie sich oft f&uuml;r Jahre. Deshalb sollten Sie von Anfang an den angebotenen Zinssatz, den effektiven Jahreszins (TAEG), gut verhandeln. Viele Banken konkurrieren miteinander, ganz zu schweigen vom Eingreifen der Makler. Es ist daher sehr sinnvoll, aus dieser Konkurrenz Kapital zu schlagen, um die Raten, die Sie zur&uuml;ckzahlen m&uuml;ssen, oder die Laufzeit des Kredits zu senken.<\/p><p>Die Inanspruchnahme eines Maklers ist dabei besonders interessant, da dieser Ihre Unterlagen bei Banken und Kreditinstituten einreicht. Anhand Ihrer Informationen wie Beruf, Einkommen, berufliche Stabilit&auml;t und bestehende Verbindlichkeiten wird er f&uuml;r Sie den besten Zinssatz und die beste Versicherung finden. F&uuml;r einen relativ hohen Kreditantrag ist sein Einsatz, obwohl kostenpflichtig, oft rentabel.<\/p><h3 class=\"wp-block-heading\">Zinsen und Konditionen eines Kreditantrags<\/h3><p>Vergessen Sie nicht, dass ein Kreditantrag nicht nur der Zinssatz ist, zu dem Sie das Geld zur&uuml;ckzahlen. Es handelt sich auch um Vertragsbedingungen, die von Bank zu Bank variieren k&ouml;nnen, wie die H&ouml;he der vorzeitigen R&uuml;ckzahlung, die M&ouml;glichkeit von Zahlungspausen und viele weitere Punkte. Es ist wichtig, all diese Elemente zu ber&uuml;cksichtigen, um eine sichere Entscheidung zu treffen und nur das zu bezahlen, was f&uuml;r Sie als Kreditantragsteller n&uuml;tzlich ist.<\/p><figure class=\"wp-block-image\"><img decoding=\"async\" width=\"768\" height=\"295\" src=\"https:\/\/www.credafin.be\/wp-content\/uploads\/2019\/01\/shutterstock_186566306.jpg\" alt=\"Kreditantrag\" class=\"wp-image-4897\" srcset=\"https:\/\/www.credafin.be\/wp-content\/uploads\/2019\/01\/shutterstock_186566306.jpg 768w, https:\/\/www.credafin.be\/wp-content\/uploads\/2019\/01\/shutterstock_186566306-300x115.jpg 300w\" sizes=\"(max-width: 768px) 100vw, 768px\" \/><\/figure><p>Online-Kredite werden immer h&auml;ufiger. Wenn Sie bei Ihrer Hausbank anfragen, die bereits alle relevanten Dokumente und Ihre Bankhistorie besitzt, erfolgt der Prozess meist reibungslos. Dennoch sollten Sie die Kreditklauseln sorgf&auml;ltig durchlesen, um sicherzustellen, dass alles Ihren Erwartungen entspricht. <\/p><p>Die einfache Abwicklung eines Kreditantrags online verlockt dazu, keine Zeit zu verlieren. Allerdings ist das geboten. Ein Gespr&auml;ch mit einem Berater bleibt f&uuml;r diejenigen, die sich unsicher f&uuml;hlen, die beste Wahl. Ihr Bankier oder ein Vermittler kann alle notwendigen Informationen liefern.<\/p><h2 class=\"wp-block-heading\">Ein Kreditantrag kann auch im Hinblick auf eine <a href=\"https:\/\/www.credafin.be\/de\/kreditbundelung\/simulation-der-kreditbundelung\">Kreditb&uuml;ndelung<\/a> gestellt werden.<\/h2><p>Dies bedeutet, dass Ihre bestehenden Verbindlichkeiten von einer Bank &uuml;bernommen werden, sodass Sie nur eine R&uuml;ckzahlung f&uuml;r alle Ihre Schulden vornehmen. Bei diesem Vorgang wird h&auml;ufig die Gesamtsumme der R&uuml;ckzahlungen reduziert. Dadurch erhalten Sie mehr Flexibilit&auml;t hinsichtlich Ihrer Liquidit&auml;t, was in Notf&auml;llen notwendig ist, und Sie behalten besseren &Uuml;berblick &uuml;ber Ihre Schulden.<\/p><p>Obwohl ein Kreditantrag sehr einfach durchzuf&uuml;hren ist, sollten Sie sich dennoch die Zeit nehmen, dar&uuml;ber nachzudenken und die zahlreichen Angebote auf dem Markt sorgf&auml;ltig zu vergleichen. Sie werden immer ein Angebot finden, das Ihren Bed&uuml;rfnissen sowohl in Bezug auf die Kosten des Vorgangs als auch auf die Bedingungen entspricht.<\/p>","protected":false},"excerpt":{"rendered":"<p>Kreditantrag leicht gemacht: Sichern Sie sich Top-Konditionen \u2013 jetzt klicken und starten!<\/p>\n","protected":false},"author":22,"featured_media":0,"parent":0,"menu_order":0,"comment_status":"closed","ping_status":"closed","template":"page-full-sim.php","meta":{"_yoast_wpseo_focuskw":"Kreditantrag","_yoast_wpseo_title":"Kreditantrag","_yoast_wpseo_metadesc":"Starten Sie Ihren Kreditantrag jetzt. Profitieren Sie von Top-Zinsen und flexiblen Konditionen. Klicken Sie und holen Sie sich Ihr bestes Angebot!","_yoast_wpseo_meta-robots-noindex":"","_yoast_wpseo_meta-robots-nofollow":"","_yoast_wpseo_canonical":"https:\/\/www.credafin.be\/de\/kreditantrag","_yoast_wpseo_focuskw_text":"Kreditantrag","_yoast_wpseo_schema":"Article","footnotes":""},"class_list":["post-6689","page","type-page","status-publish","hentry"],"yoast_head":"<!-- This site is optimized with the Yoast SEO plugin v27.6 - https:\/\/yoast.com\/product\/yoast-seo-wordpress\/ -->\n<title>Kreditantrag<\/title>\n<meta name=\"description\" content=\"Starten Sie Ihren Kreditantrag jetzt. Profitieren Sie von Top-Zinsen und flexiblen Konditionen. Klicken Sie und holen Sie sich Ihr bestes Angebot!\" \/>\n<meta name=\"robots\" content=\"index, follow, max-snippet:-1, max-image-preview:large, max-video-preview:-1\" \/>\n<link rel=\"canonical\" href=\"https:\/\/www.credafin.be\/de\/kreditantrag\" \/>\n<meta property=\"og:locale\" content=\"de_DE\" \/>\n<meta property=\"og:type\" content=\"article\" \/>\n<meta property=\"og:title\" content=\"Kreditantrag\" \/>\n<meta property=\"og:description\" content=\"Starten Sie Ihren Kreditantrag jetzt. Profitieren Sie von Top-Zinsen und flexiblen Konditionen. Klicken Sie und holen Sie sich Ihr bestes Angebot!\" \/>\n<meta property=\"og:url\" content=\"https:\/\/www.credafin.be\/de\/kreditantrag\" \/>\n<meta property=\"og:site_name\" content=\"Credafin\" \/>\n<meta property=\"article:publisher\" content=\"http:\/\/www.facebook.com\/Credafin.be\" \/>\n<meta property=\"article:modified_time\" content=\"2025-04-03T00:44:42+00:00\" \/>\n<meta property=\"og:image\" content=\"https:\/\/www.credafin.be\/wp-content\/uploads\/2019\/01\/shutterstock_186566306.jpg\" \/>\n\t<meta property=\"og:image:width\" content=\"768\" \/>\n\t<meta property=\"og:image:height\" content=\"295\" \/>\n\t<meta property=\"og:image:type\" content=\"image\/jpeg\" \/>\n<meta name=\"twitter:card\" content=\"summary_large_image\" \/>\n<meta name=\"twitter:site\" content=\"@Credafinbe\" \/>\n<meta name=\"twitter:label1\" content=\"Est. reading time\" \/>\n\t<meta name=\"twitter:data1\" content=\"3 minutes\" \/>\n<script type=\"application\/ld+json\" class=\"yoast-schema-graph\">{\"@context\":\"https:\\\/\\\/schema.org\",\"@graph\":[{\"@type\":\"WebPage\",\"@id\":\"https:\\\/\\\/www.credafin.be\\\/de\\\/kreditantrag\",\"url\":\"https:\\\/\\\/www.credafin.be\\\/de\\\/kreditantrag\",\"name\":\"Kreditantrag\",\"isPartOf\":{\"@id\":\"https:\\\/\\\/www.credafin.be\\\/#website\"},\"primaryImageOfPage\":{\"@id\":\"https:\\\/\\\/www.credafin.be\\\/de\\\/kreditantrag#primaryimage\"},\"image\":{\"@id\":\"https:\\\/\\\/www.credafin.be\\\/de\\\/kreditantrag#primaryimage\"},\"thumbnailUrl\":\"https:\\\/\\\/www.credafin.be\\\/wp-content\\\/uploads\\\/2019\\\/01\\\/shutterstock_186566306.jpg\",\"datePublished\":\"2025-03-25T08:36:45+00:00\",\"dateModified\":\"2025-04-03T00:44:42+00:00\",\"description\":\"Starten Sie Ihren Kreditantrag jetzt. Profitieren Sie von Top-Zinsen und flexiblen Konditionen. Klicken Sie und holen Sie sich Ihr bestes Angebot!\",\"breadcrumb\":{\"@id\":\"https:\\\/\\\/www.credafin.be\\\/de\\\/kreditantrag#breadcrumb\"},\"inLanguage\":\"de-BE\",\"potentialAction\":[{\"@type\":\"ReadAction\",\"target\":[\"https:\\\/\\\/www.credafin.be\\\/de\\\/kreditantrag\"]}]},{\"@type\":\"ImageObject\",\"inLanguage\":\"de-BE\",\"@id\":\"https:\\\/\\\/www.credafin.be\\\/de\\\/kreditantrag#primaryimage\",\"url\":\"https:\\\/\\\/www.credafin.be\\\/wp-content\\\/uploads\\\/2019\\\/01\\\/shutterstock_186566306.jpg\",\"contentUrl\":\"https:\\\/\\\/www.credafin.be\\\/wp-content\\\/uploads\\\/2019\\\/01\\\/shutterstock_186566306.jpg\"},{\"@type\":\"BreadcrumbList\",\"@id\":\"https:\\\/\\\/www.credafin.be\\\/de\\\/kreditantrag#breadcrumb\",\"itemListElement\":[{\"@type\":\"ListItem\",\"position\":1,\"name\":\"Home\",\"item\":\"https:\\\/\\\/www.credafin.be\\\/de\\\/credafin-ihre-kredite-zu-besten-zinsen\"},{\"@type\":\"ListItem\",\"position\":2,\"name\":\"Kreditantrag\"}]},{\"@type\":\"WebSite\",\"@id\":\"https:\\\/\\\/www.credafin.be\\\/#website\",\"url\":\"https:\\\/\\\/www.credafin.be\\\/\",\"name\":\"Credafin\",\"description\":\"Oxyg\u00e9nez votre budget en toute s\u00e9r\u00e9nit\u00e9\",\"potentialAction\":[{\"@type\":\"SearchAction\",\"target\":{\"@type\":\"EntryPoint\",\"urlTemplate\":\"https:\\\/\\\/www.credafin.be\\\/?s={search_term_string}\"},\"query-input\":{\"@type\":\"PropertyValueSpecification\",\"valueRequired\":true,\"valueName\":\"search_term_string\"}}],\"inLanguage\":\"de-BE\"}]}<\/script>\n<!-- \/ Yoast SEO plugin. -->","yoast_head_json":{"title":"Kreditantrag","description":"Starten Sie Ihren Kreditantrag jetzt. Profitieren Sie von Top-Zinsen und flexiblen Konditionen. Klicken Sie und holen Sie sich Ihr bestes Angebot!","robots":{"index":"index","follow":"follow","max-snippet":"max-snippet:-1","max-image-preview":"max-image-preview:large","max-video-preview":"max-video-preview:-1"},"canonical":"https:\/\/www.credafin.be\/de\/kreditantrag","og_locale":"de_DE","og_type":"article","og_title":"Kreditantrag","og_description":"Starten Sie Ihren Kreditantrag jetzt. Profitieren Sie von Top-Zinsen und flexiblen Konditionen. Klicken Sie und holen Sie sich Ihr bestes Angebot!","og_url":"https:\/\/www.credafin.be\/de\/kreditantrag","og_site_name":"Credafin","article_publisher":"http:\/\/www.facebook.com\/Credafin.be","article_modified_time":"2025-04-03T00:44:42+00:00","og_image":[{"width":768,"height":295,"url":"https:\/\/www.credafin.be\/wp-content\/uploads\/2019\/01\/shutterstock_186566306.jpg","type":"image\/jpeg"}],"twitter_card":"summary_large_image","twitter_site":"@Credafinbe","twitter_misc":{"Est. reading time":"3 minutes"},"schema":{"@context":"https:\/\/schema.org","@graph":[{"@type":"WebPage","@id":"https:\/\/www.credafin.be\/de\/kreditantrag","url":"https:\/\/www.credafin.be\/de\/kreditantrag","name":"Kreditantrag","isPartOf":{"@id":"https:\/\/www.credafin.be\/#website"},"primaryImageOfPage":{"@id":"https:\/\/www.credafin.be\/de\/kreditantrag#primaryimage"},"image":{"@id":"https:\/\/www.credafin.be\/de\/kreditantrag#primaryimage"},"thumbnailUrl":"https:\/\/www.credafin.be\/wp-content\/uploads\/2019\/01\/shutterstock_186566306.jpg","datePublished":"2025-03-25T08:36:45+00:00","dateModified":"2025-04-03T00:44:42+00:00","description":"Starten Sie Ihren Kreditantrag jetzt. Profitieren Sie von Top-Zinsen und flexiblen Konditionen. Klicken Sie und holen Sie sich Ihr bestes Angebot!","breadcrumb":{"@id":"https:\/\/www.credafin.be\/de\/kreditantrag#breadcrumb"},"inLanguage":"de-BE","potentialAction":[{"@type":"ReadAction","target":["https:\/\/www.credafin.be\/de\/kreditantrag"]}]},{"@type":"ImageObject","inLanguage":"de-BE","@id":"https:\/\/www.credafin.be\/de\/kreditantrag#primaryimage","url":"https:\/\/www.credafin.be\/wp-content\/uploads\/2019\/01\/shutterstock_186566306.jpg","contentUrl":"https:\/\/www.credafin.be\/wp-content\/uploads\/2019\/01\/shutterstock_186566306.jpg"},{"@type":"BreadcrumbList","@id":"https:\/\/www.credafin.be\/de\/kreditantrag#breadcrumb","itemListElement":[{"@type":"ListItem","position":1,"name":"Home","item":"https:\/\/www.credafin.be\/de\/credafin-ihre-kredite-zu-besten-zinsen"},{"@type":"ListItem","position":2,"name":"Kreditantrag"}]},{"@type":"WebSite","@id":"https:\/\/www.credafin.be\/#website","url":"https:\/\/www.credafin.be\/","name":"Credafin","description":"Oxyg\u00e9nez votre budget en toute s\u00e9r\u00e9nit\u00e9","potentialAction":[{"@type":"SearchAction","target":{"@type":"EntryPoint","urlTemplate":"https:\/\/www.credafin.be\/?s={search_term_string}"},"query-input":{"@type":"PropertyValueSpecification","valueRequired":true,"valueName":"search_term_string"}}],"inLanguage":"de-BE"}]}},"_links":{"self":[{"href":"https:\/\/www.credafin.be\/de\/wp-json\/wp\/v2\/pages\/6689","targetHints":{"allow":["GET"]}}],"collection":[{"href":"https:\/\/www.credafin.be\/de\/wp-json\/wp\/v2\/pages"}],"about":[{"href":"https:\/\/www.credafin.be\/de\/wp-json\/wp\/v2\/types\/page"}],"author":[{"embeddable":true,"href":"https:\/\/www.credafin.be\/de\/wp-json\/wp\/v2\/users\/22"}],"replies":[{"embeddable":true,"href":"https:\/\/www.credafin.be\/de\/wp-json\/wp\/v2\/comments?post=6689"}],"version-history":[{"count":3,"href":"https:\/\/www.credafin.be\/de\/wp-json\/wp\/v2\/pages\/6689\/revisions"}],"predecessor-version":[{"id":8222,"href":"https:\/\/www.credafin.be\/de\/wp-json\/wp\/v2\/pages\/6689\/revisions\/8222"}],"wp:attachment":[{"href":"https:\/\/www.credafin.be\/de\/wp-json\/wp\/v2\/media?parent=6689"}],"curies":[{"name":"wp","href":"https:\/\/api.w.org\/{rel}","templated":true}]}}