{"id":6688,"date":"2025-03-25T09:36:20","date_gmt":"2025-03-25T08:36:20","guid":{"rendered":"https:\/\/www.credafin.be\/online-kreditantrag"},"modified":"2025-04-03T01:45:44","modified_gmt":"2025-04-03T00:45:44","slug":"online-kreditantrag","status":"publish","type":"page","link":"https:\/\/www.credafin.be\/de\/online-kreditantrag","title":{"rendered":"Online-Kreditantrag"},"content":{"rendered":"\n<h2 class=\"wp-block-heading\">Online-Kreditantrag: Einfach und Schnell<\/h2>\n\n\n\n<p>Stellen Sie einen Online-Kreditantrag, um schnell eine Finanzierung f&uuml;r Ihre Lebensprojekte zu erhalten oder um aus einer schwierigen finanziellen Lage herauszukommen.<\/p>\n\n\n\n<h1 class=\"wp-block-heading\">Online-Kreditantrag: Schnelligkeit und Einfachheit garantiert<\/h1>\n\n\n\n<p>Unsere Bank hat sich schon immer um die Zufriedenheit unserer privaten und gewerblichen Kunden gek&uuml;mmert. Im digitalen und technologischen Zeitalter bem&uuml;hen wir uns, uns den tats&auml;chlichen Marktanforderungen anzupassen, indem wir unsere Angebote und Finanzdienstleistungen online anbieten. Es wird m&ouml;glich sein, all unsere Produkte aus der Ferne zu nutzen.<\/p>\n\n\n\n<p>W&auml;hrend des gesamten Online-Kreditantragsprozesses erleben Sie eine einzigartige Kundenerfahrung dank unseres reaktiven und qualit&auml;tvollen Kundenservices, der jederzeit f&uuml;r Sie da ist.<\/p>\n\n\n\n<h2 class=\"wp-block-heading\">Online-Kreditantrag: Ihre Zufriedenheit steht im Mittelpunkt unserer Arbeit<\/h2>\n\n\n\n<p>Um all den Anforderungen unserer Kunden gerecht zu werden, entwickeln wir st&auml;ndig auf Ihre Bed&uuml;rfnisse zugeschnittene Kreditangebote zu einem fairen Preis. Ob Sie Eltern, Familien, Jugendliche, Senioren, Unternehmen oder in einer schwierigen Situation sind, Sie finden die ideale L&ouml;sung, um Ihre Projekte zu finanzieren oder Ihre Liquidit&auml;tsprobleme zu l&ouml;sen.<\/p>\n\n\n\n<p>Unsere Fachleute setzen ihre Erfahrung und ihr Know-how ein, um Sie w&auml;hrend Ihres gesamten Online-Kreditantrags zu begleiten. Von der Entgegennahme Ihrer Anfragen bis zur Auswahl des besten Kredits, der auf Ihr Profil und Ihre Situation abgestimmt ist, einschlie&szlig;lich der Unterst&uuml;tzung bei der Kreditaufnahme, werden Sie w&uuml;rdig und respektvoll empfangen.<\/p>\n\n\n\n<figure class=\"wp-block-image\"><img decoding=\"async\" width=\"768\" height=\"295\" src=\"https:\/\/www.credafin.be\/wp-content\/uploads\/2019\/01\/shutterstock_226410256.jpg\" alt=\"Online-Kreditantrag\" class=\"wp-image-4901\" srcset=\"https:\/\/www.credafin.be\/wp-content\/uploads\/2019\/01\/shutterstock_226410256.jpg 768w, https:\/\/www.credafin.be\/wp-content\/uploads\/2019\/01\/shutterstock_226410256-300x115.jpg 300w\" sizes=\"(max-width: 768px) 100vw, 768px\" \/><\/figure>\n\n\n\n<h2 class=\"wp-block-heading\">Die Fachleute von Credafin<\/h2>\n\n\n\n<p>Der Dynamismus, der Professionalismus und die Zuverl&auml;ssigkeit unseres Teams erm&ouml;glichen es uns, Sie Schritt f&uuml;r Schritt bei Ihrem Online-Kreditantrag zu begleiten. Ein optimales Zeitersparnis ist somit gew&auml;hrleistet. Vertrauen Sie auf ihre Diskretion, ihr Know-how und ihr analytisches Geschick, um von professionellen Ratschl&auml;gen f&uuml;r den Erfolg Ihrer Immobilieninvestitionen zu profitieren.<\/p>\n\n\n\n<p>Z&ouml;gern Sie auch nicht, ihren gesunden Menschenverstand in Anspruch zu nehmen, um Ihr Dossier hervorzuheben und es zu verschicken sowie um eine Online-Kreditsimulation anzufragen.<\/p>\n\n\n\n<h2 class=\"wp-block-heading\">Wie man einen Online-Kreditantrag stellt<\/h2>\n\n\n\n<p>Unser Online-Kreditantrag ist zu 100% aus der Ferne verf&uuml;gbar und erfolgt einfach und schnell. Nachdem Sie den Kredit gefunden haben, der am besten zu Ihrer Situation passt, m&uuml;ssen Sie sich nur bei unseren Beratern &uuml;ber die Unterlagen informieren, die f&uuml;r einen Online-Kreditantrag ben&ouml;tigt werden.<\/p>\n\n\n\n<p>Sobald Sie sie gesammelt haben, m&uuml;ssen Sie sie nur noch per E-Mail an unseren Verantwortlichen senden, der sich schnell die Zeit nehmen wird, Ihr Dossier zu pr&uuml;fen. Bitte beachten Sie, dass die f&uuml;r unsere Bank einzureichenden Unterlagen davon abh&auml;ngen, ob Sie einen Immobilienkredit, einen Privatkredit, einen <a href=\"https:\/\/www.credafin.be\/de\/die-credafin-kredite\">Verbraucherkredit<\/a>, <a href=\"https:\/\/www.credafin.be\/de\/studienkredit\">einen Studienkredit<\/a>, einen Hypothekenkredit oder einen <a href=\"https:\/\/www.credafin.be\/de\/autokredit\">Autokredit<\/a> abschlie&szlig;en.<\/p>\n\n\n\n<p>In der Zwischenzeit steht Ihnen unser Kundenservice jederzeit zur Verf&uuml;gung, um alle Ihre Fragen zu beantworten. Das spart Ihnen Zeit und beschleunigt die Genehmigung Ihres Kredits. Z&ouml;gern Sie in diesem Fall nicht, unsere Berater bei Bedarf anzurufen.<\/p>\n","protected":false},"excerpt":{"rendered":"<p>Online-Kreditantrag: Erhalten Sie Ihre Finanzierung in nur wenigen Klicks \u2013 jetzt anfragen und sofort profitieren!<\/p>\n","protected":false},"author":22,"featured_media":0,"parent":0,"menu_order":0,"comment_status":"closed","ping_status":"closed","template":"page-full-sim.php","meta":{"_yoast_wpseo_focuskw":"Online-Kreditantrag","_yoast_wpseo_title":"Online-Kreditantrag","_yoast_wpseo_metadesc":"Stellen Sie jetzt Ihren Online-Kreditantrag und sichern Sie sich finanzielle Freiheit\u2014klicken Sie, um direkt zu starten!","_yoast_wpseo_meta-robots-noindex":"","_yoast_wpseo_meta-robots-nofollow":"","_yoast_wpseo_canonical":"https:\/\/www.credafin.be\/de\/online-kreditantrag","_yoast_wpseo_focuskw_text":"Online-Kreditantrag","_yoast_wpseo_schema":"Article","footnotes":""},"class_list":["post-6688","page","type-page","status-publish","hentry"],"yoast_head":"<!-- This site is optimized with the Yoast SEO plugin v27.4 - https:\/\/yoast.com\/product\/yoast-seo-wordpress\/ -->\n<title>Online-Kreditantrag<\/title>\n<meta name=\"description\" content=\"Stellen Sie jetzt Ihren Online-Kreditantrag und sichern Sie sich finanzielle Freiheit\u2014klicken Sie, um direkt zu starten!\" \/>\n<meta name=\"robots\" content=\"index, follow, max-snippet:-1, max-image-preview:large, max-video-preview:-1\" \/>\n<link rel=\"canonical\" href=\"https:\/\/www.credafin.be\/de\/online-kreditantrag\" \/>\n<meta property=\"og:locale\" content=\"de_DE\" \/>\n<meta property=\"og:type\" content=\"article\" \/>\n<meta property=\"og:title\" content=\"Online-Kreditantrag\" \/>\n<meta property=\"og:description\" content=\"Stellen Sie jetzt Ihren Online-Kreditantrag und sichern Sie sich finanzielle Freiheit\u2014klicken Sie, um direkt zu starten!\" \/>\n<meta property=\"og:url\" content=\"https:\/\/www.credafin.be\/de\/online-kreditantrag\" \/>\n<meta property=\"og:site_name\" content=\"Credafin\" \/>\n<meta property=\"article:publisher\" content=\"http:\/\/www.facebook.com\/Credafin.be\" \/>\n<meta property=\"article:modified_time\" content=\"2025-04-03T00:45:44+00:00\" \/>\n<meta property=\"og:image\" content=\"https:\/\/www.credafin.be\/wp-content\/uploads\/2019\/01\/shutterstock_226410256.jpg\" \/>\n\t<meta property=\"og:image:width\" content=\"768\" \/>\n\t<meta property=\"og:image:height\" content=\"295\" \/>\n\t<meta property=\"og:image:type\" content=\"image\/jpeg\" \/>\n<meta name=\"twitter:card\" content=\"summary_large_image\" \/>\n<meta name=\"twitter:site\" content=\"@Credafinbe\" \/>\n<meta name=\"twitter:label1\" content=\"Est. reading time\" \/>\n\t<meta name=\"twitter:data1\" content=\"2 minutes\" \/>\n<script type=\"application\/ld+json\" class=\"yoast-schema-graph\">{\"@context\":\"https:\\\/\\\/schema.org\",\"@graph\":[{\"@type\":\"WebPage\",\"@id\":\"https:\\\/\\\/www.credafin.be\\\/de\\\/online-kreditantrag\",\"url\":\"https:\\\/\\\/www.credafin.be\\\/de\\\/online-kreditantrag\",\"name\":\"Online-Kreditantrag\",\"isPartOf\":{\"@id\":\"https:\\\/\\\/www.credafin.be\\\/#website\"},\"primaryImageOfPage\":{\"@id\":\"https:\\\/\\\/www.credafin.be\\\/de\\\/online-kreditantrag#primaryimage\"},\"image\":{\"@id\":\"https:\\\/\\\/www.credafin.be\\\/de\\\/online-kreditantrag#primaryimage\"},\"thumbnailUrl\":\"https:\\\/\\\/www.credafin.be\\\/wp-content\\\/uploads\\\/2019\\\/01\\\/shutterstock_226410256.jpg\",\"datePublished\":\"2025-03-25T08:36:20+00:00\",\"dateModified\":\"2025-04-03T00:45:44+00:00\",\"description\":\"Stellen Sie jetzt Ihren Online-Kreditantrag und sichern Sie sich finanzielle Freiheit\u2014klicken Sie, um direkt zu starten!\",\"breadcrumb\":{\"@id\":\"https:\\\/\\\/www.credafin.be\\\/de\\\/online-kreditantrag#breadcrumb\"},\"inLanguage\":\"de-BE\",\"potentialAction\":[{\"@type\":\"ReadAction\",\"target\":[\"https:\\\/\\\/www.credafin.be\\\/de\\\/online-kreditantrag\"]}]},{\"@type\":\"ImageObject\",\"inLanguage\":\"de-BE\",\"@id\":\"https:\\\/\\\/www.credafin.be\\\/de\\\/online-kreditantrag#primaryimage\",\"url\":\"https:\\\/\\\/www.credafin.be\\\/wp-content\\\/uploads\\\/2019\\\/01\\\/shutterstock_226410256.jpg\",\"contentUrl\":\"https:\\\/\\\/www.credafin.be\\\/wp-content\\\/uploads\\\/2019\\\/01\\\/shutterstock_226410256.jpg\"},{\"@type\":\"BreadcrumbList\",\"@id\":\"https:\\\/\\\/www.credafin.be\\\/de\\\/online-kreditantrag#breadcrumb\",\"itemListElement\":[{\"@type\":\"ListItem\",\"position\":1,\"name\":\"Home\",\"item\":\"https:\\\/\\\/www.credafin.be\\\/de\\\/credafin-ihre-kredite-zu-besten-zinsen\"},{\"@type\":\"ListItem\",\"position\":2,\"name\":\"Online-Kreditantrag\"}]},{\"@type\":\"WebSite\",\"@id\":\"https:\\\/\\\/www.credafin.be\\\/#website\",\"url\":\"https:\\\/\\\/www.credafin.be\\\/\",\"name\":\"Credafin\",\"description\":\"Oxyg\u00e9nez votre budget en toute s\u00e9r\u00e9nit\u00e9\",\"potentialAction\":[{\"@type\":\"SearchAction\",\"target\":{\"@type\":\"EntryPoint\",\"urlTemplate\":\"https:\\\/\\\/www.credafin.be\\\/?s={search_term_string}\"},\"query-input\":{\"@type\":\"PropertyValueSpecification\",\"valueRequired\":true,\"valueName\":\"search_term_string\"}}],\"inLanguage\":\"de-BE\"}]}<\/script>\n<!-- \/ Yoast SEO plugin. -->","yoast_head_json":{"title":"Online-Kreditantrag","description":"Stellen Sie jetzt Ihren Online-Kreditantrag und sichern Sie sich finanzielle Freiheit\u2014klicken Sie, um direkt zu starten!","robots":{"index":"index","follow":"follow","max-snippet":"max-snippet:-1","max-image-preview":"max-image-preview:large","max-video-preview":"max-video-preview:-1"},"canonical":"https:\/\/www.credafin.be\/de\/online-kreditantrag","og_locale":"de_DE","og_type":"article","og_title":"Online-Kreditantrag","og_description":"Stellen Sie jetzt Ihren Online-Kreditantrag und sichern Sie sich finanzielle Freiheit\u2014klicken Sie, um direkt zu starten!","og_url":"https:\/\/www.credafin.be\/de\/online-kreditantrag","og_site_name":"Credafin","article_publisher":"http:\/\/www.facebook.com\/Credafin.be","article_modified_time":"2025-04-03T00:45:44+00:00","og_image":[{"width":768,"height":295,"url":"https:\/\/www.credafin.be\/wp-content\/uploads\/2019\/01\/shutterstock_226410256.jpg","type":"image\/jpeg"}],"twitter_card":"summary_large_image","twitter_site":"@Credafinbe","twitter_misc":{"Est. reading time":"2 minutes"},"schema":{"@context":"https:\/\/schema.org","@graph":[{"@type":"WebPage","@id":"https:\/\/www.credafin.be\/de\/online-kreditantrag","url":"https:\/\/www.credafin.be\/de\/online-kreditantrag","name":"Online-Kreditantrag","isPartOf":{"@id":"https:\/\/www.credafin.be\/#website"},"primaryImageOfPage":{"@id":"https:\/\/www.credafin.be\/de\/online-kreditantrag#primaryimage"},"image":{"@id":"https:\/\/www.credafin.be\/de\/online-kreditantrag#primaryimage"},"thumbnailUrl":"https:\/\/www.credafin.be\/wp-content\/uploads\/2019\/01\/shutterstock_226410256.jpg","datePublished":"2025-03-25T08:36:20+00:00","dateModified":"2025-04-03T00:45:44+00:00","description":"Stellen Sie jetzt Ihren Online-Kreditantrag und sichern Sie sich finanzielle Freiheit\u2014klicken Sie, um direkt zu starten!","breadcrumb":{"@id":"https:\/\/www.credafin.be\/de\/online-kreditantrag#breadcrumb"},"inLanguage":"de-BE","potentialAction":[{"@type":"ReadAction","target":["https:\/\/www.credafin.be\/de\/online-kreditantrag"]}]},{"@type":"ImageObject","inLanguage":"de-BE","@id":"https:\/\/www.credafin.be\/de\/online-kreditantrag#primaryimage","url":"https:\/\/www.credafin.be\/wp-content\/uploads\/2019\/01\/shutterstock_226410256.jpg","contentUrl":"https:\/\/www.credafin.be\/wp-content\/uploads\/2019\/01\/shutterstock_226410256.jpg"},{"@type":"BreadcrumbList","@id":"https:\/\/www.credafin.be\/de\/online-kreditantrag#breadcrumb","itemListElement":[{"@type":"ListItem","position":1,"name":"Home","item":"https:\/\/www.credafin.be\/de\/credafin-ihre-kredite-zu-besten-zinsen"},{"@type":"ListItem","position":2,"name":"Online-Kreditantrag"}]},{"@type":"WebSite","@id":"https:\/\/www.credafin.be\/#website","url":"https:\/\/www.credafin.be\/","name":"Credafin","description":"Oxyg\u00e9nez votre budget en toute s\u00e9r\u00e9nit\u00e9","potentialAction":[{"@type":"SearchAction","target":{"@type":"EntryPoint","urlTemplate":"https:\/\/www.credafin.be\/?s={search_term_string}"},"query-input":{"@type":"PropertyValueSpecification","valueRequired":true,"valueName":"search_term_string"}}],"inLanguage":"de-BE"}]}},"_links":{"self":[{"href":"https:\/\/www.credafin.be\/de\/wp-json\/wp\/v2\/pages\/6688","targetHints":{"allow":["GET"]}}],"collection":[{"href":"https:\/\/www.credafin.be\/de\/wp-json\/wp\/v2\/pages"}],"about":[{"href":"https:\/\/www.credafin.be\/de\/wp-json\/wp\/v2\/types\/page"}],"author":[{"embeddable":true,"href":"https:\/\/www.credafin.be\/de\/wp-json\/wp\/v2\/users\/22"}],"replies":[{"embeddable":true,"href":"https:\/\/www.credafin.be\/de\/wp-json\/wp\/v2\/comments?post=6688"}],"version-history":[{"count":4,"href":"https:\/\/www.credafin.be\/de\/wp-json\/wp\/v2\/pages\/6688\/revisions"}],"predecessor-version":[{"id":8223,"href":"https:\/\/www.credafin.be\/de\/wp-json\/wp\/v2\/pages\/6688\/revisions\/8223"}],"wp:attachment":[{"href":"https:\/\/www.credafin.be\/de\/wp-json\/wp\/v2\/media?parent=6688"}],"curies":[{"name":"wp","href":"https:\/\/api.w.org\/{rel}","templated":true}]}}