{"id":6686,"date":"2025-03-25T09:35:36","date_gmt":"2025-03-25T08:35:36","guid":{"rendered":"https:\/\/www.credafin.be\/antrag-auf-kredit-bei-credafin"},"modified":"2025-04-03T01:48:00","modified_gmt":"2025-04-03T00:48:00","slug":"antrag-kredit-credafin","status":"publish","type":"page","link":"https:\/\/www.credafin.be\/de\/antrag-kredit-credafin","title":{"rendered":"Antrag auf Kredit bei Credafin"},"content":{"rendered":"<p>Ein Kreditantrag kann Ihr Budget \u00fcber mehrere Jahre hinweg beeinflussen. Es ist entscheidend, alle Aspekte eines Bankdarlehens zu kennen, um es erfolgreich zu gestalten.<\/p><h2 class=\"wp-block-heading\">Gr\u00fcnde f\u00fcr einen Kreditantrag<\/h2><p>Die Gr\u00fcnde k\u00f6nnen vielf\u00e4ltig sein, doch letztendlich f\u00fchrt der Weg oft \u00fcber einen Bankkredit. Ob als Notl\u00f6sung, zur Optimierung Ihrer Anlagen, zur Finanzierung von Renovierungsarbeiten oder zum Erf\u00fcllen eines sonst unerreichbaren Wunsches \u2013 <a href=\"https:\/\/www.credafin.be\/de\/die-credafin-kredite\">ein Kreditantrag<\/a> ist heutzutage eine nat\u00fcrliche Entscheidung. Viele Banken stehen bereit, um Ihnen dabei zu helfen, diesen Schritt zu wagen.<\/p><h2 class=\"wp-block-heading\">Wie durchdacht sollte ein Kreditantrag bei Credafin sein?<\/h2><p>Bevor Sie einen pers\u00f6nlichen Kreditantrag stellen, egal aus welchem Grund, sollten Sie sich zun\u00e4chst fragen, ob Sie in der Lage sind, ihn zur\u00fcckzuzahlen. Daf\u00fcr ist es notwendig, eine Simulation Ihrer Finanzen unter Ber\u00fccksichtigung der angestrebten Monatsrate zu erstellen.<\/p><p>Diese Planung sollten Sie vornehmen, noch bevor Sie eine Bank oder ein Kreditinstitut aufsuchen. Dabei sollten Sie sowohl Ihre Einnahmen als auch Ihre unver\u00e4nderbaren Ausgaben sowie die variablen Posten ber\u00fccksichtigen. Letztendlich liegt es an Ihnen, zu entscheiden, ob eine zus\u00e4tzliche Kreditfinanzierung m\u00f6glich ist.<\/p><p>Zu wissen, dass ein Bankkredit zur\u00fcckgezahlt werden kann, ist positiv, doch beendet Ihre \u00dcberlegungen nicht. Sie m\u00fcssen auch in der Lage sein, die angebotenen Konditionen zu bewerten.<\/p><h3 class=\"wp-block-heading\">Die gesetzlichen Zinss\u00e4tze<\/h3><p>Der effektive Jahreszins, den das Kreditinstitut anbietet, ist nat\u00fcrlich von Bedeutung. Ebenso wie er bei Immobilienverhandlungen nicht allein ausschlaggebend ist, sind bei einem Kreditantrag viele Punkte zu beachten.<\/p><p>K\u00f6nnen Sie beispielsweise vorzeitig zur\u00fcckzahlen, und wenn ja, mit oder ohne Strafgeb\u00fchren? Variiert der Zinssatz stark von Jahr zu Jahr? K\u00f6nnen Sie bei finanziellen Schwierigkeiten eine Pause in der R\u00fcckzahlung einlegen? Diese Kreditkonditionen sind ebenso wichtig zu ber\u00fccksichtigen.<\/p><p>Allerdings sind diese Informationen manchmal schwer zug\u00e4nglich oder schwer verst\u00e4ndlich. Insbesondere bei gr\u00f6\u00dferen Betr\u00e4gen m\u00fcssen Sie sicherstellen, dass jede Bedingung zu Ihrer Situation passt und der Zinssatz attraktiv ist.<\/p><figure class=\"wp-block-image\"><img decoding=\"async\" width=\"768\" height=\"295\" src=\"https:\/\/www.credafin.be\/wp-content\/uploads\/2019\/01\/shutterstock_226410256.jpg\" alt=\"Kreditantrag\" class=\"wp-image-4901\" srcset=\"https:\/\/www.credafin.be\/wp-content\/uploads\/2019\/01\/shutterstock_226410256.jpg 768w, https:\/\/www.credafin.be\/wp-content\/uploads\/2019\/01\/shutterstock_226410256-300x115.jpg 300w\" sizes=\"(max-width: 768px) 100vw, 768px\" \/><\/figure><p>Die Zinss\u00e4tze, die ein Kreditinstitut f\u00fcr einen Kreditantrag anbietet, unterscheiden sich zwischen den Anbietern. Die Gr\u00fcnde daf\u00fcr sind vielf\u00e4ltig und h\u00e4ngen u.a. von der Spezialisierung der Bank in diesem Bereich, der R\u00fcckzahlungsf\u00e4higkeit ihrer Kunden und ihrer Gesch\u00e4ftspolitik ab.<\/p><h3 class=\"wp-block-heading\">Kreditvermittler<\/h3><p>Es ist kein Geheimnis, dass spezialisierte Kreditunternehmen, die keine Banken sind, oft h\u00f6here Geb\u00fchren verlangen als eine Bank. Aber das ist nicht immer der Fall. Sie sollten daher Angebote verschiedener Anbieter vergleichen und nicht z\u00f6gern, \u00fcber den Zinssatz zu verhandeln.<\/p><p>Die Hinzuziehung eines Kreditvermittlers ist eine interessante Option, sobald Ihr Kreditantrag die 10.000 Euro-Marke \u00fcberschreitet. Der Vermittler vertritt Sie bei den Kreditinstituten. Auch wenn er eine Provision von der endg\u00fcltigen Transaktion erh\u00e4lt, k\u00f6nnen Sie aufgrund seiner Verhandlungsspielr\u00e4ume oft profitieren.<\/p><p>Dies lohnt sich vor allem bei gr\u00f6\u00dferen Kreditanfragen, ist aber eine \u00dcberlegung wert.<\/p><p>So einfach es sein mag, einen Kredit zu beantragen, so komplex sind die Details. Ein Kreditantrag sollte mit \u00dcberlegung, Berechnung und Verst\u00e4ndnis f\u00fcr alle Variablen erfolgen, um die bestm\u00f6gliche Entscheidung zu treffen.<\/p>","protected":false},"excerpt":{"rendered":"<p>Erfahren Sie, wie ein Kreditantrag bei Credafin Ihre Pl\u00e4ne verwirklicht \u2013 jetzt klicken und starten!<\/p>\n","protected":false},"author":22,"featured_media":0,"parent":0,"menu_order":0,"comment_status":"closed","ping_status":"closed","template":"page-full-sim.php","meta":{"_yoast_wpseo_focuskw":"Kreditantrag","_yoast_wpseo_title":"Antrag auf Kredit bei Credafin","_yoast_wpseo_metadesc":"Kreditantrag bei Credafin: Profitieren Sie von flexiblen Konditionen \u2013 sichern Sie sich jetzt Ihre finanzielle Freiheit!","_yoast_wpseo_meta-robots-noindex":"","_yoast_wpseo_meta-robots-nofollow":"","_yoast_wpseo_canonical":"https:\/\/www.credafin.be\/de\/antrag-kredit-credafin","_yoast_wpseo_focuskw_text":"Kreditantrag","_yoast_wpseo_schema":"Article","footnotes":""},"class_list":["post-6686","page","type-page","status-publish","hentry"],"yoast_head":"<!-- This site is optimized with the Yoast SEO plugin v27.4 - https:\/\/yoast.com\/product\/yoast-seo-wordpress\/ -->\n<title>Antrag auf Kredit bei Credafin<\/title>\n<meta name=\"description\" content=\"Kreditantrag bei Credafin: Profitieren Sie von flexiblen Konditionen \u2013 sichern Sie sich jetzt Ihre finanzielle Freiheit!\" \/>\n<meta name=\"robots\" content=\"index, follow, max-snippet:-1, max-image-preview:large, max-video-preview:-1\" \/>\n<link rel=\"canonical\" href=\"https:\/\/www.credafin.be\/de\/antrag-kredit-credafin\" \/>\n<meta property=\"og:locale\" content=\"de_DE\" \/>\n<meta property=\"og:type\" content=\"article\" \/>\n<meta property=\"og:title\" content=\"Antrag auf Kredit bei Credafin\" \/>\n<meta property=\"og:description\" content=\"Kreditantrag bei Credafin: Profitieren Sie von flexiblen Konditionen \u2013 sichern Sie sich jetzt Ihre finanzielle Freiheit!\" \/>\n<meta property=\"og:url\" content=\"https:\/\/www.credafin.be\/de\/antrag-kredit-credafin\" \/>\n<meta property=\"og:site_name\" content=\"Credafin\" \/>\n<meta property=\"article:publisher\" content=\"http:\/\/www.facebook.com\/Credafin.be\" \/>\n<meta property=\"article:modified_time\" content=\"2025-04-03T00:48:00+00:00\" \/>\n<meta property=\"og:image\" content=\"https:\/\/www.credafin.be\/wp-content\/uploads\/2019\/01\/shutterstock_226410256.jpg\" \/>\n\t<meta property=\"og:image:width\" content=\"768\" \/>\n\t<meta property=\"og:image:height\" content=\"295\" \/>\n\t<meta property=\"og:image:type\" content=\"image\/jpeg\" \/>\n<meta name=\"twitter:card\" content=\"summary_large_image\" \/>\n<meta name=\"twitter:site\" content=\"@Credafinbe\" \/>\n<meta name=\"twitter:label1\" content=\"Est. reading time\" \/>\n\t<meta name=\"twitter:data1\" content=\"3 minutes\" \/>\n<script type=\"application\/ld+json\" class=\"yoast-schema-graph\">{\"@context\":\"https:\\\/\\\/schema.org\",\"@graph\":[{\"@type\":\"WebPage\",\"@id\":\"https:\\\/\\\/www.credafin.be\\\/de\\\/antrag-kredit-credafin\",\"url\":\"https:\\\/\\\/www.credafin.be\\\/de\\\/antrag-kredit-credafin\",\"name\":\"Antrag auf Kredit bei Credafin\",\"isPartOf\":{\"@id\":\"https:\\\/\\\/www.credafin.be\\\/#website\"},\"primaryImageOfPage\":{\"@id\":\"https:\\\/\\\/www.credafin.be\\\/de\\\/antrag-kredit-credafin#primaryimage\"},\"image\":{\"@id\":\"https:\\\/\\\/www.credafin.be\\\/de\\\/antrag-kredit-credafin#primaryimage\"},\"thumbnailUrl\":\"https:\\\/\\\/www.credafin.be\\\/wp-content\\\/uploads\\\/2019\\\/01\\\/shutterstock_226410256.jpg\",\"datePublished\":\"2025-03-25T08:35:36+00:00\",\"dateModified\":\"2025-04-03T00:48:00+00:00\",\"description\":\"Kreditantrag bei Credafin: Profitieren Sie von flexiblen Konditionen \u2013 sichern Sie sich jetzt Ihre finanzielle Freiheit!\",\"breadcrumb\":{\"@id\":\"https:\\\/\\\/www.credafin.be\\\/de\\\/antrag-kredit-credafin#breadcrumb\"},\"inLanguage\":\"de-BE\",\"potentialAction\":[{\"@type\":\"ReadAction\",\"target\":[\"https:\\\/\\\/www.credafin.be\\\/de\\\/antrag-kredit-credafin\"]}]},{\"@type\":\"ImageObject\",\"inLanguage\":\"de-BE\",\"@id\":\"https:\\\/\\\/www.credafin.be\\\/de\\\/antrag-kredit-credafin#primaryimage\",\"url\":\"https:\\\/\\\/www.credafin.be\\\/wp-content\\\/uploads\\\/2019\\\/01\\\/shutterstock_226410256.jpg\",\"contentUrl\":\"https:\\\/\\\/www.credafin.be\\\/wp-content\\\/uploads\\\/2019\\\/01\\\/shutterstock_226410256.jpg\"},{\"@type\":\"BreadcrumbList\",\"@id\":\"https:\\\/\\\/www.credafin.be\\\/de\\\/antrag-kredit-credafin#breadcrumb\",\"itemListElement\":[{\"@type\":\"ListItem\",\"position\":1,\"name\":\"Home\",\"item\":\"https:\\\/\\\/www.credafin.be\\\/de\\\/credafin-ihre-kredite-zu-besten-zinsen\"},{\"@type\":\"ListItem\",\"position\":2,\"name\":\"Antrag auf Kredit bei Credafin\"}]},{\"@type\":\"WebSite\",\"@id\":\"https:\\\/\\\/www.credafin.be\\\/#website\",\"url\":\"https:\\\/\\\/www.credafin.be\\\/\",\"name\":\"Credafin\",\"description\":\"Oxyg\u00e9nez votre budget en toute s\u00e9r\u00e9nit\u00e9\",\"potentialAction\":[{\"@type\":\"SearchAction\",\"target\":{\"@type\":\"EntryPoint\",\"urlTemplate\":\"https:\\\/\\\/www.credafin.be\\\/?s={search_term_string}\"},\"query-input\":{\"@type\":\"PropertyValueSpecification\",\"valueRequired\":true,\"valueName\":\"search_term_string\"}}],\"inLanguage\":\"de-BE\"}]}<\/script>\n<!-- \/ Yoast SEO plugin. -->","yoast_head_json":{"title":"Antrag auf Kredit bei Credafin","description":"Kreditantrag bei Credafin: Profitieren Sie von flexiblen Konditionen \u2013 sichern Sie sich jetzt Ihre finanzielle Freiheit!","robots":{"index":"index","follow":"follow","max-snippet":"max-snippet:-1","max-image-preview":"max-image-preview:large","max-video-preview":"max-video-preview:-1"},"canonical":"https:\/\/www.credafin.be\/de\/antrag-kredit-credafin","og_locale":"de_DE","og_type":"article","og_title":"Antrag auf Kredit bei Credafin","og_description":"Kreditantrag bei Credafin: Profitieren Sie von flexiblen Konditionen \u2013 sichern Sie sich jetzt Ihre finanzielle Freiheit!","og_url":"https:\/\/www.credafin.be\/de\/antrag-kredit-credafin","og_site_name":"Credafin","article_publisher":"http:\/\/www.facebook.com\/Credafin.be","article_modified_time":"2025-04-03T00:48:00+00:00","og_image":[{"width":768,"height":295,"url":"https:\/\/www.credafin.be\/wp-content\/uploads\/2019\/01\/shutterstock_226410256.jpg","type":"image\/jpeg"}],"twitter_card":"summary_large_image","twitter_site":"@Credafinbe","twitter_misc":{"Est. reading time":"3 minutes"},"schema":{"@context":"https:\/\/schema.org","@graph":[{"@type":"WebPage","@id":"https:\/\/www.credafin.be\/de\/antrag-kredit-credafin","url":"https:\/\/www.credafin.be\/de\/antrag-kredit-credafin","name":"Antrag auf Kredit bei Credafin","isPartOf":{"@id":"https:\/\/www.credafin.be\/#website"},"primaryImageOfPage":{"@id":"https:\/\/www.credafin.be\/de\/antrag-kredit-credafin#primaryimage"},"image":{"@id":"https:\/\/www.credafin.be\/de\/antrag-kredit-credafin#primaryimage"},"thumbnailUrl":"https:\/\/www.credafin.be\/wp-content\/uploads\/2019\/01\/shutterstock_226410256.jpg","datePublished":"2025-03-25T08:35:36+00:00","dateModified":"2025-04-03T00:48:00+00:00","description":"Kreditantrag bei Credafin: Profitieren Sie von flexiblen Konditionen \u2013 sichern Sie sich jetzt Ihre finanzielle Freiheit!","breadcrumb":{"@id":"https:\/\/www.credafin.be\/de\/antrag-kredit-credafin#breadcrumb"},"inLanguage":"de-BE","potentialAction":[{"@type":"ReadAction","target":["https:\/\/www.credafin.be\/de\/antrag-kredit-credafin"]}]},{"@type":"ImageObject","inLanguage":"de-BE","@id":"https:\/\/www.credafin.be\/de\/antrag-kredit-credafin#primaryimage","url":"https:\/\/www.credafin.be\/wp-content\/uploads\/2019\/01\/shutterstock_226410256.jpg","contentUrl":"https:\/\/www.credafin.be\/wp-content\/uploads\/2019\/01\/shutterstock_226410256.jpg"},{"@type":"BreadcrumbList","@id":"https:\/\/www.credafin.be\/de\/antrag-kredit-credafin#breadcrumb","itemListElement":[{"@type":"ListItem","position":1,"name":"Home","item":"https:\/\/www.credafin.be\/de\/credafin-ihre-kredite-zu-besten-zinsen"},{"@type":"ListItem","position":2,"name":"Antrag auf Kredit bei Credafin"}]},{"@type":"WebSite","@id":"https:\/\/www.credafin.be\/#website","url":"https:\/\/www.credafin.be\/","name":"Credafin","description":"Oxyg\u00e9nez votre budget en toute s\u00e9r\u00e9nit\u00e9","potentialAction":[{"@type":"SearchAction","target":{"@type":"EntryPoint","urlTemplate":"https:\/\/www.credafin.be\/?s={search_term_string}"},"query-input":{"@type":"PropertyValueSpecification","valueRequired":true,"valueName":"search_term_string"}}],"inLanguage":"de-BE"}]}},"_links":{"self":[{"href":"https:\/\/www.credafin.be\/de\/wp-json\/wp\/v2\/pages\/6686","targetHints":{"allow":["GET"]}}],"collection":[{"href":"https:\/\/www.credafin.be\/de\/wp-json\/wp\/v2\/pages"}],"about":[{"href":"https:\/\/www.credafin.be\/de\/wp-json\/wp\/v2\/types\/page"}],"author":[{"embeddable":true,"href":"https:\/\/www.credafin.be\/de\/wp-json\/wp\/v2\/users\/22"}],"replies":[{"embeddable":true,"href":"https:\/\/www.credafin.be\/de\/wp-json\/wp\/v2\/comments?post=6686"}],"version-history":[{"count":2,"href":"https:\/\/www.credafin.be\/de\/wp-json\/wp\/v2\/pages\/6686\/revisions"}],"predecessor-version":[{"id":8225,"href":"https:\/\/www.credafin.be\/de\/wp-json\/wp\/v2\/pages\/6686\/revisions\/8225"}],"wp:attachment":[{"href":"https:\/\/www.credafin.be\/de\/wp-json\/wp\/v2\/media?parent=6686"}],"curies":[{"name":"wp","href":"https:\/\/api.w.org\/{rel}","templated":true}]}}