{"id":6685,"date":"2025-03-25T09:35:18","date_gmt":"2025-03-25T08:35:18","guid":{"rendered":"https:\/\/www.credafin.be\/zusammenfhrung-von-privatkrediten"},"modified":"2025-04-03T01:50:08","modified_gmt":"2025-04-03T00:50:08","slug":"zusammenfhrung-von-privatkrediten","status":"publish","type":"page","link":"https:\/\/www.credafin.be\/de\/zusammenfhrung-von-privatkrediten","title":{"rendered":"Zusammenf&uuml;hrung von Privatkrediten"},"content":{"rendered":"\n<p>Haben Sie gerade ein neues Auto gekauft? M&uuml;ssen Sie die Ausbildung Ihrer Kinder finanzieren? Planen Sie eine Hochzeitsfeier? Kurz gesagt, es gibt unz&auml;hlige Gr&uuml;nde, mehrere laufende Kredite zu haben. Dennoch k&ouml;nnten Sie sich von all diesen R&uuml;ckzahlungen bedr&uuml;ckt f&uuml;hlen. Die Zersplitterung und Unordnung, die sie verursachen, machen es nicht besser.<\/p>\n\n\n\n<h2 class=\"wp-block-heading\">Sichere Zentralisierung Ihrer Kredite durch die Zusammenf&uuml;hrung von Privatkrediten<\/h2>\n\n\n\n<p>Ihr Online-Kreditvermittler bietet Ihnen die M&ouml;glichkeit, eine Zusammenf&uuml;hrung von Privatkrediten durchzuf&uuml;hren. Diese effektive Ma&szlig;nahme verhindert, dass Sie im Schlamassel von versp&auml;teten Zahlungen und Streitigkeiten stecken bleiben. Nehmen Sie einfach Kontakt mit uns auf, und wir werden uns darum k&uuml;mmern, diese Kredite zu b&uuml;ndeln, die Sie m&ouml;glicherweise daran hindern, andere Tr&auml;ume zu verwirklichen.<\/p>\n\n\n\n<figure class=\"wp-block-image\"><img decoding=\"async\" width=\"768\" height=\"295\" src=\"https:\/\/www.credafin.be\/wp-content\/uploads\/2019\/01\/shutterstock_334290167.jpg\" alt=\"Zusammenf&uuml;hrung von Privatkrediten\" class=\"wp-image-4945\" srcset=\"https:\/\/www.credafin.be\/wp-content\/uploads\/2019\/01\/shutterstock_334290167.jpg 768w, https:\/\/www.credafin.be\/wp-content\/uploads\/2019\/01\/shutterstock_334290167-300x115.jpg 300w\" sizes=\"(max-width: 768px) 100vw, 768px\" \/><\/figure>\n\n\n\n<p>Gemeinsam setzen wir eine neue F&auml;lligkeit fest. Wir h&ouml;ren Ihnen zu und legen einen Betrag fest, der es Ihnen erm&ouml;glicht, weiterhin normal zu leben. Von nun an werden Sie nicht mehr von Ihren Raten geplagt und k&ouml;nnen sich ein wenig entspannen.<\/p>\n\n\n\n<h2 class=\"wp-block-heading\">Neue Ziele in Aussicht<\/h2>\n\n\n\n<p>Unabh&auml;ngig davon, welche Kredite Sie aufgenommen haben, ob f&uuml;r den Kauf eines neuen Computers oder f&uuml;r Deko f&uuml;r Ihr Zuhause, k&ouml;nnen Sie auf eine Zusammenf&uuml;hrung von Privatkrediten zur&uuml;ckgreifen. <\/p>\n\n\n\n<p>Durch diese neue Organisation werden Ihre Finanzen schnell wieder ins Gleichgewicht gebracht. Trotz der durch dieses Verfahren entstehenden Kosten werden Sie einen Unterschied in Ihrem Portemonnaie bemerken.<\/p>\n\n\n\n<p>Wir stellen Ihnen unser Fachwissen und unsere Erfahrung zur Verf&uuml;gung, um Ihnen neue M&ouml;glichkeiten zu er&ouml;ffnen. Sie k&ouml;nnen sich neue Ziele setzen, die nun einfacher zu erreichen sind. <\/p>\n\n\n\n<p><a href=\"https:\/\/www.credafin.be\/de\">Ihr Online-Kreditvermittler<\/a> bietet Ihnen angepasste L&ouml;sungen f&uuml;r Ihr Budget. Sie k&ouml;nnen sogar einen ersten Einblick in Ihre Zusammenf&uuml;hrung von Privatkrediten mit unserem Online-Simulations-Tool bekommen.<\/p>\n","protected":false},"excerpt":{"rendered":"<p>Profitieren Sie von einer Zusammenf\u00fchrung von Privatkrediten \u2013 entdecken Sie jetzt Ihre M\u00f6glichkeiten!<\/p>\n","protected":false},"author":22,"featured_media":0,"parent":0,"menu_order":0,"comment_status":"closed","ping_status":"closed","template":"page-full-sim.php","meta":{"_yoast_wpseo_focuskw":"Zusammenf\u00fchrung von Privatkrediten","_yoast_wpseo_title":"Zusammenf\u00fchrung von Privatkrediten: weniger Raten mehr Luft","_yoast_wpseo_metadesc":"Erleben Sie die Vorteile der Zusammenf\u00fchrung von Privatkrediten: weniger Raten, mehr Freiheit \u2013 starten Sie noch heute Ihre unkomplizierte Finanzl\u00f6sung!","_yoast_wpseo_meta-robots-noindex":"","_yoast_wpseo_meta-robots-nofollow":"","_yoast_wpseo_canonical":"https:\/\/www.credafin.be\/de\/zusammenfhrung-von-privatkrediten","_yoast_wpseo_focuskw_text":"Zusammenf\u00fchrung von Privatkrediten","_yoast_wpseo_schema":"Article","footnotes":""},"class_list":["post-6685","page","type-page","status-publish","hentry"],"yoast_head":"<!-- This site is optimized with the Yoast SEO plugin v27.3 - https:\/\/yoast.com\/product\/yoast-seo-wordpress\/ -->\n<title>Zusammenf\u00fchrung von Privatkrediten: weniger Raten mehr Luft<\/title>\n<meta name=\"description\" content=\"Erleben Sie die Vorteile der Zusammenf\u00fchrung von Privatkrediten: weniger Raten, mehr Freiheit \u2013 starten Sie noch heute Ihre unkomplizierte Finanzl\u00f6sung!\" \/>\n<meta name=\"robots\" content=\"index, follow, max-snippet:-1, max-image-preview:large, max-video-preview:-1\" \/>\n<link rel=\"canonical\" href=\"https:\/\/www.credafin.be\/de\/zusammenfhrung-von-privatkrediten\" \/>\n<meta property=\"og:locale\" content=\"de_DE\" \/>\n<meta property=\"og:type\" content=\"article\" \/>\n<meta property=\"og:title\" content=\"Zusammenf\u00fchrung von Privatkrediten: weniger Raten mehr Luft\" \/>\n<meta property=\"og:description\" content=\"Erleben Sie die Vorteile der Zusammenf\u00fchrung von Privatkrediten: weniger Raten, mehr Freiheit \u2013 starten Sie noch heute Ihre unkomplizierte Finanzl\u00f6sung!\" \/>\n<meta property=\"og:url\" content=\"https:\/\/www.credafin.be\/de\/zusammenfhrung-von-privatkrediten\" \/>\n<meta property=\"og:site_name\" content=\"Credafin\" \/>\n<meta property=\"article:publisher\" content=\"http:\/\/www.facebook.com\/Credafin.be\" \/>\n<meta property=\"article:modified_time\" content=\"2025-04-03T00:50:08+00:00\" \/>\n<meta property=\"og:image\" content=\"https:\/\/www.credafin.be\/wp-content\/uploads\/2019\/01\/shutterstock_334290167.jpg\" \/>\n\t<meta property=\"og:image:width\" content=\"768\" \/>\n\t<meta property=\"og:image:height\" content=\"295\" \/>\n\t<meta property=\"og:image:type\" content=\"image\/jpeg\" \/>\n<meta name=\"twitter:card\" content=\"summary_large_image\" \/>\n<meta name=\"twitter:site\" content=\"@Credafinbe\" \/>\n<meta name=\"twitter:label1\" content=\"Est. reading time\" \/>\n\t<meta name=\"twitter:data1\" content=\"2 minutes\" \/>\n<script type=\"application\/ld+json\" class=\"yoast-schema-graph\">{\"@context\":\"https:\\\/\\\/schema.org\",\"@graph\":[{\"@type\":\"WebPage\",\"@id\":\"https:\\\/\\\/www.credafin.be\\\/de\\\/zusammenfhrung-von-privatkrediten\",\"url\":\"https:\\\/\\\/www.credafin.be\\\/de\\\/zusammenfhrung-von-privatkrediten\",\"name\":\"Zusammenf\u00fchrung von Privatkrediten: weniger Raten mehr Luft\",\"isPartOf\":{\"@id\":\"https:\\\/\\\/www.credafin.be\\\/#website\"},\"primaryImageOfPage\":{\"@id\":\"https:\\\/\\\/www.credafin.be\\\/de\\\/zusammenfhrung-von-privatkrediten#primaryimage\"},\"image\":{\"@id\":\"https:\\\/\\\/www.credafin.be\\\/de\\\/zusammenfhrung-von-privatkrediten#primaryimage\"},\"thumbnailUrl\":\"https:\\\/\\\/www.credafin.be\\\/wp-content\\\/uploads\\\/2019\\\/01\\\/shutterstock_334290167.jpg\",\"datePublished\":\"2025-03-25T08:35:18+00:00\",\"dateModified\":\"2025-04-03T00:50:08+00:00\",\"description\":\"Erleben Sie die Vorteile der Zusammenf\u00fchrung von Privatkrediten: weniger Raten, mehr Freiheit \u2013 starten Sie noch heute Ihre unkomplizierte Finanzl\u00f6sung!\",\"breadcrumb\":{\"@id\":\"https:\\\/\\\/www.credafin.be\\\/de\\\/zusammenfhrung-von-privatkrediten#breadcrumb\"},\"inLanguage\":\"de-BE\",\"potentialAction\":[{\"@type\":\"ReadAction\",\"target\":[\"https:\\\/\\\/www.credafin.be\\\/de\\\/zusammenfhrung-von-privatkrediten\"]}]},{\"@type\":\"ImageObject\",\"inLanguage\":\"de-BE\",\"@id\":\"https:\\\/\\\/www.credafin.be\\\/de\\\/zusammenfhrung-von-privatkrediten#primaryimage\",\"url\":\"https:\\\/\\\/www.credafin.be\\\/wp-content\\\/uploads\\\/2019\\\/01\\\/shutterstock_334290167.jpg\",\"contentUrl\":\"https:\\\/\\\/www.credafin.be\\\/wp-content\\\/uploads\\\/2019\\\/01\\\/shutterstock_334290167.jpg\"},{\"@type\":\"BreadcrumbList\",\"@id\":\"https:\\\/\\\/www.credafin.be\\\/de\\\/zusammenfhrung-von-privatkrediten#breadcrumb\",\"itemListElement\":[{\"@type\":\"ListItem\",\"position\":1,\"name\":\"Home\",\"item\":\"https:\\\/\\\/www.credafin.be\\\/de\\\/credafin-ihre-kredite-zu-besten-zinsen\"},{\"@type\":\"ListItem\",\"position\":2,\"name\":\"Zusammenf&uuml;hrung von Privatkrediten\"}]},{\"@type\":\"WebSite\",\"@id\":\"https:\\\/\\\/www.credafin.be\\\/#website\",\"url\":\"https:\\\/\\\/www.credafin.be\\\/\",\"name\":\"Credafin\",\"description\":\"Oxyg\u00e9nez votre budget en toute s\u00e9r\u00e9nit\u00e9\",\"potentialAction\":[{\"@type\":\"SearchAction\",\"target\":{\"@type\":\"EntryPoint\",\"urlTemplate\":\"https:\\\/\\\/www.credafin.be\\\/?s={search_term_string}\"},\"query-input\":{\"@type\":\"PropertyValueSpecification\",\"valueRequired\":true,\"valueName\":\"search_term_string\"}}],\"inLanguage\":\"de-BE\"}]}<\/script>\n<!-- \/ Yoast SEO plugin. -->","yoast_head_json":{"title":"Zusammenf\u00fchrung von Privatkrediten: weniger Raten mehr Luft","description":"Erleben Sie die Vorteile der Zusammenf\u00fchrung von Privatkrediten: weniger Raten, mehr Freiheit \u2013 starten Sie noch heute Ihre unkomplizierte Finanzl\u00f6sung!","robots":{"index":"index","follow":"follow","max-snippet":"max-snippet:-1","max-image-preview":"max-image-preview:large","max-video-preview":"max-video-preview:-1"},"canonical":"https:\/\/www.credafin.be\/de\/zusammenfhrung-von-privatkrediten","og_locale":"de_DE","og_type":"article","og_title":"Zusammenf\u00fchrung von Privatkrediten: weniger Raten mehr Luft","og_description":"Erleben Sie die Vorteile der Zusammenf\u00fchrung von Privatkrediten: weniger Raten, mehr Freiheit \u2013 starten Sie noch heute Ihre unkomplizierte Finanzl\u00f6sung!","og_url":"https:\/\/www.credafin.be\/de\/zusammenfhrung-von-privatkrediten","og_site_name":"Credafin","article_publisher":"http:\/\/www.facebook.com\/Credafin.be","article_modified_time":"2025-04-03T00:50:08+00:00","og_image":[{"width":768,"height":295,"url":"https:\/\/www.credafin.be\/wp-content\/uploads\/2019\/01\/shutterstock_334290167.jpg","type":"image\/jpeg"}],"twitter_card":"summary_large_image","twitter_site":"@Credafinbe","twitter_misc":{"Est. reading time":"2 minutes"},"schema":{"@context":"https:\/\/schema.org","@graph":[{"@type":"WebPage","@id":"https:\/\/www.credafin.be\/de\/zusammenfhrung-von-privatkrediten","url":"https:\/\/www.credafin.be\/de\/zusammenfhrung-von-privatkrediten","name":"Zusammenf\u00fchrung von Privatkrediten: weniger Raten mehr Luft","isPartOf":{"@id":"https:\/\/www.credafin.be\/#website"},"primaryImageOfPage":{"@id":"https:\/\/www.credafin.be\/de\/zusammenfhrung-von-privatkrediten#primaryimage"},"image":{"@id":"https:\/\/www.credafin.be\/de\/zusammenfhrung-von-privatkrediten#primaryimage"},"thumbnailUrl":"https:\/\/www.credafin.be\/wp-content\/uploads\/2019\/01\/shutterstock_334290167.jpg","datePublished":"2025-03-25T08:35:18+00:00","dateModified":"2025-04-03T00:50:08+00:00","description":"Erleben Sie die Vorteile der Zusammenf\u00fchrung von Privatkrediten: weniger Raten, mehr Freiheit \u2013 starten Sie noch heute Ihre unkomplizierte Finanzl\u00f6sung!","breadcrumb":{"@id":"https:\/\/www.credafin.be\/de\/zusammenfhrung-von-privatkrediten#breadcrumb"},"inLanguage":"de-BE","potentialAction":[{"@type":"ReadAction","target":["https:\/\/www.credafin.be\/de\/zusammenfhrung-von-privatkrediten"]}]},{"@type":"ImageObject","inLanguage":"de-BE","@id":"https:\/\/www.credafin.be\/de\/zusammenfhrung-von-privatkrediten#primaryimage","url":"https:\/\/www.credafin.be\/wp-content\/uploads\/2019\/01\/shutterstock_334290167.jpg","contentUrl":"https:\/\/www.credafin.be\/wp-content\/uploads\/2019\/01\/shutterstock_334290167.jpg"},{"@type":"BreadcrumbList","@id":"https:\/\/www.credafin.be\/de\/zusammenfhrung-von-privatkrediten#breadcrumb","itemListElement":[{"@type":"ListItem","position":1,"name":"Home","item":"https:\/\/www.credafin.be\/de\/credafin-ihre-kredite-zu-besten-zinsen"},{"@type":"ListItem","position":2,"name":"Zusammenf&uuml;hrung von Privatkrediten"}]},{"@type":"WebSite","@id":"https:\/\/www.credafin.be\/#website","url":"https:\/\/www.credafin.be\/","name":"Credafin","description":"Oxyg\u00e9nez votre budget en toute s\u00e9r\u00e9nit\u00e9","potentialAction":[{"@type":"SearchAction","target":{"@type":"EntryPoint","urlTemplate":"https:\/\/www.credafin.be\/?s={search_term_string}"},"query-input":{"@type":"PropertyValueSpecification","valueRequired":true,"valueName":"search_term_string"}}],"inLanguage":"de-BE"}]}},"_links":{"self":[{"href":"https:\/\/www.credafin.be\/de\/wp-json\/wp\/v2\/pages\/6685","targetHints":{"allow":["GET"]}}],"collection":[{"href":"https:\/\/www.credafin.be\/de\/wp-json\/wp\/v2\/pages"}],"about":[{"href":"https:\/\/www.credafin.be\/de\/wp-json\/wp\/v2\/types\/page"}],"author":[{"embeddable":true,"href":"https:\/\/www.credafin.be\/de\/wp-json\/wp\/v2\/users\/22"}],"replies":[{"embeddable":true,"href":"https:\/\/www.credafin.be\/de\/wp-json\/wp\/v2\/comments?post=6685"}],"version-history":[{"count":2,"href":"https:\/\/www.credafin.be\/de\/wp-json\/wp\/v2\/pages\/6685\/revisions"}],"predecessor-version":[{"id":8226,"href":"https:\/\/www.credafin.be\/de\/wp-json\/wp\/v2\/pages\/6685\/revisions\/8226"}],"wp:attachment":[{"href":"https:\/\/www.credafin.be\/de\/wp-json\/wp\/v2\/media?parent=6685"}],"curies":[{"name":"wp","href":"https:\/\/api.w.org\/{rel}","templated":true}]}}