{"id":6684,"date":"2025-03-25T09:34:57","date_gmt":"2025-03-25T08:34:57","guid":{"rendered":"https:\/\/www.credafin.be\/direktkredit"},"modified":"2025-04-03T01:50:57","modified_gmt":"2025-04-03T00:50:57","slug":"direktkredit","status":"publish","type":"page","link":"https:\/\/www.credafin.be\/de\/direktkredit","title":{"rendered":"Direktkredit"},"content":{"rendered":"<p>Die Kreditanstalt <a href=\"https:\/\/credafin.be\" data-internallinksmanager029f6b8e52c=\"1\" title=\"test\">Credafin<\/a> bietet Ihnen die M\u00f6glichkeit, schnell von einem Direktkredit zu profitieren und so Ihre Projekte in aller Ruhe voranzutreiben.<\/p><h2 class=\"wp-block-heading\">Erreichen Sie Ihre W\u00fcnsche mit dem Direktkredit<\/h2><p>Welche W\u00fcnsche Sie auch haben, Sie k\u00f6nnen einen <a href=\"https:\/\/www.credafin.be\/de\/die-credafin-kredite\">Direktkredit \u00fcber Credafin<\/a> erhalten. Wir erm\u00f6glichen Ihnen, die Zukunft zu planen, die zu Ihnen passt und Sie gl\u00fccklich macht. Sie k\u00f6nnen Ihr Haus renovieren oder ein neues erwerben, die Ausbildung Ihrer Kinder finanzieren, Ihren Urlaub in der Sonne buchen und vieles mehr. Dank des Direktkredits k\u00f6nnen Sie Ihre wildesten Tr\u00e4ume verwirklichen.<\/p><h2 class=\"wp-block-heading\">Einfachheit und schneller &Uuml;berblick &uuml;ber Ihre Kredite<\/h2><p>Um bestm&ouml;glich auf Ihre Bed&uuml;rfnisse einzugehen, laden wir Sie ein, eine Kreditsimulation durchzuf&uuml;hren. Diese Aktion erm&ouml;glicht es Ihnen, im Voraus den Betrag Ihrer monatlichen Raten zu kennen.<\/p><p>Es ist eine konkrete M&ouml;glichkeit, Ihre Ziele in Angriff zu nehmen. Danach k&ouml;nnen Sie den Kredit ausw&auml;hlen, der am besten zu Ihren Projekten passt.<\/p><figure class=\"wp-block-image\"><img decoding=\"async\" width=\"768\" height=\"295\" src=\"https:\/\/www.credafin.be\/wp-content\/uploads\/2019\/01\/shutterstock_226410256.jpg\" alt=\"Direktkredit\" class=\"wp-image-4901\" srcset=\"https:\/\/www.credafin.be\/wp-content\/uploads\/2019\/01\/shutterstock_226410256.jpg 768w, https:\/\/www.credafin.be\/wp-content\/uploads\/2019\/01\/shutterstock_226410256-300x115.jpg 300w\" sizes=\"(max-width: 768px) 100vw, 768px\" \/><\/figure><p>Der Direktkredit erm&ouml;glicht es Ihnen, eine Anfrage an unsere Dienste zu stellen. Unsere Experten werden Ihnen innerhalb weniger Stunden nach Ihrer Anfrage antworten. Diese einfache Art, auf die finanziellen Mittel zuzugreifen, die Sie ben&ouml;tigen, ist ein nicht zu vernachl&auml;ssigender Vorteil.<\/p><p>Dar&uuml;ber hinaus bieten wir Ihnen unsere Dienste mit gr&ouml;&szlig;ter Diskretion an. Binnen kurzer Zeit wird das Geld auf Ihrem Konto verf&uuml;gbar sein.<\/p><p>Sie k&ouml;nnen nun neue M&ouml;glichkeiten zur Verwirklichung Ihrer zuk&uuml;nftigen Ziele in Betracht ziehen. Dank Ihres Online-Kreditvermittlers werden die R&uuml;ckzahlungen Ihres Kredits an Ihre finanziellen Ressourcen angepasst und Sie k&ouml;nnen in aller Ruhe Ihren T&auml;tigkeiten nachgehen.<\/p>","protected":false},"excerpt":{"rendered":"<p>Dank unserem Direktkredit verwirklichen Sie Ihre Pl\u00e4ne schnell und einfach: Klicken Sie jetzt f\u00fcr Ihren ma\u00dfgeschneiderten Kredit!<\/p>\n","protected":false},"author":22,"featured_media":0,"parent":0,"menu_order":0,"comment_status":"closed","ping_status":"closed","template":"page-full-sim.php","meta":{"_yoast_wpseo_focuskw":"Direktkredit","_yoast_wpseo_title":"Direktkredit","_yoast_wpseo_metadesc":"Nutzen Sie unseren Direktkredit f\u00fcr flexible Finanzierung: Jetzt anfragen und Ihre Projekte schnell realisieren!","_yoast_wpseo_meta-robots-noindex":"","_yoast_wpseo_meta-robots-nofollow":"","_yoast_wpseo_canonical":"https:\/\/www.credafin.be\/de\/direktkredit","_yoast_wpseo_focuskw_text":"Direktkredit","_yoast_wpseo_schema":"Article","footnotes":""},"class_list":["post-6684","page","type-page","status-publish","hentry"],"yoast_head":"<!-- This site is optimized with the Yoast SEO plugin v27.3 - https:\/\/yoast.com\/product\/yoast-seo-wordpress\/ -->\n<title>Direktkredit<\/title>\n<meta name=\"description\" content=\"Nutzen Sie unseren Direktkredit f\u00fcr flexible Finanzierung: Jetzt anfragen und Ihre Projekte schnell realisieren!\" \/>\n<meta name=\"robots\" content=\"index, follow, max-snippet:-1, max-image-preview:large, max-video-preview:-1\" \/>\n<link rel=\"canonical\" href=\"https:\/\/www.credafin.be\/de\/direktkredit\" \/>\n<meta property=\"og:locale\" content=\"de_DE\" \/>\n<meta property=\"og:type\" content=\"article\" \/>\n<meta property=\"og:title\" content=\"Direktkredit\" \/>\n<meta property=\"og:description\" content=\"Nutzen Sie unseren Direktkredit f\u00fcr flexible Finanzierung: Jetzt anfragen und Ihre Projekte schnell realisieren!\" \/>\n<meta property=\"og:url\" content=\"https:\/\/www.credafin.be\/de\/direktkredit\" \/>\n<meta property=\"og:site_name\" content=\"Credafin\" \/>\n<meta property=\"article:publisher\" content=\"http:\/\/www.facebook.com\/Credafin.be\" \/>\n<meta property=\"article:modified_time\" content=\"2025-04-03T00:50:57+00:00\" \/>\n<meta property=\"og:image\" content=\"https:\/\/www.credafin.be\/wp-content\/uploads\/2019\/01\/shutterstock_226410256.jpg\" \/>\n\t<meta property=\"og:image:width\" content=\"768\" \/>\n\t<meta property=\"og:image:height\" content=\"295\" \/>\n\t<meta property=\"og:image:type\" content=\"image\/jpeg\" \/>\n<meta name=\"twitter:card\" content=\"summary_large_image\" \/>\n<meta name=\"twitter:site\" content=\"@Credafinbe\" \/>\n<meta name=\"twitter:label1\" content=\"Est. reading time\" \/>\n\t<meta name=\"twitter:data1\" content=\"1 minute\" \/>\n<script type=\"application\/ld+json\" class=\"yoast-schema-graph\">{\"@context\":\"https:\\\/\\\/schema.org\",\"@graph\":[{\"@type\":\"WebPage\",\"@id\":\"https:\\\/\\\/www.credafin.be\\\/de\\\/direktkredit\",\"url\":\"https:\\\/\\\/www.credafin.be\\\/de\\\/direktkredit\",\"name\":\"Direktkredit\",\"isPartOf\":{\"@id\":\"https:\\\/\\\/www.credafin.be\\\/#website\"},\"primaryImageOfPage\":{\"@id\":\"https:\\\/\\\/www.credafin.be\\\/de\\\/direktkredit#primaryimage\"},\"image\":{\"@id\":\"https:\\\/\\\/www.credafin.be\\\/de\\\/direktkredit#primaryimage\"},\"thumbnailUrl\":\"https:\\\/\\\/www.credafin.be\\\/wp-content\\\/uploads\\\/2019\\\/01\\\/shutterstock_226410256.jpg\",\"datePublished\":\"2025-03-25T08:34:57+00:00\",\"dateModified\":\"2025-04-03T00:50:57+00:00\",\"description\":\"Nutzen Sie unseren Direktkredit f\u00fcr flexible Finanzierung: Jetzt anfragen und Ihre Projekte schnell realisieren!\",\"breadcrumb\":{\"@id\":\"https:\\\/\\\/www.credafin.be\\\/de\\\/direktkredit#breadcrumb\"},\"inLanguage\":\"de-BE\",\"potentialAction\":[{\"@type\":\"ReadAction\",\"target\":[\"https:\\\/\\\/www.credafin.be\\\/de\\\/direktkredit\"]}]},{\"@type\":\"ImageObject\",\"inLanguage\":\"de-BE\",\"@id\":\"https:\\\/\\\/www.credafin.be\\\/de\\\/direktkredit#primaryimage\",\"url\":\"https:\\\/\\\/www.credafin.be\\\/wp-content\\\/uploads\\\/2019\\\/01\\\/shutterstock_226410256.jpg\",\"contentUrl\":\"https:\\\/\\\/www.credafin.be\\\/wp-content\\\/uploads\\\/2019\\\/01\\\/shutterstock_226410256.jpg\"},{\"@type\":\"BreadcrumbList\",\"@id\":\"https:\\\/\\\/www.credafin.be\\\/de\\\/direktkredit#breadcrumb\",\"itemListElement\":[{\"@type\":\"ListItem\",\"position\":1,\"name\":\"Home\",\"item\":\"https:\\\/\\\/www.credafin.be\\\/de\\\/credafin-ihre-kredite-zu-besten-zinsen\"},{\"@type\":\"ListItem\",\"position\":2,\"name\":\"Direktkredit\"}]},{\"@type\":\"WebSite\",\"@id\":\"https:\\\/\\\/www.credafin.be\\\/#website\",\"url\":\"https:\\\/\\\/www.credafin.be\\\/\",\"name\":\"Credafin\",\"description\":\"Oxyg\u00e9nez votre budget en toute s\u00e9r\u00e9nit\u00e9\",\"potentialAction\":[{\"@type\":\"SearchAction\",\"target\":{\"@type\":\"EntryPoint\",\"urlTemplate\":\"https:\\\/\\\/www.credafin.be\\\/?s={search_term_string}\"},\"query-input\":{\"@type\":\"PropertyValueSpecification\",\"valueRequired\":true,\"valueName\":\"search_term_string\"}}],\"inLanguage\":\"de-BE\"}]}<\/script>\n<!-- \/ Yoast SEO plugin. -->","yoast_head_json":{"title":"Direktkredit","description":"Nutzen Sie unseren Direktkredit f\u00fcr flexible Finanzierung: Jetzt anfragen und Ihre Projekte schnell realisieren!","robots":{"index":"index","follow":"follow","max-snippet":"max-snippet:-1","max-image-preview":"max-image-preview:large","max-video-preview":"max-video-preview:-1"},"canonical":"https:\/\/www.credafin.be\/de\/direktkredit","og_locale":"de_DE","og_type":"article","og_title":"Direktkredit","og_description":"Nutzen Sie unseren Direktkredit f\u00fcr flexible Finanzierung: Jetzt anfragen und Ihre Projekte schnell realisieren!","og_url":"https:\/\/www.credafin.be\/de\/direktkredit","og_site_name":"Credafin","article_publisher":"http:\/\/www.facebook.com\/Credafin.be","article_modified_time":"2025-04-03T00:50:57+00:00","og_image":[{"width":768,"height":295,"url":"https:\/\/www.credafin.be\/wp-content\/uploads\/2019\/01\/shutterstock_226410256.jpg","type":"image\/jpeg"}],"twitter_card":"summary_large_image","twitter_site":"@Credafinbe","twitter_misc":{"Est. reading time":"1 minute"},"schema":{"@context":"https:\/\/schema.org","@graph":[{"@type":"WebPage","@id":"https:\/\/www.credafin.be\/de\/direktkredit","url":"https:\/\/www.credafin.be\/de\/direktkredit","name":"Direktkredit","isPartOf":{"@id":"https:\/\/www.credafin.be\/#website"},"primaryImageOfPage":{"@id":"https:\/\/www.credafin.be\/de\/direktkredit#primaryimage"},"image":{"@id":"https:\/\/www.credafin.be\/de\/direktkredit#primaryimage"},"thumbnailUrl":"https:\/\/www.credafin.be\/wp-content\/uploads\/2019\/01\/shutterstock_226410256.jpg","datePublished":"2025-03-25T08:34:57+00:00","dateModified":"2025-04-03T00:50:57+00:00","description":"Nutzen Sie unseren Direktkredit f\u00fcr flexible Finanzierung: Jetzt anfragen und Ihre Projekte schnell realisieren!","breadcrumb":{"@id":"https:\/\/www.credafin.be\/de\/direktkredit#breadcrumb"},"inLanguage":"de-BE","potentialAction":[{"@type":"ReadAction","target":["https:\/\/www.credafin.be\/de\/direktkredit"]}]},{"@type":"ImageObject","inLanguage":"de-BE","@id":"https:\/\/www.credafin.be\/de\/direktkredit#primaryimage","url":"https:\/\/www.credafin.be\/wp-content\/uploads\/2019\/01\/shutterstock_226410256.jpg","contentUrl":"https:\/\/www.credafin.be\/wp-content\/uploads\/2019\/01\/shutterstock_226410256.jpg"},{"@type":"BreadcrumbList","@id":"https:\/\/www.credafin.be\/de\/direktkredit#breadcrumb","itemListElement":[{"@type":"ListItem","position":1,"name":"Home","item":"https:\/\/www.credafin.be\/de\/credafin-ihre-kredite-zu-besten-zinsen"},{"@type":"ListItem","position":2,"name":"Direktkredit"}]},{"@type":"WebSite","@id":"https:\/\/www.credafin.be\/#website","url":"https:\/\/www.credafin.be\/","name":"Credafin","description":"Oxyg\u00e9nez votre budget en toute s\u00e9r\u00e9nit\u00e9","potentialAction":[{"@type":"SearchAction","target":{"@type":"EntryPoint","urlTemplate":"https:\/\/www.credafin.be\/?s={search_term_string}"},"query-input":{"@type":"PropertyValueSpecification","valueRequired":true,"valueName":"search_term_string"}}],"inLanguage":"de-BE"}]}},"_links":{"self":[{"href":"https:\/\/www.credafin.be\/de\/wp-json\/wp\/v2\/pages\/6684","targetHints":{"allow":["GET"]}}],"collection":[{"href":"https:\/\/www.credafin.be\/de\/wp-json\/wp\/v2\/pages"}],"about":[{"href":"https:\/\/www.credafin.be\/de\/wp-json\/wp\/v2\/types\/page"}],"author":[{"embeddable":true,"href":"https:\/\/www.credafin.be\/de\/wp-json\/wp\/v2\/users\/22"}],"replies":[{"embeddable":true,"href":"https:\/\/www.credafin.be\/de\/wp-json\/wp\/v2\/comments?post=6684"}],"version-history":[{"count":2,"href":"https:\/\/www.credafin.be\/de\/wp-json\/wp\/v2\/pages\/6684\/revisions"}],"predecessor-version":[{"id":8227,"href":"https:\/\/www.credafin.be\/de\/wp-json\/wp\/v2\/pages\/6684\/revisions\/8227"}],"wp:attachment":[{"href":"https:\/\/www.credafin.be\/de\/wp-json\/wp\/v2\/media?parent=6684"}],"curies":[{"name":"wp","href":"https:\/\/api.w.org\/{rel}","templated":true}]}}