{"id":6682,"date":"2025-03-25T09:24:54","date_gmt":"2025-03-25T08:24:54","guid":{"rendered":"https:\/\/www.credafin.be\/wirtschaftsrecht"},"modified":"2025-04-03T01:52:06","modified_gmt":"2025-04-03T00:52:06","slug":"wirtschaftsrecht","status":"publish","type":"page","link":"https:\/\/www.credafin.be\/de\/wirtschaftsrecht","title":{"rendered":"Wirtschaftsrecht"},"content":{"rendered":"\n<p>Das Wirtschaftsrecht dient dazu, die Organisationen und Institutionen zu kodifizieren, die f&uuml;r die globale wirtschaftliche Organisation verantwortlich sind, das hei&szlig;t, es befasst sich nicht mit Unternehmen, sondern mit dem Markt.<\/p>\n\n\n\n<p>Das Wirtschaftsrecht umfasst mehrere Kategorien: wirtschaftliche Rechte, soziale Rechte und kulturelle Rechte. Diese Rechte sollen jedem B&uuml;rger eine gewisse Lebensqualit&auml;t garantieren.<\/p>\n\n\n\n<p>Beispielsweise:<\/p>\n\n\n\n<ul class=\"wp-block-list\">\n<li>Recht auf Arbeit (Zugang zu Arbeit unter angepassten Bedingungen, Schutz der Arbeitnehmer usw.)<\/li>\n<li>Recht auf soziale Sicherheit (Zugang zu Wohnraum, medizinischer Versorgung, Nahrung usw.)<\/li>\n<li>Recht auf Identit&auml;t und kulturelles Leben (Recht auf Bildung, Meinungsfreiheit usw.)<\/li>\n<\/ul>\n\n\n\n<p>Die Allgemeine Erkl&auml;rung der Menschenrechte von 1948 enth&auml;lt mehrere dieser Rechte, aber man kann sie als zweite Generation betrachten, da sie eingehender und &uuml;berall anwendbar sind.<\/p>\n\n\n\n<p>Belgien und die Europ&auml;ische Union im Allgemeinen unterst&uuml;tzen die F&ouml;rderung und den Schutz dieser Rechte.<\/p>\n\n\n\n<p>Es gibt auch internationale Institutionen, die Charten oder Konventionen zur Wahrung bestimmter wirtschaftlicher, sozialer oder kultureller Rechte erstellen.<\/p>\n\n\n\n<p>Zum Beispiel:<\/p>\n\n\n\n<ul class=\"wp-block-list\">\n<li>Die UNESCO, die Organisation der Vereinten Nationen f&uuml;r Bildung, Wissenschaft und Kultur, hebt kulturelle Rechte und G&uuml;ter hervor.<\/li>\n<li>Der Europarat hat die Europ&auml;ische Sozialcharta von 1961 und die neue Sozialcharta von 1996 eingef&uuml;hrt.<\/li>\n<li>USW.<\/li>\n<\/ul>\n\n\n\n<figure class=\"wp-block-image\"><img decoding=\"async\" width=\"768\" height=\"295\" class=\"wp-image-4897\" alt=\"wirtschaftsrecht\" src=\"https:\/\/www.credafin.be\/wp-content\/uploads\/2019\/01\/shutterstock_186566306.jpg\" srcset=\"https:\/\/www.credafin.be\/wp-content\/uploads\/2019\/01\/shutterstock_186566306.jpg 768w, https:\/\/www.credafin.be\/wp-content\/uploads\/2019\/01\/shutterstock_186566306-300x115.jpg 300w\" sizes=\"(max-width: 768px) 100vw, 768px\" \/><\/figure>\n\n\n\n<ul><!---\n\t\t\t\t\t5065\t\t\t\t\t-->\n<li><a href=\"https:\/\/www.credafin.be\/droit-economique\/les-services-de-paiement-2\">TITEL 3. \u2013 Zahlungsdienste \u2013 2<\/a><\/li>\n<li><a href=\"https:\/\/www.credafin.be\/droit-economique\/les-services-de-paiement-1\">TITEL 3. \u2013 Zahlungsdienste \u2013 1<\/a><\/li>\n<li><a href=\"https:\/\/www.credafin.be\/droit-economique\/livre-vii-services-de-paiement-et-de-credit-champ-dapplication\">BUCH VII. \u2013 DIENSTLEISTUNGEN F&Uuml;R ZAHLUNGEN UND KREDIT \u2013 Anwendungsbereich<\/a><\/li>\n<li><a href=\"https:\/\/www.credafin.be\/droit-economique\/services-de-paiement-et-de-credit-principes-generaux\">BUCH VII. \u2013 DIENSTLEISTUNGEN F&Uuml;R ZAHLUNGEN UND KREDIT \u2013 Allgemeine Prinzipien<\/a><\/li>\n<li><a href=\"https:\/\/www.credafin.be\/droit-economique\/dispositions-finales\">TITEL 7. \u2013 Schlussbestimmungen<\/a><\/li>\n<li><a href=\"https:\/\/www.credafin.be\/droit-economique\/reglement-extrajudiciaire-des-litiges\">TITEL 6. \u2013 Au&szlig;ergerichtliche Beilegung von Verbraucherkonflikten<\/a><\/li>\n<li><a href=\"https:\/\/www.credafin.be\/droit-economique\/sanctions-civiles-dispositions-communes\">TITEL 5. \u2013 Zivile Sanktionen 4<\/a><\/li>\n<li><a href=\"https:\/\/www.credafin.be\/droit-economique\/sanctions-civiles-credit-hypothecaire\">TITEL 5. \u2013 Zivile Sanktionen 3<\/a><\/li>\n<li><a href=\"https:\/\/www.credafin.be\/droit-economique\/sanctions-civiles-credit-consommation\">TITEL 5. \u2013 Zivile Sanktionen 2<\/a><\/li>\n<li><a href=\"https:\/\/www.credafin.be\/droit-economique\/sanctions-civiles-services-paiement\">TITEL 5. \u2013 Zivile Sanktionen 1<\/a><\/li>\n<li><a href=\"https:\/\/www.credafin.be\/droit-economique\/intermediaires-credit-consommation\">KAPITEL 4. \u2013 Zugang zu den T&auml;tigkeiten der Kreditgeber und Kreditvermittler 6<\/a><\/li>\n<li><a href=\"https:\/\/www.credafin.be\/droit-economique\/intermediaires-en-credit-hypothecaire\">KAPITEL 4. \u2013 Zugang zu den T&auml;tigkeiten der Kreditgeber und Kreditvermittler 5<\/a><\/li>\n<li><a href=\"https:\/\/www.credafin.be\/droit-economique\/intermediaires-de-credit\">KAPITEL 4. \u2013 Zugang zu den T&auml;tigkeiten der Kreditgeber und Kreditvermittler 4<\/a><\/li>\n<li><a href=\"https:\/\/www.credafin.be\/droit-economique\/preteurs-de-droit-etranger\">KAPITEL 4. \u2013 Zugang zu den T&auml;tigkeiten der Kreditgeber und Kreditvermittler 3<\/a><\/li>\n<li><a href=\"https:\/\/www.credafin.be\/droit-economique\/preteurs-de-droit-belge\">KAPITEL 4. \u2013 Zugang zu den T&auml;tigkeiten der Kreditgeber und Kreditvermittler 2<\/a><\/li>\n<li><a href=\"https:\/\/www.credafin.be\/droit-economique\/activite-des-preteurs-et-des-intermediaires-de-credit\">KAPITEL 4. \u2013 Zugang zu den T&auml;tigkeiten der Kreditgeber und Kreditvermittler 1<\/a><\/li>\n<li><a href=\"https:\/\/www.credafin.be\/droit-economique\/centrale-des-credits-dispositions\">KAPITEL 3. \u2013 Zentralstelle f&uuml;r Privatkredite 3<\/a><\/li>\n<li><a href=\"https:\/\/www.credafin.be\/droit-economique\/communication-et-consultation\">KAPITEL 3. \u2013 Zentralstelle f&uuml;r Privatkredite 2<\/a><\/li>\n<li><a href=\"https:\/\/www.credafin.be\/droit-economique\/centrale-des-credits-aux-particuliers\">KAPITEL 3. \u2013 Zentralstelle f&uuml;r Privatkredite 1<\/a><\/li>\n<li>KAPITEL 2. \u2013 Hypothekarkredit 4<\/li>\n<li><a href=\"https:\/\/www.credafin.be\/droit-economique\/du-credit-hypothecaire-contrat-credit\">KAPITEL 2. \u2013 Hypothekarkredit 3<\/a><\/li>\n<li>KAPITEL 2. \u2013 Hypothekarkredit 2<\/li>\n<li>KAPITEL 2. \u2013 Hypothekarkredit 1<\/li>\n<li><a href=\"https:\/\/www.credafin.be\/droit-economique\/des-contrats-de-credit-1-1-11\">TITEL 4. \u2013 Kreditvertr&auml;ge 1.1.11<\/a><\/li>\n<li><a href=\"https:\/\/www.credafin.be\/droit-economique\/des-contrats-de-credit-1-1-10\">TITEL 4. \u2013 Kreditvertr&auml;ge 1.1.10<\/a><\/li>\n<li><a href=\"https:\/\/www.credafin.be\/droit-economique\/des-contrats-de-credit-1-1-9\">TITEL 4. \u2013 Kreditvertr&auml;ge 1.1.9<\/a><\/li>\n<li><a href=\"https:\/\/www.credafin.be\/droit-economique\/des-contrats-de-credit-1-1-8\">TITEL 4. \u2013 Kreditvertr&auml;ge 1.1.8<\/a><\/li>\n<li><a href=\"https:\/\/www.credafin.be\/droit-economique\/des-contrats-de-credit-1-1-7\">TITEL 4. \u2013 Kreditvertr&auml;ge 1.1.7<\/a><\/li>\n<li><a href=\"https:\/\/www.credafin.be\/droit-economique\/des-contrats-de-credit-1-1-6\">TITEL 4. \u2013 Kreditvertr&auml;ge 1.1.6<\/a><\/li>\n<li><a href=\"https:\/\/www.credafin.be\/droit-economique\/des-contrats-de-credit-1-1-5\">TITEL 4. \u2013 Kreditvertr&auml;ge 1.1.5<\/a><\/li>\n<li><a href=\"https:\/\/www.credafin.be\/droit-economique\/des-contrats-de-credit-1-1-4\">TITEL 4. \u2013 Kreditvertr&auml;ge 1.1.4<\/a><\/li>\n<li><a href=\"https:\/\/www.credafin.be\/droit-economique\/des-contrats-de-credit-1-1-3\">TITEL 4. \u2013 Kreditvertr&auml;ge 1.1.3<\/a><\/li>\n<li><a href=\"https:\/\/www.credafin.be\/droit-economique\/des-contrats-de-credit-1-1-2\">TITEL 4. \u2013 Kreditvertr&auml;ge 1.1.2<\/a><\/li>\n<li><a href=\"https:\/\/www.credafin.be\/droit-economique\/titre-4-des-contrats-de-credit-1\">TITEL 4. \u2013 Kreditvertr&auml;ge 1<\/a><\/li>\n<li><a href=\"https:\/\/www.credafin.be\/droit-economique\/titre-3-les-services-de-paiement-10\">TITEL 3. \u2013 Zahlungsdienste \u2013 10<\/a><\/li>\n<li><a href=\"https:\/\/www.credafin.be\/droit-economique\/les-services-de-paiement-9\">TITEL 3. \u2013 Zahlungsdienste \u2013 9<\/a><\/li>\n<li><a href=\"https:\/\/www.credafin.be\/droit-economique\/les-services-de-paiement-8\">TITEL 3. \u2013 Zahlungsdienste \u2013 8<\/a><\/li>\n<li><a href=\"https:\/\/www.credafin.be\/droit-economique\/les-services-de-paiement-7\">TITEL 3. \u2013 Zahlungsdienste \u2013 7<\/a><\/li>\n<li><a href=\"https:\/\/www.credafin.be\/droit-economique\/les-services-de-paiement-6-3\">TITEL 3. \u2013 Zahlungsdienste \u2013 6.3<\/a><\/li>\n<li><a href=\"https:\/\/www.credafin.be\/droit-economique\/les-services-de-paiement-6-2\">TITEL 3. \u2013 Zahlungsdienste \u2013 6.2<\/a><\/li>\n<li><a href=\"https:\/\/www.credafin.be\/droit-economique\/les-services-de-paiement-6-1\">TITEL 3. \u2013 Zahlungsdienste \u2013 6.1<\/a><\/li>\n<li><a href=\"https:\/\/www.credafin.be\/droit-economique\/les-services-de-paiement-5-5\">TITEL 3. \u2013 Zahlungsdienste \u2013 5.5<\/a><\/li>\n<li><a href=\"https:\/\/www.credafin.be\/droit-economique\/les-services-de-paiement-5-4\">TITEL 3. \u2013 Zahlungsdienste \u2013 5.4<\/a><\/li>\n<li><a href=\"https:\/\/www.credafin.be\/droit-economique\/les-services-de-paiement-5-3\">TITEL 3. \u2013 Zahlungsdienste \u2013 5.3<\/a><\/li>\n<li><a href=\"https:\/\/www.credafin.be\/droit-economique\/les-services-de-paiement-5-2\">TITEL 3. \u2013 Zahlungsdienste \u2013 5.2<\/a><\/li>\n<li><a href=\"https:\/\/www.credafin.be\/droit-economique\/les-services-de-paiement-5\">TITEL 3. \u2013 Zahlungsdienste \u2013 5<\/a><\/li>\n<li><a href=\"https:\/\/www.credafin.be\/droit-economique\/les-services-de-paiement-4\">TITEL 3. \u2013 Zahlungsdienste \u2013 4<\/a><\/li>\n<li><a href=\"https:\/\/www.credafin.be\/droit-economique\/les-services-de-paiement-3-3\">TITEL 3. \u2013 Zahlungsdienste \u2013 3.3<\/a><\/li>\n<li><a href=\"https:\/\/www.credafin.be\/droit-economique\/les-services-de-paiement-3-2\">TITEL 3. \u2013 Zahlungsdienste \u2013 3.2<\/a><\/li>\n<li><a href=\"https:\/\/www.credafin.be\/droit-economique\/les-services-de-paiement-3\">TITEL 3. \u2013 Zahlungsdienste \u2013 3<\/a><\/li>\n<\/ul>\n","protected":false},"excerpt":{"rendered":"<p>Erfahren Sie, wie Wirtschaftsrecht Ihr Unternehmen st\u00e4rkt \u2013 klicken Sie jetzt, um alle Vorteile zu entdecken!<\/p>\n","protected":false},"author":22,"featured_media":0,"parent":0,"menu_order":0,"comment_status":"closed","ping_status":"closed","template":"","meta":{"_yoast_wpseo_focuskw":"Wirtschaftsrecht","_yoast_wpseo_title":"Wirtschaftsrecht","_yoast_wpseo_metadesc":"Erfahren Sie, wie das Wirtschaftsrecht Ihren Erfolg sichert \u2013 lesen Sie weiter und nutzen Sie diese wertvollen Einblicke!","_yoast_wpseo_meta-robots-noindex":"","_yoast_wpseo_meta-robots-nofollow":"","_yoast_wpseo_canonical":"https:\/\/www.credafin.be\/de\/wirtschaftsrecht","_yoast_wpseo_focuskw_text":"Wirtschaftsrecht","_yoast_wpseo_schema":"Article","footnotes":""},"class_list":["post-6682","page","type-page","status-publish","hentry"],"yoast_head":"<!-- This site is optimized with the Yoast SEO plugin v27.3 - https:\/\/yoast.com\/product\/yoast-seo-wordpress\/ -->\n<title>Wirtschaftsrecht<\/title>\n<meta name=\"description\" content=\"Erfahren Sie, wie das Wirtschaftsrecht Ihren Erfolg sichert \u2013 lesen Sie weiter und nutzen Sie diese wertvollen Einblicke!\" \/>\n<meta name=\"robots\" content=\"index, follow, max-snippet:-1, max-image-preview:large, max-video-preview:-1\" \/>\n<link rel=\"canonical\" href=\"https:\/\/www.credafin.be\/de\/wirtschaftsrecht\" \/>\n<meta property=\"og:locale\" content=\"de_DE\" \/>\n<meta property=\"og:type\" content=\"article\" \/>\n<meta property=\"og:title\" content=\"Wirtschaftsrecht\" \/>\n<meta property=\"og:description\" content=\"Erfahren Sie, wie das Wirtschaftsrecht Ihren Erfolg sichert \u2013 lesen Sie weiter und nutzen Sie diese wertvollen Einblicke!\" \/>\n<meta property=\"og:url\" content=\"https:\/\/www.credafin.be\/de\/wirtschaftsrecht\" \/>\n<meta property=\"og:site_name\" content=\"Credafin\" \/>\n<meta property=\"article:publisher\" content=\"http:\/\/www.facebook.com\/Credafin.be\" \/>\n<meta property=\"article:modified_time\" content=\"2025-04-03T00:52:06+00:00\" \/>\n<meta property=\"og:image\" content=\"https:\/\/www.credafin.be\/wp-content\/uploads\/2019\/01\/shutterstock_186566306.jpg\" \/>\n\t<meta property=\"og:image:width\" content=\"768\" \/>\n\t<meta property=\"og:image:height\" content=\"295\" \/>\n\t<meta property=\"og:image:type\" content=\"image\/jpeg\" \/>\n<meta name=\"twitter:card\" content=\"summary_large_image\" \/>\n<meta name=\"twitter:site\" content=\"@Credafinbe\" \/>\n<meta name=\"twitter:label1\" content=\"Est. reading time\" \/>\n\t<meta name=\"twitter:data1\" content=\"2 minutes\" \/>\n<script type=\"application\/ld+json\" class=\"yoast-schema-graph\">{\"@context\":\"https:\\\/\\\/schema.org\",\"@graph\":[{\"@type\":\"WebPage\",\"@id\":\"https:\\\/\\\/www.credafin.be\\\/de\\\/wirtschaftsrecht\",\"url\":\"https:\\\/\\\/www.credafin.be\\\/de\\\/wirtschaftsrecht\",\"name\":\"Wirtschaftsrecht\",\"isPartOf\":{\"@id\":\"https:\\\/\\\/www.credafin.be\\\/#website\"},\"primaryImageOfPage\":{\"@id\":\"https:\\\/\\\/www.credafin.be\\\/de\\\/wirtschaftsrecht#primaryimage\"},\"image\":{\"@id\":\"https:\\\/\\\/www.credafin.be\\\/de\\\/wirtschaftsrecht#primaryimage\"},\"thumbnailUrl\":\"https:\\\/\\\/www.credafin.be\\\/wp-content\\\/uploads\\\/2019\\\/01\\\/shutterstock_186566306.jpg\",\"datePublished\":\"2025-03-25T08:24:54+00:00\",\"dateModified\":\"2025-04-03T00:52:06+00:00\",\"description\":\"Erfahren Sie, wie das Wirtschaftsrecht Ihren Erfolg sichert \u2013 lesen Sie weiter und nutzen Sie diese wertvollen Einblicke!\",\"breadcrumb\":{\"@id\":\"https:\\\/\\\/www.credafin.be\\\/de\\\/wirtschaftsrecht#breadcrumb\"},\"inLanguage\":\"de-BE\",\"potentialAction\":[{\"@type\":\"ReadAction\",\"target\":[\"https:\\\/\\\/www.credafin.be\\\/de\\\/wirtschaftsrecht\"]}]},{\"@type\":\"ImageObject\",\"inLanguage\":\"de-BE\",\"@id\":\"https:\\\/\\\/www.credafin.be\\\/de\\\/wirtschaftsrecht#primaryimage\",\"url\":\"https:\\\/\\\/www.credafin.be\\\/wp-content\\\/uploads\\\/2019\\\/01\\\/shutterstock_186566306.jpg\",\"contentUrl\":\"https:\\\/\\\/www.credafin.be\\\/wp-content\\\/uploads\\\/2019\\\/01\\\/shutterstock_186566306.jpg\"},{\"@type\":\"BreadcrumbList\",\"@id\":\"https:\\\/\\\/www.credafin.be\\\/de\\\/wirtschaftsrecht#breadcrumb\",\"itemListElement\":[{\"@type\":\"ListItem\",\"position\":1,\"name\":\"Home\",\"item\":\"https:\\\/\\\/www.credafin.be\\\/de\\\/credafin-ihre-kredite-zu-besten-zinsen\"},{\"@type\":\"ListItem\",\"position\":2,\"name\":\"Wirtschaftsrecht\"}]},{\"@type\":\"WebSite\",\"@id\":\"https:\\\/\\\/www.credafin.be\\\/#website\",\"url\":\"https:\\\/\\\/www.credafin.be\\\/\",\"name\":\"Credafin\",\"description\":\"Oxyg\u00e9nez votre budget en toute s\u00e9r\u00e9nit\u00e9\",\"potentialAction\":[{\"@type\":\"SearchAction\",\"target\":{\"@type\":\"EntryPoint\",\"urlTemplate\":\"https:\\\/\\\/www.credafin.be\\\/?s={search_term_string}\"},\"query-input\":{\"@type\":\"PropertyValueSpecification\",\"valueRequired\":true,\"valueName\":\"search_term_string\"}}],\"inLanguage\":\"de-BE\"}]}<\/script>\n<!-- \/ Yoast SEO plugin. -->","yoast_head_json":{"title":"Wirtschaftsrecht","description":"Erfahren Sie, wie das Wirtschaftsrecht Ihren Erfolg sichert \u2013 lesen Sie weiter und nutzen Sie diese wertvollen Einblicke!","robots":{"index":"index","follow":"follow","max-snippet":"max-snippet:-1","max-image-preview":"max-image-preview:large","max-video-preview":"max-video-preview:-1"},"canonical":"https:\/\/www.credafin.be\/de\/wirtschaftsrecht","og_locale":"de_DE","og_type":"article","og_title":"Wirtschaftsrecht","og_description":"Erfahren Sie, wie das Wirtschaftsrecht Ihren Erfolg sichert \u2013 lesen Sie weiter und nutzen Sie diese wertvollen Einblicke!","og_url":"https:\/\/www.credafin.be\/de\/wirtschaftsrecht","og_site_name":"Credafin","article_publisher":"http:\/\/www.facebook.com\/Credafin.be","article_modified_time":"2025-04-03T00:52:06+00:00","og_image":[{"width":768,"height":295,"url":"https:\/\/www.credafin.be\/wp-content\/uploads\/2019\/01\/shutterstock_186566306.jpg","type":"image\/jpeg"}],"twitter_card":"summary_large_image","twitter_site":"@Credafinbe","twitter_misc":{"Est. reading time":"2 minutes"},"schema":{"@context":"https:\/\/schema.org","@graph":[{"@type":"WebPage","@id":"https:\/\/www.credafin.be\/de\/wirtschaftsrecht","url":"https:\/\/www.credafin.be\/de\/wirtschaftsrecht","name":"Wirtschaftsrecht","isPartOf":{"@id":"https:\/\/www.credafin.be\/#website"},"primaryImageOfPage":{"@id":"https:\/\/www.credafin.be\/de\/wirtschaftsrecht#primaryimage"},"image":{"@id":"https:\/\/www.credafin.be\/de\/wirtschaftsrecht#primaryimage"},"thumbnailUrl":"https:\/\/www.credafin.be\/wp-content\/uploads\/2019\/01\/shutterstock_186566306.jpg","datePublished":"2025-03-25T08:24:54+00:00","dateModified":"2025-04-03T00:52:06+00:00","description":"Erfahren Sie, wie das Wirtschaftsrecht Ihren Erfolg sichert \u2013 lesen Sie weiter und nutzen Sie diese wertvollen Einblicke!","breadcrumb":{"@id":"https:\/\/www.credafin.be\/de\/wirtschaftsrecht#breadcrumb"},"inLanguage":"de-BE","potentialAction":[{"@type":"ReadAction","target":["https:\/\/www.credafin.be\/de\/wirtschaftsrecht"]}]},{"@type":"ImageObject","inLanguage":"de-BE","@id":"https:\/\/www.credafin.be\/de\/wirtschaftsrecht#primaryimage","url":"https:\/\/www.credafin.be\/wp-content\/uploads\/2019\/01\/shutterstock_186566306.jpg","contentUrl":"https:\/\/www.credafin.be\/wp-content\/uploads\/2019\/01\/shutterstock_186566306.jpg"},{"@type":"BreadcrumbList","@id":"https:\/\/www.credafin.be\/de\/wirtschaftsrecht#breadcrumb","itemListElement":[{"@type":"ListItem","position":1,"name":"Home","item":"https:\/\/www.credafin.be\/de\/credafin-ihre-kredite-zu-besten-zinsen"},{"@type":"ListItem","position":2,"name":"Wirtschaftsrecht"}]},{"@type":"WebSite","@id":"https:\/\/www.credafin.be\/#website","url":"https:\/\/www.credafin.be\/","name":"Credafin","description":"Oxyg\u00e9nez votre budget en toute s\u00e9r\u00e9nit\u00e9","potentialAction":[{"@type":"SearchAction","target":{"@type":"EntryPoint","urlTemplate":"https:\/\/www.credafin.be\/?s={search_term_string}"},"query-input":{"@type":"PropertyValueSpecification","valueRequired":true,"valueName":"search_term_string"}}],"inLanguage":"de-BE"}]}},"_links":{"self":[{"href":"https:\/\/www.credafin.be\/de\/wp-json\/wp\/v2\/pages\/6682","targetHints":{"allow":["GET"]}}],"collection":[{"href":"https:\/\/www.credafin.be\/de\/wp-json\/wp\/v2\/pages"}],"about":[{"href":"https:\/\/www.credafin.be\/de\/wp-json\/wp\/v2\/types\/page"}],"author":[{"embeddable":true,"href":"https:\/\/www.credafin.be\/de\/wp-json\/wp\/v2\/users\/22"}],"replies":[{"embeddable":true,"href":"https:\/\/www.credafin.be\/de\/wp-json\/wp\/v2\/comments?post=6682"}],"version-history":[{"count":3,"href":"https:\/\/www.credafin.be\/de\/wp-json\/wp\/v2\/pages\/6682\/revisions"}],"predecessor-version":[{"id":8229,"href":"https:\/\/www.credafin.be\/de\/wp-json\/wp\/v2\/pages\/6682\/revisions\/8229"}],"wp:attachment":[{"href":"https:\/\/www.credafin.be\/de\/wp-json\/wp\/v2\/media?parent=6682"}],"curies":[{"name":"wp","href":"https:\/\/api.w.org\/{rel}","templated":true}]}}